{"id":481,"date":"2025-02-13T07:24:53","date_gmt":"2025-02-13T05:24:53","guid":{"rendered":"https:\/\/www.itc.smm.lt\/?page_id=481"},"modified":"2025-02-13T20:57:44","modified_gmt":"2025-02-13T18:57:44","slug":"mokiniu-db-mokiniu-registras","status":"publish","type":"page","link":"https:\/\/www.nsa.smsm.lt\/old\/registrai\/mokiniu-db-mokiniu-registras\/","title":{"rendered":"Mokini\u0173 registras"},"content":{"rendered":"<p class=\"elementToProof\">Mokini\u0173 registro paskirtis\u00a0\u2013 registruoti mokinius, kurie mokosi pagal pradinio, pagrindinio, vidurinio ugdymo ir (ar) formaliojo profesinio mokymo, neformaliojo vaik\u0173 \u0161vietimo ir formal\u0173j\u012f \u0161vietim\u0105 papildan\u010dias, ikimokyklinio ir prie\u0161mokyklinio ugdymo programas, rinkti, kaupti, apdoroti, sisteminti, saugoti ir teikti Registro duomenis fiziniams ir juridiniams asmenims (toliau \u2013 Registro duomen\u0173 gav\u0117jai), atlikti kitus Registro duomen\u0173 tvarkymo veiksmus.<\/p>\n<p>Mokini\u0173 registre tvarkom\u0173 asmens duomen\u0173 tvarkymo tikslas\u00a0\u2013 veiksmingas \u0161vietimo sistemos valdymas ir apskaita mokyklos, savivaldybi\u0173 ir nacionaliniu lygmenimis, teising\u0173, i\u0161sami\u0173, nuolat atnaujinam\u0173 duomen\u0173 teikimas institucijoms ir kitiems juridiniams asmenims.<\/p>\n<p>Juo siekiama:<\/p>\n<ul>\n<li>u\u017etikrinti patikimos bei aktualios informacijos apie mokinius naudojim\u0105 mokyklos, savivaldyb\u0117s, \u0160vietimo, mokslo ir sporto ministerijos lygmeniu;<\/li>\n<li>sisteminti ir analizuoti duomenis apie mokini\u0173 jud\u0117jim\u0105 mokymosi \u012fstaigose;<\/li>\n<li>sisteminti ir analizuoti duomenis apie moksleivius ir asmenis, kuriems i\u0161duoti i\u0161silavinimo pa\u017eym\u0117jimai, brandos atestatai arba j\u0173 dublikatai, profesinio mokymo diplomai, \u012fgyt\u0173 kompetencij\u0173 pa\u017eym\u0117jimai;<\/li>\n<li>sudaryti galimyb\u0119 formuoti ir tvirtinti bendrojo ugdymo ir profesinio mokymo mokyklose i\u0161duodamus pa\u017eym\u0117jimus, brandos atestatus bei j\u0173 dublikatus ir pa\u017eym\u0117jimus apie \u012fgyt\u0105 kompetencij\u0105;<\/li>\n<li>\u012fgyvendinti duomen\u0173 archyvavimo mechanizm\u0105;<\/li>\n<li>u\u017etikrinti efektyv\u0173 ir saug\u0173 asmens duomen\u0173 rinkim\u0105 bei tvarkym\u0105 vadovaujantis Lietuvos Respublikos asmens duomen\u0173 teisin\u0117s apsaugos \u012fstatymo ir kit\u0173 teis\u0117s akt\u0173 nuostatomis ir Mokini\u0173 registro saugos nuostatais;<\/li>\n<li>teikti duomenis kitoms informacin\u0117ms sistemoms ir registrams<\/li>\n<\/ul>\n<p>Registro tvarkytojai\u00a0yra mokyklos (toliau \u2013 \u0160vietimo teik\u0117jai), kiti \u0161vietimo teik\u0117jai, vykdantys pradinio, pagrindinio, vidurinio ugdymo ir (ar) formaliojo profesinio mokymo, neformaliojo vaik\u0173 \u0161vietimo ir formal\u0173j\u012f \u0161vietim\u0105 papildan\u010dias, ikimokyklinio, prie\u0161mokyklinio ugdymo programas.<\/p>\n<p>Prie Mokini\u0173 registro prisijungti galite adresu: <a id=\"OWA53cd3430-6e7a-fb4b-83fe-b8c05e0be91e\" class=\"OWAAutoLink\" href=\"https:\/\/mokiniai.emokykla.lt\/\" data-loopstyle=\"linkonly\">https:\/\/mokiniai.emokykla.lt<\/a><\/p>\n<p>\u0160vietimo teik\u0117jas, siekiantis tapti Mokini\u0173 registro duomen\u0173 tvarkytoju, turi gauti\u00a0leidim\u0105 dirbti su Mokini\u0173 registro duomenimis. Mokini\u0173 registro naudotojo registravimo pra\u0161ym\u0105 ir Pasi\u017ead\u0117jim\u0105 saugoti asmens duomen\u0173 paslapt\u012f galite rasti adresu: <a id=\"OWA6a376b1e-9005-20fb-d475-0c1dad0dea67\" class=\"OWAAutoLink\" href=\"https:\/\/mokiniai.emokykla.lt\/\">https:\/\/mokiniai.emokykla.lt\/<\/a><\/p>\n<p>U\u017epildytus Mokini\u0173 registro Naudotojo dokumentus (originalus) reikia pateikti:<\/p>\n<ul>\n<li>atitinkamos savivaldyb\u0117s \u0161vietimo skyriui, kai \u0161vietimo \u012fstaigos steig\u0117jas yra savivaldyb\u0117;<\/li>\n<li>si\u0173sti adresu: K. Kalinausko g. 7, LT-03107, Vilnius, Nacionalin\u0117 \u0161vietimo agent\u016bra, kai \u0161vietimo\/mokslo \u012fstaiga yra valstybin\u0117 arba nevalstybin\u0117.<\/li>\n<\/ul>\n<p>Mokini\u0173 registro dokumentus (nuostatai, duomen\u0173 saugos nuostatai) galite rasti prisijung\u0119 adresu:<br \/>\n<a id=\"OWA6d4df141-c0f8-1329-4527-4480f75de4dc\" class=\"OWAAutoLink\" href=\"https:\/\/www.krisin.smm.lt\/aikos2-krisin\/public\/registroPerziura.xhtml?id=88\">https:\/\/www.krisin.smm.lt\/aikos2-krisin\/<\/a><br \/>\n<a id=\"OWA6d4df141-c0f8-1329-4527-4480f75de4dc\" class=\"OWAAutoLink\" href=\"https:\/\/www.krisin.smm.lt\/aikos2-krisin\/public\/registroPerziura.xhtml?id=88\">public\/registroPerziura.xhtml?id=88<\/a><\/p>\n<p>Mokini\u0173 registro naudotojams reikaling\u0105 informacij\u0105 (Darb\u0173 tvark\u0105, MR tvarkytojo vadov\u0105, Mokymo med\u017eiag\u0105 ir kt. informacij\u0105) galite rasti prisijung\u0119 adresu: <a id=\"OWA05a461ef-1092-9ba6-5de1-d1ed20a29488\" class=\"OWAAutoLink\" href=\"https:\/\/mokiniai.emokykla.lt\/\">https:\/\/mokiniai.emokykla.lt\/<\/a><\/p>\n<p>&nbsp;<\/p>\n<p><strong>[2025-02-13]<\/strong>\u00a0Automatinis duomen\u0173 gavimas i\u0161 Mokini\u0173 registro ir \/ arba Pedagog\u0173 registro \u012f mokykl\u0173 naudojam\u0105 Mokyklos informacin\u0119 sistem\u0105 <a href=\"https:\/\/www.nsa.smsm.lt\/old\/old\/wp-content\/uploads\/2025\/02\/mokyklu-sarasas-2024_2025-2025-02-13.xlsx\" target=\"_blank\" rel=\"noopener noreferrer\"><i class=\"fa fa-chevron-circle-right \" ><\/i><\/a><\/p>\n<p>&nbsp;<\/p>\n<p><i>Mokini\u0173 registre duomenys i\u0161 \u0160vietimo ir mokslo institucij\u0173, Studij\u0173, mokymo program\u0173 ir kvalifikacij\u0173, Diplom\u0173 ir atestat\u0173, Licencij\u0173, Pedagog\u0173, Kvalifikacijos tobulinimo program\u0173 ir rengini\u0173 registr\u0173 gaunami automatiniu b\u016bdu, o i\u0161 Lietuvos Respublikos gyventoj\u0173 registro, Nacionalinio egzamin\u0173 centro informacin\u0117s sistemos ir U\u017esienie\u010di\u0173 registro \u2013 duomen\u0173 teikimo sutartyse nustatytais terminais ir b\u016bdais.<\/i><\/p>\n<p class=\"elementToProof\"><i>Mokini\u0173 registro tvarkytojas duomen\u0173 gav\u0117jams duomenis ir dokumentus teikia pagal pateiktus ra\u0161ti\u0161kus pra\u0161ymus arba pagal Mokini\u0173 registro tvarkytojo su duomen\u0173 gav\u0117jais sudarytas duomen\u0173 teikimo sutartis. Duomen\u0173 teikimo sutartyse nurodoma duomen\u0173 naudojimo tikslas, teikimo ir gavimo teisinis pagrindas, tvarka ir teikiam\u0173 Mokini\u0173 registro duomen\u0173 apimtis, o pra\u0161yme \u2013duomen\u0173 naudojimo tikslas, teikimo ir gavimo teisinis pagrindas ir duomen\u0173 apimtis.<\/i><\/p>\n","protected":false},"excerpt":{"rendered":"<p>Mokini\u0173 registro paskirtis\u00a0\u2013 registruoti mokinius, kurie mokosi pagal pradinio, pagrindinio, vidurinio ugdymo ir (ar) formaliojo profesinio mokymo, neformaliojo vaik\u0173 \u0161vietimo ir formal\u0173j\u012f \u0161vietim\u0105 papildan\u010dias, ikimokyklinio ir prie\u0161mokyklinio ugdymo programas, rinkti, kaupti, apdoroti, sisteminti, saugoti ir teikti Registro duomenis fiziniams ir&nbsp;<a href=\"https:\/\/www.nsa.smsm.lt\/old\/registrai\/mokiniu-db-mokiniu-registras\/\" class=\"placiau\">Pla\u010diau <i class=\"fa fa-caret-right\"><\/i><\/a><\/p>\n","protected":false},"author":1,"featured_media":0,"parent":32703,"menu_order":0,"comment_status":"closed","ping_status":"closed","template":"page-registrai.php","meta":{"_acf_changed":false,"footnotes":""},"class_list":["post-481","page","type-page","status-publish","hentry"],"acf":[],"_links":{"self":[{"href":"https:\/\/www.nsa.smsm.lt\/old\/wp-json\/wp\/v2\/pages\/481","targetHints":{"allow":["GET"]}}],"collection":[{"href":"https:\/\/www.nsa.smsm.lt\/old\/wp-json\/wp\/v2\/pages"}],"about":[{"href":"https:\/\/www.nsa.smsm.lt\/old\/wp-json\/wp\/v2\/types\/page"}],"author":[{"embeddable":true,"href":"https:\/\/www.nsa.smsm.lt\/old\/wp-json\/wp\/v2\/users\/1"}],"replies":[{"embeddable":true,"href":"https:\/\/www.nsa.smsm.lt\/old\/wp-json\/wp\/v2\/comments?post=481"}],"version-history":[{"count":5,"href":"https:\/\/www.nsa.smsm.lt\/old\/wp-json\/wp\/v2\/pages\/481\/revisions"}],"predecessor-version":[{"id":42387,"href":"https:\/\/www.nsa.smsm.lt\/old\/wp-json\/wp\/v2\/pages\/481\/revisions\/42387"}],"up":[{"embeddable":true,"href":"https:\/\/www.nsa.smsm.lt\/old\/wp-json\/wp\/v2\/pages\/32703"}],"wp:attachment":[{"href":"https:\/\/www.nsa.smsm.lt\/old\/wp-json\/wp\/v2\/media?parent=481"}],"curies":[{"name":"wp","href":"https:\/\/api.w.org\/{rel}","templated":true}]}}