{"id":45,"date":"2025-04-29T03:10:05","date_gmt":"2025-04-29T01:10:05","guid":{"rendered":"https:\/\/www.itc.smm.lt\/?page_id=45"},"modified":"2025-04-29T09:42:25","modified_gmt":"2025-04-29T07:42:25","slug":"planavimo-dokumentai","status":"publish","type":"page","link":"https:\/\/www.nsa.smsm.lt\/old\/administracine-informacija\/planavimo-dokumentai\/","title":{"rendered":"Planavimo dokumentai"},"content":{"rendered":"<p><strong>VEIKLOS PLANAI<\/strong><\/p>\n<hr \/>\n<p>Nacionalin\u0117s \u0161vietimo agent\u016bros 2025 met\u0173 darbo planas <a href=\"https:\/\/www.nsa.smsm.lt\/old\/old\/wp-content\/uploads\/2025\/04\/2025_NSA_planas_patvirtintas_04_28.pdf\"><i class=\"fa fa-chevron-circle-right \" ><\/i><\/a><\/p>\n<p>Nacionalin\u0117s \u0161vietimo agent\u016bros 2024 met\u0173 darbo planas <a href=\"https:\/\/www.nsa.smsm.lt\/old\/old\/wp-content\/uploads\/2024\/05\/NSA_metinisplanas_isak_2024_05_21_V-583.pdf\"><i class=\"fa fa-chevron-circle-right \" ><\/i><\/a><\/p>\n<p>Nacionalin\u0117s \u0161vietimo agent\u016bros 2023 met\u0173 darbo planas <a href=\"https:\/\/www.nsa.smsm.lt\/old\/old\/wp-content\/uploads\/2024\/03\/NSA-2023-veiklos-metu-planas.pdf\"><i class=\"fa fa-chevron-circle-right \" ><\/i><\/a><\/p>\n<p>Nacionalin\u0117s \u0161vietimo agent\u016bros 2022 met\u0173 darbo planas <a href=\"https:\/\/www.nsa.smsm.lt\/old\/old\/wp-content\/uploads\/2022\/04\/2022-veiklos-planas.xlsx\"><i class=\"fa fa-chevron-circle-right \" ><\/i><\/a><\/p>\n<p>Nacionalin\u0117s \u0161vietimo agent\u016bros 2021 met\u0173 darbo planas <a href=\"https:\/\/www.nsa.smsm.lt\/old\/old\/wp-content\/uploads\/2022\/03\/planasNSA_08-23.docx.pdf\"><i class=\"fa fa-chevron-circle-right \" ><\/i><\/a><\/p>\n<p>\u012esakymas \u201eDe\u0307l Nacionaline\u0307s s\u030cvietimo agentu\u0304ros 2021 metu\u0328 veiklos plano patvirtinimo\u201c <a href=\"https:\/\/www.nsa.smsm.lt\/old\/old\/wp-content\/uploads\/2022\/03\/Del-NSA-2021-m-veiklos-plano-patvirtinimo.pdf\"><i class=\"fa fa-chevron-circle-right \" ><\/i><\/a><\/p>\n<p>\u012esakymas \u201eDe\u0307l Nacionaline\u0307s s\u030cvietimo agentu\u0304ros 2020 metu\u0328 veiklos plano patvirtinimo\u201c <a href=\"https:\/\/www.nsa.smsm.lt\/old\/old\/wp-content\/uploads\/2022\/03\/Del-NSA-2020-metu-plano-patvirtinimo.pdf\"><i class=\"fa fa-chevron-circle-right \" ><\/i><\/a><\/p>\n<p>&nbsp;<\/p>\n<p>&nbsp;<\/p>\n<p><strong>ATASKAITOS<\/strong><\/p>\n<hr \/>\n<p>N\u0160A 2024 m. veiklos ataskaita <a href=\"https:\/\/www.nsa.smsm.lt\/old\/old\/wp-content\/uploads\/2025\/04\/NSA_2024_ataskaita.pdf\"><i class=\"fa fa-chevron-circle-right \" ><\/i><\/a><\/p>\n<p>N\u0160A 2023 m. veiklos ataskaita <a href=\"https:\/\/www.nsa.smsm.lt\/old\/old\/wp-content\/uploads\/2024\/03\/NSA-2023-veiklu-ataskaita.pdf\"><i class=\"fa fa-chevron-circle-right \" ><\/i><\/a><\/p>\n<p>N\u0160A 2022 m. veiklos ataskaita <a href=\"https:\/\/www.nsa.smsm.lt\/old\/old\/wp-content\/uploads\/2023\/03\/NSA-2022-m.-veiklos-ataskaita1.xlsx\"><i class=\"fa fa-file-excel \" ><\/i><\/a> <a href=\"https:\/\/www.nsa.smsm.lt\/old\/old\/wp-content\/uploads\/2023\/03\/NSA-2022-m.-veiklos-ataskaita.pdf\"><i class=\"fa fa-file-pdf \" ><\/i><\/a><\/p>\n<p>N\u0160A 2021 m. veiklos ataskaita <a href=\"https:\/\/www.nsa.smsm.lt\/old\/old\/wp-content\/uploads\/2022\/04\/Veiklos-ataskaita_NSA_01-06.docx\"><i class=\"fa fa-chevron-circle-right \" ><\/i><\/a><\/p>\n<p>N\u0160A 2020 m. veiklos ataskaita <a href=\"https:\/\/www.nsa.smsm.lt\/old\/old\/wp-content\/uploads\/2022\/03\/2020_Veiklosataskataita_NSA.xlsx\"><i class=\"fa fa-chevron-circle-right \" ><\/i><\/a><\/p>\n<p>&nbsp;<\/p>\n<p><strong>STRATEGINIAI PLANAI<\/strong><\/p>\n<hr \/>\n<p>Nacionalin\u0117s \u0161vietimo agent\u016bros veiklos strategin\u0117s gair\u0117s <a href=\"https:\/\/www.nsa.smsm.lt\/old\/old\/wp-content\/uploads\/2022\/04\/Nacionalines-svietimo-agenturos-veiklos-strategines-gaires.pdf\"><i class=\"fa fa-chevron-circle-right \" ><\/i><\/a><\/p>\n","protected":false},"excerpt":{"rendered":"<p>VEIKLOS PLANAI Nacionalin\u0117s \u0161vietimo agent\u016bros 2025 met\u0173 darbo planas Nacionalin\u0117s \u0161vietimo agent\u016bros 2024 met\u0173 darbo planas Nacionalin\u0117s \u0161vietimo agent\u016bros 2023 met\u0173 darbo planas Nacionalin\u0117s \u0161vietimo agent\u016bros 2022 met\u0173 darbo planas Nacionalin\u0117s \u0161vietimo agent\u016bros 2021 met\u0173 darbo planas \u012esakymas \u201eDe\u0307l Nacionaline\u0307s&nbsp;<a href=\"https:\/\/www.nsa.smsm.lt\/old\/administracine-informacija\/planavimo-dokumentai\/\" class=\"placiau\">Pla\u010diau <i class=\"fa fa-caret-right\"><\/i><\/a><\/p>\n","protected":false},"author":1,"featured_media":0,"parent":8756,"menu_order":1,"comment_status":"closed","ping_status":"closed","template":"","meta":{"_acf_changed":false,"footnotes":""},"class_list":["post-45","page","type-page","status-publish","hentry"],"acf":[],"_links":{"self":[{"href":"https:\/\/www.nsa.smsm.lt\/old\/wp-json\/wp\/v2\/pages\/45","targetHints":{"allow":["GET"]}}],"collection":[{"href":"https:\/\/www.nsa.smsm.lt\/old\/wp-json\/wp\/v2\/pages"}],"about":[{"href":"https:\/\/www.nsa.smsm.lt\/old\/wp-json\/wp\/v2\/types\/page"}],"author":[{"embeddable":true,"href":"https:\/\/www.nsa.smsm.lt\/old\/wp-json\/wp\/v2\/users\/1"}],"replies":[{"embeddable":true,"href":"https:\/\/www.nsa.smsm.lt\/old\/wp-json\/wp\/v2\/comments?post=45"}],"version-history":[{"count":6,"href":"https:\/\/www.nsa.smsm.lt\/old\/wp-json\/wp\/v2\/pages\/45\/revisions"}],"predecessor-version":[{"id":42803,"href":"https:\/\/www.nsa.smsm.lt\/old\/wp-json\/wp\/v2\/pages\/45\/revisions\/42803"}],"up":[{"embeddable":true,"href":"https:\/\/www.nsa.smsm.lt\/old\/wp-json\/wp\/v2\/pages\/8756"}],"wp:attachment":[{"href":"https:\/\/www.nsa.smsm.lt\/old\/wp-json\/wp\/v2\/media?parent=45"}],"curies":[{"name":"wp","href":"https:\/\/api.w.org\/{rel}","templated":true}]}}