{"id":43733,"date":"2025-07-09T08:15:05","date_gmt":"2025-07-09T06:15:05","guid":{"rendered":"https:\/\/www.nsa.smsm.lt\/old\/?page_id=43733"},"modified":"2025-07-09T09:52:14","modified_gmt":"2025-07-09T07:52:14","slug":"rezultatu-skaiciavimo-principai","status":"publish","type":"page","link":"https:\/\/www.nsa.smsm.lt\/old\/egzaminai-ir-pasiekimu-patikrinimai\/brandos-egzaminai\/rezultatu-skaiciavimo-principai\/","title":{"rendered":"Rezultat\u0173 skai\u010diavimo principai"},"content":{"rendered":"<p>Valstybini\u0173 brandos egzamin\u0173 kandidat\u0173 galutini\u0173 rezultat\u0173 skai\u010diavimo principai<\/p>\n<p><strong>Kokie duomenys pateikti VBE rezultat\u0173 vie\u0161inimo sistemoje?<\/strong><\/p>\n<table class=\"table table-responsive\" width=\"100%\">\n<tbody>\n<tr>\n<td width=\"202\">VBE II\u00a0dalies \u012fvertinimas\u00a0ta\u0161kais<\/td>\n<td width=\"415\">2024\u20132025 mokslo metais laikytos VBE II dalies rezultatas ta\u0161kais.<\/td>\n<\/tr>\n<tr>\n<td width=\"202\">VBE \u012fvertinimas ta\u0161kais<\/td>\n<td width=\"415\">Susumuoti VBE I ir VBE II dali\u0173 rezultatai ta\u0161kais.<\/p>\n<p><em>2023\u20132024 mokslo metais laikyti vis\u0173 dalyk\u0173 tarpiniai patikrinimai prilyginami atitinkam\u0173 dalyk\u0173 valstybini\u0173 brandos egzamin\u0173 pirmosioms dalims (VBE I).\u202f<\/em><\/td>\n<\/tr>\n<tr>\n<td width=\"202\">VBE \u012fvertinimas balais<\/td>\n<td width=\"415\">VBE ta\u0161kai, konvertuoti \u012f balus.<\/p>\n<p><em>\u0160is \u012fvertinimas balais \u012fra\u0161omas \u012f atestat\u0105.<\/em><\/td>\n<\/tr>\n<tr>\n<td width=\"202\">Rezultat\u0173 skai\u010diavimo principai<\/td>\n<td width=\"415\">Paai\u0161kinimas, kaip suskai\u010diuotas galutinis egzamino \u012fvertinimas<\/td>\n<\/tr>\n<tr>\n<td width=\"202\">Naudotas SUP koeficientas<\/td>\n<td width=\"415\">Nurodoma, ar mokiniui, turin\u010diam speciali\u0173j\u0173 ugdymosi poreiki\u0173, taikytas rezultat\u0173 skai\u010diavimo koeficientas<\/td>\n<\/tr>\n<tr>\n<td width=\"202\">Apeliacijos\u202fstatusas<\/td>\n<td width=\"415\">Jei mokinys teik\u0117 apeliacij\u0105, galutinis egzamino \u012fvertinimas po apeliacijos<\/td>\n<\/tr>\n<\/tbody>\n<\/table>\n<p>&nbsp;<\/p>\n<p><strong>Kaip skai\u010diuojamas galutinis valstybinio brandos egzamino \u012fvertinimas?<\/strong><\/p>\n<ul>\n<li>Galutinis \u012fvertinimas skai\u010diuojamas sudedant VBE I ir VBE II dali\u0173 ta\u0161kus ir konvertuojant \u012f balus.<\/li>\n<li>Jei mokinys perlaik\u0117 VBE I dal\u012f, imamas didesnis VBE I dalies \u012fvertinimas.<\/li>\n<li>Egzamino i\u0161laikymo riba \u2013 35 ta\u0161kai.<\/li>\n<\/ul>\n<p><em>* Kaip skai\u010diuojami matematikos bei lietuvi\u0173 kalbos ir literat\u016bros VBE galutiniai \u012fvertinimai pateikiama \u017eemiau tekste<\/em>.<\/p>\n<p>&nbsp;<\/p>\n<p><strong>Kaip ta\u0161kai konvertuojami \u012f balus?<\/strong><\/p>\n<ul>\n<li>Ta\u0161kai nuo 35 iki 95 imtinai konvertuojami \u012f balus pridedant penkis (5) ta\u0161kus prie surinkto ta\u0161k\u0173 skai\u010diaus.<\/li>\n<li>Ta\u0161kai nuo 96 iki 100 ta\u0161k\u0173 imtinai konvertuojami \u012f 100 bal\u0173 \u012fvertinim\u0105.<\/li>\n<li>Vertinimo komiteto sprendimu kiekvienam kandidatui skai\u010diuojant vis\u0173 2025 07 09 skelbiam\u0173 egzamin\u0173 (i\u0161skyrus lietuvi\u0173 kalbos ir literat\u016bros bendrojo ir i\u0161pl\u0117stinio kurs\u0173 VBE) rezultatus, buvo prid\u0117ta po 10 ta\u0161k\u0173.<\/li>\n<\/ul>\n<p>&nbsp;<\/p>\n<p><strong>Kaip skai\u010diuojamas galutinis matematikos valstybinio brandos egzamino \u012fvertinimas?<\/strong><\/p>\n<p><em>Egzamino rezultato strukt\u016bra <\/em><\/p>\n<ul>\n<li>Neperlaikant VBE I dalies, galutin\u012f \u012fvertinim\u0105 sudaro VBE I dalis \u2013 20 proc., VBE II dalis \u2013 80 proc.<\/li>\n<li>Perlaikant VBE I dal\u012f, galutin\u012f \u012fvertinim\u0105 sudaro VBE I dalis \u2013 40 proc., VBE II dalis \u2013 60 proc.<\/li>\n<\/ul>\n<p>&nbsp;<\/p>\n<p><em>Egzamino rezultato skai\u010diavimas<\/em><\/p>\n<ul>\n<li>Maksimalus galimas VBE II dalies \u012fvertinimas \u2013 60 ta\u0161k\u0173.<\/li>\n<li>Jei mokinys neperlaik\u0117 VBE I dalies, VBE II dalies 60 ta\u0161k\u0173 konvertuojami \u012f 80 ta\u0161k\u0173 pagal nustatyt\u0105 formul\u0119:\u202fgauti ta\u0161kai dauginami i\u0161 1,34\u202f ir apvalinami.<\/li>\n<li>Jei mokinys perlaik\u0117 VBE I dal\u012f, imamas tas galutinis \u012fvertinimas, kur\u012f sudaro didesnis bendras abiej\u0173 VBE dali\u0173 rezultatas (palyginus susumuotus VBE I (buvusio tarpinio patikrinimo) ir VBE II ta\u0161kus bei perlaikyto VBE I ir VBE II ta\u0161kus).<\/li>\n<\/ul>\n<p>&nbsp;<\/p>\n<table class=\"table table-responsive\" width=\"100%\">\n<tbody>\n<tr>\n<td width=\"642\"><strong>Pavyzdys\u00a0<\/strong><\/p>\n<p>Mokinys 2024 m. u\u017e VBE I dal\u012f gavo 18 ta\u0161k\u0173 (i\u0161 20), o 2025 m. perlaikant VBE I dal\u012f gavo 30 ta\u0161k\u0173 (i\u0161 40). 2025 m. u\u017e VBE II dal\u012f gavo 40.<\/p>\n<p>Skai\u010diuojant galutin\u012f VBE rezultat\u0105 imamas didesnis bendras \u012fvertinimas ta\u0161kais, t. y. 72, nes:<\/p>\n<p>\u00d8\u00a0 18 + 40 x 1,34 = 71,6 \u2248 72<\/p>\n<p>\u00d8\u00a0 30 + 40 = 70<\/td>\n<\/tr>\n<\/tbody>\n<\/table>\n<p>&nbsp;<\/p>\n<p><strong>Kaip skai\u010diuojamas galutinis lietuvi\u0173 kalbos ir literat\u016bros valstybinio brandos egzamino \u012fvertinimas?<\/strong><\/p>\n<ul>\n<li>Galutin\u012f \u012fvertinim\u0105 sudaro: VBE I dalis \u2013 30 proc., VBE II dalis \u2013 70 proc.<\/li>\n<li>VBE I dalies (kalb\u0117jimo) ta\u0161kai konvertuojami pagal nustatyt\u0105 formul\u0119:\u202fdauginama i\u0161 1,5 ir apvalinama.<\/li>\n<\/ul>\n<p>&nbsp;<\/p>\n<p><strong>Kaip skai\u010diuojamas galutinis valstybinio brandos egzamino \u012fvertinimas, jei n\u0117ra VBE I ar VBE II dali\u0173 rezultat\u0173?\u00a0<\/strong><\/p>\n<ul>\n<li>Jei mokinys nuo VBE I dalies buvo atleistas, galutinis egzamino rezultatas ta\u0161kais yra VBE II dalies rezultatas ta\u0161kais. Jei mokinys surinko 35 ir daugiau ta\u0161k\u0173, jie konvertuojami \u012f balus.<\/li>\n<li>Jei mokinys VBE I dalyje dalyvavo, ta\u010diau VBE II dalyje nedalyvavo, galutinis egzamino rezultatas neskai\u010diuojamas ir rezultat\u0173 skelbimo sistemoje nepateikiamas.<\/li>\n<\/ul>\n","protected":false},"excerpt":{"rendered":"<p>Valstybini\u0173 brandos egzamin\u0173 kandidat\u0173 galutini\u0173 rezultat\u0173 skai\u010diavimo principai Kokie duomenys pateikti VBE rezultat\u0173 vie\u0161inimo sistemoje? VBE II\u00a0dalies \u012fvertinimas\u00a0ta\u0161kais 2024\u20132025 mokslo metais laikytos VBE II dalies rezultatas ta\u0161kais. VBE \u012fvertinimas ta\u0161kais Susumuoti VBE I ir VBE II dali\u0173 rezultatai ta\u0161kais. 2023\u20132024&nbsp;<a href=\"https:\/\/www.nsa.smsm.lt\/old\/egzaminai-ir-pasiekimu-patikrinimai\/brandos-egzaminai\/rezultatu-skaiciavimo-principai\/\" class=\"placiau\">Pla\u010diau <i class=\"fa fa-caret-right\"><\/i><\/a><\/p>\n","protected":false},"author":1,"featured_media":0,"parent":16864,"menu_order":0,"comment_status":"closed","ping_status":"closed","template":"page-egzaminai.php","meta":{"_acf_changed":false,"footnotes":""},"class_list":["post-43733","page","type-page","status-publish","hentry"],"acf":[],"_links":{"self":[{"href":"https:\/\/www.nsa.smsm.lt\/old\/wp-json\/wp\/v2\/pages\/43733","targetHints":{"allow":["GET"]}}],"collection":[{"href":"https:\/\/www.nsa.smsm.lt\/old\/wp-json\/wp\/v2\/pages"}],"about":[{"href":"https:\/\/www.nsa.smsm.lt\/old\/wp-json\/wp\/v2\/types\/page"}],"author":[{"embeddable":true,"href":"https:\/\/www.nsa.smsm.lt\/old\/wp-json\/wp\/v2\/users\/1"}],"replies":[{"embeddable":true,"href":"https:\/\/www.nsa.smsm.lt\/old\/wp-json\/wp\/v2\/comments?post=43733"}],"version-history":[{"count":6,"href":"https:\/\/www.nsa.smsm.lt\/old\/wp-json\/wp\/v2\/pages\/43733\/revisions"}],"predecessor-version":[{"id":43798,"href":"https:\/\/www.nsa.smsm.lt\/old\/wp-json\/wp\/v2\/pages\/43733\/revisions\/43798"}],"up":[{"embeddable":true,"href":"https:\/\/www.nsa.smsm.lt\/old\/wp-json\/wp\/v2\/pages\/16864"}],"wp:attachment":[{"href":"https:\/\/www.nsa.smsm.lt\/old\/wp-json\/wp\/v2\/media?parent=43733"}],"curies":[{"name":"wp","href":"https:\/\/api.w.org\/{rel}","templated":true}]}}