{"id":42875,"date":"2025-05-09T13:41:41","date_gmt":"2025-05-09T11:41:41","guid":{"rendered":"https:\/\/www.nsa.smsm.lt\/old\/?page_id=42875"},"modified":"2025-05-22T11:51:52","modified_gmt":"2025-05-22T09:51:52","slug":"valstybiniu-brandos-egzaminu-rezultatu-skelbimas","status":"publish","type":"page","link":"https:\/\/www.nsa.smsm.lt\/old\/egzaminai-ir-pasiekimu-patikrinimai\/brandos-egzaminai\/duk\/valstybiniu-brandos-egzaminu-rezultatu-skelbimas\/","title":{"rendered":"Valstybini\u0173 brandos egzamin\u0173 rezultat\u0173 skelbimas"},"content":{"rendered":"<p><strong>Kada bus paskelbti valstybini\u0173 brandos egzamin\u0173 (VBE) rezultatai?<\/strong><\/p>\n<p>Pagrindin\u0117s ir pakartotin\u0117s sesijose VBE rezultatai bus paskelbti liepos 16 d., rezultatai po apeliacij\u0173 nagrin\u0117jimo \u2013 liepos 25 d.<br \/>\nPakartotin\u0117je sesijoje perlaikant lietuvi\u0173 kalbos ir literat\u016bros egzamin\u0105, rezultatai po apeliacij\u0173 bus paskelbti rugpj\u016b\u010dio 4 d.<\/p>\n","protected":false},"excerpt":{"rendered":"<p>Kada bus paskelbti valstybini\u0173 brandos egzamin\u0173 (VBE) rezultatai? Pagrindin\u0117s ir pakartotin\u0117s sesijose VBE rezultatai bus paskelbti liepos 16 d., rezultatai po apeliacij\u0173 nagrin\u0117jimo \u2013 liepos 25 d. Pakartotin\u0117je sesijoje perlaikant lietuvi\u0173 kalbos ir literat\u016bros egzamin\u0105, rezultatai po apeliacij\u0173 bus paskelbti&nbsp;<a href=\"https:\/\/www.nsa.smsm.lt\/old\/egzaminai-ir-pasiekimu-patikrinimai\/brandos-egzaminai\/duk\/valstybiniu-brandos-egzaminu-rezultatu-skelbimas\/\" class=\"placiau\">Pla\u010diau <i class=\"fa fa-caret-right\"><\/i><\/a><\/p>\n","protected":false},"author":1,"featured_media":0,"parent":16890,"menu_order":0,"comment_status":"closed","ping_status":"closed","template":"page-egzaminai-pasiekimai.php","meta":{"_acf_changed":false,"footnotes":""},"class_list":["post-42875","page","type-page","status-publish","hentry"],"acf":[],"_links":{"self":[{"href":"https:\/\/www.nsa.smsm.lt\/old\/wp-json\/wp\/v2\/pages\/42875","targetHints":{"allow":["GET"]}}],"collection":[{"href":"https:\/\/www.nsa.smsm.lt\/old\/wp-json\/wp\/v2\/pages"}],"about":[{"href":"https:\/\/www.nsa.smsm.lt\/old\/wp-json\/wp\/v2\/types\/page"}],"author":[{"embeddable":true,"href":"https:\/\/www.nsa.smsm.lt\/old\/wp-json\/wp\/v2\/users\/1"}],"replies":[{"embeddable":true,"href":"https:\/\/www.nsa.smsm.lt\/old\/wp-json\/wp\/v2\/comments?post=42875"}],"version-history":[{"count":2,"href":"https:\/\/www.nsa.smsm.lt\/old\/wp-json\/wp\/v2\/pages\/42875\/revisions"}],"predecessor-version":[{"id":43126,"href":"https:\/\/www.nsa.smsm.lt\/old\/wp-json\/wp\/v2\/pages\/42875\/revisions\/43126"}],"up":[{"embeddable":true,"href":"https:\/\/www.nsa.smsm.lt\/old\/wp-json\/wp\/v2\/pages\/16890"}],"wp:attachment":[{"href":"https:\/\/www.nsa.smsm.lt\/old\/wp-json\/wp\/v2\/media?parent=42875"}],"curies":[{"name":"wp","href":"https:\/\/api.w.org\/{rel}","templated":true}]}}