{"id":42327,"date":"2025-02-06T11:00:10","date_gmt":"2025-02-06T09:00:10","guid":{"rendered":"https:\/\/www.nsa.smsm.lt\/old\/?page_id=42327"},"modified":"2025-02-06T11:29:46","modified_gmt":"2025-02-06T09:29:46","slug":"registracija-i-egzaminus","status":"publish","type":"page","link":"https:\/\/www.nsa.smsm.lt\/old\/egzaminai-ir-pasiekimu-patikrinimai\/valstybines-kalbos-egzaminas\/registracija-i-egzaminus\/","title":{"rendered":"Registracija \u012f egzaminus"},"content":{"rendered":"<p>\u012e valstybin\u0117s kalbos mok\u0117jimo ir lietuvi\u0173 kalbos lygio nustatymo egzaminus:<\/p>\n<p><a href=\"https:\/\/eksternams.nsa.smm.lt\/login\" target=\"_blank\"><i class=\"fa fa-desktop \" ><\/i> Egzaminai eksternams<\/a><\/p>\n<p>Norintiems \u012fgyti nuolatin\u012f leidim\u0105 gyventi Lietuvos Respublikoje arba norintiems tapti Lietuvos Respublikos pilie\u010diais (registracija tik turintiems Lietuvoje suteikt\u0105 asmens kod\u0105):<\/p>\n<p><a href=\"https:\/\/www.migracija.lt\/app\/auth\/login\" target=\"_blank\"><i class=\"fa fa-desktop \" ><\/i> E-Migris &#8211; Migracijos departamentas<\/a><\/p>\n","protected":false},"excerpt":{"rendered":"<p>\u012e valstybin\u0117s kalbos mok\u0117jimo ir lietuvi\u0173 kalbos lygio nustatymo egzaminus: Egzaminai eksternams Norintiems \u012fgyti nuolatin\u012f leidim\u0105 gyventi Lietuvos Respublikoje arba norintiems tapti Lietuvos Respublikos pilie\u010diais (registracija tik turintiems Lietuvoje suteikt\u0105 asmens kod\u0105): E-Migris &#8211; Migracijos departamentas<\/p>\n","protected":false},"author":1,"featured_media":0,"parent":16871,"menu_order":0,"comment_status":"closed","ping_status":"closed","template":"page-egzaminai-valstybinis.php","meta":{"_acf_changed":false,"footnotes":""},"class_list":["post-42327","page","type-page","status-publish","hentry"],"acf":[],"_links":{"self":[{"href":"https:\/\/www.nsa.smsm.lt\/old\/wp-json\/wp\/v2\/pages\/42327","targetHints":{"allow":["GET"]}}],"collection":[{"href":"https:\/\/www.nsa.smsm.lt\/old\/wp-json\/wp\/v2\/pages"}],"about":[{"href":"https:\/\/www.nsa.smsm.lt\/old\/wp-json\/wp\/v2\/types\/page"}],"author":[{"embeddable":true,"href":"https:\/\/www.nsa.smsm.lt\/old\/wp-json\/wp\/v2\/users\/1"}],"replies":[{"embeddable":true,"href":"https:\/\/www.nsa.smsm.lt\/old\/wp-json\/wp\/v2\/comments?post=42327"}],"version-history":[{"count":4,"href":"https:\/\/www.nsa.smsm.lt\/old\/wp-json\/wp\/v2\/pages\/42327\/revisions"}],"predecessor-version":[{"id":42331,"href":"https:\/\/www.nsa.smsm.lt\/old\/wp-json\/wp\/v2\/pages\/42327\/revisions\/42331"}],"up":[{"embeddable":true,"href":"https:\/\/www.nsa.smsm.lt\/old\/wp-json\/wp\/v2\/pages\/16871"}],"wp:attachment":[{"href":"https:\/\/www.nsa.smsm.lt\/old\/wp-json\/wp\/v2\/media?parent=42327"}],"curies":[{"name":"wp","href":"https:\/\/api.w.org\/{rel}","templated":true}]}}