{"id":41943,"date":"2024-12-13T15:30:51","date_gmt":"2024-12-13T13:30:51","guid":{"rendered":"https:\/\/www.nsa.smsm.lt\/old\/?page_id=41943"},"modified":"2024-12-13T15:33:10","modified_gmt":"2024-12-13T13:33:10","slug":"atmintines","status":"publish","type":"page","link":"https:\/\/www.nsa.smsm.lt\/old\/egzaminai-ir-pasiekimu-patikrinimai\/pupp\/atmintines\/","title":{"rendered":"Atmintin\u0117s"},"content":{"rendered":"<p><a href=\"https:\/\/www.nsa.smsm.lt\/old\/old\/wp-content\/uploads\/2024\/12\/Lietuviu-kalbos-ir-literaturos-PUPP.pdf\">Lietuvi\u0173 kalbos ir literat\u016bros PUPP<\/a><\/p>\n<p><a href=\"https:\/\/www.nsa.smsm.lt\/old\/old\/wp-content\/uploads\/2024\/12\/Matematikos-PUPP.pdf\">Matematikos PUPP<\/a><\/p>\n<p><a href=\"https:\/\/www.nsa.smsm.lt\/old\/old\/wp-content\/uploads\/2024\/12\/Lenku-kalbos-PUPP.pdf\">Lenk\u0173 kalbos PUPP<\/a><\/p>\n<p><a href=\"https:\/\/www.nsa.smsm.lt\/old\/old\/wp-content\/uploads\/2024\/12\/Baltarusiu-kalbos-PUPP.pdf\">Baltarusi\u0173 kalbos PUPP<\/a><\/p>\n<p><a href=\"https:\/\/www.nsa.smsm.lt\/old\/old\/wp-content\/uploads\/2024\/12\/Rusu-kalbos-PUPP.pdf\">Rus\u0173 kalbos PUPP<\/a><\/p>\n","protected":false},"excerpt":{"rendered":"<p>Lietuvi\u0173 kalbos ir literat\u016bros PUPP Matematikos PUPP Lenk\u0173 kalbos PUPP Baltarusi\u0173 kalbos PUPP Rus\u0173 kalbos PUPP<\/p>\n","protected":false},"author":1,"featured_media":0,"parent":16866,"menu_order":0,"comment_status":"closed","ping_status":"closed","template":"page-pupp.php","meta":{"_acf_changed":false,"footnotes":""},"class_list":["post-41943","page","type-page","status-publish","hentry"],"acf":[],"_links":{"self":[{"href":"https:\/\/www.nsa.smsm.lt\/old\/wp-json\/wp\/v2\/pages\/41943","targetHints":{"allow":["GET"]}}],"collection":[{"href":"https:\/\/www.nsa.smsm.lt\/old\/wp-json\/wp\/v2\/pages"}],"about":[{"href":"https:\/\/www.nsa.smsm.lt\/old\/wp-json\/wp\/v2\/types\/page"}],"author":[{"embeddable":true,"href":"https:\/\/www.nsa.smsm.lt\/old\/wp-json\/wp\/v2\/users\/1"}],"replies":[{"embeddable":true,"href":"https:\/\/www.nsa.smsm.lt\/old\/wp-json\/wp\/v2\/comments?post=41943"}],"version-history":[{"count":2,"href":"https:\/\/www.nsa.smsm.lt\/old\/wp-json\/wp\/v2\/pages\/41943\/revisions"}],"predecessor-version":[{"id":41950,"href":"https:\/\/www.nsa.smsm.lt\/old\/wp-json\/wp\/v2\/pages\/41943\/revisions\/41950"}],"up":[{"embeddable":true,"href":"https:\/\/www.nsa.smsm.lt\/old\/wp-json\/wp\/v2\/pages\/16866"}],"wp:attachment":[{"href":"https:\/\/www.nsa.smsm.lt\/old\/wp-json\/wp\/v2\/media?parent=41943"}],"curies":[{"name":"wp","href":"https:\/\/api.w.org\/{rel}","templated":true}]}}