{"id":41522,"date":"2024-11-11T15:14:29","date_gmt":"2024-11-11T13:14:29","guid":{"rendered":"https:\/\/www.nsa.smsm.lt\/old\/?page_id=41522"},"modified":"2025-05-29T12:25:24","modified_gmt":"2025-05-29T10:25:24","slug":"atmintines-pagal-egzaminus","status":"publish","type":"page","link":"https:\/\/www.nsa.smsm.lt\/old\/egzaminai-ir-pasiekimu-patikrinimai\/brandos-egzaminai\/atmintines-pagal-egzaminus\/","title":{"rendered":"Atmintin\u0117s pagal egzaminus"},"content":{"rendered":"<p><a href=\"https:\/\/www.nsa.smsm.lt\/old\/old\/wp-content\/uploads\/2024\/11\/Lietuviu-kalbos-ir-literaturos-VBE.pdf\">2024\u20132025 mokslo met\u0173 lietuvi\u0173 kalbos ir literat\u016bros valstybinis brandos egzaminas<\/a><\/p>\n<p><a href=\"https:\/\/www.nsa.smsm.lt\/old\/old\/wp-content\/uploads\/2024\/11\/Matematika-VBE.pdf\">2024\u20132025 mokslo met\u0173 matematikos valstybinis brandos egzaminas<\/a><\/p>\n<p><a href=\"https:\/\/www.nsa.smsm.lt\/old\/old\/wp-content\/uploads\/2025\/05\/Istorijos-VBE-2025.pdf\" target=\"_blank\" rel=\"noopener\">2024\u20132025 mokslo met\u0173 istorijos valstybinis brandos egzaminas<\/a><\/p>\n<p><a href=\"https:\/\/www.nsa.smsm.lt\/old\/old\/wp-content\/uploads\/2024\/11\/Uzsienio-kalbos-VBE.pdf\">2024\u20132025 mokslo met\u0173 u\u017esienio kalbos (angl\u0173, pranc\u016bz\u0173, vokie\u010di\u0173) valstybinis brandos egzaminas<\/a><\/p>\n<p><a href=\"https:\/\/www.nsa.smsm.lt\/old\/old\/wp-content\/uploads\/2024\/11\/Biologijos-VBE.pdf\">2024\u20132025 mokslo met\u0173 biologijos valstybinis brandos egzaminas<\/a><\/p>\n<p><a href=\"https:\/\/www.nsa.smsm.lt\/old\/old\/wp-content\/uploads\/2024\/11\/Chemijos-VBE.pdf\">2024\u20132025 mokslo met\u0173 chemijos valstybinis brandos egzaminas<\/a><\/p>\n<p><a href=\"https:\/\/www.nsa.smsm.lt\/old\/old\/wp-content\/uploads\/2024\/11\/Fizikos-VBE.pdf\">2024\u20132025 mokslo met\u0173 fizikos valstybinis brandos egzaminas<\/a><\/p>\n<p><a href=\"https:\/\/www.nsa.smsm.lt\/old\/old\/wp-content\/uploads\/2025\/05\/Geografijos-VBE-2025.pdf\" target=\"_blank\" rel=\"noopener\">2024\u20132025 mokslo met\u0173 geografijos valstybinis brandos egzaminas<\/a><\/p>\n<p><a href=\"https:\/\/www.nsa.smsm.lt\/old\/old\/wp-content\/uploads\/2024\/11\/Informatikos-VBE.pdf\">2024\u20132025 mokslo met\u0173 informatikos valstybinis brandos egzaminas<\/a><\/p>\n<p><a href=\"https:\/\/www.nsa.smsm.lt\/old\/old\/wp-content\/uploads\/2024\/11\/Ekonomikos-ir-verslumo-VBE.pdf\">2024\u20132025 mokslo met\u0173 ekonomikos ir verslumo valstybinis brandos egzaminas<\/a><\/p>\n<p><a href=\"https:\/\/www.nsa.smsm.lt\/old\/old\/wp-content\/uploads\/2024\/11\/Filosofijos-VBE.pdf\">2024\u20132025 mokslo met\u0173 filosofijos valstybinis brandos egzaminas<\/a><\/p>\n<p><a href=\"https:\/\/www.nsa.smsm.lt\/old\/old\/wp-content\/uploads\/2024\/11\/Inzineriniu-technologiju-VBE.pdf\">2024\u20132025 mokslo met\u0173 in\u017einerini\u0173 technologij\u0173 valstybinis brandos egzaminas<\/a><\/p>\n<p><a href=\"https:\/\/www.nsa.smsm.lt\/old\/old\/wp-content\/uploads\/2024\/11\/Baltarusiu-kalbos-VBE.pdf\">2024\u20132025 mokslo met\u0173 baltarusi\u0173 tautin\u0117s ma\u017eumos gimtosios kalbos ir literat\u016bros valstybinis brandos egzaminas<\/a><\/p>\n<p><a href=\"https:\/\/www.nsa.smsm.lt\/old\/old\/wp-content\/uploads\/2024\/11\/Lenku-kalbos-VBE.pdf\">2024\u20132025 mokslo met\u0173 lenk\u0173 tautin\u0117s ma\u017eumos gimtosios kalbos ir literat\u016bros valstybinis brandos egzaminas<\/a><\/p>\n<p><a href=\"https:\/\/www.nsa.smsm.lt\/old\/old\/wp-content\/uploads\/2024\/11\/Rusu-kalbos-VBE.pdf\">2024\u20132025 mokslo met\u0173 rus\u0173 tautin\u0117s ma\u017eumos gimtosios kalbos ir literat\u016bros valstybinis brandos egzaminas<\/a><\/p>\n<p><span data-olk-copy-source=\"MessageBody\">Jei pasteb\u0117site netikslum\u0173, pra\u0161ome laikyti tai korekt\u016bros klaida ir informuoti el. pa\u0161tu <a href=\"mailto:nsa@nsa.smm.lt\">nsa@nsa.smm.lt<\/a><\/span><\/p>\n","protected":false},"excerpt":{"rendered":"<p>2024\u20132025 mokslo met\u0173 lietuvi\u0173 kalbos ir literat\u016bros valstybinis brandos egzaminas 2024\u20132025 mokslo met\u0173 matematikos valstybinis brandos egzaminas 2024\u20132025 mokslo met\u0173 istorijos valstybinis brandos egzaminas 2024\u20132025 mokslo met\u0173 u\u017esienio kalbos (angl\u0173, pranc\u016bz\u0173, vokie\u010di\u0173) valstybinis brandos egzaminas 2024\u20132025 mokslo met\u0173 biologijos valstybinis&nbsp;<a href=\"https:\/\/www.nsa.smsm.lt\/old\/egzaminai-ir-pasiekimu-patikrinimai\/brandos-egzaminai\/atmintines-pagal-egzaminus\/\" class=\"placiau\">Pla\u010diau <i class=\"fa fa-caret-right\"><\/i><\/a><\/p>\n","protected":false},"author":1,"featured_media":0,"parent":16864,"menu_order":0,"comment_status":"closed","ping_status":"closed","template":"page-egzaminai.php","meta":{"_acf_changed":false,"footnotes":""},"class_list":["post-41522","page","type-page","status-publish","hentry"],"acf":[],"_links":{"self":[{"href":"https:\/\/www.nsa.smsm.lt\/old\/wp-json\/wp\/v2\/pages\/41522","targetHints":{"allow":["GET"]}}],"collection":[{"href":"https:\/\/www.nsa.smsm.lt\/old\/wp-json\/wp\/v2\/pages"}],"about":[{"href":"https:\/\/www.nsa.smsm.lt\/old\/wp-json\/wp\/v2\/types\/page"}],"author":[{"embeddable":true,"href":"https:\/\/www.nsa.smsm.lt\/old\/wp-json\/wp\/v2\/users\/1"}],"replies":[{"embeddable":true,"href":"https:\/\/www.nsa.smsm.lt\/old\/wp-json\/wp\/v2\/comments?post=41522"}],"version-history":[{"count":11,"href":"https:\/\/www.nsa.smsm.lt\/old\/wp-json\/wp\/v2\/pages\/41522\/revisions"}],"predecessor-version":[{"id":43170,"href":"https:\/\/www.nsa.smsm.lt\/old\/wp-json\/wp\/v2\/pages\/41522\/revisions\/43170"}],"up":[{"embeddable":true,"href":"https:\/\/www.nsa.smsm.lt\/old\/wp-json\/wp\/v2\/pages\/16864"}],"wp:attachment":[{"href":"https:\/\/www.nsa.smsm.lt\/old\/wp-json\/wp\/v2\/media?parent=41522"}],"curies":[{"name":"wp","href":"https:\/\/api.w.org\/{rel}","templated":true}]}}