{"id":40845,"date":"2024-09-12T10:16:00","date_gmt":"2024-09-12T08:16:00","guid":{"rendered":"https:\/\/www.nsa.smsm.lt\/old\/?page_id=40845"},"modified":"2024-09-12T11:10:54","modified_gmt":"2024-09-12T09:10:54","slug":"uzduociu-pavyzdziai","status":"publish","type":"page","link":"https:\/\/www.nsa.smsm.lt\/old\/egzaminai-ir-pasiekimu-patikrinimai\/pupp\/uzduociu-pavyzdziai\/","title":{"rendered":"U\u017eduo\u010di\u0173 pavyzd\u017eiai"},"content":{"rendered":"<div>\n<h2>2024 m.<\/h2>\n<\/div>\n<div>\n<p><a href=\"https:\/\/beta.etestavimas.lt\/tests\/view\/43fb70f9297d\/555\">Matematikos pagrindinio ugdymo pasiekim\u0173 patikrinimas. U\u017eduoties pavyzdys<\/a><\/p>\n<p><a href=\"https:\/\/www.nsa.smsm.lt\/old\/old\/wp-content\/uploads\/2024\/09\/MAT_PUPP-vertinimo-instrukcija_FIN.pdf\">Matematikos pagrindinio ugdymo pasiekim\u0173 patikrinimo vertinimo instrukcija<\/a><\/p>\n<p><a href=\"https:\/\/beta.etestavimas.lt\/tests\/view\/a7b2e85c4535\/553\">Lietuvi\u0173 kalbos ir literat\u016bros pagrindinio ugdymo pasiekim\u0173 patikrinimas. U\u017eduoties pavyzdys 1<\/a><\/p>\n<p><a href=\"https:\/\/www.nsa.smsm.lt\/old\/old\/wp-content\/uploads\/2024\/09\/LKL-PUPP-1-pavyzdys_vertinimo-instrukcija.pdf\">Lietuvi\u0173 kalbos ir literat\u016bros pagrindinio ugdymo pasiekim\u0173 patikrinimo mokini\u0173 darb\u0173 vertinimo instrukcija<\/a><\/p>\n<p><a href=\"https:\/\/beta.etestavimas.lt\/tests\/view\/285ac956ad95\/554\">Lietuvi\u0173 kalbos ir literat\u016bros pagrindinio ugdymo pasiekim\u0173 patikrinimas. U\u017eduoties pavyzdys 2<\/a><\/p>\n<p><a href=\"https:\/\/www.nsa.smsm.lt\/old\/old\/wp-content\/uploads\/2024\/09\/LKL-PUPP-2-pavyzdys_vertinimo-instrukcija.pdf\">Lietuvi\u0173 kalbos ir literat\u016bros pagrindinio ugdymo pasiekim\u0173 patikrinimo mokini\u0173 darb\u0173 vertinimo instrukcija<\/a><\/p>\n<\/div>\n<div><\/div>\n","protected":false},"excerpt":{"rendered":"<p>2024 m. Matematikos pagrindinio ugdymo pasiekim\u0173 patikrinimas. U\u017eduoties pavyzdys Matematikos pagrindinio ugdymo pasiekim\u0173 patikrinimo vertinimo instrukcija Lietuvi\u0173 kalbos ir literat\u016bros pagrindinio ugdymo pasiekim\u0173 patikrinimas. U\u017eduoties pavyzdys 1 Lietuvi\u0173 kalbos ir literat\u016bros pagrindinio ugdymo pasiekim\u0173 patikrinimo mokini\u0173 darb\u0173 vertinimo instrukcija Lietuvi\u0173&nbsp;<a href=\"https:\/\/www.nsa.smsm.lt\/old\/egzaminai-ir-pasiekimu-patikrinimai\/pupp\/uzduociu-pavyzdziai\/\" class=\"placiau\">Pla\u010diau <i class=\"fa fa-caret-right\"><\/i><\/a><\/p>\n","protected":false},"author":1,"featured_media":0,"parent":16866,"menu_order":0,"comment_status":"closed","ping_status":"closed","template":"page-pupp.php","meta":{"_acf_changed":false,"footnotes":""},"class_list":["post-40845","page","type-page","status-publish","hentry"],"acf":[],"_links":{"self":[{"href":"https:\/\/www.nsa.smsm.lt\/old\/wp-json\/wp\/v2\/pages\/40845","targetHints":{"allow":["GET"]}}],"collection":[{"href":"https:\/\/www.nsa.smsm.lt\/old\/wp-json\/wp\/v2\/pages"}],"about":[{"href":"https:\/\/www.nsa.smsm.lt\/old\/wp-json\/wp\/v2\/types\/page"}],"author":[{"embeddable":true,"href":"https:\/\/www.nsa.smsm.lt\/old\/wp-json\/wp\/v2\/users\/1"}],"replies":[{"embeddable":true,"href":"https:\/\/www.nsa.smsm.lt\/old\/wp-json\/wp\/v2\/comments?post=40845"}],"version-history":[{"count":3,"href":"https:\/\/www.nsa.smsm.lt\/old\/wp-json\/wp\/v2\/pages\/40845\/revisions"}],"predecessor-version":[{"id":40853,"href":"https:\/\/www.nsa.smsm.lt\/old\/wp-json\/wp\/v2\/pages\/40845\/revisions\/40853"}],"up":[{"embeddable":true,"href":"https:\/\/www.nsa.smsm.lt\/old\/wp-json\/wp\/v2\/pages\/16866"}],"wp:attachment":[{"href":"https:\/\/www.nsa.smsm.lt\/old\/wp-json\/wp\/v2\/media?parent=40845"}],"curies":[{"name":"wp","href":"https:\/\/api.w.org\/{rel}","templated":true}]}}