{"id":39937,"date":"2025-07-31T05:59:18","date_gmt":"2025-07-31T03:59:18","guid":{"rendered":"https:\/\/www.nsa.smsm.lt\/old\/?page_id=39937"},"modified":"2025-07-31T16:01:56","modified_gmt":"2025-07-31T14:01:56","slug":"pprogramos","status":"publish","type":"page","link":"https:\/\/www.nsa.smsm.lt\/old\/svietimo-pagalba\/pprogramos\/","title":{"rendered":"Programos"},"content":{"rendered":"<div class=\"panel-group\" id=\"collapse_7825-0758\"><br \/>\n<div class=\"panel panel-default\">    <div class=\"panel-heading\" role=\"tab\" id=\"heading_citem_37sdsd74-70ec\">        <h4 class=\"panel-title\"><a class=\"accordion-toggle collapsed\" data-toggle=\"collapse\" aria-controls=\"heading_citem_37sdsd74-70ec\" data-parent=\"#collapse_7825-0758\" href=\"#citem_37sdsd74-70ec\">KUO SVARBI PREVENCIN\u0116 PROGRAMA<\/a>        <\/h4>    <\/div>    <div id=\"citem_37sdsd74-70ec\" class=\"panel-collapse collapse \" role=\"tabpanel\" aria-labelledby=\"heading_citem_37sdsd74-70ec\">        <div class=\"panel-body\">\n<p><strong>Prevencin\u0117 programa<\/strong>\u202f\u2013 planing\u0173 ir sisteming\u0173 priemoni\u0173, padedan\u010di\u0173 stiprinti mokinio asmenyb\u0117s ir aplinkos apsauginius veiksnius ir ma\u017einti rizikos veiksni\u0173 \u012ftak\u0105, visuma.(LR \u0160vietimo \u012fstatymas, 22<sup>1<\/sup>. )<\/p>\n<p>Vadovaujantis LR \u0160vietimo \u012fstatymo 43 str.\u00a0 11 p., o taip pat 2024 m.\u00a0 kovo 19 d. LR \u0160MS ministro \u012fsakymu Nr. 317 \u201eD\u0117l prevencini\u0173 program\u0173 kriterij\u0173 ir atitikties jiems vertinimo tvarkos apra\u0161o patvirtinimo\u201c nuo 2024 m. rugs\u0117jo 1 d. mokyklose gali b\u016bti \u012fgyvendinamos tik nustatytus prevencini\u0173 program\u0173 kriterijus atitinkan\u010dios prevencin\u0117s programos;<\/p>\n<p>Prevencini\u0173 program\u0173 vertinimo tikslas \u2013 atrinkti ir rekomenduoti mokykloms \u012fgyvendinti tas programas, kurios atitinka vaiko raid\u0105 ir am\u017eiaus tarpsn\u012f, nustatytus kriterijus.<\/p>\n<p>Pagrindiniai program\u0173 kriterijai: programos aktualumas ir atitiktis valstybinei \u0161vietimo politikai, programos tikslo ir u\u017edavini\u0173 ai\u0161kumas ir pagr\u012fstumas, programos mokslinis pagr\u012fstumas, programos vientisumas ir derm\u0117, programos poveikio vertinimas, programos vykdytoj\u0173 konsultant\u0173 kvalifikacija, mokyklos bendruomen\u0117s nari\u0173 dalyvavimas.<\/p>\n<p><strong>Kaip pasirinkti prevencin\u0119 program\u0105?<\/strong><\/p>\n<p>Pirmiausia turime \u017einoti, kad prevencija\u202f\u2013 ne vienkartinis ar baigtinis veiksmas, kur\u012f atlik\u0119 gal\u0117tume manyti, jog viskas padaryta. Prevencinis darbas mokykloje \u2013\u202f\u202ftai nuolatinis, cikli\u0161kas procesas. Tod\u0117l t\u0119stinum\u0105 ir nuoseklum\u0105 geriausiai gali u\u017etikrinti ne atskiros, nekoordinuotos akcijos ir renginiai, o specialiai tam tikrai prevencijos sri\u010diai sukurtos prevencin\u0117s\u00a0 programos.<\/p>\n<p>Prevencin\u0117 programa &#8211; tai viena i\u0161 svarbiausi\u0173 prevencijos priemoni\u0173,\u202fkuri\u0105 mokykla tur\u0117t\u0173 gyvendinti ne vienerius metus.\u202fTyrimai ir praktika rodo, kad geriausi\u0173 rezultat\u0173 pasiekia tos mokyklos, kurios prevencin\u0119 program\u0105 \u012fgyvendina nuolat\u202fir ilg\u0105 laik\u0105.<\/p>\n<p><strong>Rinkdamiesi\u202fprevencin\u0119 program\u0105:\u202f<\/strong><\/p>\n<ol>\n<li><u>\u012evertinkite situacij\u0105:<\/u><\/li>\n<\/ol>\n<ul>\n<li style=\"list-style-type: none;\">\n<ul>\n<li>koki\u0105 problem\u0105 norite i\u0161spr\u0119sti, kokios prie\u017eastys j\u0105 l\u0117m\u0117, kokios priemon\u0117s geriausiai pad\u0117t\u0173 i\u0161spr\u0119sti problem\u0105. Gali b\u016bti, kad tik prevencin\u0117s programos nepakaks, teks imtis ir kit\u0173 priemoni\u0173;<\/li>\n<li>kokie j\u016bs\u0173 \u017emogi\u0161kieji i\u0161tekliai: kokia\u202f\u202fmokyklos darbuotoj\u0173 patirtis, kompetencija, motyvacija \u012fgyvendinti prevencin\u0119 program\u0105 bei u\u017eimtumas kitomis veiklomis;<\/li>\n<li>kokie finansiniai resursai:\u202f\u202far j\u0173 pakaks programos diegimui \u0161iuo metu, ir taip pat \u2013 po met\u0173 ar dviej\u0173, kai reik\u0117s t\u0119sti program\u0105.<\/li>\n<li>kaip u\u017etikrinsite prevencin\u0117s programos tvarum\u0105. \u012egyvendinama prevencin\u0117 programa turi integruotis \u012f mokyklos veiklas, kult\u016br\u0105 ir tapti\u202fneatskiriama\u202fmokyklos gyvenimo dalimi. Tik tokiu atveju pavyks\u202fu\u017etikrinti efektyv\u0173 programos \u012fgyvendinim\u0105,\u202fpasiekti norim\u0173 rezultat\u0173 ir juos i\u0161laikyti.<\/li>\n<\/ul>\n<\/li>\n<\/ul>\n<ol start=\"2\">\n<li><u>Rinkit\u0117s nustatytus kokyb\u0117s kriterijus atitinkan\u010di\u0105 prevencin\u0119 program\u0105.\u00a0<\/u> \u0160vietimo, mokslo ir sporto ministras nustat\u0117, kad iki 2024 m. rugs\u0117jo 1 d. turi b\u016bti \u012fvertintos prevencin\u0117s programos, \u012fgyvendinamos mokyklose, vykdan\u010diose ikimokyklinio, prie\u0161mokyklinio, pradinio, pagrindinio, vidurinio ir pirminio profesinio mokymo programas.<\/li>\n<\/ol>\n<p>        <\/p><\/div>    <\/div><\/div><div class=\"panel panel-default\">    <div class=\"panel-heading\" role=\"tab\" id=\"heading_citem_3774-70ec\">        <h4 class=\"panel-title\"><a class=\"accordion-toggle collapsed\" data-toggle=\"collapse\" aria-controls=\"heading_citem_3774-70ec\" data-parent=\"#collapse_7825-0758\" href=\"#citem_3774-70ec\">PREVENCINI\u0172 PROGRAM\u0172 KOKYB\u0116S VERTINIMAS<\/a>        <\/h4>    <\/div>    <div id=\"citem_3774-70ec\" class=\"panel-collapse collapse \" role=\"tabpanel\" aria-labelledby=\"heading_citem_3774-70ec\">        <div class=\"panel-body\">\n<p>PARAI\u0160K\u0172 PREVENCINI\u0172 PROGRAM\u0172 VERTINIMUI TEIKIMAS <a href=\"https:\/\/www.nsa.smsm.lt\/old\/old\/2024\/04\/12\/skelbiamas-paraisku-prevenciniu-programu-vertinimui-teikimas\/\"><i class=\"fa fa-newspaper \"><\/i><\/a><\/p>\n<p>\u012eSAKYMAS D\u0116L PREVENCINI\u0172 PROGRAM\u0172 KRITERIJ\u0172 IR ATITIKTIES JIEMS VERTINIMO TVARKOS APRA\u0160O PATVIRTINIMO <a href=\"https:\/\/www.e-tar.lt\/portal\/lt\/legalAct\/75014f20e5b711eea5aeb6ee8214b4a6\" target=\"_blank\" rel=\"noopener\"><i class=\"fa fa-newspaper \"><\/i><\/a><\/p>\n<p>\u012eSAKYMAS D\u0116L PREVENCINI\u0172 PROGRAM\u0172 KRITERIJ\u0172 IR ATITIKTIES JIEMS VERTINIMO TVARKOS APRA\u0160O PAKEITIMO <a href=\"https:\/\/e-seimas.lrs.lt\/portal\/legalAct\/lt\/TAD\/24285e907f6311ef84ff9693ecd03ff5\" target=\"_blank\" rel=\"noopener\"><i class=\"fa fa-newspaper \"><\/i><\/a><\/p>\n<p>\u012eSAKYMAS D\u0116L KOMISIJOS SUDARYMO <a href=\"https:\/\/www.nsa.smsm.lt\/old\/old\/wp-content\/uploads\/2025\/07\/isakymas-del-komisijos-sudarymo.pdf\"><i class=\"fa fa-file-pdf \"><\/i><\/a><\/p>\n<p>\u012eSAKYMAS D\u0116L KOMISIJOS DARBO REGLAMENTO PATVIRTINIMO <a href=\"https:\/\/www.nsa.smsm.lt\/old\/old\/wp-content\/uploads\/2024\/07\/2-Isak.-Del-KOMISIJOS-DARBO-REGLAMRNTO.pdf\"><i class=\"fa fa-file-pdf \"><\/i><\/a><\/p>\n<p>\u012eSAKYMAS D\u0116L PROGRAM\u0172 VERTINTOJ\u0172 S\u0104RA\u0160O PATVIRTINIMO <a href=\"https:\/\/www.nsa.smsm.lt\/old\/old\/wp-content\/uploads\/2024\/09\/Isakymas-Del-VERTINTOJU-SARASO-Patikslinimas.pdf\"><i class=\"fa fa-file-pdf \"><\/i><\/a><\/p>\n<p>        <\/p><\/div>    <\/div><\/div><div class=\"panel panel-default\">    <div class=\"panel-heading\" role=\"tab\" id=\"heading_citem_14f1-29d5\">        <h4 class=\"panel-title\"><a class=\"accordion-toggle collapsed\" data-toggle=\"collapse\" aria-controls=\"heading_citem_14f1-29d5\" data-parent=\"#collapse_7825-0758\" href=\"#citem_14f1-29d5\">PREVENCINI\u0172 PROGRAM\u0172 S\u0104RA\u0160AS<\/a>        <\/h4>    <\/div>    <div id=\"citem_14f1-29d5\" class=\"panel-collapse collapse \" role=\"tabpanel\" aria-labelledby=\"heading_citem_14f1-29d5\">        <div class=\"panel-body\">\n<p><a href=\"https:\/\/e-tar.lt\/portal\/lt\/legalAct\/1142cfb1528311f0b070ee7f1ceefc75\" target=\"_blank\" rel=\"noopener\">VK-638 D\u0117l prevencini\u0173 program\u0173 atitikties Prevencini\u0173 program\u0173 kriterijams patvirtinimo<\/a><\/p>\n<p><a href=\"https:\/\/www.e-tar.lt\/portal\/lt\/legalAct\/20cff2608d2511ef92b19bb92dd76d17\">VK-899 D\u0117l prevencini\u0173 program\u0173 atitikties prevencini\u0173 program\u0173 kriterijams patvirtinimo<\/a><\/p>\n<p><u><a id=\"OWAdcb9d360-ae86-bb4a-a53d-6dbc840d892c\" class=\"OWAAutoLink\" href=\"https:\/\/www.e-tar.lt\/portal\/lt\/legalAct\/5274127265fb11efafbb8694c098bac5\" data-auth=\"NotApplicable\">VK-786 D\u0117l prevencini\u0173 program\u0173 atitikties Prevencini\u0173 program\u0173 kriterijams patvirtinimo (e-tar.lt)<\/a><\/u><\/p>\n<p><u><a id=\"OWA4653bf94-d74f-9bd1-f09d-e2a3366b4682\" class=\"OWAAutoLink\" href=\"https:\/\/www.e-tar.lt\/portal\/lt\/legalAct\/567686906c4b11efafbb8694c098bac5\" data-auth=\"NotApplicable\">VK-801 D\u0117l prevencini\u0173 program\u0173 atitikties Prevencini\u0173 program\u0173 kriterijams patvirtinimo (e-tar.lt)<\/a><\/u><\/p>\n<table class=\"table table-responsive\" width=\"100%\">\n<tbody>\n<tr>\n<td width=\"278\"><strong>Prevencin\u0117s programos pavadinimas<\/strong><\/td>\n<td width=\"177\"><strong>Programos tikslin\u0117 grup\u0117<\/strong><\/td>\n<td width=\"168\"><strong>Autorines teises \/ teis\u0119 \u012fgyvendinti program\u0105 Lietuvoje turinti \u012fstaiga<\/strong><\/td>\n<\/tr>\n<tr>\n<td colspan=\"3\" width=\"623\">\n<p style=\"text-align: center;\"><strong>Socialini\u0173 ir emocini\u0173 kompetencij\u0173 ugdymas<\/strong><\/p>\n<\/td>\n<\/tr>\n<tr>\n<td width=\"278\">Socialini\u0173 emocini\u0173 \u012fg\u016bd\u017ei\u0173 lavinimo ir smurto prevencijos programa \u201eAntras \u017eingsnis\u201c\n<p><a href=\"https:\/\/pvc.lt\/antras-zingnis\/apie-programa-2\/\">https:\/\/pvc.lt\/antras-zingnis\/apie-programa-2\/<\/a><\/p><\/td>\n<td width=\"177\">1\u20134\u00a0kl. mokiniai<\/td>\n<td width=\"168\"><a href=\"https:\/\/pvc.lt\/\">V\u0161\u012e \u201eParamos vaikams centras\u201c<\/a><\/td>\n<\/tr>\n<tr>\n<td width=\"278\">Programa \u201eObuolio draugai\u201c\n<p><a href=\"https:\/\/www.vaikolabui.lt\/obuolio-draugai\/\">https:\/\/www.vaikolabui.lt\/obuolio-draugai\/<\/a><\/p><\/td>\n<td width=\"177\">2\u20133 kl. mokiniai<\/td>\n<td width=\"168\"><a href=\"https:\/\/www.vaikolabui.lt\/\">V\u0161\u012e \u201eVaiko labui\u201c<\/a><\/td>\n<\/tr>\n<tr>\n<td width=\"278\">Vaiko emocij\u0173 i\u0161rai\u0161kos kontrol\u0117s (VEIK) ugdymo programa\n<p><a href=\"https:\/\/www.ssinstitut.lt\/mokymai\/vaiko-emociju-israiskos-kontroles-veik-ugdymas\/\">https:\/\/www.ssinstitut.lt\/mokymai\/vaiko-emociju-israiskos-kontroles-veik-ugdymas\/<\/a><\/p><\/td>\n<td width=\"177\">8\u201318 met\u0173 mokiniai, j\u0173 mokytojai, mokyklos administracijos atstovai<\/td>\n<td width=\"168\"><a href=\"https:\/\/www.ssinstitut.lt\/\">V\u0161\u012e \u201e\u0160eimos santyki\u0173 institutas<\/a><u>\u201c<\/u><\/td>\n<\/tr>\n<tr>\n<td width=\"278\">Socialini\u0173 ir emocini\u0173 kompetencij\u0173 ugdymo programa \u201eZipio draugai\u201c\n<p><a href=\"https:\/\/www.vaikolabui.lt\/zipio-draugai\/\">https:\/\/www.vaikolabui.lt\/zipio-draugai\/<\/a><\/p><\/td>\n<td width=\"177\">Prie\u0161mokyklin\u0117s ir 1 kl. mokiniai<\/td>\n<td width=\"168\"><a href=\"https:\/\/www.vaikolabui.lt\/\">V\u0161\u012e \u201eVaiko labui\u201c<\/a><\/td>\n<\/tr>\n<tr>\n<td width=\"278\">Socialini\u0173 ir emocini\u0173 kompetencij\u0173 ugdymo programa \u201e\u012eveikiame kartu\u201c\n<p><a href=\"https:\/\/www.vaikolabui.lt\/iveikime-kartu\/\">https:\/\/www.vaikolabui.lt\/iveikime-kartu\/<\/a><\/p><\/td>\n<td width=\"177\">2\u20134 kl. mokiniai<\/td>\n<td width=\"168\"><a href=\"https:\/\/www.vaikolabui.lt\/\">V\u0161\u012e \u201eVaiko labui\u201c<\/a><\/td>\n<\/tr>\n<tr>\n<td width=\"278\">LIONS QUEST programa \u201eLaikas kartu\u201c\n<p><a href=\"https:\/\/lions-quest.lt\/laikas-kartu\/\">https:\/\/lions-quest.lt\/laikas-kartu\/<\/a><\/p><\/td>\n<td width=\"177\">Prie\u0161mokyklin\u0117s grup\u0117s<\/td>\n<td width=\"168\"><a href=\"https:\/\/lions-quest.lt\/\">V\u0161\u012e \u201eLIONS QUEST Lietuva\u201c<\/a><\/td>\n<\/tr>\n<tr>\n<td width=\"278\">LIONS QUEST programa \u201eLaikas kartu\u201c\n<p><a href=\"https:\/\/lions-quest.lt\/laikas-kartu-pradinis-ugdymas\/\">https:\/\/lions-quest.lt\/laikas-kartu-pradinis-ugdymas\/<\/a><\/p><\/td>\n<td width=\"177\">1\u20134 klasi\u0173 mokiniai<\/td>\n<td width=\"168\"><a href=\"https:\/\/lions-quest.lt\/\">V\u0161\u012e \u201eLIONS QUEST Lietuva\u201c<\/a><\/td>\n<\/tr>\n<tr>\n<td width=\"278\">LIONS QUEST programa \u201ePaauglyst\u0117s kry\u017ekel\u0117s\u201c\n<p><a href=\"https:\/\/lions-quest.lt\/paauglystes-kryzkeles\/\">https:\/\/lions-quest.lt\/paauglystes-kryzkeles\/<\/a><\/p><\/td>\n<td width=\"177\">5\u20138\u00a0kl. mokiniai, j\u0173 mokytojai ir t\u0117vai<\/td>\n<td width=\"168\"><a href=\"https:\/\/lions-quest.lt\/\">V\u0161\u012e \u201eLIONS QUEST Lietuva\u201c<\/a><\/td>\n<\/tr>\n<tr>\n<td width=\"278\">LIONS QUEST \u201eRaktai \u012f s\u0117km\u0119\u201d\n<p><a href=\"https:\/\/lions-quest.lt\/raktai-i-sekme\/\">https:\/\/lions-quest.lt\/raktai-i-sekme\/<\/a><\/p><\/td>\n<td width=\"177\">I\u2013IV gimnazijos klas\u0117s mokiniai<\/td>\n<td width=\"168\"><a href=\"https:\/\/lions-quest.lt\/\">V\u0161\u012e \u201eLIONS QUEST Lietuva\u201c<\/a><\/td>\n<\/tr>\n<tr>\n<td width=\"200\">Smurto prie\u0161 vaikus prevencijos programa \u201eEsame saug\u016bs\u201c;<a href=\"https:\/\/pvc.lt\/be-kategorijos-lt\/smurto-pries-vaikus-prevencijos-programa-esame-saugus\/\">https:\/\/pvc.lt\/be-kategorijos-lt\/smurto-pries-vaikus-prevencijos-programa-esame-saugus\/<\/a>\n<p>&nbsp;<\/p><\/td>\n<td width=\"200\">vaikai ir paaugliai (4-18 m.), t\u0117vai\/glob\u0117jai, ugdymo \u012fstaig\u0173 bendruomen\u0117s<\/td>\n<td width=\"200\">V\u0161\u012e Paramos vaikams centras\n<p><a href=\"https:\/\/pvc.lt\/\">Paramos vaikams centras (pvc.lt)<\/a><\/p><\/td>\n<\/tr>\n<tr>\n<td width=\"200\">Socialinio emocinio ugdymo programa \u201eSiautukai\u201c<\/td>\n<td width=\"200\">3-6 m. vaikai<\/td>\n<td width=\"200\">Sandra Ker\u0161ien\u0117, Edita Navardauskien\u0117 <a href=\"mailto:kersiene.sandra@gmail.com\">kersiene.sandra@gmail.com<\/a><\/td>\n<\/tr>\n<tr>\n<td><a href=\"https:\/\/www.nsa.smsm.lt\/old\/old\/wp-content\/uploads\/2023\/11\/Savizudybiu-prevencijos-programa-2023-lapkritis.pdf\">Olweus\u00a0paty\u010di\u0173 prevencijos programa<\/a> <a href=\"https:\/\/www.nsa.smsm.lt\/old\/old\/svietimo-pagalba\/prevencija\/olweus-patyciu-prevencijos-programa\/olweus-programa\/\">https:\/\/www.nsa.smsm.lt\/old\/old\/svietimo-pagalba\/prevencija\/olweus-patyciu-prevencijos-programa\/olweus-programa\/<\/a><\/td>\n<td>Visa mokyklos bendruomen\u0117<\/td>\n<td>Nacionalin\u0117 \u0161vietimo agent\u016bra<\/td>\n<\/tr>\n<tr>\n<td><a href=\"https:\/\/www.nsa.smsm.lt\/old\/old\/wp-content\/uploads\/2023\/11\/Programa-Savu-keliu-2023-lapkritis.pdf\">Psichoaktyvi\u0173 med\u017eiag\u0173 vartojimo prevencijos programa \u201eSavu keliu\u201c<\/a><\/td>\n<td>2\u201312\u00a0kl. \u00a0mokiniai, j\u0173 mokytojai ir t\u0117vai<\/td>\n<td>Nacionalin\u0117 \u0161vietimo agent\u016bra<\/td>\n<\/tr>\n<tr>\n<td>Integruojama socialini\u0173 emocini\u0173 \u012fg\u016bd\u017ei\u0173 ugdymo programa \u201eKimochis\u201d<\/td>\n<td>Ikimokyklinio ir prie\u0161mokyklinio am\u017eiaus vaikams<\/td>\n<td>Gintar\u0117 Visock\u0117-Vadlug\u0117, <u><a id=\"OWAa0fcafe5-ecde-6714-e3f3-179544b52c43\" class=\"OWAAutoLink\" title=\"mailto:gintare.visocke@gmail.com\" href=\"mailto:gintare.visocke@gmail.com\">gintare.visocke@gmail.com<\/a><\/u><\/td>\n<\/tr>\n<\/tbody>\n<\/table>\n<p>        <\/p><\/div>    <\/div><\/div><\/div>\n","protected":false},"excerpt":{"rendered":"","protected":false},"author":1,"featured_media":0,"parent":32696,"menu_order":0,"comment_status":"closed","ping_status":"closed","template":"page-prevencija.php","meta":{"_acf_changed":false,"footnotes":""},"class_list":["post-39937","page","type-page","status-publish","hentry"],"acf":[],"_links":{"self":[{"href":"https:\/\/www.nsa.smsm.lt\/old\/wp-json\/wp\/v2\/pages\/39937","targetHints":{"allow":["GET"]}}],"collection":[{"href":"https:\/\/www.nsa.smsm.lt\/old\/wp-json\/wp\/v2\/pages"}],"about":[{"href":"https:\/\/www.nsa.smsm.lt\/old\/wp-json\/wp\/v2\/types\/page"}],"author":[{"embeddable":true,"href":"https:\/\/www.nsa.smsm.lt\/old\/wp-json\/wp\/v2\/users\/1"}],"replies":[{"embeddable":true,"href":"https:\/\/www.nsa.smsm.lt\/old\/wp-json\/wp\/v2\/comments?post=39937"}],"version-history":[{"count":21,"href":"https:\/\/www.nsa.smsm.lt\/old\/wp-json\/wp\/v2\/pages\/39937\/revisions"}],"predecessor-version":[{"id":43983,"href":"https:\/\/www.nsa.smsm.lt\/old\/wp-json\/wp\/v2\/pages\/39937\/revisions\/43983"}],"up":[{"embeddable":true,"href":"https:\/\/www.nsa.smsm.lt\/old\/wp-json\/wp\/v2\/pages\/32696"}],"wp:attachment":[{"href":"https:\/\/www.nsa.smsm.lt\/old\/wp-json\/wp\/v2\/media?parent=39937"}],"curies":[{"name":"wp","href":"https:\/\/api.w.org\/{rel}","templated":true}]}}