{"id":39646,"date":"2025-05-14T06:50:35","date_gmt":"2025-05-14T04:50:35","guid":{"rendered":"https:\/\/www.nsa.smsm.lt\/old\/?page_id=39646"},"modified":"2025-05-15T13:44:15","modified_gmt":"2025-05-15T11:44:15","slug":"uzduociu-aprasai","status":"publish","type":"page","link":"https:\/\/www.nsa.smsm.lt\/old\/egzaminai-ir-pasiekimu-patikrinimai\/pupp\/uzduociu-aprasai\/","title":{"rendered":"U\u017eduo\u010di\u0173 apra\u0161ai"},"content":{"rendered":"<p><a href=\"https:\/\/www.nsa.smsm.lt\/old\/old\/wp-content\/uploads\/2024\/12\/PUPP_aprasas_matematika.pdf\" target=\"_blank\" rel=\"noopener\">Matematikos pagrindinio ugdymo pasiekim\u0173 patikrinimo u\u017eduoties apra\u0161as<\/a><\/p>\n<p><a href=\"https:\/\/www.nsa.smsm.lt\/old\/old\/wp-content\/uploads\/2025\/05\/Matematikos-PUPP-vertinimo-gaires.pdf\">Matematikos pagrindinio ugdymo pasiekim\u0173 patikrinimo vertinimo gair\u0117s<\/a><\/p>\n<p><a href=\"https:\/\/www.nsa.smsm.lt\/old\/old\/wp-content\/uploads\/2024\/12\/PUPP_uzduociu_aprasas_Kalbos.pdf\" target=\"_blank\" rel=\"noopener\">Kalb\u0173 pagrindinio ugdymo pasiekim\u0173 patikrinim\u0173 u\u017eduo\u010di\u0173 apra\u0161as<\/a><\/p>\n<p><a href=\"https:\/\/www.nsa.smsm.lt\/old\/old\/wp-content\/uploads\/2025\/04\/PUPPrasymovertinimokriterijai.pdf\">Lietuvi\u0173 kalbos ir literat\u016bros Pagrindinio ugdymo pasiekim\u0173 patikrinimo ra\u0161ymo ir teksto k\u016brimo u\u017eduoties bendrieji vertinimo kriterijai<\/a><\/p>\n<p><a href=\"https:\/\/www.nsa.smsm.lt\/old\/old\/wp-content\/uploads\/2025\/04\/GK_PUPP_Bendrieji_vertinimo_kriterijai.pdf\">Tautini\u0173 ma\u017eum\u0173 (baltarusi\u0173, lenk\u0173, rus\u0173, vokie\u010di\u0173) gimtosios kalbos ir literat\u016bros pagrindinio ugdymo pasiekim\u0173 patikrinimo ra\u0161ymo ir teksto k\u016brimo u\u017eduoties bendrieji vertinimo kriterijai<\/a><\/p>\n<p><a href=\"https:\/\/www.nsa.smsm.lt\/old\/old\/wp-content\/uploads\/2025\/05\/VERTINIMO-GAIRES-2022-koreguotos.pdf\">2022 m. lietuvi\u0173 kalbos ir literat\u016bros baigiam\u0173j\u0173 darb\u0173 vertinimo gair\u0117s (koreguotos)<\/a><\/p>\n","protected":false},"excerpt":{"rendered":"<p>Matematikos pagrindinio ugdymo pasiekim\u0173 patikrinimo u\u017eduoties apra\u0161as Matematikos pagrindinio ugdymo pasiekim\u0173 patikrinimo vertinimo gair\u0117s Kalb\u0173 pagrindinio ugdymo pasiekim\u0173 patikrinim\u0173 u\u017eduo\u010di\u0173 apra\u0161as Lietuvi\u0173 kalbos ir literat\u016bros Pagrindinio ugdymo pasiekim\u0173 patikrinimo ra\u0161ymo ir teksto k\u016brimo u\u017eduoties bendrieji vertinimo kriterijai Tautini\u0173 ma\u017eum\u0173 (baltarusi\u0173,&nbsp;<a href=\"https:\/\/www.nsa.smsm.lt\/old\/egzaminai-ir-pasiekimu-patikrinimai\/pupp\/uzduociu-aprasai\/\" class=\"placiau\">Pla\u010diau <i class=\"fa fa-caret-right\"><\/i><\/a><\/p>\n","protected":false},"author":1,"featured_media":0,"parent":16866,"menu_order":0,"comment_status":"closed","ping_status":"closed","template":"page-pupp.php","meta":{"_acf_changed":false,"footnotes":""},"class_list":["post-39646","page","type-page","status-publish","hentry"],"acf":[],"_links":{"self":[{"href":"https:\/\/www.nsa.smsm.lt\/old\/wp-json\/wp\/v2\/pages\/39646","targetHints":{"allow":["GET"]}}],"collection":[{"href":"https:\/\/www.nsa.smsm.lt\/old\/wp-json\/wp\/v2\/pages"}],"about":[{"href":"https:\/\/www.nsa.smsm.lt\/old\/wp-json\/wp\/v2\/types\/page"}],"author":[{"embeddable":true,"href":"https:\/\/www.nsa.smsm.lt\/old\/wp-json\/wp\/v2\/users\/1"}],"replies":[{"embeddable":true,"href":"https:\/\/www.nsa.smsm.lt\/old\/wp-json\/wp\/v2\/comments?post=39646"}],"version-history":[{"count":21,"href":"https:\/\/www.nsa.smsm.lt\/old\/wp-json\/wp\/v2\/pages\/39646\/revisions"}],"predecessor-version":[{"id":43080,"href":"https:\/\/www.nsa.smsm.lt\/old\/wp-json\/wp\/v2\/pages\/39646\/revisions\/43080"}],"up":[{"embeddable":true,"href":"https:\/\/www.nsa.smsm.lt\/old\/wp-json\/wp\/v2\/pages\/16866"}],"wp:attachment":[{"href":"https:\/\/www.nsa.smsm.lt\/old\/wp-json\/wp\/v2\/media?parent=39646"}],"curies":[{"name":"wp","href":"https:\/\/api.w.org\/{rel}","templated":true}]}}