{"id":39436,"date":"2024-06-11T14:35:08","date_gmt":"2024-06-11T12:35:08","guid":{"rendered":"https:\/\/www.nsa.smsm.lt\/old\/?page_id=39436"},"modified":"2024-06-12T13:15:33","modified_gmt":"2024-06-12T11:15:33","slug":"intelektine-nuosavybe","status":"publish","type":"page","link":"https:\/\/www.nsa.smsm.lt\/old\/administracine-informacija\/intelektine-nuosavybe\/","title":{"rendered":"Intelektin\u0117 nuosavyb\u0117"},"content":{"rendered":"<p>Atmintin\u0117 <a href=\"https:\/\/www.nsa.smsm.lt\/old\/old\/wp-content\/uploads\/2024\/06\/Autoriu-teisiu-atmintine-2024-05-24.pdf\">\u201eKo nepamir\u0161ti naudojant autori\u0173 teisi\u0173 saugomus k\u016brinius\u201c<\/a>.<\/p>\n<p><a href=\"https:\/\/www.nsa.smsm.lt\/old\/old\/wp-content\/uploads\/2024\/06\/NSAINvaldymonuostatai.pdf\">Nacionalin\u0117s \u0161vietimo agent\u016bros intelektin\u0117s nuosavyb\u0117s valdymo nuostatai<\/a>.<\/p>\n<p><a href=\"https:\/\/www.nsa.smsm.lt\/old\/old\/wp-content\/uploads\/2024\/06\/prasymas-leisti-naudoti-IN.docx\">Pra\u0161ymo forma<\/a>.<\/p>\n","protected":false},"excerpt":{"rendered":"<p>Atmintin\u0117 \u201eKo nepamir\u0161ti naudojant autori\u0173 teisi\u0173 saugomus k\u016brinius\u201c. Nacionalin\u0117s \u0161vietimo agent\u016bros intelektin\u0117s nuosavyb\u0117s valdymo nuostatai. Pra\u0161ymo forma.<\/p>\n","protected":false},"author":5,"featured_media":0,"parent":8756,"menu_order":0,"comment_status":"closed","ping_status":"closed","template":"","meta":{"_acf_changed":false,"footnotes":""},"class_list":["post-39436","page","type-page","status-publish","hentry"],"acf":[],"_links":{"self":[{"href":"https:\/\/www.nsa.smsm.lt\/old\/wp-json\/wp\/v2\/pages\/39436","targetHints":{"allow":["GET"]}}],"collection":[{"href":"https:\/\/www.nsa.smsm.lt\/old\/wp-json\/wp\/v2\/pages"}],"about":[{"href":"https:\/\/www.nsa.smsm.lt\/old\/wp-json\/wp\/v2\/types\/page"}],"author":[{"embeddable":true,"href":"https:\/\/www.nsa.smsm.lt\/old\/wp-json\/wp\/v2\/users\/5"}],"replies":[{"embeddable":true,"href":"https:\/\/www.nsa.smsm.lt\/old\/wp-json\/wp\/v2\/comments?post=39436"}],"version-history":[{"count":5,"href":"https:\/\/www.nsa.smsm.lt\/old\/wp-json\/wp\/v2\/pages\/39436\/revisions"}],"predecessor-version":[{"id":39465,"href":"https:\/\/www.nsa.smsm.lt\/old\/wp-json\/wp\/v2\/pages\/39436\/revisions\/39465"}],"up":[{"embeddable":true,"href":"https:\/\/www.nsa.smsm.lt\/old\/wp-json\/wp\/v2\/pages\/8756"}],"wp:attachment":[{"href":"https:\/\/www.nsa.smsm.lt\/old\/wp-json\/wp\/v2\/media?parent=39436"}],"curies":[{"name":"wp","href":"https:\/\/api.w.org\/{rel}","templated":true}]}}