{"id":38623,"date":"2024-04-11T06:00:35","date_gmt":"2024-04-11T04:00:35","guid":{"rendered":"https:\/\/www.nsa.smsm.lt\/old\/?page_id=38623"},"modified":"2024-04-11T09:33:09","modified_gmt":"2024-04-11T07:33:09","slug":"pareigu-kurias-einant-privalu-deklaruoti-privacius-interesus-sarasas","status":"publish","type":"page","link":"https:\/\/www.nsa.smsm.lt\/old\/administracine-informacija\/korupcijos-prevencija\/pareigu-kurias-einant-privalu-deklaruoti-privacius-interesus-sarasas\/","title":{"rendered":"Pareig\u0173, kurias einant privalu deklaruoti priva\u010dius interesus, s\u0105ra\u0161as"},"content":{"rendered":"<p>N\u0160A direktorius 2024 m. baland\u017eio 10 d. \u012fsakymu Nr. <a href=\"https:\/\/www.nsa.smsm.lt\/old\/old\/wp-content\/uploads\/2024\/04\/isakymas-del-pareigu-saraso.pdf\">VK-338<\/a>, suderin\u0119s su VTEK, patvirtino Nacionalin\u0117s \u0161vietimo agent\u016bros pareig\u0173, kurias einantys asmenys privalo deklaruoti priva\u010dius interesus, <a href=\"https:\/\/www.nsa.smsm.lt\/old\/old\/wp-content\/uploads\/2024\/04\/pareigu-sarasas.pdf\">s\u0105ra\u0161\u0105<\/a>.<\/p>\n","protected":false},"excerpt":{"rendered":"<p>N\u0160A direktorius 2024 m. baland\u017eio 10 d. \u012fsakymu Nr. VK-338, suderin\u0119s su VTEK, patvirtino Nacionalin\u0117s \u0161vietimo agent\u016bros pareig\u0173, kurias einantys asmenys privalo deklaruoti priva\u010dius interesus, s\u0105ra\u0161\u0105.<\/p>\n","protected":false},"author":1,"featured_media":0,"parent":8754,"menu_order":0,"comment_status":"closed","ping_status":"closed","template":"page-korupcija.php","meta":{"_acf_changed":false,"footnotes":""},"class_list":["post-38623","page","type-page","status-publish","hentry"],"acf":[],"_links":{"self":[{"href":"https:\/\/www.nsa.smsm.lt\/old\/wp-json\/wp\/v2\/pages\/38623","targetHints":{"allow":["GET"]}}],"collection":[{"href":"https:\/\/www.nsa.smsm.lt\/old\/wp-json\/wp\/v2\/pages"}],"about":[{"href":"https:\/\/www.nsa.smsm.lt\/old\/wp-json\/wp\/v2\/types\/page"}],"author":[{"embeddable":true,"href":"https:\/\/www.nsa.smsm.lt\/old\/wp-json\/wp\/v2\/users\/1"}],"replies":[{"embeddable":true,"href":"https:\/\/www.nsa.smsm.lt\/old\/wp-json\/wp\/v2\/comments?post=38623"}],"version-history":[{"count":5,"href":"https:\/\/www.nsa.smsm.lt\/old\/wp-json\/wp\/v2\/pages\/38623\/revisions"}],"predecessor-version":[{"id":38906,"href":"https:\/\/www.nsa.smsm.lt\/old\/wp-json\/wp\/v2\/pages\/38623\/revisions\/38906"}],"up":[{"embeddable":true,"href":"https:\/\/www.nsa.smsm.lt\/old\/wp-json\/wp\/v2\/pages\/8754"}],"wp:attachment":[{"href":"https:\/\/www.nsa.smsm.lt\/old\/wp-json\/wp\/v2\/media?parent=38623"}],"curies":[{"name":"wp","href":"https:\/\/api.w.org\/{rel}","templated":true}]}}