{"id":38577,"date":"2025-05-22T07:16:22","date_gmt":"2025-05-22T05:16:22","guid":{"rendered":"https:\/\/www.nsa.smsm.lt\/old\/?page_id=38577"},"modified":"2025-05-22T11:58:20","modified_gmt":"2025-05-22T09:58:20","slug":"nuotoliniu-konsultaciju-vaizdo-irasai-ir-medziaga","status":"publish","type":"page","link":"https:\/\/www.nsa.smsm.lt\/old\/nuotoliniu-konsultaciju-vaizdo-irasai-ir-medziaga\/","title":{"rendered":"Nuotolini\u0173 konsultacij\u0173 vaizdo \u012fra\u0161ai ir med\u017eiaga"},"content":{"rendered":"<p><b>2025 m. gegu\u017e\u0117s 21 d. nuotolin\u0117 konsultacija \u201eEfektyvi komunikacija \u0161vietimo \u012fstaigoje\u201c<\/b><\/p>\n<p><i class=\"fa fa-video \" ><\/i> <a href=\"https:\/\/tinyurl.com\/456nrxpz\" target=\"_blank\" rel=\"noopener\">Vaizdo \u012fra\u0161as<\/a><br \/>\n<i class=\"fa fa-file-powerpoint \" ><\/i> <a href=\"https:\/\/www.nsa.smsm.lt\/old\/old\/wp-content\/uploads\/2025\/05\/Dainius-Radzevicius-Efektyvi-komunikacija-svietimo-istaigose.pptx\">Skaidr\u0117s<\/a><br \/>\n<b><\/b><\/p>\n<p>&nbsp;<\/p>\n<p><b>2025 m. baland\u017eio 23 d. konsultacija apie \u012ftrauk\u0173j\u012f ugdym\u0105<\/b><\/p>\n<p><i class=\"fa fa-video \" ><\/i> <a href=\"https:\/\/tinyurl.com\/2bh73m96\" target=\"_blank\" rel=\"noopener\">Vaizdo \u012fra\u0161as<\/a><\/p>\n<div class=\"elementToProof\"><i class=\"fa fa-file-powerpoint \" ><\/i> <a href=\"https:\/\/www.nsa.smsm.lt\/old\/old\/wp-content\/uploads\/2025\/04\/Itrauktis-ir-ugdymo-kokybes-uztikrinimas.pptx\" target=\"_blank\" rel=\"noopener\">I\u0328trauktis ir ugdymo kokybe\u0307s uz\u030ctikrinimas<\/a><br \/>\n<i class=\"fa fa-file-powerpoint \" ><\/i> <a href=\"https:\/\/www.nsa.smsm.lt\/old\/old\/wp-content\/uploads\/2025\/04\/Ugdymo-kokybes-uztikrinimas-Itraukiojo-ugdymo-igyvendinimas.pptx\" target=\"_blank\" rel=\"noopener\">Ugdymo kokybe\u0307s uz\u030ctikrinimas I\u0328traukiojo ugdymo i\u0328gyvendinimas<\/a><\/div>\n<div><\/div>\n<hr \/>\n<p><strong>2025 m. baland\u017eio 2 d. Romo Turonio konsultacija \u201eSmurto prie\u0161 vadovus atvejai ir prevencija: teisiniai ir vadybiniai sprendimai\u201c<\/strong><\/p>\n<p><i class=\"fa fa-video \" ><\/i> <a href=\"https:\/\/tinyurl.com\/y5apt9r2\" target=\"_blank\" rel=\"noopener\">Vaizdo \u012fra\u0161as<\/a><br \/>\n<i class=\"fa fa-file-pdf \" ><\/i> <a href=\"https:\/\/www.nsa.smsm.lt\/old\/old\/wp-content\/uploads\/2025\/04\/Smurto-pries-vadovus-atvejai-ir-prevencija.pptx\">Skaidr\u0117s<\/a><\/p>\n<hr \/>\n<p><strong>2024 m. sausio 1 d.<\/strong> \u012fsigaliojus naujai <em>Lietuvos Respublikos biud\u017eetini\u0173 \u012fstaig\u0173 darbuotoj\u0173 darbo apmok\u0117jimo ir komisij\u0173 nari\u0173 atlygio u\u017e darb\u0105 \u012fstatymo<\/em> redakcijai ir pasirod\u017eius Lietuvos Respublikos Vyriausyb\u0117s 2023 m. lapkri\u010dio 8 d. nutarimo Nr. 857 \u201eD\u0117l darbo apmok\u0117jimo sistemos nustatymo rekomendacij\u0173\u201c pakeitimams (2024 m. sausio 3 d. LRV nutarimas Nr. 12), visos biud\u017eetin\u0117s \u012fstaigos (tarp j\u0173 ir \u0161vietimo \u012fstaigos) reng\u0117 naujas ar esmingai atnaujino savo \u012fstaig\u0173 darbo apmok\u0117jimo sistemas.<\/p>\n<p>Tod\u0117l Nacionalin\u0117 \u0161vietimo agent\u016bra, siekdama tartis ir interpretuoti kai kurias naujas \u012fstatymo ar nutarimo nuostatas, 2024 m. kovo 7 dien\u0105 ir 28 dien\u0105 sureng\u0117 teisininko Romo Turonio nuotolines konsultacijas. Kalb\u0117damas Romas Turonis atskiria, kas yra oficial\u016bs teis\u0117s akt\u0173 ai\u0161kinimai, o k\u0105 pateikia kaip teis\u0117s aktuose esan\u010di\u0173 nuostat\u0173 interpretacijas, si\u016blo toliau tartis ir diskutuoti.<\/p>\n<p>Nacionalin\u0117 \u0160vietimo agent\u016bra pasiry\u017eusi skelbti ir kit\u0105, b\u016btin\u0105 ir \u012f i\u0161kylan\u010dius klausimus galimai padedan\u010di\u0105 atsakyti informacij\u0105, tuo pat metu atkreipdama d\u0117mes\u012f, jog Agent\u016bra neturi \u012fgaliojim\u0173 ai\u0161kinti teis\u0117s akt\u0173, tod\u0117l ir \u0161i med\u017eiaga n\u0117ra oficiali Nacionalin\u0117s \u0161vietimo agent\u016bros pozicija.<\/p>\n<p>&nbsp;<\/p>\n<p><strong>2024 m. kovo 7 d. Romo Turonio konsultacija \u201e<em>Darbo apmok\u0117jimo \u0161vietimo \u012fstaigoje sistema\u201d.<\/em>\u00a0<em>\u00a0<\/em><\/strong><\/p>\n<p><i class=\"fa fa-video \" ><\/i> <a href=\"https:\/\/nsasmm-my.sharepoint.com\/personal\/pretendentams_nsa_smm_lt\/_layouts\/15\/stream.aspx?id=%2Fpersonal%2Fpretendentams%5Fnsa%5Fsmm%5Flt%2FDocuments%2FNuotolin%C4%97s%20konsultacijos%2FVaizdo%20%C4%AFra%C5%A1ai%2F240307%20Darbo%20apmok%C4%97jimo%20%C5%A1vietimo%20%C4%AFstaigoje%20sistema%20%28I%20dalis%29%2Emp4&amp;nav=eyJyZWZlcnJhbEluZm8iOnsicmVmZXJyYWxBcHAiOiJPbmVEcml2ZUZvckJ1c2luZXNzIiwicmVmZXJyYWxBcHBQbGF0Zm9ybSI6IldlYiIsInJlZmVycmFsTW9kZSI6InZpZXciLCJyZWZlcnJhbFZpZXciOiJNeUZpbGVzTGlua0NvcHkifX0&amp;ga=1&amp;referrer=StreamWebApp%2EWeb&amp;referrerScenario=AddressBarCopied%2Eview\">Vaizdo \u012fra\u0161as<\/a><\/p>\n<p><i class=\"fa fa-file-pdf \" ><\/i> <a href=\"https:\/\/www.nsa.smsm.lt\/old\/old\/wp-content\/uploads\/2024\/04\/Romas-Turonis-1-dalis-2024-03-07.pdf\">Skaidr\u0117s<\/a><\/p>\n<p><i class=\"fa fa-file-pdf \" ><\/i> <a href=\"https:\/\/www.nsa.smsm.lt\/old\/old\/wp-content\/uploads\/2024\/04\/Romas-Turonis.-Susitarimas-del-papildomo-darbo.pdf\">Darbo sutarties papildymas<\/a><\/p>\n<p><i class=\"fa fa-file-pdf \" ><\/i> <a href=\"https:\/\/www.nsa.smsm.lt\/old\/old\/wp-content\/uploads\/2024\/04\/Romas-Turonis.-Darbo-sutarties-papildymas-del-darbo-masto-padidinimo.pdf\">Susitarimas d\u0117l papildomo darbo<\/a><\/p>\n<p>&nbsp;<\/p>\n<p><strong>2024 m. kovo 28 d. Romo Turonio konsultacija <em>\u201eDarbo apmok\u0117jimo \u0161vietimo \u012fstaigoje sistema: bandymai atsakyti \u012f da\u017eniausiai i\u0161kylan\u010dius klausimus\u201c<\/em> (vaizdo \u012fra\u0161as) (skaidr\u0117s).<\/strong><\/p>\n<p><i class=\"fa fa-video \" ><\/i> <a href=\"https:\/\/nsasmm-my.sharepoint.com\/personal\/pretendentams_nsa_smm_lt\/_layouts\/15\/stream.aspx?id=%2Fpersonal%2Fpretendentams%5Fnsa%5Fsmm%5Flt%2FDocuments%2FNuotolin%C4%97s%20konsultacijos%2FVaizdo%20%C4%AFra%C5%A1ai%2F240328%20Darbo%20apmok%C4%97jimo%20%C5%A1vietimo%20%C4%AFstaigoje%20sistema%20%28II%20dalis%29%2Emp4&amp;nav=eyJyZWZlcnJhbEluZm8iOnsicmVmZXJyYWxBcHAiOiJPbmVEcml2ZUZvckJ1c2luZXNzIiwicmVmZXJyYWxBcHBQbGF0Zm9ybSI6IldlYiIsInJlZmVycmFsTW9kZSI6InZpZXciLCJyZWZlcnJhbFZpZXciOiJNeUZpbGVzTGlua0NvcHkifX0&amp;ga=1&amp;referrer=StreamWebApp%2EWeb&amp;referrerScenario=AddressBarCopied%2Eview\">Vaizdo \u012fra\u0161as<\/a><\/p>\n<div><i class=\"fa fa-file-pdf \" ><\/i> <a href=\"https:\/\/www.nsa.smsm.lt\/old\/old\/wp-content\/uploads\/2024\/04\/Romas-Turonis-2-dalis-2024-04-08.pdf\">Skaidr\u0117s<\/a><\/div>\n","protected":false},"excerpt":{"rendered":"<p>2025 m. gegu\u017e\u0117s 21 d. nuotolin\u0117 konsultacija \u201eEfektyvi komunikacija \u0161vietimo \u012fstaigoje\u201c Vaizdo \u012fra\u0161as Skaidr\u0117s &nbsp; 2025 m. baland\u017eio 23 d. konsultacija apie \u012ftrauk\u0173j\u012f ugdym\u0105 Vaizdo \u012fra\u0161as I\u0328trauktis ir ugdymo kokybe\u0307s uz\u030ctikrinimas Ugdymo kokybe\u0307s uz\u030ctikrinimas I\u0328traukiojo ugdymo i\u0328gyvendinimas 2025 m. baland\u017eio&nbsp;<a href=\"https:\/\/www.nsa.smsm.lt\/old\/nuotoliniu-konsultaciju-vaizdo-irasai-ir-medziaga\/\" class=\"placiau\">Pla\u010diau <i class=\"fa fa-caret-right\"><\/i><\/a><\/p>\n","protected":false},"author":1,"featured_media":0,"parent":0,"menu_order":0,"comment_status":"closed","ping_status":"closed","template":"","meta":{"_acf_changed":false,"footnotes":""},"class_list":["post-38577","page","type-page","status-publish","hentry"],"acf":[],"_links":{"self":[{"href":"https:\/\/www.nsa.smsm.lt\/old\/wp-json\/wp\/v2\/pages\/38577","targetHints":{"allow":["GET"]}}],"collection":[{"href":"https:\/\/www.nsa.smsm.lt\/old\/wp-json\/wp\/v2\/pages"}],"about":[{"href":"https:\/\/www.nsa.smsm.lt\/old\/wp-json\/wp\/v2\/types\/page"}],"author":[{"embeddable":true,"href":"https:\/\/www.nsa.smsm.lt\/old\/wp-json\/wp\/v2\/users\/1"}],"replies":[{"embeddable":true,"href":"https:\/\/www.nsa.smsm.lt\/old\/wp-json\/wp\/v2\/comments?post=38577"}],"version-history":[{"count":11,"href":"https:\/\/www.nsa.smsm.lt\/old\/wp-json\/wp\/v2\/pages\/38577\/revisions"}],"predecessor-version":[{"id":43128,"href":"https:\/\/www.nsa.smsm.lt\/old\/wp-json\/wp\/v2\/pages\/38577\/revisions\/43128"}],"wp:attachment":[{"href":"https:\/\/www.nsa.smsm.lt\/old\/wp-json\/wp\/v2\/media?parent=38577"}],"curies":[{"name":"wp","href":"https:\/\/api.w.org\/{rel}","templated":true}]}}