{"id":38296,"date":"2024-02-22T08:16:59","date_gmt":"2024-02-22T06:16:59","guid":{"rendered":"https:\/\/www.nsa.smsm.lt\/old\/?page_id=38296"},"modified":"2024-02-22T12:27:12","modified_gmt":"2024-02-22T10:27:12","slug":"korupcijos-prevencijos-veiksmu-planas","status":"publish","type":"page","link":"https:\/\/www.nsa.smsm.lt\/old\/administracine-informacija\/korupcijos-prevencija\/korupcijos-prevencijos-veiksmu-planas\/","title":{"rendered":"Korupcijos prevencijos veiksm\u0173 planas"},"content":{"rendered":"<p>Nacionalin\u0117je \u0161vietimo agent\u016broje direktor\u0117s 2023 m. gruod\u017eio 29 d. \u012fsakymu Nr. VK-843 yra patvirtintas Nacionalin\u0117s \u0161vietimo agent\u016bros korupcijos prevencijos 2024-2025 met\u0173 veiksm\u0173 planas.<\/p>\n<p>\u012esakymas d\u0117l Nacionalin\u0117s \u0161vietimo agent\u016bros korupcijos prevencijos 2024-2025 met\u0173 veiksmu\u0328 plano patvirtinimo <a href=\"https:\/\/www.nsa.smsm.lt\/old\/old\/wp-content\/uploads\/2024\/02\/Isakymas-del-nacionalines-svietimo-agenturos-korupcijos-prevencijos-2024-2025-metu-veiksmu-plano-patvirtinimo.pdf\"><i class=\"fa fa-file-pdf \" ><\/i><\/a><\/p>\n<p>Nacionalin\u0117s \u0161vietimo agent\u016bros korupcijos prevencijos 2024-2025 met\u0173 veiksm\u0173 planas <a href=\"https:\/\/www.nsa.smsm.lt\/old\/old\/wp-content\/uploads\/2024\/02\/Nacionalines-svietimo-agenturos-korupcijos-prevencijos-2024-2025-metu-veiksmu-planas.pdf\"><i class=\"fa fa-file-pdf \" ><\/i><\/a><\/p>\n","protected":false},"excerpt":{"rendered":"<p>Nacionalin\u0117je \u0161vietimo agent\u016broje direktor\u0117s 2023 m. gruod\u017eio 29 d. \u012fsakymu Nr. VK-843 yra patvirtintas Nacionalin\u0117s \u0161vietimo agent\u016bros korupcijos prevencijos 2024-2025 met\u0173 veiksm\u0173 planas. \u012esakymas d\u0117l Nacionalin\u0117s \u0161vietimo agent\u016bros korupcijos prevencijos 2024-2025 met\u0173 veiksmu\u0328 plano patvirtinimo Nacionalin\u0117s \u0161vietimo agent\u016bros korupcijos prevencijos&nbsp;<a href=\"https:\/\/www.nsa.smsm.lt\/old\/administracine-informacija\/korupcijos-prevencija\/korupcijos-prevencijos-veiksmu-planas\/\" class=\"placiau\">Pla\u010diau <i class=\"fa fa-caret-right\"><\/i><\/a><\/p>\n","protected":false},"author":1,"featured_media":0,"parent":8754,"menu_order":0,"comment_status":"closed","ping_status":"closed","template":"page-korupcija.php","meta":{"_acf_changed":false,"footnotes":""},"class_list":["post-38296","page","type-page","status-publish","hentry"],"acf":[],"_links":{"self":[{"href":"https:\/\/www.nsa.smsm.lt\/old\/wp-json\/wp\/v2\/pages\/38296","targetHints":{"allow":["GET"]}}],"collection":[{"href":"https:\/\/www.nsa.smsm.lt\/old\/wp-json\/wp\/v2\/pages"}],"about":[{"href":"https:\/\/www.nsa.smsm.lt\/old\/wp-json\/wp\/v2\/types\/page"}],"author":[{"embeddable":true,"href":"https:\/\/www.nsa.smsm.lt\/old\/wp-json\/wp\/v2\/users\/1"}],"replies":[{"embeddable":true,"href":"https:\/\/www.nsa.smsm.lt\/old\/wp-json\/wp\/v2\/comments?post=38296"}],"version-history":[{"count":5,"href":"https:\/\/www.nsa.smsm.lt\/old\/wp-json\/wp\/v2\/pages\/38296\/revisions"}],"predecessor-version":[{"id":38356,"href":"https:\/\/www.nsa.smsm.lt\/old\/wp-json\/wp\/v2\/pages\/38296\/revisions\/38356"}],"up":[{"embeddable":true,"href":"https:\/\/www.nsa.smsm.lt\/old\/wp-json\/wp\/v2\/pages\/8754"}],"wp:attachment":[{"href":"https:\/\/www.nsa.smsm.lt\/old\/wp-json\/wp\/v2\/media?parent=38296"}],"curies":[{"name":"wp","href":"https:\/\/api.w.org\/{rel}","templated":true}]}}