{"id":38292,"date":"2024-02-15T11:14:13","date_gmt":"2024-02-15T09:14:13","guid":{"rendered":"https:\/\/www.nsa.smsm.lt\/old\/?page_id=38292"},"modified":"2024-02-15T11:14:54","modified_gmt":"2024-02-15T09:14:54","slug":"teises-aktu-projektu-antikorupcinis-vertinimas","status":"publish","type":"page","link":"https:\/\/www.nsa.smsm.lt\/old\/administracine-informacija\/korupcijos-prevencija\/teises-aktu-projektu-antikorupcinis-vertinimas\/","title":{"rendered":"Teis\u0117s akt\u0173 projekt\u0173 antikorupcinis vertinimas"},"content":{"rendered":"<p>Informacija ruo\u0161iama.<\/p>\n","protected":false},"excerpt":{"rendered":"<p>Informacija ruo\u0161iama.<\/p>\n","protected":false},"author":1,"featured_media":0,"parent":8754,"menu_order":0,"comment_status":"closed","ping_status":"closed","template":"page-korupcija.php","meta":{"_acf_changed":false,"footnotes":""},"class_list":["post-38292","page","type-page","status-publish","hentry"],"acf":[],"_links":{"self":[{"href":"https:\/\/www.nsa.smsm.lt\/old\/wp-json\/wp\/v2\/pages\/38292","targetHints":{"allow":["GET"]}}],"collection":[{"href":"https:\/\/www.nsa.smsm.lt\/old\/wp-json\/wp\/v2\/pages"}],"about":[{"href":"https:\/\/www.nsa.smsm.lt\/old\/wp-json\/wp\/v2\/types\/page"}],"author":[{"embeddable":true,"href":"https:\/\/www.nsa.smsm.lt\/old\/wp-json\/wp\/v2\/users\/1"}],"replies":[{"embeddable":true,"href":"https:\/\/www.nsa.smsm.lt\/old\/wp-json\/wp\/v2\/comments?post=38292"}],"version-history":[{"count":3,"href":"https:\/\/www.nsa.smsm.lt\/old\/wp-json\/wp\/v2\/pages\/38292\/revisions"}],"predecessor-version":[{"id":38295,"href":"https:\/\/www.nsa.smsm.lt\/old\/wp-json\/wp\/v2\/pages\/38292\/revisions\/38295"}],"up":[{"embeddable":true,"href":"https:\/\/www.nsa.smsm.lt\/old\/wp-json\/wp\/v2\/pages\/8754"}],"wp:attachment":[{"href":"https:\/\/www.nsa.smsm.lt\/old\/wp-json\/wp\/v2\/media?parent=38292"}],"curies":[{"name":"wp","href":"https:\/\/api.w.org\/{rel}","templated":true}]}}