{"id":38290,"date":"2024-09-01T11:11:21","date_gmt":"2024-09-01T09:11:21","guid":{"rendered":"https:\/\/www.nsa.smsm.lt\/old\/?page_id=38290"},"modified":"2024-09-01T21:25:00","modified_gmt":"2024-09-01T19:25:00","slug":"informacijos-apie-asmenis-surinkimas","status":"publish","type":"page","link":"https:\/\/www.nsa.smsm.lt\/old\/administracine-informacija\/korupcijos-prevencija\/informacijos-apie-asmenis-surinkimas\/","title":{"rendered":"Informacijos apie asmenis surinkimas"},"content":{"rendered":"<p>Lietuvos Respublikos korupcijos prevencijos \u012fstatyme (toliau \u2013 KP\u012e) reglamentuota, kad prie\u0161 skiriant asmen\u012f \u012f atitinkamas pareigas Nacionalin\u0117je \u0161vietimo agent\u016broje, privaloma kreiptis \u012f Speciali\u0173j\u0173 tyrim\u0173 tarnyb\u0105 (toliau \u00a0\u2013 STT), kad STT surinkt\u0173 ir pateikt\u0173 informacij\u0105 apie tokio asmens patikimum\u0105. \u012e pareigas asmuo gali b\u016bti paskirtas tik gavus ir \u012fvertinus informacij\u0105 i\u0161 STT.<\/p>\n<p>STT surenka ir pateikia informacij\u0105 apie tai ar asmuo, d\u0117l kurio kreiptasi, buvo teistas, turi ar (ir) tur\u0117jo administracini\u0173 nuobaud\u0173, informacij\u0105 apie asmens padarytus tarnybinius nusi\u017eengimus (darbo pareig\u0173 pa\u017eeidimus) ir d\u0117l j\u0173 priimtus sprendimus, bei kit\u0105 informacij\u0105 nurodyt\u0105 KP\u012e 16 straipsnyje.<\/p>\n<p>Nacionalin\u0117s \u0161vietimo agent\u016bros direktorius 2022 m. kovo 29 d. \u012fsakymu Nr. VK-206 \u00a0patvirtino Pareigybi\u0173, kurios atitinka nors vien\u0105 po\u017eym\u012f, nurodyt\u0105 Lietuvos Respublikos korupcijos prevencijos \u012fstatymo 17 straipsnio 4 dalyje, ir d\u0117l kuri\u0173 privaloma pateikti ra\u0161ytin\u012f pra\u0161ym\u0105 Speciali\u0173j\u0173 tyrim\u0173 tarnybai d\u0117l informacijos pateikimo, s\u0105ra\u0161\u0105. 2024 m. liepos 5 d. direktorius \u012fsakymu Nr. VK-655 s\u0105ra\u0161\u0105 pakeit\u0117 \u00a0(<a href=\"https:\/\/www.nsa.smsm.lt\/old\/old\/wp-content\/uploads\/2024\/09\/isakymas-del-pareigybiu-stt-1.pdf\">aktuali redakcija<\/a>).<\/p>\n<p>Vadovaujantis KP\u012e \u00a0nustatyta tvarka, \u012f STT gali b\u016bti kreipiamasi ir d\u0117l asmens einan\u010dio pareigas Nacionalin\u0117je \u0161vietimo agent\u016broje.<\/p>\n","protected":false},"excerpt":{"rendered":"<p>Lietuvos Respublikos korupcijos prevencijos \u012fstatyme (toliau \u2013 KP\u012e) reglamentuota, kad prie\u0161 skiriant asmen\u012f \u012f atitinkamas pareigas Nacionalin\u0117je \u0161vietimo agent\u016broje, privaloma kreiptis \u012f Speciali\u0173j\u0173 tyrim\u0173 tarnyb\u0105 (toliau \u00a0\u2013 STT), kad STT surinkt\u0173 ir pateikt\u0173 informacij\u0105 apie tokio asmens patikimum\u0105. \u012e pareigas&nbsp;<a href=\"https:\/\/www.nsa.smsm.lt\/old\/administracine-informacija\/korupcijos-prevencija\/informacijos-apie-asmenis-surinkimas\/\" class=\"placiau\">Pla\u010diau <i class=\"fa fa-caret-right\"><\/i><\/a><\/p>\n","protected":false},"author":1,"featured_media":0,"parent":8754,"menu_order":0,"comment_status":"closed","ping_status":"closed","template":"page-korupcija.php","meta":{"_acf_changed":false,"footnotes":""},"class_list":["post-38290","page","type-page","status-publish","hentry"],"acf":[],"_links":{"self":[{"href":"https:\/\/www.nsa.smsm.lt\/old\/wp-json\/wp\/v2\/pages\/38290","targetHints":{"allow":["GET"]}}],"collection":[{"href":"https:\/\/www.nsa.smsm.lt\/old\/wp-json\/wp\/v2\/pages"}],"about":[{"href":"https:\/\/www.nsa.smsm.lt\/old\/wp-json\/wp\/v2\/types\/page"}],"author":[{"embeddable":true,"href":"https:\/\/www.nsa.smsm.lt\/old\/wp-json\/wp\/v2\/users\/1"}],"replies":[{"embeddable":true,"href":"https:\/\/www.nsa.smsm.lt\/old\/wp-json\/wp\/v2\/comments?post=38290"}],"version-history":[{"count":4,"href":"https:\/\/www.nsa.smsm.lt\/old\/wp-json\/wp\/v2\/pages\/38290\/revisions"}],"predecessor-version":[{"id":40468,"href":"https:\/\/www.nsa.smsm.lt\/old\/wp-json\/wp\/v2\/pages\/38290\/revisions\/40468"}],"up":[{"embeddable":true,"href":"https:\/\/www.nsa.smsm.lt\/old\/wp-json\/wp\/v2\/pages\/8754"}],"wp:attachment":[{"href":"https:\/\/www.nsa.smsm.lt\/old\/wp-json\/wp\/v2\/media?parent=38290"}],"curies":[{"name":"wp","href":"https:\/\/api.w.org\/{rel}","templated":true}]}}