{"id":38286,"date":"2025-02-18T11:09:19","date_gmt":"2025-02-18T09:09:19","guid":{"rendered":"https:\/\/www.nsa.smsm.lt\/old\/?page_id=38286"},"modified":"2025-02-18T12:47:49","modified_gmt":"2025-02-18T10:47:49","slug":"korupcijos-pasireiskimo-tikimybe","status":"publish","type":"page","link":"https:\/\/www.nsa.smsm.lt\/old\/administracine-informacija\/korupcijos-prevencija\/korupcijos-pasireiskimo-tikimybe\/","title":{"rendered":"Korupcijos pasirei\u0161kimo tikimyb\u0117"},"content":{"rendered":"<p>Nacionalin\u0117je \u0161vietimo agent\u016broje, vadovaujantis Lietuvos Respublikos korupcijos prevencijos \u012fstatymu, Korupcijos pasirei\u0161kimo tikimyb\u0117s nustatymo ir jo atlikimo tvarkos rekomendacijomis, patvirtintomis Lietuvos Respublikos speciali\u0173j\u0173 tyrim\u0173 tarnybos direktoriaus 2021 m. lapkri\u010dio 30 d. \u012fsakymu Nr. 2-246, bei vykdant N\u0160A direktoriaus 2024 m. bir\u017eelio 27 pavedim\u0105 Nr.<br \/>\n86727658, 2024 met\u0173 IV ketvirt\u012f buvo atliktas korupcijos pasirei\u0161kimo tikimyb\u0117s nustatymas N\u0160A atliekam\u0173 vie\u0161\u0173j\u0173 pirkim\u0173 planavimo, iniciavimo, vykdymo, sutar\u010di\u0173 sudarymo ir vykdymo kontrol\u0117s reglamentavimo srityse (<a href=\"https:\/\/www.nsa.smsm.lt\/old\/old\/wp-content\/uploads\/2025\/02\/Korupcijos-pasireiskimo-vertinimo-isvada.pdf\" target=\"_blank\" rel=\"noopener\">i\u0161vada<\/a>).<\/p>\n","protected":false},"excerpt":{"rendered":"<p>Nacionalin\u0117je \u0161vietimo agent\u016broje, vadovaujantis Lietuvos Respublikos korupcijos prevencijos \u012fstatymu, Korupcijos pasirei\u0161kimo tikimyb\u0117s nustatymo ir jo atlikimo tvarkos rekomendacijomis, patvirtintomis Lietuvos Respublikos speciali\u0173j\u0173 tyrim\u0173 tarnybos direktoriaus 2021 m. lapkri\u010dio 30 d. \u012fsakymu Nr. 2-246, bei vykdant N\u0160A direktoriaus 2024 m. bir\u017eelio&nbsp;<a href=\"https:\/\/www.nsa.smsm.lt\/old\/administracine-informacija\/korupcijos-prevencija\/korupcijos-pasireiskimo-tikimybe\/\" class=\"placiau\">Pla\u010diau <i class=\"fa fa-caret-right\"><\/i><\/a><\/p>\n","protected":false},"author":1,"featured_media":0,"parent":8754,"menu_order":0,"comment_status":"closed","ping_status":"closed","template":"page-korupcija.php","meta":{"_acf_changed":false,"footnotes":""},"class_list":["post-38286","page","type-page","status-publish","hentry"],"acf":[],"_links":{"self":[{"href":"https:\/\/www.nsa.smsm.lt\/old\/wp-json\/wp\/v2\/pages\/38286","targetHints":{"allow":["GET"]}}],"collection":[{"href":"https:\/\/www.nsa.smsm.lt\/old\/wp-json\/wp\/v2\/pages"}],"about":[{"href":"https:\/\/www.nsa.smsm.lt\/old\/wp-json\/wp\/v2\/types\/page"}],"author":[{"embeddable":true,"href":"https:\/\/www.nsa.smsm.lt\/old\/wp-json\/wp\/v2\/users\/1"}],"replies":[{"embeddable":true,"href":"https:\/\/www.nsa.smsm.lt\/old\/wp-json\/wp\/v2\/comments?post=38286"}],"version-history":[{"count":4,"href":"https:\/\/www.nsa.smsm.lt\/old\/wp-json\/wp\/v2\/pages\/38286\/revisions"}],"predecessor-version":[{"id":42402,"href":"https:\/\/www.nsa.smsm.lt\/old\/wp-json\/wp\/v2\/pages\/38286\/revisions\/42402"}],"up":[{"embeddable":true,"href":"https:\/\/www.nsa.smsm.lt\/old\/wp-json\/wp\/v2\/pages\/8754"}],"wp:attachment":[{"href":"https:\/\/www.nsa.smsm.lt\/old\/wp-json\/wp\/v2\/media?parent=38286"}],"curies":[{"name":"wp","href":"https:\/\/api.w.org\/{rel}","templated":true}]}}