{"id":38277,"date":"2024-12-03T06:57:32","date_gmt":"2024-12-03T04:57:32","guid":{"rendered":"https:\/\/www.nsa.smsm.lt\/old\/?page_id=38277"},"modified":"2025-07-16T13:17:13","modified_gmt":"2025-07-16T11:17:13","slug":"interesu-konflikto-valdymas","status":"publish","type":"page","link":"https:\/\/www.nsa.smsm.lt\/old\/administracine-informacija\/korupcijos-prevencija\/interesu-konflikto-valdymas\/","title":{"rendered":"Interes\u0173 konflikto valdymas"},"content":{"rendered":"<p><span data-olk-copy-source=\"MessageBody\">Informuojame, kad \u0160vietimo, mokslo ir sporto ministr\u0117 2025 m. liepos 15 d. \u012fsakymu Nr. V-761 \u201eD\u0117l Nacionalin\u0117s \u0161vietimo agent\u016bros direktoriaus Simono \u0160abanovo nusi\u0161alinimo\u201c, vadovaudamasi Lietuvos Respublikos vie\u0161\u0173j\u0173 ir priva\u010di\u0173 interes\u0173 derinimo \u012fstatymo 11 straipsnio 6 dalimi ir atsi\u017evelgdama \u012f Nacionalin\u0117s \u0161vietimo agent\u016bros direktoriaus Simono \u0160abanovo 2025 m. liepos 9 d. prane\u0161im\u0105 apie nusi\u0161alinim\u0105 Nr. SD-2520 bei Nacionalin\u0117s \u0161vietimo agent\u016bros direktoriaus pavaduotojo Renaldo \u010ciu\u017eo 2025 m. liepos 9 d. sutikim\u0105 atlikti pareigas Nr. SD-2524, pri\u0117m\u0117 Simono \u0160abanovo, Nacionalin\u0117s \u0161vietimo agent\u016bros direktoriaus, nusi\u0161alinim\u0105 nuo dalyvavimo rengiant, svarstant ar priimant sprendimus, tiesiogiai susijusius su Vilniaus universitetu, jam dalyvaujant Nacionalin\u0117s \u0161vietimo agent\u016bros \u012fgyvendinamame projekte \u201ePedagog\u0173 kompetencij\u0173 stiprinimas nacionalin\u0117se kvalifikacijos tobulinimo programose ir magistrant\u016bros studijose (NP \/ MS)\u201c bei paved\u0117 Renaldui \u010ciu\u017eui, Nacionalin\u0117s \u0161vietimo agent\u016bros direktoriaus pavaduotojui, atlikti Nacionalin\u0117s \u0161vietimo agent\u016bros direktoriui nustatytas funkcijas \u012fsakyme nurodytais atvejais.<\/span><\/p>\n<p>Taip pat \u0160vietimo, mokslo ir sporto ministr\u0117 2024 m. lapkri\u010dio 21 d. \u012fsakymu Nr. V-1311, vadovaudamasi Lietuvos Respublikos vie\u0161\u0173j\u0173 ir priva\u010di\u0173 interes\u0173 derinimo \u012fstatymo 11 straipsnio 6 dalimi ir atsi\u017evelgdama \u012f Nacionalin\u0117s \u0161vietimo agent\u016bros direktoriaus Simono \u0160abanovo 2024 m. lapkri\u010dio 18 d. prane\u0161im\u0105 apie nusi\u0161alinim\u0105 Nr. TP-41 bei Nacionalin\u0117s \u0161vietimo agent\u016bros direktoriaus patar\u0117jos, laikinai atliekan\u010dios Nacionalin\u0117s \u0161vietimo agent\u016bros Pasiekim\u0173 departamento direktoriaus funkcijas, Jolantos Pauliukien\u0117s 2024 m. lapkri\u010dio 18 d. sutikim\u0105 atlikti pareigas Nr. TP-44, pri\u0117m\u0117 Simono \u0160abanovo, Nacionalin\u0117s \u0161vietimo agent\u016bros direktoriaus, nusi\u0161alinim\u0105 nuo dalyvavimo rengiant, svarstant ar priimant sprendimus, tiesiogiai susijusius su Pagrindinio ugdymo pasiekim\u0173 patikrinimo (PUPP) lietuvi\u0173 kalbos ir literat\u016bros, matematikos, Nacionalini\u0173 mokini\u0173 pasiekim\u0173 patikrinim\u0173 (NMPP) 4 klas\u0117s lietuvi\u0173 kalbos ir literat\u016bros (skaitymo), matematikos, Valstybini\u0173 brandos egzamin\u0173 (VBE) antros dalies lietuvi\u0173 kalbos ir literat\u016bros (i\u0161pl\u0117stinis lygis), matematikos (i\u0161pl\u0117stinis lygis), u\u017esienio kalbos (angl\u0173), istorijos egzamin\u0173 u\u017eduo\u010di\u0173 ir j\u0173 vertinimo instrukcij\u0173 per\u017ei\u016br\u0117jimu, tvirtinimu, taip pat nurodyt\u0173 egzamin\u0173 rezultat\u0173 tvirtinimu bei vie\u0161inimu bei paved\u0117 Jolantai Pauliukienei, Nacionalin\u0117s \u0161vietimo agent\u016bros direktoriaus patar\u0117jai, laikinai atliekan\u010diai Nacionalin\u0117s \u0161vietimo agent\u016bros Pasiekim\u0173 departamento direktoriaus funkcijas, atlikti Nacionalin\u0117s \u0161vietimo agent\u016bros direktoriui nustatytas funkcijas \u012fsakyme nurodytais atvejais.<\/p>\n<p>&nbsp;<\/p>\n<p>&nbsp;<\/p>\n","protected":false},"excerpt":{"rendered":"<p>Informuojame, kad \u0160vietimo, mokslo ir sporto ministr\u0117 2025 m. liepos 15 d. \u012fsakymu Nr. V-761 \u201eD\u0117l Nacionalin\u0117s \u0161vietimo agent\u016bros direktoriaus Simono \u0160abanovo nusi\u0161alinimo\u201c, vadovaudamasi Lietuvos Respublikos vie\u0161\u0173j\u0173 ir priva\u010di\u0173 interes\u0173 derinimo \u012fstatymo 11 straipsnio 6 dalimi ir atsi\u017evelgdama \u012f Nacionalin\u0117s&nbsp;<a href=\"https:\/\/www.nsa.smsm.lt\/old\/administracine-informacija\/korupcijos-prevencija\/interesu-konflikto-valdymas\/\" class=\"placiau\">Pla\u010diau <i class=\"fa fa-caret-right\"><\/i><\/a><\/p>\n","protected":false},"author":1,"featured_media":0,"parent":8754,"menu_order":0,"comment_status":"closed","ping_status":"closed","template":"page-korupcija.php","meta":{"_acf_changed":false,"footnotes":""},"class_list":["post-38277","page","type-page","status-publish","hentry"],"acf":[],"_links":{"self":[{"href":"https:\/\/www.nsa.smsm.lt\/old\/wp-json\/wp\/v2\/pages\/38277","targetHints":{"allow":["GET"]}}],"collection":[{"href":"https:\/\/www.nsa.smsm.lt\/old\/wp-json\/wp\/v2\/pages"}],"about":[{"href":"https:\/\/www.nsa.smsm.lt\/old\/wp-json\/wp\/v2\/types\/page"}],"author":[{"embeddable":true,"href":"https:\/\/www.nsa.smsm.lt\/old\/wp-json\/wp\/v2\/users\/1"}],"replies":[{"embeddable":true,"href":"https:\/\/www.nsa.smsm.lt\/old\/wp-json\/wp\/v2\/comments?post=38277"}],"version-history":[{"count":8,"href":"https:\/\/www.nsa.smsm.lt\/old\/wp-json\/wp\/v2\/pages\/38277\/revisions"}],"predecessor-version":[{"id":43905,"href":"https:\/\/www.nsa.smsm.lt\/old\/wp-json\/wp\/v2\/pages\/38277\/revisions\/43905"}],"up":[{"embeddable":true,"href":"https:\/\/www.nsa.smsm.lt\/old\/wp-json\/wp\/v2\/pages\/8754"}],"wp:attachment":[{"href":"https:\/\/www.nsa.smsm.lt\/old\/wp-json\/wp\/v2\/media?parent=38277"}],"curies":[{"name":"wp","href":"https:\/\/api.w.org\/{rel}","templated":true}]}}