{"id":38272,"date":"2024-09-01T10:50:58","date_gmt":"2024-09-01T08:50:58","guid":{"rendered":"https:\/\/www.nsa.smsm.lt\/old\/?page_id=38272"},"modified":"2024-09-01T21:20:47","modified_gmt":"2024-09-01T19:20:47","slug":"teises-aktai","status":"publish","type":"page","link":"https:\/\/www.nsa.smsm.lt\/old\/administracine-informacija\/korupcijos-prevencija\/teises-aktai\/","title":{"rendered":"Teis\u0117s aktai"},"content":{"rendered":"<p>Nacionalin\u0117s \u0161vietimo agent\u016bros darbuotoj\u0173 etikos kodeksas <a href=\"https:\/\/www.nsa.smsm.lt\/old\/old\/wp-content\/uploads\/2024\/09\/etikos-kodeksas.pdf\"><i class=\"fa fa-file-pdf \" ><\/i><\/a><\/p>\n","protected":false},"excerpt":{"rendered":"<p>Nacionalin\u0117s \u0161vietimo agent\u016bros darbuotoj\u0173 etikos kodeksas<\/p>\n","protected":false},"author":1,"featured_media":0,"parent":8754,"menu_order":0,"comment_status":"closed","ping_status":"closed","template":"page-korupcija.php","meta":{"_acf_changed":false,"footnotes":""},"class_list":["post-38272","page","type-page","status-publish","hentry"],"acf":[],"_links":{"self":[{"href":"https:\/\/www.nsa.smsm.lt\/old\/wp-json\/wp\/v2\/pages\/38272","targetHints":{"allow":["GET"]}}],"collection":[{"href":"https:\/\/www.nsa.smsm.lt\/old\/wp-json\/wp\/v2\/pages"}],"about":[{"href":"https:\/\/www.nsa.smsm.lt\/old\/wp-json\/wp\/v2\/types\/page"}],"author":[{"embeddable":true,"href":"https:\/\/www.nsa.smsm.lt\/old\/wp-json\/wp\/v2\/users\/1"}],"replies":[{"embeddable":true,"href":"https:\/\/www.nsa.smsm.lt\/old\/wp-json\/wp\/v2\/comments?post=38272"}],"version-history":[{"count":5,"href":"https:\/\/www.nsa.smsm.lt\/old\/wp-json\/wp\/v2\/pages\/38272\/revisions"}],"predecessor-version":[{"id":40465,"href":"https:\/\/www.nsa.smsm.lt\/old\/wp-json\/wp\/v2\/pages\/38272\/revisions\/40465"}],"up":[{"embeddable":true,"href":"https:\/\/www.nsa.smsm.lt\/old\/wp-json\/wp\/v2\/pages\/8754"}],"wp:attachment":[{"href":"https:\/\/www.nsa.smsm.lt\/old\/wp-json\/wp\/v2\/media?parent=38272"}],"curies":[{"name":"wp","href":"https:\/\/api.w.org\/{rel}","templated":true}]}}