{"id":38256,"date":"2024-02-15T09:55:05","date_gmt":"2024-02-15T07:55:05","guid":{"rendered":"https:\/\/www.nsa.smsm.lt\/old\/?page_id=38256"},"modified":"2024-09-18T11:00:39","modified_gmt":"2024-09-18T09:00:39","slug":"inzinerines-technologijos","status":"publish","type":"page","link":"https:\/\/www.nsa.smsm.lt\/old\/egzaminai-ir-pasiekimu-patikrinimai\/2024-2025-m-pasiekimu-patikrinimai\/inzinerines-technologijos\/","title":{"rendered":"In\u017einerin\u0117s technologijos"},"content":{"rendered":"<h2>2024 &#8211; 2025 m. m.<\/h2>\n<p><a href=\"https:\/\/www.nsa.smsm.lt\/old\/old\/wp-content\/uploads\/2024\/09\/strukturines-sistemos-ir-statiniu-inzinerija-VBE-II_I-sritis_maketas-last.pdf\">In\u017einerini\u0173 technologij\u0173 valstybinio brandos egzamino antros dalies u\u017eduotis. Strukt\u016brin\u0117s sistemos ir statini\u0173 in\u017einerija<\/a><\/p>\n<p><a href=\"https:\/\/www.nsa.smsm.lt\/old\/old\/wp-content\/uploads\/2024\/09\/Inzineriniu-I-srities-VBE-II-vertinimo-instrukcija-last.pdf\">In\u017einerini\u0173 technologij\u0173 valstybinio brandos egzamino antros dalies kandidat\u0173 darb\u0173 vertinimo instrukcija. Strukt\u016brin\u0117s sistemos ir statini\u0173 in\u017einerija<\/a><\/p>\n<p><a href=\"https:\/\/www.nsa.smsm.lt\/old\/old\/wp-content\/uploads\/2024\/09\/Mechaniniu-sistemu-ir-transporto-inzinerija_VBE-II_II-sritis_maketas-last-1.pdf\">In\u017einerini\u0173 technologij\u0173 valstybinio brandos egzamino antros dalies u\u017eduotis. Mechanini\u0173 sistem\u0173 ir transporto in\u017einerija<\/a><\/p>\n<p><a href=\"https:\/\/www.nsa.smsm.lt\/old\/old\/wp-content\/uploads\/2024\/09\/Inzineriniu-II-srities-VBE-vertinimo-instrukcija-last-1.pdf\">In\u017einerini\u0173 technologij\u0173 valstybinio brandos egzamino antros dalies kandidat\u0173 darb\u0173 vertinimo instrukcija. Mechanini\u0173 sistem\u0173 ir transporto in\u017einerija<\/a><\/p>\n<p><a href=\"https:\/\/www.nsa.smsm.lt\/old\/old\/wp-content\/uploads\/2024\/09\/Elektronikos-inzinerija_VBE-II_III-sritis_maketas-last.pdf\">In\u017einerini\u0173 technologij\u0173 valstybinio brandos egzamino antros dalies u\u017eduotis. Elektronikos in\u017einerija<\/a><\/p>\n<p><a href=\"https:\/\/www.nsa.smsm.lt\/old\/old\/wp-content\/uploads\/2024\/09\/Inzineriniu-3-srities-VBE-vertinimo-instrukcija-last.pdf\">In\u017einerini\u0173 technologij\u0173 valstybinio brandos egzamino antros dalies kandidat\u0173 darb\u0173 vertinimo instrukcija. Elektronikos in\u017einerija<\/a><\/p>\n<p><a href=\"https:\/\/www.nsa.smsm.lt\/old\/old\/wp-content\/uploads\/2024\/09\/Robotika-ir-mechatronika_VBE-II_IV-sritis_maketas-last.pdf\">In\u017einerini\u0173 technologij\u0173 valstybinio brandos egzamino antros dalies u\u017eduotis. Robotika ir mechatronika<\/a><\/p>\n<p><a href=\"https:\/\/www.nsa.smsm.lt\/old\/old\/wp-content\/uploads\/2024\/09\/Inzineriniu-IV-srities-VBE-vertinimo-instrukcija-last.pdf\">In\u017einerini\u0173 technologij\u0173 valstybinio brandos egzamino antros dalies kandidat\u0173 darb\u0173 vertinimo instrukcija. Robotika ir mechatronika<\/a><\/p>\n<p><a href=\"https:\/\/www.nsa.smsm.lt\/old\/old\/wp-content\/uploads\/2024\/09\/Aplinkos-ir-energetikos-inzinerija_VBE-II_V-sritis_maketas-last.pdf\">In\u017einerini\u0173 technologij\u0173 valstybinio brandos egzamino antros dalies u\u017eduotis. Aplinkos ir energetikos in\u017einerija<\/a><\/p>\n<p><a href=\"https:\/\/www.nsa.smsm.lt\/old\/old\/wp-content\/uploads\/2024\/09\/Inzineriniu-V-srities-VBE-vertinimo-instrukcija-last.pdf\">In\u017einerini\u0173 technologij\u0173 valstybinio brandos egzamino antros dalies kandidat\u0173 darb\u0173 vertinimo instrukcija. Aplinkos ir energetikos in\u017einerija<\/a><\/p>\n<h2>2023 &#8211; 2024 m. m.<\/h2>\n<p><a href=\"https:\/\/beta.etestavimas.lt\/tests\/view\/40839002424c\/480\">In\u017einerini\u0173 technologij\u0173 tarpinio patikrinimo u\u017eduoties pavyzdys<\/a><\/p>\n<p><a href=\"https:\/\/www.nsa.smsm.lt\/old\/old\/wp-content\/uploads\/2024\/02\/Inz_techn_tarp_pvz-vertinimo-instrukcija.pdf\">In\u017einerini\u0173 technologij\u0173 tarpinio patikrinimo u\u017eduoties pavyzd\u017eio vertinimo instrukcija<\/a><\/p>\n<p><a href=\"https:\/\/www.nsa.smsm.lt\/old\/old\/wp-content\/uploads\/2024\/05\/Vertinimas_Inz_techn_TP-projektas.pdf\">2023\u20132024 m. m. in\u017einerini\u0173 technologij\u0173 tarpinio patikrinimo elektronin\u0117s u\u017eduoties mokini\u0173 darb\u0173 vertinimo instrukcijos projektas<\/a><\/p>\n","protected":false},"excerpt":{"rendered":"<p>2024 &#8211; 2025 m. m. In\u017einerini\u0173 technologij\u0173 valstybinio brandos egzamino antros dalies u\u017eduotis. Strukt\u016brin\u0117s sistemos ir statini\u0173 in\u017einerija In\u017einerini\u0173 technologij\u0173 valstybinio brandos egzamino antros dalies kandidat\u0173 darb\u0173 vertinimo instrukcija. Strukt\u016brin\u0117s sistemos ir statini\u0173 in\u017einerija In\u017einerini\u0173 technologij\u0173 valstybinio brandos egzamino antros&nbsp;<a href=\"https:\/\/www.nsa.smsm.lt\/old\/egzaminai-ir-pasiekimu-patikrinimai\/2024-2025-m-pasiekimu-patikrinimai\/inzinerines-technologijos\/\" class=\"placiau\">Pla\u010diau <i class=\"fa fa-caret-right\"><\/i><\/a><\/p>\n","protected":false},"author":1,"featured_media":0,"parent":34932,"menu_order":0,"comment_status":"closed","ping_status":"closed","template":"page-2024pasiekimas.php","meta":{"_acf_changed":false,"footnotes":""},"class_list":["post-38256","page","type-page","status-publish","hentry"],"acf":[],"_links":{"self":[{"href":"https:\/\/www.nsa.smsm.lt\/old\/wp-json\/wp\/v2\/pages\/38256","targetHints":{"allow":["GET"]}}],"collection":[{"href":"https:\/\/www.nsa.smsm.lt\/old\/wp-json\/wp\/v2\/pages"}],"about":[{"href":"https:\/\/www.nsa.smsm.lt\/old\/wp-json\/wp\/v2\/types\/page"}],"author":[{"embeddable":true,"href":"https:\/\/www.nsa.smsm.lt\/old\/wp-json\/wp\/v2\/users\/1"}],"replies":[{"embeddable":true,"href":"https:\/\/www.nsa.smsm.lt\/old\/wp-json\/wp\/v2\/comments?post=38256"}],"version-history":[{"count":6,"href":"https:\/\/www.nsa.smsm.lt\/old\/wp-json\/wp\/v2\/pages\/38256\/revisions"}],"predecessor-version":[{"id":40928,"href":"https:\/\/www.nsa.smsm.lt\/old\/wp-json\/wp\/v2\/pages\/38256\/revisions\/40928"}],"up":[{"embeddable":true,"href":"https:\/\/www.nsa.smsm.lt\/old\/wp-json\/wp\/v2\/pages\/34932"}],"wp:attachment":[{"href":"https:\/\/www.nsa.smsm.lt\/old\/wp-json\/wp\/v2\/media?parent=38256"}],"curies":[{"name":"wp","href":"https:\/\/api.w.org\/{rel}","templated":true}]}}