{"id":38024,"date":"2024-04-16T04:13:43","date_gmt":"2024-04-16T02:13:43","guid":{"rendered":"https:\/\/www.nsa.smsm.lt\/old\/?page_id=38024"},"modified":"2025-06-09T16:12:30","modified_gmt":"2025-06-09T14:12:30","slug":"dazniausiai-uzduodami-klausimai","status":"publish","type":"page","link":"https:\/\/www.nsa.smsm.lt\/old\/egzaminai-ir-pasiekimu-patikrinimai\/nmpp\/dazniausiai-uzduodami-klausimai\/","title":{"rendered":"Da\u017eniausiai u\u017eduodami klausimai"},"content":{"rendered":"<div class=\"panel-group\" id=\"collapse_860e-c8f3\"><div class=\"panel panel-default\">    <div class=\"panel-heading\" role=\"tab\" id=\"heading_citem_829c-b2b4\">        <h4 class=\"panel-title\"><a class=\"accordion-toggle collapsed\" data-toggle=\"collapse\" aria-controls=\"heading_citem_829c-b2b4\" data-parent=\"#collapse_860e-c8f3\" href=\"#citem_829c-b2b4\">KOD\u0116L ORGANIZUOJAMAS NACIONALINIS MOKINI\u0172 PASIEKIM\u0172 PATIKRINIMAS?<\/a>        <\/h4>    <\/div>    <div id=\"citem_829c-b2b4\" class=\"panel-collapse collapse \" role=\"tabpanel\" aria-labelledby=\"heading_citem_829c-b2b4\">        <div class=\"panel-body\">\n<p>Nacionaliniai mokini\u0173 pasiekim\u0173 patikrinimai vyksta kasmet nuo 2012 m.<\/p>\n<p>Patikrinimo tikslai:<\/p>\n<p>&#8211; suteikti gr\u012f\u017etam\u0105j\u012f ry\u0161\u012f apie kiekvieno mokinio \u017einias ir geb\u0117jimus mokiniams, j\u0173 t\u0117vams ir mokytojams;<\/p>\n<p>&#8211; pad\u0117ti mokiniams siekti geresni\u0173 rezultat\u0173 ir suteikti pagalb\u0105 mokymosi sprag\u0173 turintiems mokiniams;<\/p>\n<p>&#8211; suteikti objektyvi\u0105 informacij\u0105 apie bendr\u0105 mokini\u0173 pasiekim\u0173 lyg\u012f mokytojams, mokyklai ir savivaldybei.<\/p>\n<p>        <\/p><\/div>    <\/div><\/div><div class=\"panel panel-default\">    <div class=\"panel-heading\" role=\"tab\" id=\"heading_citem_9175-547e\">        <h4 class=\"panel-title\"><a class=\"accordion-toggle collapsed\" data-toggle=\"collapse\" aria-controls=\"heading_citem_9175-547e\" data-parent=\"#collapse_860e-c8f3\" href=\"#citem_9175-547e\">KOKIE PATIKRINIMAI VYKSTA?<\/a>        <\/h4>    <\/div>    <div id=\"citem_9175-547e\" class=\"panel-collapse collapse \" role=\"tabpanel\" aria-labelledby=\"heading_citem_9175-547e\">        <div class=\"panel-body\">\n<p>Ketvirtos klas\u0117s mokiniams vyksta du patikrinimai: lietuvi\u0173 kalbos ir literat\u016bros (skaitymo) ir matematikos.<\/p>\n<p>A\u0161tuntos klas\u0117s mokiniams vyksta lietuvi\u0173 kalbos ir literat\u016bros (skaitymo) bei matematikos patikrinimai.<\/p>\n<p>Taip pat vyksta baltarusi\u0173, lenk\u0173, rus\u0173 tautin\u0117s ma\u017eumos gimtosios kalbos ir literat\u016bros (skaitymo) patikrinimas ketvirtos ir a\u0161tuntos klas\u0117s mokiniams.<\/p>\n<p>Mokini\u0173 pasiekim\u0173 patikrinimo u\u017eduotys yra rengiamos pagal mokyklose \u012fgyvendinamas ugdymo programas, tikrinama i\u0161 to, ko vaikai mok\u0117si.<\/p>\n<p>        <\/p><\/div>    <\/div><\/div>\n<p><div class=\"panel panel-default\">    <div class=\"panel-heading\" role=\"tab\" id=\"heading_citem_cf1a-d7cc\">        <h4 class=\"panel-title\"><a class=\"accordion-toggle collapsed\" data-toggle=\"collapse\" aria-controls=\"heading_citem_cf1a-d7cc\" data-parent=\"#collapse_860e-c8f3\" href=\"#citem_cf1a-d7cc\">AR PATIKRINIMAI PRIVALOMI?<\/a>        <\/h4>    <\/div>    <div id=\"citem_cf1a-d7cc\" class=\"panel-collapse collapse \" role=\"tabpanel\" aria-labelledby=\"heading_citem_cf1a-d7cc\">        <div class=\"panel-body\">\n<p>Patikrinimuose ketvirtoje klas\u0117je privalo dalyvauti visi pagal pradinio ugdymo program\u0105 besimokantys mokiniai, jei nustatyta tvarka n\u0117ra atleisti nuo dalyvavimo. Nedalyvavus patikrinime be pateisinamos prie\u017easties, mokiniui nebus i\u0161duodamas pradinio i\u0161silavinimo pa\u017eym\u0117jimas.<\/p>\n<p>Patikrinimuose 8 klas\u0117je dalyvauja pagal pagrindinio ugdymo program\u0105 besimokantys mokiniai, jei nustatyta tvarka n\u0117ra atleisti nuo dalyvavimo.<\/p>\n<p>        <\/p><\/div>    <\/div><\/div><\/p>\n<p><div class=\"panel panel-default\">    <div class=\"panel-heading\" role=\"tab\" id=\"heading_citem_cf1a-d7cc\">        <h4 class=\"panel-title\"><a class=\"accordion-toggle collapsed\" data-toggle=\"collapse\" aria-controls=\"heading_citem_cf1a-d7cc\" data-parent=\"#collapse_860e-c8f3\" href=\"#citem_cf1a-d7cc\">KAIP VYKSTA PATIKRINIMAI?<\/a>        <\/h4>    <\/div>    <div id=\"citem_cf1a-d7cc\" class=\"panel-collapse collapse \" role=\"tabpanel\" aria-labelledby=\"heading_citem_cf1a-d7cc\">        <div class=\"panel-body\">\n<p>Patikrinimo u\u017eduotis mokiniai atlieka elektroniniu b\u016bdu mokyklose. Kiekvienam mokiniui skiriamas kompiuteris. Mokinys gali naudotis ra\u0161ymo priemone ir popieriaus lapais juodra\u0161\u010diui.<\/p>\n<p>Ketvirtokams elektroniniam testui atlikti skiriama 60 min. A\u0161tuntokams priklausomai nuo patikrinimo: matematikai \u2013 60 min., lietuvi\u0173 kalbai ir literat\u016brai bei gimtosiomis kalboms \u2013 90 min.<\/p>\n<p>Tam, kad mokiniai i\u0161 anksto susipa\u017eint\u0173 su testavimo aplinkos dizainu ir funkcionalumu, atlikimo reikalavimais, Nacionalin\u0117 \u0161vietimo agent\u016bra \u202finformacin\u0117je testavimo sistemoje BETA (<a href=\"https:\/\/beta.etestavimas.lt\/\">https:\/\/beta.etestavimas.lt\/<\/a>) yra paskelbusi 2023 m. ir 2024 m. u\u017eduotis.<\/p>\n<p>        <\/p><\/div>    <\/div><\/div><\/p>\n<p><div class=\"panel panel-default\">    <div class=\"panel-heading\" role=\"tab\" id=\"heading_citem_bfab-bd3e\">        <h4 class=\"panel-title\"><a class=\"accordion-toggle collapsed\" data-toggle=\"collapse\" aria-controls=\"heading_citem_bfab-bd3e\" data-parent=\"#collapse_860e-c8f3\" href=\"#citem_bfab-bd3e\">KAIP VERTINAMI PATIKRINIMAI?<\/a>        <\/h4>    <\/div>    <div id=\"citem_bfab-bd3e\" class=\"panel-collapse collapse \" role=\"tabpanel\" aria-labelledby=\"heading_citem_bfab-bd3e\">        <div class=\"panel-body\">\n<p>Visos NMPP u\u017eduotys \u012fvertintos automati\u0161kai. Elektronin\u0117 vertinimo sistema kiekvienam mokiniui u\u017eduoties atlikimo lange pateikia preliminar\u0173 \u012fvertinim\u0105 ta\u0161kais. Galutinis \u012fvertinimas pateikiamas ir pagal surinkt\u0173 ta\u0161k\u0173 skai\u010di\u0173, ir pasiekim\u0173 lyg\u012f. Pasiekim\u0173 lygiai yra keturi: auk\u0161tesnysis, pagrindinis, patenkinamas, slenkstinis.<\/p>\n<p>Ta\u0161k\u0173 ir pasiekim\u0173 lygi\u0173 atitikmuo n\u0117ra nustatytas i\u0161 anksto. Po patikrinimo yra rengiama u\u017eduoties atlikimo statistin\u0117 analiz\u0117, kurios pagrindu dalyko ekspertai nustato ta\u0161k\u0173 ir lygi\u0173 atitikt\u012f.<\/p>\n<p>Nei mokinio surinkti ta\u0161kai, nei jam priskirtas pasiekim\u0173 lygis n\u0117ra konvertuojami \u012f pa\u017eym\u012f.<\/p>\n<p>        <\/p><\/div>    <\/div><\/div><div class=\"panel panel-default\">    <div class=\"panel-heading\" role=\"tab\" id=\"heading_citem_5f2f-2b44\">        <h4 class=\"panel-title\"><a class=\"accordion-toggle collapsed\" data-toggle=\"collapse\" aria-controls=\"heading_citem_5f2f-2b44\" data-parent=\"#collapse_860e-c8f3\" href=\"#citem_5f2f-2b44\">KADA SKELBIAMI PATIKRINIM\u0172 REZULTATAI? KAIP APIE REZULTATUS INFORMUOJAMI T\u0116VAI?<\/a>        <\/h4>    <\/div>    <div id=\"citem_5f2f-2b44\" class=\"panel-collapse collapse \" role=\"tabpanel\" aria-labelledby=\"heading_citem_5f2f-2b44\">        <div class=\"panel-body\">\n<p>Po NMPP kiekvienas mokinys u\u017eduoties atlikimo lange mato savo geb\u0117jim\u0173 \u012fvertinim\u0105. Pasiekimo lygis\u00a0 nurodomas i\u0161samioje kiekvieno mokinio rezultat\u0173 ataskaitoje.<\/p>\n<p>Iki mokslo met\u0173 pabaigos informacija apie rezultatus skirting\u0173 ataskait\u0173 formatu teikiama mokyklai ir savivaldybei. Ataskaitas rekomenduojama mokykloms naudoti ugdymo proceso tobulinimui, asmenin\u0117s pa\u017eangos planavimui. Informacija apie mokini\u0173 pasiekimus taip pat keliama ir \u012f Mokini\u0173 registr\u0105: mokiniui per\u0117jus \u012f kit\u0105 mokykl\u0105, pastaroji gali matyti informacij\u0105 apie jo pasiekimus.<\/p>\n<p>Informacij\u0105 t\u0117vams apie vaiko rezultatus teikia mokykla.<\/p>\n<p>        <\/p><\/div>    <\/div><\/div><div class=\"panel panel-default\">    <div class=\"panel-heading\" role=\"tab\" id=\"heading_citem_6272-28f7\">        <h4 class=\"panel-title\"><a class=\"accordion-toggle collapsed\" data-toggle=\"collapse\" aria-controls=\"heading_citem_6272-28f7\" data-parent=\"#collapse_860e-c8f3\" href=\"#citem_6272-28f7\">KADA IR KUR GALIMA SUSIPA\u017dINTI SU PATIKRINIM\u0172 U\u017dDUOTIMIS?<\/a>        <\/h4>    <\/div>    <div id=\"citem_6272-28f7\" class=\"panel-collapse collapse \" role=\"tabpanel\" aria-labelledby=\"heading_citem_6272-28f7\">        <div class=\"panel-body\">\n<p>2023 ir 2024 m. NMPP u\u017eduotys skelbiamos informacin\u0117je testavimo sistemoje BETA (https:\/\/beta.etestavimas.lt\/).<\/p>\n<p>        <\/p><\/div>    <\/div><\/div><div class=\"panel panel-default\">    <div class=\"panel-heading\" role=\"tab\" id=\"heading_citem_984c-664d\">        <h4 class=\"panel-title\"><a class=\"accordion-toggle collapsed\" data-toggle=\"collapse\" aria-controls=\"heading_citem_984c-664d\" data-parent=\"#collapse_860e-c8f3\" href=\"#citem_984c-664d\">AR PATIKRINIM\u0172 U\u017dDUOTYS PRITAIKYTOS SPECIALI\u0172J\u0172 UGDYMOSI POREIKI\u0172 MOKINIAMS?<\/a>        <\/h4>    <\/div>    <div id=\"citem_984c-664d\" class=\"panel-collapse collapse \" role=\"tabpanel\" aria-labelledby=\"heading_citem_984c-664d\">        <div class=\"panel-body\">\n<p>Atsi\u017evelgiant \u012f nustatytus mokinio specialiuosius ugdymosi poreikius bei pedagogin\u0117s psichologin\u0117s tarnybos i\u0161vadas ir rekomendacijas,\u00a0 u\u017eduo\u010di\u0173 atlikimo laikas gali b\u016bti prat\u0119siamas 50 proc. nustatyto laiko. Patikrinime gali dalyvauti pad\u0117j\u0117jas, jei jis priskirtas ugdymo procese.<\/p>\n<p>NMPP metu mokiniams, turintiems speciali\u0173j\u0173 ugdymosi poreiki\u0173, sudaroma galimyb\u0117 naudotis tomis pa\u010diomis priemon\u0117mis kaip ir ugdymo procese.<\/p>\n<p>        <\/p><\/div>    <\/div><\/div><div class=\"panel panel-default\">    <div class=\"panel-heading\" role=\"tab\" id=\"heading_citem_3175-06d2\">        <h4 class=\"panel-title\"><a class=\"accordion-toggle collapsed\" data-toggle=\"collapse\" aria-controls=\"heading_citem_3175-06d2\" data-parent=\"#collapse_860e-c8f3\" href=\"#citem_3175-06d2\">KAS, JEI MOKINYS NEI\u0160LAIK\u0116 PATIKRINIMO?<\/a>        <\/h4>    <\/div>    <div id=\"citem_3175-06d2\" class=\"panel-collapse collapse \" role=\"tabpanel\" aria-labelledby=\"heading_citem_3175-06d2\">        <div class=\"panel-body\">\n<p>Per NMPP nepasiekus patenkinamo pasiekim\u0173 lygio, mokiniui kitais mokslo metais turi b\u016bti sudaromas individualus j\u0173 mokymosi pasiekim\u0173 gerinimo planas. Numatyta, kad mokiniui bus skirta ne ma\u017eiau kaip 20 papildom\u0173 konsultacij\u0173 ne didesn\u0117se nei 5 mokini\u0173 grup\u0117se.<\/p>\n<p>        <\/p><\/div>    <\/div><\/div><div class=\"panel panel-default\">    <div class=\"panel-heading\" role=\"tab\" id=\"heading_citem_ec47-b18b\">        <h4 class=\"panel-title\"><a class=\"accordion-toggle collapsed\" data-toggle=\"collapse\" aria-controls=\"heading_citem_ec47-b18b\" data-parent=\"#collapse_860e-c8f3\" href=\"#citem_ec47-b18b\">AR GALIMA PATIKRINIM\u0104 PERLAIKYTI, JEI MOKINYS NEI\u0160LAIK\u0116?<\/a>        <\/h4>    <\/div>    <div id=\"citem_ec47-b18b\" class=\"panel-collapse collapse \" role=\"tabpanel\" aria-labelledby=\"heading_citem_ec47-b18b\">        <div class=\"panel-body\">\n<p>Ne, perlaikymas neorganizuojamas.<\/p>\n<p>        <\/p><\/div>    <\/div><\/div><\/p>\n<p><div class=\"panel panel-default\">    <div class=\"panel-heading\" role=\"tab\" id=\"heading_citem_ec46-b18b\">        <h4 class=\"panel-title\"><a class=\"accordion-toggle collapsed\" data-toggle=\"collapse\" aria-controls=\"heading_citem_ec46-b18b\" data-parent=\"#collapse_860e-c8f3\" href=\"#citem_ec46-b18b\">JEI MOKINYS NEI\u0160LAIK\u0116 PATIKRINIMO, AR BUS PERKELTAS \u012e AUK\u0160TESN\u0118 KLAS\u0118?<\/a>        <\/h4>    <\/div>    <div id=\"citem_ec46-b18b\" class=\"panel-collapse collapse \" role=\"tabpanel\" aria-labelledby=\"heading_citem_ec46-b18b\">        <div class=\"panel-body\">\n<p>NMPP rezultatai neturi jokios \u012ftakos mokin\u012f keliant \u012f kit\u0105 klas\u0119.<\/p>\n<p>        <\/p><\/div>    <\/div><\/div><\/p>\n<p><div class=\"panel panel-default\">    <div class=\"panel-heading\" role=\"tab\" id=\"heading_citem_0911-d6b6\">        <h4 class=\"panel-title\"><a class=\"accordion-toggle collapsed\" data-toggle=\"collapse\" aria-controls=\"heading_citem_0911-d6b6\" data-parent=\"#collapse_860e-c8f3\" href=\"#citem_0911-d6b6\">KOKS BUS MATEMATIKOS NMPP 4 KLAS\u0116JE ?<\/a>        <\/h4>    <\/div>    <div id=\"citem_0911-d6b6\" class=\"panel-collapse collapse \" role=\"tabpanel\" aria-labelledby=\"heading_citem_0911-d6b6\">        <div class=\"panel-body\">\n<p>U\u017eduotis rengiama remiantis mokymo(si) turiniu 1\u20134 klas\u0117ms, \u012ftraukiant tik ugdymo procese nagrin\u0117tas mokymo(si) turinys).<\/p>\n<p>U\u017eduot\u012f sudaro 20 u\u017edavini\u0173. Maksimali ta\u0161k\u0173 suma \u2013 30 ta\u0161k\u0173. Patikrinimo trukm\u0117 \u2013 60 minut\u0117s.<\/p>\n<p>Atsi\u017evelgiant \u012f \u0161i\u0173 met\u0173 NMPP tvarkara\u0161t\u012f, patikrinime gali b\u016bti u\u017eduotys i\u0161 vis\u0173 1\u20133 klas\u0117s tem\u0173 ir potemi\u0173, o i\u0161 4 klas\u0117s \u0161i\u0173: skai\u010diai ir skai\u010diavimai (nat\u016bralieji ir sveikieji skai\u010diai: skai\u010diai nuo 0 iki 1000000; sud\u0117tis, atimtis, daugyba, dalyba; trupmeniniai skai\u010diai: trupmenos, veiksmai su trupmenomis; finansiniai skai\u010diavimai), modeliai ir s\u0105ry\u0161iai (d\u0117sningumai; algoritmai ir programavimas, algebra: lygtys, raidiniai rei\u0161kiniai).<\/p>\n<p>        <\/p><\/div>    <\/div><\/div><\/p>\n<p><div class=\"panel panel-default\">    <div class=\"panel-heading\" role=\"tab\" id=\"heading_citem_0913-d6b6\">        <h4 class=\"panel-title\"><a class=\"accordion-toggle collapsed\" data-toggle=\"collapse\" aria-controls=\"heading_citem_0913-d6b6\" data-parent=\"#collapse_860e-c8f3\" href=\"#citem_0913-d6b6\">KOKS BUS MATEMATIKOS NMPP 8 KLAS\u0116JE ?<\/a>        <\/h4>    <\/div>    <div id=\"citem_0913-d6b6\" class=\"panel-collapse collapse \" role=\"tabpanel\" aria-labelledby=\"heading_citem_0913-d6b6\">        <div class=\"panel-body\">\n<p>U\u017eduotis rengiama remiantis mokymo(si) turiniu 5\u20138 klas\u0117ms, \u012ftraukiant tik ugdymo procese nagrin\u0117tas mokymo(si) turinys.<\/p>\n<p>U\u017eduot\u012f sudaro 25-30 u\u017edavini\u0173. Maksimali ta\u0161k\u0173 suma \u2013 40 ta\u0161k\u0173. Patikrinimo trukm\u0117 \u2013 60 minut\u0117s.<\/p>\n<p>Atsi\u017evelgiant \u012f \u0161i\u0173 met\u0173 NMPP tvarkara\u0161t\u012f, patikrinime gali b\u016bti u\u017edaviniai i\u0161 5\u20137 klasi\u0173 vis\u0173 sri\u010di\u0173, tem\u0173 ir potemi\u0173, o i\u0161 8 klas\u0117s \u2013 i\u0161 \u0161i\u0173 sri\u010di\u0173, tem\u0173 ir potemi\u0173: skai\u010diai ir skai\u010diavimai (realieji skai\u010diai: kvadratin\u0117 ir kubin\u0117 \u0161aknys, skai\u010di\u0173 aib\u0117s, veiksmai su realiaisiais skai\u010diais; finansiniai skai\u010diavimai) bei modeliai ir s\u0105ry\u0161iai (algebra: raidiniai rei\u0161kiniai, lyg\u010di\u0173 sistemos; tiesiniai ir netiesiniai s\u0105ry\u0161iai: tiesinis s\u0105ry\u0161is).<\/p>\n<p>        <\/p><\/div>    <\/div><\/div><\/p>\n<p><div class=\"panel panel-default\">    <div class=\"panel-heading\" role=\"tab\" id=\"heading_citem_0914-d6b6\">        <h4 class=\"panel-title\"><a class=\"accordion-toggle collapsed\" data-toggle=\"collapse\" aria-controls=\"heading_citem_0914-d6b6\" data-parent=\"#collapse_860e-c8f3\" href=\"#citem_0914-d6b6\">AR MATEMATIKOS NMPP U\u017dDUOTIS BUS I\u0160VERSTOS \u012e LENK\u0172, RUS\u0172 KALBAS?<\/a>        <\/h4>    <\/div>    <div id=\"citem_0914-d6b6\" class=\"panel-collapse collapse \" role=\"tabpanel\" aria-labelledby=\"heading_citem_0914-d6b6\">        <div class=\"panel-body\">\n<p>Taip, matematikos u\u017eduotys bus i\u0161verstos.<\/p>\n<p>        <\/p><\/div>    <\/div><\/div><\/p>\n<p><div class=\"panel panel-default\">    <div class=\"panel-heading\" role=\"tab\" id=\"heading_citem_0915-d6b6\">        <h4 class=\"panel-title\"><a class=\"accordion-toggle collapsed\" data-toggle=\"collapse\" aria-controls=\"heading_citem_0915-d6b6\" data-parent=\"#collapse_860e-c8f3\" href=\"#citem_0915-d6b6\">AR BUS ORGANIZUOJAMAS BANDOMASIS MATEMATIKOS NMPP 8 KLASEI?<\/a>        <\/h4>    <\/div>    <div id=\"citem_0915-d6b6\" class=\"panel-collapse collapse \" role=\"tabpanel\" aria-labelledby=\"heading_citem_0915-d6b6\">        <div class=\"panel-body\">\n<p>Taip. Numatyta bandom\u0105j\u012f matematikos NMPP organizuoti sausio 24 d.<\/p>\n<p>        <\/p><\/div>    <\/div><\/div><\/p>\n<p><div class=\"panel panel-default\">    <div class=\"panel-heading\" role=\"tab\" id=\"heading_citem_0916-d6b6\">        <h4 class=\"panel-title\"><a class=\"accordion-toggle collapsed\" data-toggle=\"collapse\" aria-controls=\"heading_citem_0916-d6b6\" data-parent=\"#collapse_860e-c8f3\" href=\"#citem_0916-d6b6\">KOKS BUS LIETUVI\u0172 KALBOS IR LITERAT\u016aROS (SKAITYMO) NMPP 4 KLAS\u0116JE?<\/a>        <\/h4>    <\/div>    <div id=\"citem_0916-d6b6\" class=\"panel-collapse collapse \" role=\"tabpanel\" aria-labelledby=\"heading_citem_0916-d6b6\">        <div class=\"panel-body\">\n<p>U\u017eduotis rengiama remiantis mokymo(si) turiniu 1\u20134 klas\u0117ms, \u012ftraukiant tik ugdymo procese nagrin\u0117t\u0105 mokymo(si) turin\u012f).<\/p>\n<p>U\u017eduot\u012f sudaro:<\/p>\n<p>&#8211; skaitymas, teksto supratimas ir literat\u016bros bei kult\u016bros pa\u017einimas (15 ta\u0161k\u0173). Mokiniai skaito tekst\u0105 ir atlieka nurodytas u\u017eduotis. Pateikiami du tekstai, kuri\u0173 bendra apimtis \u2013 200\u2013300 \u017eod\u017ei\u0173;<\/p>\n<p>&#8211; teksto komponavimas (5 ta\u0161kai). Rekomenduojama teksto komponavimo u\u017eduoties tekst\u0173 apimtis \u2013 50\u2013100 \u017eod\u017ei\u0173.<\/p>\n<p>&#8211; kalbos pa\u017einimas (5 ta\u0161kai).<\/p>\n<p>Maksimali ta\u0161k\u0173 suma \u2013 25 ta\u0161kai. Patikrinimo trukm\u0117 \u2013 60 minut\u0117s.<\/p>\n<p>        <\/p><\/div>    <\/div><\/div><\/p>\n<p><div class=\"panel panel-default\">    <div class=\"panel-heading\" role=\"tab\" id=\"heading_citem_0921-d6b6\">        <h4 class=\"panel-title\"><a class=\"accordion-toggle collapsed\" data-toggle=\"collapse\" aria-controls=\"heading_citem_0921-d6b6\" data-parent=\"#collapse_860e-c8f3\" href=\"#citem_0921-d6b6\">AR ATSAKANT \u012e TEKSTO SUVOKIMO KLAUSIMUS REIK\u0116S \u012eRA\u0160YTI ATSAKYMUS SURENKANT TEKST\u0104?<\/a>        <\/h4>    <\/div>    <div id=\"citem_0921-d6b6\" class=\"panel-collapse collapse \" role=\"tabpanel\" aria-labelledby=\"heading_citem_0921-d6b6\">        <div class=\"panel-body\">\n<p>Atliekant \u0161i\u0105 u\u017eduot\u012f ketvirtokams nereik\u0117s rinkti teksto, nebent \u012fra\u0161yti raid\u0119 ar \u017eod\u012f.<\/p>\n<p>        <\/p><\/div>    <\/div><\/div><\/p>\n<p><div class=\"panel panel-default\">    <div class=\"panel-heading\" role=\"tab\" id=\"heading_citem_0917-d6b6\">        <h4 class=\"panel-title\"><a class=\"accordion-toggle collapsed\" data-toggle=\"collapse\" aria-controls=\"heading_citem_0917-d6b6\" data-parent=\"#collapse_860e-c8f3\" href=\"#citem_0917-d6b6\">KOKS BUS LIETUVI\u0172 KALBOS IR LITERAT\u016aROS (SKAITYMO) NMPP 8 KLAS\u0116JE?<\/a>        <\/h4>    <\/div>    <div id=\"citem_0917-d6b6\" class=\"panel-collapse collapse \" role=\"tabpanel\" aria-labelledby=\"heading_citem_0917-d6b6\">        <div class=\"panel-body\">\n<p>U\u017eduotis rengiama remiantis mokymo(si) turiniu 5\u20138 klas\u0117ms (ugdymo procese nenagrin\u0117tas mokymo(si) turinys ne\u012ftraukiamas).<\/p>\n<p>U\u017eduot\u012f sudaro:<\/p>\n<p>&#8211; skaitymas, teksto supratimas ir literat\u016bros bei kult\u016bros pa\u017einimas (20 ta\u0161k\u0173). Pateikiami vienas ar daugiau tekst\u0173, kuri\u0173 bendra apimtis \u2013 iki 700 \u017eod\u017ei\u0173.<\/p>\n<p>&#8211; kalbos pa\u017einimas (10 ta\u0161k\u0173).<\/p>\n<p>&#8211; teksto k\u016brimas ir komponavimas (10 ta\u0161k\u0173). Teksto k\u016brimui ir kalbos pa\u017einimui pateikiami klausimai.<\/p>\n<p>Maksimali ta\u0161k\u0173 suma \u2013 40 ta\u0161k\u0173. Patikrinimo trukm\u0117 \u2013 90 minu\u010di\u0173.<\/p>\n<p>        <\/p><\/div>    <\/div><\/div><\/p>\n<p><\/p><\/div>\n<p>&nbsp;<\/p>\n","protected":false},"excerpt":{"rendered":"<p>&nbsp;<\/p>\n","protected":false},"author":1,"featured_media":0,"parent":16861,"menu_order":0,"comment_status":"closed","ping_status":"closed","template":"page-nmpp.php","meta":{"_acf_changed":false,"footnotes":""},"class_list":["post-38024","page","type-page","status-publish","hentry"],"acf":[],"_links":{"self":[{"href":"https:\/\/www.nsa.smsm.lt\/old\/wp-json\/wp\/v2\/pages\/38024","targetHints":{"allow":["GET"]}}],"collection":[{"href":"https:\/\/www.nsa.smsm.lt\/old\/wp-json\/wp\/v2\/pages"}],"about":[{"href":"https:\/\/www.nsa.smsm.lt\/old\/wp-json\/wp\/v2\/types\/page"}],"author":[{"embeddable":true,"href":"https:\/\/www.nsa.smsm.lt\/old\/wp-json\/wp\/v2\/users\/1"}],"replies":[{"embeddable":true,"href":"https:\/\/www.nsa.smsm.lt\/old\/wp-json\/wp\/v2\/comments?post=38024"}],"version-history":[{"count":15,"href":"https:\/\/www.nsa.smsm.lt\/old\/wp-json\/wp\/v2\/pages\/38024\/revisions"}],"predecessor-version":[{"id":41851,"href":"https:\/\/www.nsa.smsm.lt\/old\/wp-json\/wp\/v2\/pages\/38024\/revisions\/41851"}],"up":[{"embeddable":true,"href":"https:\/\/www.nsa.smsm.lt\/old\/wp-json\/wp\/v2\/pages\/16861"}],"wp:attachment":[{"href":"https:\/\/www.nsa.smsm.lt\/old\/wp-json\/wp\/v2\/media?parent=38024"}],"curies":[{"name":"wp","href":"https:\/\/api.w.org\/{rel}","templated":true}]}}