{"id":37547,"date":"2024-03-27T05:33:12","date_gmt":"2024-03-27T03:33:12","guid":{"rendered":"https:\/\/www.nsa.smsm.lt\/old\/?page_id=37547"},"modified":"2024-03-27T14:11:48","modified_gmt":"2024-03-27T12:11:48","slug":"savivaldybiu-pedagogu-kvalifikacijos-tobulinimo-stebesenos-apzvalgos-2022","status":"publish","type":"page","link":"https:\/\/www.nsa.smsm.lt\/old\/mokyklu-veiklos-pletra-ir-pedagogu-kvalifikacija\/savivaldybiu-pedagogu-kvalifikacijos-tobulinimo-stebesenos-apzvalgos-2022\/","title":{"rendered":"Savivaldybi\u0173 pedagog\u0173 kvalifikacijos tobulinimo steb\u0117senos ap\u017evalgos 2022"},"content":{"rendered":"<ol>\n<li style=\"list-style-type: none;\">\n<ol>\n<li><a href=\"https:\/\/www.nsa.smsm.lt\/old\/old\/wp-content\/uploads\/2023\/12\/Akmenes_-rajono_-savivaldybe.pdf\">Akmen\u0117s rajono savivaldyb\u0117<\/a><\/li>\n<li><a href=\"https:\/\/www.nsa.smsm.lt\/old\/old\/wp-content\/uploads\/2023\/12\/Alytaus_miesto_savivaldybe.pdf\">Alytaus miesto savivaldyb\u0117<\/a><\/li>\n<li><a href=\"https:\/\/www.nsa.smsm.lt\/old\/old\/wp-content\/uploads\/2023\/12\/Alytaus_-rajono_-savivaldybe.pdf\">Alytaus rajono savivaldyb\u0117<\/a><\/li>\n<li><a href=\"https:\/\/www.nsa.smsm.lt\/old\/old\/wp-content\/uploads\/2023\/12\/Anyksciu_-rajono_-savivaldybe.pdf\">Anyk\u0161\u010di\u0173 rajono savivaldyb\u0117<\/a><\/li>\n<li><a href=\"https:\/\/www.nsa.smsm.lt\/old\/old\/wp-content\/uploads\/2023\/12\/Birstono_savivaldybe.pdf\">Bir\u0161tono savivaldyb\u0117<\/a><\/li>\n<li><a href=\"https:\/\/www.nsa.smsm.lt\/old\/old\/wp-content\/uploads\/2023\/12\/Birzu_rajono_savivaldybe.pdf\">Bir\u017e\u0173 rajono savivaldyb\u0117<\/a><\/li>\n<li><a href=\"https:\/\/www.nsa.smsm.lt\/old\/old\/wp-content\/uploads\/2023\/12\/Druskininku_savivaldybe.pdf\">Druskinink\u0173 rajono savivaldyb\u0117<\/a><\/li>\n<li><a href=\"https:\/\/www.nsa.smsm.lt\/old\/old\/wp-content\/uploads\/2023\/12\/Elektrenu_savivaldybe.pdf\">Elektr\u0117n\u0173 rajono savivaldyb\u0117<\/a><\/li>\n<li><a href=\"https:\/\/www.nsa.smsm.lt\/old\/old\/wp-content\/uploads\/2023\/12\/Ignalinos_rajono_savivaldybe.pdf\">Ignalinos rajono savivaldyb\u0117<\/a><\/li>\n<li><a href=\"https:\/\/www.nsa.smsm.lt\/old\/old\/wp-content\/uploads\/2023\/12\/Joniskio_rajono_savivaldybe.pdf\">Joni\u0161kio rajono savivaldyb\u0117<\/a><\/li>\n<li><a href=\"https:\/\/www.nsa.smsm.lt\/old\/old\/wp-content\/uploads\/2023\/02\/Jonavos-rajono-savivaldybe.pdf\">Jonavos rajono savivaldyb\u0117<\/a><\/li>\n<li><a href=\"https:\/\/www.nsa.smsm.lt\/old\/old\/wp-content\/uploads\/2023\/12\/Jurbarko_rajono_savivaldybe-1.pdf\">Jurbarko rajono savivaldyb\u0117<\/a><\/li>\n<li><a href=\"https:\/\/www.nsa.smsm.lt\/old\/old\/wp-content\/uploads\/2023\/12\/Kaisiadoriu_rajono_savivaldybe.pdf\">Kai\u0161iadori\u0173 rajono savivaldyb\u0117<\/a><\/li>\n<li><a href=\"https:\/\/www.nsa.smsm.lt\/old\/old\/wp-content\/uploads\/2023\/12\/Kalvarijos_savivaldybe.pdf\">Kalvarijos rajono savivaldyb\u0117<\/a><\/li>\n<li><a href=\"https:\/\/www.nsa.smsm.lt\/old\/old\/wp-content\/uploads\/2023\/12\/Kauno_miesto_savivaldybe.pdf\">Kauno miesto savivaldyb\u0117<\/a><\/li>\n<li><a href=\"https:\/\/www.nsa.smsm.lt\/old\/old\/wp-content\/uploads\/2023\/12\/Kauno_rajono_savivaldybe.pdf\">Kauno rajono savivaldyb\u0117<\/a><\/li>\n<li><a href=\"https:\/\/www.nsa.smsm.lt\/old\/old\/wp-content\/uploads\/2023\/12\/Kazlu_Rudos_savivaldybe.pdf\">Kazl\u0173 R\u016bdos savivaldyb\u0117<\/a><\/li>\n<li><a href=\"https:\/\/www.nsa.smsm.lt\/old\/old\/wp-content\/uploads\/2023\/12\/Kedainiu_rajono_savivaldybe.pdf\">K\u0117daini\u0173 rajono savivaldyb\u0117<\/a><\/li>\n<li><a href=\"https:\/\/www.nsa.smsm.lt\/old\/old\/wp-content\/uploads\/2023\/12\/Kelmes_rajono_savivaldybe.pdf\">Kelm\u0117s rajono savivaldyb\u0117<\/a><\/li>\n<li><a href=\"https:\/\/www.nsa.smsm.lt\/old\/old\/wp-content\/uploads\/2023\/12\/Klaipedos_miesto_savivaldybe.pdf\">Klaip\u0117dos miesto savivaldyb\u0117<\/a><\/li>\n<li><a href=\"https:\/\/www.nsa.smsm.lt\/old\/old\/wp-content\/uploads\/2023\/12\/Kelmes_rajono_savivaldybe.pdf\">Klaip\u0117dos rajono savivaldyb\u0117<\/a><\/li>\n<li><a href=\"https:\/\/www.nsa.smsm.lt\/old\/old\/wp-content\/uploads\/2023\/12\/Kretingos_rajono_savivaldybe.pdf\">Kretingos rajono savivaldyb\u0117<\/a><\/li>\n<li><a href=\"https:\/\/www.nsa.smsm.lt\/old\/old\/wp-content\/uploads\/2023\/12\/Kupiskio_rajono_savivaldybe.pdf\">Kupi\u0161kio rajono savivaldyb\u0117<\/a><\/li>\n<li><a href=\"https:\/\/www.nsa.smsm.lt\/old\/old\/wp-content\/uploads\/2023\/12\/Lazdiju_rajono_savivaldybe.pdf\">Lazdij\u0173 rajono savivaldyb\u0117<\/a><\/li>\n<li><a href=\"https:\/\/www.nsa.smsm.lt\/old\/old\/wp-content\/uploads\/2023\/12\/Marijampoles_savivaldybe.pdf\">Marijampol\u0117s savivaldyb\u0117<\/a><\/li>\n<li><a href=\"https:\/\/www.nsa.smsm.lt\/old\/old\/wp-content\/uploads\/2023\/12\/Mazeikiu_rajono_savivaldybe.pdf\">Ma\u017eeiki\u0173 rajono savivaldyb\u0117<\/a><\/li>\n<li><a href=\"https:\/\/www.nsa.smsm.lt\/old\/old\/wp-content\/uploads\/2023\/12\/Moletu_rajono_savivaldybe.pdf\">Mol\u0117t\u0173 rajono savivaldyb\u0117<\/a><\/li>\n<li><a href=\"https:\/\/www.nsa.smsm.lt\/old\/old\/wp-content\/uploads\/2023\/12\/Neringos-savivaldybe.pdf\">Neringos savivaldyb\u0117<\/a><\/li>\n<li><a href=\"https:\/\/www.nsa.smsm.lt\/old\/old\/wp-content\/uploads\/2023\/12\/Pagegiu_-savivaldybe.pdf\">Pag\u0117gi\u0173 savivaldyb\u0117<\/a><\/li>\n<li><a href=\"https:\/\/www.nsa.smsm.lt\/old\/old\/wp-content\/uploads\/2023\/12\/Pakruojo_rajono_savivaldybe.pdf\">Pakruojo rajono savivaldyb\u0117<\/a><\/li>\n<li><a href=\"https:\/\/www.nsa.smsm.lt\/old\/old\/wp-content\/uploads\/2023\/12\/Palangos_miesto_savivaldybe.pdf\">Palangos miesto savivaldyb\u0117<\/a><\/li>\n<li><a href=\"https:\/\/www.nsa.smsm.lt\/old\/old\/wp-content\/uploads\/2023\/12\/Plunges_rajono_savivaldybe.pdf\">Plung\u0117s rajono savivaldyb\u0117<\/a><\/li>\n<li><a href=\"https:\/\/www.nsa.smsm.lt\/old\/old\/wp-content\/uploads\/2023\/12\/Pasvalio_rajono_savivaldybe.pdf\">Pasvalio rajono savivaldyb\u0117<\/a><\/li>\n<li><a href=\"https:\/\/www.nsa.smsm.lt\/old\/old\/wp-content\/uploads\/2023\/12\/Panevezio_miesto_savivaldybe.pdf\">Panev\u0117\u017eio miesto savivaldyb\u0117<\/a><\/li>\n<li><a href=\"https:\/\/www.nsa.smsm.lt\/old\/old\/wp-content\/uploads\/2024\/03\/Panevezio_rajono_savivaldybe.pdf\">Panev\u0117\u017eio rajono savivaldyb\u0117<\/a><\/li>\n<li><a href=\"https:\/\/www.nsa.smsm.lt\/old\/old\/wp-content\/uploads\/2023\/12\/Prienu_rajono_savivaldybe.pdf\">Prien\u0173 rajono savivaldyb\u0117<\/a><\/li>\n<li><a href=\"https:\/\/www.nsa.smsm.lt\/old\/old\/wp-content\/uploads\/2023\/12\/Radviliskio_rajono_savivaldybe.pdf\">Radvili\u0161kio rajono savivaldyb\u0117<\/a><\/li>\n<li><a href=\"https:\/\/www.nsa.smsm.lt\/old\/old\/wp-content\/uploads\/2023\/12\/Raseiniu_rajono_savivaldybe.pdf\">Raseini\u0173 rajono savivaldyb\u0117<\/a><\/li>\n<li><a href=\"https:\/\/www.nsa.smsm.lt\/old\/old\/wp-content\/uploads\/2023\/12\/Rietavo_savivaldybe.pdf\">Rietavo savivaldyb\u0117<\/a><\/li>\n<li><a href=\"https:\/\/www.nsa.smsm.lt\/old\/old\/wp-content\/uploads\/2023\/12\/Rokiskio_rajono_savivaldybe.pdf\">Roki\u0161kio rajono savivaldyb\u0117<\/a><\/li>\n<li><a href=\"https:\/\/www.nsa.smsm.lt\/old\/old\/wp-content\/uploads\/2023\/12\/Skuodo_rajono_savivaldybe.pdf\">Skuodo rajono savivaldyb\u0117<\/a><\/li>\n<li><a href=\"https:\/\/www.nsa.smsm.lt\/old\/old\/wp-content\/uploads\/2023\/12\/Sakiu_rajono_savivaldybe.pdf\">\u0160aki\u0173 rajono savivaldyb\u0117<\/a><\/li>\n<li><a href=\"https:\/\/www.nsa.smsm.lt\/old\/old\/wp-content\/uploads\/2023\/12\/Salcininku_rajono_savivaldybe.pdf\">\u0160al\u010dinink\u0173 rajono savivaldyb\u0117<\/a><\/li>\n<li><a href=\"https:\/\/www.nsa.smsm.lt\/old\/old\/wp-content\/uploads\/2023\/12\/Siauliu_miesto_savivaldybes.pdf\">\u0160iauli\u0173 miesto savivaldyb\u0117<\/a><\/li>\n<li><a href=\"https:\/\/www.nsa.smsm.lt\/old\/old\/wp-content\/uploads\/2023\/02\/Siauliu_rajono_savivaldybe.pdf\">\u0160iauli\u0173 rajono savivaldyb\u0117<\/a><\/li>\n<li><a href=\"https:\/\/www.nsa.smsm.lt\/old\/old\/wp-content\/uploads\/2023\/02\/Silales_rajono_savivaldybe.pdf\">\u0160ilal\u0117s rajono savivaldyb\u0117<\/a><\/li>\n<li><a href=\"https:\/\/www.nsa.smsm.lt\/old\/old\/wp-content\/uploads\/2023\/02\/Silutes_rajono_savivaldybe.pdf\">\u0160ilut\u0117s rajono savivaldyb\u0117<\/a><\/li>\n<li><a href=\"https:\/\/www.nsa.smsm.lt\/old\/old\/wp-content\/uploads\/2023\/02\/Sirvintu_rajono_savivaldybe.pdf\">\u0160irvint\u0173 rajono savivaldyb\u0117<\/a><\/li>\n<li><a href=\"https:\/\/www.nsa.smsm.lt\/old\/old\/wp-content\/uploads\/2023\/02\/Svencioniu_rajono_savivaldybe.pdf\">\u0160ven\u010dioni\u0173 rajono savivaldyb\u0117<\/a><\/li>\n<li><a href=\"https:\/\/www.nsa.smsm.lt\/old\/old\/wp-content\/uploads\/2023\/02\/Taurages_rajono_savivaldybe.pdf\">Taurag\u0117s rajono savivaldyb\u0117<\/a><\/li>\n<li><a href=\"https:\/\/www.nsa.smsm.lt\/old\/old\/wp-content\/uploads\/2023\/02\/Telsiu_rajono_savivaldybe.pdf\">Tel\u0161i\u0173 rajono savivaldyb\u0117<\/a><\/li>\n<li><a href=\"https:\/\/www.nsa.smsm.lt\/old\/old\/wp-content\/uploads\/2023\/02\/Traku_rajono_savivaldybe.pdf\">Trak\u0173 rajono savivaldyb\u0117<\/a><\/li>\n<li><a href=\"https:\/\/www.nsa.smsm.lt\/old\/old\/wp-content\/uploads\/2023\/02\/Ukmerges_rajono_savivaldybe.pdf\">Ukmerg\u0117s rajono savivaldyb\u0117<\/a><\/li>\n<li><a href=\"https:\/\/www.nsa.smsm.lt\/old\/old\/wp-content\/uploads\/2023\/02\/Utenos_rajono_savivaldybe.pdf\">Utenos rajono savivaldyb\u0117<\/a><\/li>\n<li><a href=\"https:\/\/www.nsa.smsm.lt\/old\/old\/wp-content\/uploads\/2023\/02\/Varenos_rajono_savivaldybe.pdf\">Var\u0117nos rajono savivaldyb\u0117<\/a><\/li>\n<li><a href=\"https:\/\/www.nsa.smsm.lt\/old\/old\/wp-content\/uploads\/2023\/02\/Vilkaviskio_rajono_savivaldybe.pdf\">Vilkavi\u0161kio rajono savivaldyb\u0117<\/a><\/li>\n<li><a href=\"https:\/\/www.nsa.smsm.lt\/old\/old\/wp-content\/uploads\/2023\/02\/Vilniaus_miesto_savivaldybe.pdf\">Vilniaus miesto savivaldyb\u0117<\/a><\/li>\n<li><a href=\"https:\/\/www.nsa.smsm.lt\/old\/old\/wp-content\/uploads\/2023\/02\/Vilniaus_rajono_savivaldybe.pdf\">Vilniaus rajono savivaldyb\u0117<\/a><\/li>\n<li><a href=\"https:\/\/www.nsa.smsm.lt\/old\/old\/wp-content\/uploads\/2023\/02\/Visagino_savivaldybe.pdf\">Visagino savivaldyb\u0117<\/a><\/li>\n<li><a href=\"https:\/\/www.nsa.smsm.lt\/old\/old\/wp-content\/uploads\/2023\/12\/Zarasu_rajono_savivaldybe.pdf\">Zaras\u0173 rajono savivaldyb\u0117<\/a><\/li>\n<\/ol>\n<\/li>\n<\/ol>\n<p><!--\n \t\n\n<li><a href=\"https:\/\/www.nsa.smsm.lt\/old\/old\/wp-content\/uploads\/2023\/12\/Klaipedos_miesto_savivaldybe.pdf\">Klaip\u0117dos miesto savivaldyb\u0117<\/a><\/li>\n\n\n \t\n\n<li><a href=\"https:\/\/www.nsa.smsm.lt\/old\/old\/wp-content\/uploads\/2023\/12\/Klaipedos_rajono_savivaldybe.pdf\">Klaip\u0117dos rajono savivaldyb\u0117<\/a><\/li>\n\n\n \t\n\n<li><a href=\"https:\/\/www.nsa.smsm.lt\/old\/old\/wp-content\/uploads\/2023\/12\/Kretingos_rajono_savivaldybe.pdf\">Kretingos rajono savivaldyb\u0117<\/a><\/li>\n\n\n \t\n\n<li><a href=\"https:\/\/www.nsa.smsm.lt\/old\/old\/wp-content\/uploads\/2023\/12\/Kupiskio_rajono_savivaldybe.pdf\">Kupi\u0161kio rajono savivaldyb\u0117<\/a><\/li>\n\n\n--><\/p>\n","protected":false},"excerpt":{"rendered":"<p>Akmen\u0117s rajono savivaldyb\u0117 Alytaus miesto savivaldyb\u0117 Alytaus rajono savivaldyb\u0117 Anyk\u0161\u010di\u0173 rajono savivaldyb\u0117 Bir\u0161tono savivaldyb\u0117 Bir\u017e\u0173 rajono savivaldyb\u0117 Druskinink\u0173 rajono savivaldyb\u0117 Elektr\u0117n\u0173 rajono savivaldyb\u0117 Ignalinos rajono savivaldyb\u0117 Joni\u0161kio rajono savivaldyb\u0117 Jonavos rajono savivaldyb\u0117 Jurbarko rajono savivaldyb\u0117 Kai\u0161iadori\u0173 rajono savivaldyb\u0117 Kalvarijos rajono&nbsp;<a href=\"https:\/\/www.nsa.smsm.lt\/old\/mokyklu-veiklos-pletra-ir-pedagogu-kvalifikacija\/savivaldybiu-pedagogu-kvalifikacijos-tobulinimo-stebesenos-apzvalgos-2022\/\" class=\"placiau\">Pla\u010diau <i class=\"fa fa-caret-right\"><\/i><\/a><\/p>\n","protected":false},"author":1,"featured_media":0,"parent":15294,"menu_order":0,"comment_status":"closed","ping_status":"closed","template":"page-mokyklu-pletra-map1.php","meta":{"_acf_changed":false,"footnotes":""},"class_list":["post-37547","page","type-page","status-publish","hentry"],"acf":[],"_links":{"self":[{"href":"https:\/\/www.nsa.smsm.lt\/old\/wp-json\/wp\/v2\/pages\/37547","targetHints":{"allow":["GET"]}}],"collection":[{"href":"https:\/\/www.nsa.smsm.lt\/old\/wp-json\/wp\/v2\/pages"}],"about":[{"href":"https:\/\/www.nsa.smsm.lt\/old\/wp-json\/wp\/v2\/types\/page"}],"author":[{"embeddable":true,"href":"https:\/\/www.nsa.smsm.lt\/old\/wp-json\/wp\/v2\/users\/1"}],"replies":[{"embeddable":true,"href":"https:\/\/www.nsa.smsm.lt\/old\/wp-json\/wp\/v2\/comments?post=37547"}],"version-history":[{"count":9,"href":"https:\/\/www.nsa.smsm.lt\/old\/wp-json\/wp\/v2\/pages\/37547\/revisions"}],"predecessor-version":[{"id":38779,"href":"https:\/\/www.nsa.smsm.lt\/old\/wp-json\/wp\/v2\/pages\/37547\/revisions\/38779"}],"up":[{"embeddable":true,"href":"https:\/\/www.nsa.smsm.lt\/old\/wp-json\/wp\/v2\/pages\/15294"}],"wp:attachment":[{"href":"https:\/\/www.nsa.smsm.lt\/old\/wp-json\/wp\/v2\/media?parent=37547"}],"curies":[{"name":"wp","href":"https:\/\/api.w.org\/{rel}","templated":true}]}}