{"id":37282,"date":"2024-12-19T11:50:56","date_gmt":"2024-12-19T09:50:56","guid":{"rendered":"https:\/\/www.nsa.smsm.lt\/old\/?page_id=37282"},"modified":"2024-12-19T14:36:18","modified_gmt":"2024-12-19T12:36:18","slug":"isskirtiniu-gabumu-turinciu-vaiku-atpazinimas-ir-ugdymas","status":"publish","type":"page","link":"https:\/\/www.nsa.smsm.lt\/old\/itrauktis-ugdyme\/isskirtiniu-gabumu-turinciu-vaiku-atpazinimas-ir-ugdymas\/","title":{"rendered":"I\u0161skirtini\u0173 gabum\u0173 turin\u010di\u0173 vaik\u0173 atpa\u017einimas ir ugdymas"},"content":{"rendered":"<ul>\n<li><a href=\"https:\/\/www.nsa.smsm.lt\/old\/old\/wp-content\/uploads\/2024\/12\/Gabus_Situacijos_analize_2024.pdf\" target=\"_blank\" rel=\"noopener\">Situacijos ugdymo \u012fstaigose analiz\u0117 2024<\/a><\/li>\n<li><a href=\"https:\/\/www.nsa.smsm.lt\/old\/old\/svietimo-pagalba\/istekliu-bankas\/aukstesniuju-gebejimu-turinciu-vaiku-atpazinimas\/\">Auk\u0161tesni\u0173j\u0173 geb\u0117jim\u0173 turin\u010di\u0173 vaik\u0173 atpa\u017einimas<\/a><\/li>\n<li><a href=\"https:\/\/www.nsa.smsm.lt\/old\/old\/svietimo-pagalba\/istekliu-bankas\/specialieji-moduliai-aukstesniuju-gebejimu-turintiems-vaikams-mokytojo-aplankas\/\">Specialieji moduliai auk\u0161tesni\u0173j\u0173 geb\u0117jim\u0173 turintiems vaikams. MOKYTOJO APLANKAS<\/a><\/li>\n<li><a href=\"https:\/\/www.nsa.smsm.lt\/old\/old\/svietimo-pagalba\/istekliu-bankas\/specialieji-moduliai-aukstesniuju-gebejimu-turintiems-vaikams-mokinio-aplankas\/\">Specialieji moduliai auk\u0161tesni\u0173j\u0173 geb\u0117jim\u0173 turintiems vaikams. MOKINIO APLANKAS<\/a><\/li>\n<li>\n<div><a href=\"https:\/\/www.emokykla.lt\/skaitmenines-mokymo-priemones\/priemone\/297\">Suskaitmeninti specialieji moduliai auk\u0161tesni\u0173j\u0173 geb\u0117jim\u0173 turintiems vaikams (3-4 klasi\u0173 koncentras). Matematika<\/a><\/div>\n<\/li>\n<li>\n<div><a href=\"https:\/\/www.emokykla.lt\/skaitmenines-mokymo-priemones\/priemones\/priemone\/295\">Suskaitmeninti specialieji moduliai auk\u0161tesni\u0173j\u0173 geb\u0117jim\u0173 turintiems vaikams (3-4 klasi\u0173 koncentras). Lietuvi\u0173 kalba<\/a><\/div>\n<\/li>\n<li>\n<div class=\"elementToProof\"><a href=\"https:\/\/www.emokykla.lt\/skaitmenines-mokymo-priemones\/priemone\/296\">Suskaitmeninti specialieji moduliai auk\u0161tesni\u0173j\u0173 geb\u0117jim\u0173 turintiems vaikams (3-4 klasi\u0173 koncentras). Gamtos mokslai<\/a><\/div>\n<\/li>\n<li>\n<div class=\"elementToProof\"><a href=\"https:\/\/www.nsa.smsm.lt\/old\/old\/wp-content\/uploads\/2022\/07\/Gabiu-ar-ir-talentingu-vaiku-ugdymas-2022-birzelis-Nr.-4-2022-07-18.pdf\">\u0160vietimo problemos analiz\u0117. Gabi\u0173 ar (ir) talenting\u0173 vaik\u0173 ugdymas. (2022)<\/a><\/div>\n<\/li>\n<\/ul>\n","protected":false},"excerpt":{"rendered":"<p>Situacijos ugdymo \u012fstaigose analiz\u0117 2024 Auk\u0161tesni\u0173j\u0173 geb\u0117jim\u0173 turin\u010di\u0173 vaik\u0173 atpa\u017einimas Specialieji moduliai auk\u0161tesni\u0173j\u0173 geb\u0117jim\u0173 turintiems vaikams. MOKYTOJO APLANKAS Specialieji moduliai auk\u0161tesni\u0173j\u0173 geb\u0117jim\u0173 turintiems vaikams. MOKINIO APLANKAS Suskaitmeninti specialieji moduliai auk\u0161tesni\u0173j\u0173 geb\u0117jim\u0173 turintiems vaikams (3-4 klasi\u0173 koncentras). Matematika Suskaitmeninti specialieji moduliai&nbsp;<a href=\"https:\/\/www.nsa.smsm.lt\/old\/itrauktis-ugdyme\/isskirtiniu-gabumu-turinciu-vaiku-atpazinimas-ir-ugdymas\/\" class=\"placiau\">Pla\u010diau <i class=\"fa fa-caret-right\"><\/i><\/a><\/p>\n","protected":false},"author":1,"featured_media":0,"parent":12330,"menu_order":0,"comment_status":"closed","ping_status":"closed","template":"page-itraukusis.php","meta":{"_acf_changed":false,"footnotes":""},"class_list":["post-37282","page","type-page","status-publish","hentry"],"acf":[],"_links":{"self":[{"href":"https:\/\/www.nsa.smsm.lt\/old\/wp-json\/wp\/v2\/pages\/37282","targetHints":{"allow":["GET"]}}],"collection":[{"href":"https:\/\/www.nsa.smsm.lt\/old\/wp-json\/wp\/v2\/pages"}],"about":[{"href":"https:\/\/www.nsa.smsm.lt\/old\/wp-json\/wp\/v2\/types\/page"}],"author":[{"embeddable":true,"href":"https:\/\/www.nsa.smsm.lt\/old\/wp-json\/wp\/v2\/users\/1"}],"replies":[{"embeddable":true,"href":"https:\/\/www.nsa.smsm.lt\/old\/wp-json\/wp\/v2\/comments?post=37282"}],"version-history":[{"count":3,"href":"https:\/\/www.nsa.smsm.lt\/old\/wp-json\/wp\/v2\/pages\/37282\/revisions"}],"predecessor-version":[{"id":41998,"href":"https:\/\/www.nsa.smsm.lt\/old\/wp-json\/wp\/v2\/pages\/37282\/revisions\/41998"}],"up":[{"embeddable":true,"href":"https:\/\/www.nsa.smsm.lt\/old\/wp-json\/wp\/v2\/pages\/12330"}],"wp:attachment":[{"href":"https:\/\/www.nsa.smsm.lt\/old\/wp-json\/wp\/v2\/media?parent=37282"}],"curies":[{"name":"wp","href":"https:\/\/api.w.org\/{rel}","templated":true}]}}