{"id":37007,"date":"2025-08-18T06:00:15","date_gmt":"2025-08-18T04:00:15","guid":{"rendered":"https:\/\/www.nsa.smsm.lt\/old\/?page_id=37007"},"modified":"2025-08-19T06:59:56","modified_gmt":"2025-08-19T04:59:56","slug":"skaiciuokle","status":"publish","type":"page","link":"https:\/\/www.nsa.smsm.lt\/old\/mokytoju-darbo-uzmokescio-sistemos-modelis\/skaiciuokle\/","title":{"rendered":"Skai\u010diuokl\u0117"},"content":{"rendered":"<p>Skelbiama pagal aktuali\u0105, 2023 m. pabaigoje priimt\u0105 <a href=\"https:\/\/e-seimas.lrs.lt\/portal\/legalAct\/lt\/TAD\/c6dd7dc2e23411e6be918a531b2126ab\/asr\">Lietuvos Respublikos biud\u017eetini\u0173 \u012fstaig\u0173 darbuotoj\u0173 darbo apmok\u0117jimo ir komisij\u0173 nari\u0173 atlygio u\u017e darb\u0105<\/a> \u012fstatymo redakcij\u0105 (\u012fsigaliojo 2024-01-01), atnaujinta mokytoj\u0173 ir pagalbos mokiniui specialist\u0173 darbo u\u017emokes\u010dio skai\u010diuokl\u0117.<\/p>\n<p>DU skai\u010diuokl\u0117 nuo 2025-09-01 \u2013 <a href=\"https:\/\/www.nsa.smsm.lt\/old\/old\/wp-content\/uploads\/2025\/08\/skaiciuokle_vadovams_2025.08.14.xlsm\" target=\"_blank\" rel=\"noopener\">parsisi\u0173sti<\/a> (atnaujinta 2025-08-14).<\/p>\n<p><b>Informacija apie pedagogini\u0173 darbuotoj\u0173 darbo apmok\u0117jim\u0105 nuo 2025 m. rugs\u0117jo 1 d.<\/b>\u00a0&#8211; <a href=\"https:\/\/www.nsa.smsm.lt\/old\/old\/wp-content\/uploads\/2025\/08\/250728-SMSM-SR-2533-Del-pedagogu-darbo-apmokejimo-nuo-2025-m.-rugsejo-1-d.pdf\">parsisi\u0173sti<\/a>.<\/p>\n<p><strong>Galimyb\u0117 pasikonsultuoti <\/strong><\/p>\n<p>Konsultantas Valentinas Gendvilis konsultuoja pedagogini\u0173 darbuotoj\u0173 darbo apmok\u0117jimo nuo 2025 m. rugs\u0117jo 1 d. ir naudojimosi atnaujinta mokytoj\u0173 ir pagalbos mokiniui specialist\u0173\u00a0 darbo u\u017emokes\u010dio skai\u010diuokle klausimais.<\/p>\n<p>\u012e konsultant\u0105 telefonu nr. 370\u00a0685 26305 arba el. pa\u0161to adresu <a href=\"mailto:gendval@gmail.com\">gendval@gmail.com<\/a><\/p>\n<p>gali kreiptis \u0161vietimo \u012fstaig\u0173 (i\u0161skyrus auk\u0161t\u0105sias mokyklas) vadovai, pavaduotojai ugdymui,\u00a0 ugdym\u0105 organizuojan\u010di\u0173 skyri\u0173 ved\u0117jai.<\/p>\n<p>Konsultacijos \u00a0teikiamos iki 2025 m. gruod\u017eio 10 dienos.<\/p>\n<p>&nbsp;<\/p>\n<p>Paai\u0161kinimai ir aktual\u016bs pakeitimai nuo 2024-09-01 \u2013 <a href=\"https:\/\/www.nsa.smsm.lt\/old\/old\/wp-content\/uploads\/2024\/08\/Paaiskinimai-ir-aktualus-pakeitimai-nuo-2024-09-01-1.docx\">parsisi\u0173sti.<\/a><\/p>\n","protected":false},"excerpt":{"rendered":"<p>Skelbiama pagal aktuali\u0105, 2023 m. pabaigoje priimt\u0105 Lietuvos Respublikos biud\u017eetini\u0173 \u012fstaig\u0173 darbuotoj\u0173 darbo apmok\u0117jimo ir komisij\u0173 nari\u0173 atlygio u\u017e darb\u0105 \u012fstatymo redakcij\u0105 (\u012fsigaliojo 2024-01-01), atnaujinta mokytoj\u0173 ir pagalbos mokiniui specialist\u0173 darbo u\u017emokes\u010dio skai\u010diuokl\u0117. DU skai\u010diuokl\u0117 nuo 2025-09-01 \u2013 parsisi\u0173sti (atnaujinta&nbsp;<a href=\"https:\/\/www.nsa.smsm.lt\/old\/mokytoju-darbo-uzmokescio-sistemos-modelis\/skaiciuokle\/\" class=\"placiau\">Pla\u010diau <i class=\"fa fa-caret-right\"><\/i><\/a><\/p>\n","protected":false},"author":1,"featured_media":0,"parent":37001,"menu_order":0,"comment_status":"closed","ping_status":"closed","template":"page-uzmokestis.php","meta":{"_acf_changed":false,"footnotes":""},"class_list":["post-37007","page","type-page","status-publish","hentry"],"acf":[],"_links":{"self":[{"href":"https:\/\/www.nsa.smsm.lt\/old\/wp-json\/wp\/v2\/pages\/37007","targetHints":{"allow":["GET"]}}],"collection":[{"href":"https:\/\/www.nsa.smsm.lt\/old\/wp-json\/wp\/v2\/pages"}],"about":[{"href":"https:\/\/www.nsa.smsm.lt\/old\/wp-json\/wp\/v2\/types\/page"}],"author":[{"embeddable":true,"href":"https:\/\/www.nsa.smsm.lt\/old\/wp-json\/wp\/v2\/users\/1"}],"replies":[{"embeddable":true,"href":"https:\/\/www.nsa.smsm.lt\/old\/wp-json\/wp\/v2\/comments?post=37007"}],"version-history":[{"count":27,"href":"https:\/\/www.nsa.smsm.lt\/old\/wp-json\/wp\/v2\/pages\/37007\/revisions"}],"predecessor-version":[{"id":44028,"href":"https:\/\/www.nsa.smsm.lt\/old\/wp-json\/wp\/v2\/pages\/37007\/revisions\/44028"}],"up":[{"embeddable":true,"href":"https:\/\/www.nsa.smsm.lt\/old\/wp-json\/wp\/v2\/pages\/37001"}],"wp:attachment":[{"href":"https:\/\/www.nsa.smsm.lt\/old\/wp-json\/wp\/v2\/media?parent=37007"}],"curies":[{"name":"wp","href":"https:\/\/api.w.org\/{rel}","templated":true}]}}