{"id":37005,"date":"2023-10-17T11:58:36","date_gmt":"2023-10-17T09:58:36","guid":{"rendered":"https:\/\/www.nsa.smsm.lt\/old\/?page_id=37005"},"modified":"2023-10-17T11:58:36","modified_gmt":"2023-10-17T09:58:36","slug":"klausimai-atsakymai","status":"publish","type":"page","link":"https:\/\/www.nsa.smsm.lt\/old\/mokytoju-darbo-uzmokescio-sistemos-modelis\/klausimai-atsakymai\/","title":{"rendered":"Klausimai \u2013 atsakymai"},"content":{"rendered":"<ol start=\"1\">\n<li><strong>Ar privalo vadovas darbo sutartyje nurodyti mokytojui jo tiksl\u0173 m\u0117nesin\u012f u\u017edarb\u012f? Ar u\u017etenka nurodyti metines valandas ir pareigin\u0117s algos pastoviosios dalies koeficient\u0105?<\/strong><\/li>\n<\/ol>\n<p>Darbo sutartyje turi b\u016bti nurodyta pareigyb\u0117, darbo apimtis ir darbo u\u017emokestis. Kaip j\u012f pateikti \u2013 ar nurodant koeficient\u0105, ar konkre\u010di\u0105 sum\u0105 \u2013 n\u0117ra svarbu.<\/p>\n<ol start=\"2\">\n<li><strong>Ar 5 dienos per metus kvalifikacijos tobulinimo priklauso nuo turimo kr\u016bvio?<\/strong><\/li>\n<\/ol>\n<p>Mokytojas turi teis\u0119 dalyvauti kvalifikacijos tobulinimo renginiuose ne ma\u017eiau kaip 5 d. per metus. Tai numatyta \u0160vietimo \u012fstatymo 49 straipsnyje. Jei mokytojas, dirbantis ne visu etatu, pageidaut\u0173 5 dienas per metus dalyvauti kvalifikacijos tobulinimo renginiuose, vadovas tur\u0117t\u0173 toki\u0105 galimyb\u0119 sudaryti.<\/p>\n<ol start=\"3\">\n<li><strong>Ar papildomos valandos skai\u010diuojamos 60 min, ar 45 min? Ar pertraukos tarp pamok\u0173 yra darbo laikas?<\/strong><\/li>\n<\/ol>\n<p>Pagal Lietuvos Respublikos darbo kodeks\u0105 ir Lietuvos Respublikos darbuotoj\u0173 saugos ir sveikatos \u012fstatym\u0105, darbo valandos trukm\u0117 yra 60 minu\u010di\u0173. Pertraukos tarp pamok\u0173 yra mokytojo darbo laikas.<\/p>\n<ol start=\"4\">\n<li><strong>\u012e kurias valandas priskiriamos valandos veikloms, susijusioms su profesiniu tobul\u0117jimu: \u012f privalomas (102) ar \u012f kitas (iki 400) valandas?<\/strong><\/li>\n<\/ol>\n<p>Jei etato \u201eantroji ki\u0161en\u0117\u201c suformuota tik i\u0161 102 val., tuomet profesinio tobul\u0117jimo veikloms skiriamas laikas tur\u0117t\u0173 b\u016bti numatytas i\u0161 102 val. Bet jei \u201eantroji ki\u0161en\u0117\u201c sudaryta ir i\u0161 papildomai su mokytoj\u0173 sulygt\u0173 valand\u0173 (t. y. sutarta su mokytoju d\u0117l papildom\u0173 darb\u0173 \/ veikl\u0173), profesiniam tobul\u0117jimui gali b\u016bti skiriama ir i\u0161 400 val., ir i\u0161 102 val. arba tik i\u0161 400 val.<\/p>\n<ol start=\"5\">\n<li>\u00a0<strong>Kaip suskai\u010diuoti valandas mokyklos bendruomenei ir profesiniam tobul\u0117jimui nuo etato dalies?<\/strong><\/li>\n<\/ol>\n<p>\u0160imtas dvi valandos sudaro pilno etato darbo laiko dal\u012f, skirt\u0105 privalomoms veikloms bendruomenei ir profesiniam tobul\u0117jimui. Jeigu mokytojas turi tik dal\u012f etato, proporcingai skiriama valand\u0173 veikloms bendruomenei ir profesiniam tobul\u0117jimui. Koki\u0105 dal\u012f darbo laiko mokytojas skirs kiekvienai i\u0161 \u0161i\u0173 veikl\u0173, priklauso nuo susitarimo, \u012fvertinus veikl\u0173 pob\u016bd\u012f ir poreik\u012f. Jei mokykla mato poreik\u012f, mokytojas gali tur\u0117ti 102 val. ir netur\u0117damas viso etato.<\/p>\n<ol start=\"6\">\n<li><strong>Kaip sudaromas etatas neformaliojo \u0161vietimo mokytojams?<\/strong><\/li>\n<\/ol>\n<p>Etat\u0105 sudaro 1512 val. per metus: kontaktin\u0117s valandos, pasiruo\u0161imas, mokini\u0173 pasiekim\u0173 vertinimas, vadovavimas klasei (1010\u20131410 val. per metus). Pamokoms skiriama iki 1007 val. per metus, pradedantiesiems \u2013 iki 924 val. per metus, pasiruo\u0161imui ir pasiekim\u0173 vertinimui \u2013 ne ma\u017eiau kaip 40 proc. nuo kontaktini\u0173 valand\u0173, pradedantiesiems \u2013 ne ma\u017eiau kaip 60 proc. nuo kontaktini\u0173 valand\u0173. Valandos veikloms mokyklos bendruomenei ir profesiniam tobul\u0117jimui (102\u2013502 val. per metus). Etatui privalomos 102 val. per metus, kitos valandos (iki 400 val. per metus) skiriamos, atsi\u017evelgiant \u012f patvirtint\u0105 veikl\u0173 s\u0105ra\u0161\u0105 ir mokytojo atliekamas veiklas.<\/p>\n<ol start=\"7\">\n<li><strong>Kaip suskai\u010diuoti valandas mokyklos bendruomenei ir profesiniam tobul\u0117jimui nuo etato dalies?<\/strong><\/li>\n<\/ol>\n<p>\u0160imtas dvi valandos sudaro pilno etato darbo laiko dal\u012f, skirt\u0105 privalomoms veikloms bendruomenei ir profesiniam tobul\u0117jimui. Jeigu mokytojas turi tik dal\u012f etato, proporcingai skiriama valand\u0173 veikloms bendruomenei ir profesiniam tobul\u0117jimui. Koki\u0105 dal\u012f darbo laiko mokytojas skirs kiekvienai i\u0161 \u0161i\u0173 veikl\u0173, priklauso nuo susitarimo, \u012fvertinus veikl\u0173 pob\u016bd\u012f ir poreik\u012f. Jei mokykla mato poreik\u012f, mokytojas gali tur\u0117ti 102 val. ir netur\u0117damas viso etato.<\/p>\n<ol start=\"8\">\n<li><strong>Kaip skai\u010diuojamas atlyginimas dalyko mokytojui, jei jis dirba pradin\u0117se klas\u0117se (moko u\u017esienio kalbos, muzikos, tikybos ir pan.)?<\/strong><\/li>\n<\/ol>\n<p>Vis\u0173 dalyk\u0173 mokytojams, kurie dirba pagal pradinio ugdymo program\u0105, atlyginimas skai\u010diuojamas vienodai \u2013 kaip pradinio ugdymo mokytojams.<\/p>\n<ol start=\"9\">\n<li><strong>Kaip sudaromas etatas bendrojo ugdymo mokytojams?<\/strong><\/li>\n<\/ol>\n<p>Etat\u0105 sudaro 1512 val. per metus: kontaktin\u0117s valandos, pasiruo\u0161imas, mokini\u0173 pasiekim\u0173 vertinimas, vadovavimas klasei (1010\u20131410 val. per metus). Pamokoms skiriama iki 888 val. per metus, pradedantiesiems \u2013 iki 756 val. per metus, pasiruo\u0161imui ir pasiekim\u0173 vertinimui \u2013 40\u201360 proc. nuo kontaktini\u0173 valand\u0173, pradedantiesiems \u2013 55\u201380 proc. nuo kontaktini\u0173 valand\u0173, vadovauti klasei \u2013 152\u2013210 valand\u0173.<br \/>\nValandos veikloms mokyklos bendruomenei ir profesiniam tobul\u0117jimui (102\u2013502 val. per metus). Etatui privalomos 102 val. per metus, kitos valandos (iki 400 val. per metus) skiriamos, atsi\u017evelgiant \u012f patvirtint\u0105 veikl\u0173 s\u0105ra\u0161\u0105 ir mokytojo atliekamas veiklas.<\/p>\n<ol start=\"10\">\n<li><strong>Kaip sudaromas etatas pradinio ugdymo mokytojams?<\/strong><\/li>\n<\/ol>\n<p>Etat\u0105 sudaro 1512 val. per metus: kontaktin\u0117s valandos, pasiruo\u0161imas, mokini\u0173 pasiekim\u0173 vertinimas, vadovavimas klasei (1010\u20131410 val. per metus). Etatas gal\u0117s b\u016bti formuojamas, kai pamokoms teks ne ma\u017eiau kaip 700 val. per metus. Pamokoms skiriama iki 888 val. per metus, pradedantiesiems \u2013 iki 756 val. per metus, pasiruo\u0161imui ir pasiekim\u0173 vertinimui \u2013 ne ma\u017eiau kaip 50\u201360 proc. nuo kontaktini\u0173 valand\u0173, pradedantiesiems \u2013 ne ma\u017eiau kaip 70\u201380 proc. nuo kontaktini\u0173 valand\u0173 pagal klas\u0117s dyd\u012f, vadovauti klasei (grupei) \u2013 ne ma\u017eiau kaip 152\u2013210 valand\u0173 pagal klas\u0117s dyd\u012f.<\/p>\n<p>Valandos veikloms mokyklos bendruomenei ir profesiniam tobul\u0117jimui (102\u2013502 val. per metus). Etatui privalomos 102 val. per metus, kitos valandos (iki 400 val. per metus) skiriamos, atsi\u017evelgiant \u012f patvirtint\u0105 veikl\u0173 s\u0105ra\u0161\u0105 ir mokytojo atliekamas veiklas.<\/p>\n<ol start=\"11\">\n<li><strong>Kaip sudaromas etatas profesijos mokytojams?<\/strong><\/li>\n<\/ol>\n<p>Etat\u0105 sudaro 1512 val. per metus: kontaktin\u0117s valandos, pasiruo\u0161imas, mokini\u0173 pasiekim\u0173 vertinimas, vadovavimas klasei (1010\u20131410 val. per metus). Pamokoms skiriama iki 888 val. per metus, pradedantiesiems \u2013 iki 924 val. per metus, pasiruo\u0161imui ir pasiekim\u0173 vertinimui \u2013 ne ma\u017eiau kaip 42\u201348 proc. nuo kontaktini\u0173 valand\u0173, pradedantiesiems \u2013 ne ma\u017eiau kaip 62\u201368 proc. nuo kontaktini\u0173 valand\u0173 pagal klas\u0117s (grup\u0117s) dyd\u012f, vadovauti klasei (grupei) \u2013 ne ma\u017eiau kaip 152\u2013210 valand\u0173 pagal klas\u0117s (grup\u0117s) dyd\u012f.<\/p>\n<p>Valandos veikloms mokyklos bendruomenei ir profesiniam tobul\u0117jimui (102\u2013502 val. per metus). Etatui privalomos 102 val. per metus, kitos valandos (iki 400 val. per metus) skiriamos, atsi\u017evelgiant \u012f patvirtint\u0105 veikl\u0173 s\u0105ra\u0161\u0105 ir mokytojo atliekamas veiklas.<\/p>\n<ol start=\"12\">\n<li><strong>Kaip reik\u0117t\u0173 apskai\u010diuoti metines kontaktines valandas (i\u0161 kiek mokymosi savai\u010di\u0173 dauginti?)<\/strong><\/li>\n<\/ol>\n<p>Laikoma, kad mokslo metai turi 42 savaites. Metin\u012f pareigyb\u0117s valand\u0173 skai\u010di\u0173 padalij\u0119 i\u0161 \u0161io savai\u010di\u0173 skai\u010diaus gausime 36 valandas per savait\u0119. Skirtingais laikotarpiais savait\u0117je gali b\u016bti skirtingas kontaktini\u0173 ir nekontaktini\u0173 valand\u0173 skai\u010dius.<\/p>\n<p>Kontaktini\u0173 valand\u0173 skai\u010dius per mokslo metus pagal atskirus dalykus nustatomas ugdymo planuose arba ugdymo programose. Ugdymo proceso trukm\u0119 mokiniams per mokslo metus ugdymo dienomis nustato \u0161vietimo, mokslo ir sporto ministras (pvz., 5\u201310 klasi\u0173 mokiniams ugdymo proceso trukm\u0117 \u2013 185 d. ir ugdymo savaitei esant 5 d., ugdymo procesas mokiniui trunka 37 savaites). Mokymosi savai\u010di\u0173 skai\u010dius priklauso nuo ugdymo turinio intensyvumo (jei per savait\u0119 vedama daugiau tam tikro dalyko pamok\u0173, vadinasi, savai\u010di\u0173 skai\u010dius, per kur\u012f i\u0161d\u0117stomas dalykas, bus ma\u017eesnis).<\/p>\n<ol start=\"13\">\n<li><strong>K\u0105 reik\u0117t\u0173 daryti pradini\u0173 klasi\u0173 mokytojui, jei nesusidaro etatas?<\/strong><\/li>\n<\/ol>\n<p>Mokytojo, dirban\u010dio pagal pradinio ugdymo program\u0105, pareigyb\u0117 formuojama, kai jam per metus skiriama bent 700 kontaktini\u0173 valand\u0173. Jei pradini\u0173 klasi\u0173 mokytojas per savait\u0119 veda ma\u017eiau kaip 20 pamok\u0173, tai metinis kontaktini\u0173 valand\u0173 skai\u010dius bus ma\u017eesnis. Taip gali atsitikti, jei mokytojas neves k\u016bno kult\u016bros ir muzikos pamok\u0173. Tokiu atveju mokytojas dirbs nepilnu kr\u016bviu (etatu).<\/p>\n","protected":false},"excerpt":{"rendered":"<p>Ar privalo vadovas darbo sutartyje nurodyti mokytojui jo tiksl\u0173 m\u0117nesin\u012f u\u017edarb\u012f? Ar u\u017etenka nurodyti metines valandas ir pareigin\u0117s algos pastoviosios dalies koeficient\u0105? Darbo sutartyje turi b\u016bti nurodyta pareigyb\u0117, darbo apimtis ir darbo u\u017emokestis. Kaip j\u012f pateikti \u2013 ar nurodant koeficient\u0105,&nbsp;<a href=\"https:\/\/www.nsa.smsm.lt\/old\/mokytoju-darbo-uzmokescio-sistemos-modelis\/klausimai-atsakymai\/\" class=\"placiau\">Pla\u010diau <i class=\"fa fa-caret-right\"><\/i><\/a><\/p>\n","protected":false},"author":1,"featured_media":0,"parent":37001,"menu_order":0,"comment_status":"closed","ping_status":"closed","template":"page-uzmokestis.php","meta":{"_acf_changed":false,"footnotes":""},"class_list":["post-37005","page","type-page","status-publish","hentry"],"acf":[],"_links":{"self":[{"href":"https:\/\/www.nsa.smsm.lt\/old\/wp-json\/wp\/v2\/pages\/37005","targetHints":{"allow":["GET"]}}],"collection":[{"href":"https:\/\/www.nsa.smsm.lt\/old\/wp-json\/wp\/v2\/pages"}],"about":[{"href":"https:\/\/www.nsa.smsm.lt\/old\/wp-json\/wp\/v2\/types\/page"}],"author":[{"embeddable":true,"href":"https:\/\/www.nsa.smsm.lt\/old\/wp-json\/wp\/v2\/users\/1"}],"replies":[{"embeddable":true,"href":"https:\/\/www.nsa.smsm.lt\/old\/wp-json\/wp\/v2\/comments?post=37005"}],"version-history":[{"count":1,"href":"https:\/\/www.nsa.smsm.lt\/old\/wp-json\/wp\/v2\/pages\/37005\/revisions"}],"predecessor-version":[{"id":37006,"href":"https:\/\/www.nsa.smsm.lt\/old\/wp-json\/wp\/v2\/pages\/37005\/revisions\/37006"}],"up":[{"embeddable":true,"href":"https:\/\/www.nsa.smsm.lt\/old\/wp-json\/wp\/v2\/pages\/37001"}],"wp:attachment":[{"href":"https:\/\/www.nsa.smsm.lt\/old\/wp-json\/wp\/v2\/media?parent=37005"}],"curies":[{"name":"wp","href":"https:\/\/api.w.org\/{rel}","templated":true}]}}