{"id":3697,"date":"2023-08-17T09:15:59","date_gmt":"2023-08-17T07:15:59","guid":{"rendered":"https:\/\/www.itc.smm.lt\/?page_id=3697"},"modified":"2023-08-17T07:50:02","modified_gmt":"2023-08-17T05:50:02","slug":"nemis-informacine-sistema","status":"publish","type":"page","link":"https:\/\/www.nsa.smsm.lt\/old\/svietimo-sistemos\/nemis-informacine-sistema\/","title":{"rendered":"NEMIS informacin\u0117 sistema"},"content":{"rendered":"<p><strong>Paskirtis<\/strong> \u2013 kaupti, saugoti ir teikti informacij\u0105 apie nesimokan\u010dius ir bendrojo lavinimo mokyklos nelankan\u010dius mokinius, nesimokymo ir mokyklos nelankymo prie\u017eastis<\/p>\n<p><strong>Sistemos adresas<\/strong>: \u00a0<a href=\"https:\/\/nemis.emokykla.lt\/\">https:\/\/nemis.emokykla.lt<\/a><\/p>\n<p><strong>NEMIS naudotoju galima tapti u\u017epild\u017eius \u0161iuos dokumentus<\/strong>:<\/p>\n<ul>\n<li>Naudotojo pasi\u017ead\u0117jimas saugoti duomen\u0173 paslapt\u012f <a href=\"https:\/\/www.nsa.smsm.lt\/old\/old\/wp-content\/uploads\/2019\/12\/PASIZADEJIMAS.docx\"><i class=\"fa fa-arrow-circle-right \" ><\/i><\/a><\/li>\n<li>Naudotojo duomen\u0173 registravimo pra\u0161ymo anket\u0105 <a href=\"https:\/\/www.nsa.smsm.lt\/old\/old\/wp-content\/uploads\/2019\/12\/ANKETA.docx\"><i class=\"fa fa-arrow-circle-right \" ><\/i><\/a><\/li>\n<\/ul>\n<p>Norint tapti naudotoju, pra\u0161ome kreiptis \u012f Viktor\u0105 Mickevi\u010di\u0173 el.pa\u0161tu: <a href=\"mailto:viktoras.mickevicius@nsa.smm.lt\">viktoras.mickevicius@nsa.smm.lt<\/a><\/p>\n<p>&nbsp;<\/p>\n<p><strong>IS nuostatus ir saugos nuostatus rasite: <\/strong><a href=\"https:\/\/nemis.emokykla.lt\/\">https:\/\/nemis.emokykla.lt<\/a><\/p>\n","protected":false},"excerpt":{"rendered":"<p>Paskirtis \u2013 kaupti, saugoti ir teikti informacij\u0105 apie nesimokan\u010dius ir bendrojo lavinimo mokyklos nelankan\u010dius mokinius, nesimokymo ir mokyklos nelankymo prie\u017eastis Sistemos adresas: \u00a0https:\/\/nemis.emokykla.lt NEMIS naudotoju galima tapti u\u017epild\u017eius \u0161iuos dokumentus: Naudotojo pasi\u017ead\u0117jimas saugoti duomen\u0173 paslapt\u012f Naudotojo duomen\u0173 registravimo pra\u0161ymo anket\u0105&nbsp;<a href=\"https:\/\/www.nsa.smsm.lt\/old\/svietimo-sistemos\/nemis-informacine-sistema\/\" class=\"placiau\">Pla\u010diau <i class=\"fa fa-caret-right\"><\/i><\/a><\/p>\n","protected":false},"author":1,"featured_media":0,"parent":3053,"menu_order":3,"comment_status":"closed","ping_status":"closed","template":"page-svietimo-sistemos.php","meta":{"_acf_changed":false,"footnotes":""},"class_list":["post-3697","page","type-page","status-publish","hentry"],"acf":[],"_links":{"self":[{"href":"https:\/\/www.nsa.smsm.lt\/old\/wp-json\/wp\/v2\/pages\/3697","targetHints":{"allow":["GET"]}}],"collection":[{"href":"https:\/\/www.nsa.smsm.lt\/old\/wp-json\/wp\/v2\/pages"}],"about":[{"href":"https:\/\/www.nsa.smsm.lt\/old\/wp-json\/wp\/v2\/types\/page"}],"author":[{"embeddable":true,"href":"https:\/\/www.nsa.smsm.lt\/old\/wp-json\/wp\/v2\/users\/1"}],"replies":[{"embeddable":true,"href":"https:\/\/www.nsa.smsm.lt\/old\/wp-json\/wp\/v2\/comments?post=3697"}],"version-history":[{"count":0,"href":"https:\/\/www.nsa.smsm.lt\/old\/wp-json\/wp\/v2\/pages\/3697\/revisions"}],"up":[{"embeddable":true,"href":"https:\/\/www.nsa.smsm.lt\/old\/wp-json\/wp\/v2\/pages\/3053"}],"wp:attachment":[{"href":"https:\/\/www.nsa.smsm.lt\/old\/wp-json\/wp\/v2\/media?parent=3697"}],"curies":[{"name":"wp","href":"https:\/\/api.w.org\/{rel}","templated":true}]}}