{"id":36779,"date":"2025-05-28T06:42:38","date_gmt":"2025-05-28T04:42:38","guid":{"rendered":"https:\/\/www.nsa.smsm.lt\/old\/?page_id=36779"},"modified":"2025-05-28T12:46:38","modified_gmt":"2025-05-28T10:46:38","slug":"pasitarimai-su-savivaldybiu-administracijomis-ir-mokyklu-vadovais","status":"publish","type":"page","link":"https:\/\/www.nsa.smsm.lt\/old\/istaigu-vertinimas\/valstybine-svietimo-prieziura\/pasitarimai-su-savivaldybiu-administracijomis-ir-mokyklu-vadovais\/","title":{"rendered":"Pasitarimai su savivaldybi\u0173 administracijomis ir mokykl\u0173 vadovais"},"content":{"rendered":"<p>[2024-09-26] \u201e\u012etraukiojo ugdymo praktika JAV. Susitikimas su Dr. Katie Bonawitz\u201c <a href=\"https:\/\/youtu.be\/Siimf2bNdTk\"><i class=\"fa fa-video \" ><\/i><\/a><\/p>\n<hr \/>\n<p><i class=\"fa fa-google-drive \" ><\/i> <a id=\"OWAc8d9ab3e-cae4-6f3e-d4c3-118043d28663\" class=\"OWAAutoLink\" title=\"https:\/\/drive.google.com\/drive\/folders\/1hLtfUZDvi_Q477e2wbEZBNrK5fBNyO_D\" href=\"https:\/\/drive.google.com\/drive\/folders\/1KD3FnwqPyuHliOz-g-FnR1A0N6jetKqL\">Med\u017eiaga<\/a><\/p>\n<p><i class=\"fa fa-google-drive \" ><\/i> <a id=\"OWA758fdd4d-880f-ba88-7acc-de065366c55c\" class=\"OWAAutoLink\" title=\"https:\/\/drive.google.com\/drive\/folders\/1pieJTplUCL1h463zelR-TydPw-Z9vo7B\" href=\"https:\/\/drive.google.com\/drive\/folders\/1pieJTplUCL1h463zelR-TydPw-Z9vo7B\">Vaizdo \u012fra\u0161ai<\/a><\/p>\n<p><i class=\"fa fa-google-drive \" ><\/i> <a href=\"https:\/\/drive.google.com\/drive\/folders\/1jLzBOXmkUmhgbAootYPCl9b1bE6LB1qs\" target=\"_blank\" rel=\"noopener\">Dalijam\u0117s<\/a><\/p>\n","protected":false},"excerpt":{"rendered":"<p>[2024-09-26] \u201e\u012etraukiojo ugdymo praktika JAV. Susitikimas su Dr. Katie Bonawitz\u201c Med\u017eiaga Vaizdo \u012fra\u0161ai Dalijam\u0117s<\/p>\n","protected":false},"author":1,"featured_media":0,"parent":36698,"menu_order":0,"comment_status":"closed","ping_status":"closed","template":"page-istaigu-vertinimas.php","meta":{"_acf_changed":false,"footnotes":""},"class_list":["post-36779","page","type-page","status-publish","hentry"],"acf":[],"_links":{"self":[{"href":"https:\/\/www.nsa.smsm.lt\/old\/wp-json\/wp\/v2\/pages\/36779","targetHints":{"allow":["GET"]}}],"collection":[{"href":"https:\/\/www.nsa.smsm.lt\/old\/wp-json\/wp\/v2\/pages"}],"about":[{"href":"https:\/\/www.nsa.smsm.lt\/old\/wp-json\/wp\/v2\/types\/page"}],"author":[{"embeddable":true,"href":"https:\/\/www.nsa.smsm.lt\/old\/wp-json\/wp\/v2\/users\/1"}],"replies":[{"embeddable":true,"href":"https:\/\/www.nsa.smsm.lt\/old\/wp-json\/wp\/v2\/comments?post=36779"}],"version-history":[{"count":7,"href":"https:\/\/www.nsa.smsm.lt\/old\/wp-json\/wp\/v2\/pages\/36779\/revisions"}],"predecessor-version":[{"id":43165,"href":"https:\/\/www.nsa.smsm.lt\/old\/wp-json\/wp\/v2\/pages\/36779\/revisions\/43165"}],"up":[{"embeddable":true,"href":"https:\/\/www.nsa.smsm.lt\/old\/wp-json\/wp\/v2\/pages\/36698"}],"wp:attachment":[{"href":"https:\/\/www.nsa.smsm.lt\/old\/wp-json\/wp\/v2\/media?parent=36779"}],"curies":[{"name":"wp","href":"https:\/\/api.w.org\/{rel}","templated":true}]}}