{"id":36765,"date":"2023-09-28T17:27:39","date_gmt":"2023-09-28T15:27:39","guid":{"rendered":"https:\/\/www.nsa.smsm.lt\/old\/?page_id=36765"},"modified":"2023-09-28T17:30:22","modified_gmt":"2023-09-28T15:30:22","slug":"metines-veiklos-ataskaitos","status":"publish","type":"page","link":"https:\/\/www.nsa.smsm.lt\/old\/istaigu-vertinimas\/valstybine-svietimo-prieziura\/metines-veiklos-ataskaitos\/","title":{"rendered":"Metin\u0117s veiklos ataskaitos"},"content":{"rendered":"<ul>\n<li><a href=\"https:\/\/smsm.lrv.lt\/uploads\/smsm\/documents\/files\/veikla\/Ministerijos%20veiklos%20ataskaitos\/2020-03-30-KA1-8.pdf\" target=\"_blank\" rel=\"noopener\">2020 m. pa\u017eyma d\u0117l prie\u0161mokyklinio ugdymo programos \u012fgyvendinimo bendrojo ugdymo mokyklose, ikimokyklinio ugdymo ir kitose \u012fstaigose<\/a><\/li>\n<li><a href=\"https:\/\/smsm.lrv.lt\/uploads\/smsm\/documents\/files\/veikla\/Ministerijos%20veiklos%20ataskaitos\/2019-06-12-KA1-26.pdf\" target=\"_blank\" rel=\"noopener\">2019 m. pa\u017eyma d\u0117l vidurinio ugdymo programos \u012fgyvendinimo ma\u017eose gimnazijose<\/a><\/li>\n<li><a href=\"https:\/\/smsm.lrv.lt\/uploads\/smsm\/documents\/files\/veikla\/Ministerijos%20veiklos%20ataskaitos\/Pazyma_del_MEDUS_diegimo_pasirasyta.pdf\" target=\"_blank\" rel=\"noopener\">2019 m. pa\u017eyma d\u0117l etatinio mokytoj\u0173 darbo apmok\u0117jimo diegimo bendrojo ugdymo mokyklose<\/a><\/li>\n<li><a href=\"https:\/\/smsm.lrv.lt\/uploads\/smsm\/documents\/files\/veikla\/SLURS%20programos%20PAZYMA_2019.pdf\" target=\"_blank\" rel=\"noopener\">2018 m. pa\u017eyma\u00a0\u201eSveikatos ir lyti\u0161kumo ugdymo bei rengimo \u0161eimai bendroji programa&#8221;<\/a><\/li>\n<li><a href=\"https:\/\/smsm.lrv.lt\/uploads\/smsm\/documents\/files\/veikla\/Pa%C5%BEyma_%20D%C4%97l_licencijuojamos_veiklos_2018.pdf\" target=\"_blank\" rel=\"noopener\">2018 m.\u00a0pa\u017eyma d\u0117l formaliojo profesinio mokymo ir asmens \u012fgyt\u0173 kompetencij\u0173 organizavimo ir vykdymo<\/a><\/li>\n<li><a href=\"https:\/\/smsm.lrv.lt\/uploads\/smsm\/documents\/files\/veikla\/Pa%C5%BEyma_%20D%C4%97l%20bendrojo%20ugdymo%20organizavimo%20NM%20sured.pdf\" target=\"_blank\" rel=\"noopener\">2018 m. pa\u017eyma d\u0117l bendrojo ugdymo organizavimo nevalstybin\u0117se mokyklose<\/a><\/li>\n<li><a href=\"https:\/\/smsm.lrv.lt\/uploads\/smsm\/documents\/files\/veikla\/Pa%C5%BEyma_KK_gera_2018-02-01.pdf\" target=\"_blank\" rel=\"noopener\">2018 m. pa\u017eyma d\u0117l Eksperimentin\u0117s mokymo l\u0117\u0161\u0173 apskai\u010diavimo ir paskirstymo metodikos<\/a><\/li>\n<li><a href=\"https:\/\/smsm.lrv.lt\/uploads\/smsm\/documents\/files\/veikla\/Pa%C5%BEyma_D%C4%97l_licencijuojamos_veiklos_2017-10-04.pdf\" target=\"_blank\" rel=\"noopener\">2017 m. pa\u017eyma d\u0117l formaliojo profesinio mokymo organizavimo ir vykdymo<\/a><\/li>\n<li><a href=\"https:\/\/smsm.lrv.lt\/uploads\/smsm\/documents\/files\/SKM_4050170614132500-a.pdf\" target=\"_blank\" rel=\"noopener\">2017 m. pa\u017eyma d\u0117l SUP mokini\u0173 ugdymo bendrojo ugdymo mokyklose<\/a><\/li>\n<li><a href=\"https:\/\/smsm.lrv.lt\/uploads\/smsm\/documents\/files\/kiti\/3_Mokykl%C5%B3%20teikti%20duomenys%20apie%20%C4%AFsigytus%20vadov%C4%97lius.pdf\" target=\"_blank\" rel=\"noopener\">2016 m. duomen\u0173 apie vadov\u0117lius ir kitas mokymo priemones apibendrinimas<\/a><\/li>\n<li><a href=\"https:\/\/smsm.lrv.lt\/uploads\/smsm\/documents\/files\/veikla\/Pa%C5%BEyma_%20NV%C5%A0_galutin%C4%97.pdf\" target=\"_blank\" rel=\"noopener\">2015 m. pa\u017eyma d\u0117l neformaliojo vaik\u0173 \u0161vietimo l\u0117\u0161\u0173 skyrimo ir panaudojimo 2015 metams tvarkos apra\u0161o \u012fgyvendinimo<\/a>\n<ul>\n<li><a href=\"https:\/\/smsm.lrv.lt\/uploads\/smsm\/documents\/files\/veikla\/Priedai.pdf\" target=\"_blank\" rel=\"noopener\">Priedas<\/a><\/li>\n<\/ul>\n<\/li>\n<li><a href=\"https:\/\/smsm.lrv.lt\/uploads\/smsm\/documents\/files\/veikla\/Pazyma%202014-05-07.pdf\" target=\"_blank\" rel=\"noopener\">2014 m. pa\u017eyma d\u0117l reikalavim\u0173 mokytoj\u0173 kvalifikacijai \u012fgyvendinimo<\/a><\/li>\n<li><a href=\"https:\/\/smsm.lrv.lt\/uploads\/smsm\/documents\/files\/veikla\/Pazyma_bendrabuciai%5B1%5D.pdf\" target=\"_blank\" rel=\"noopener\">2013 m. pa\u017eyma d\u0117l speciali\u0173j\u0173 ir bendrojo ugdymo mokykl\u0173, turin\u010di\u0173 speciali\u0105sias klases, bendrabu\u010diuose gyvenan\u010di\u0173 mokini\u0173 skai\u010diaus ir pav\u0117\u017e\u0117jimo<\/a><\/li>\n<li><a href=\"https:\/\/smsm.lrv.lt\/uploads\/smsm\/documents\/files\/veikla\/Pa%C5%BEyma%20d%C4%97l%20MK%20tr%C5%ABkumo_departamento.pdf\" target=\"_blank\" rel=\"noopener\">2012 m. pa\u017eyma d\u0117l mokinio krep\u0161elio l\u0117\u0161\u0173 planavimo savivaldyb\u0117je<\/a><\/li>\n<\/ul>\n","protected":false},"excerpt":{"rendered":"<p>2020 m. pa\u017eyma d\u0117l prie\u0161mokyklinio ugdymo programos \u012fgyvendinimo bendrojo ugdymo mokyklose, ikimokyklinio ugdymo ir kitose \u012fstaigose 2019 m. pa\u017eyma d\u0117l vidurinio ugdymo programos \u012fgyvendinimo ma\u017eose gimnazijose 2019 m. pa\u017eyma d\u0117l etatinio mokytoj\u0173 darbo apmok\u0117jimo diegimo bendrojo ugdymo mokyklose 2018 m.&nbsp;<a href=\"https:\/\/www.nsa.smsm.lt\/old\/istaigu-vertinimas\/valstybine-svietimo-prieziura\/metines-veiklos-ataskaitos\/\" class=\"placiau\">Pla\u010diau <i class=\"fa fa-caret-right\"><\/i><\/a><\/p>\n","protected":false},"author":1,"featured_media":0,"parent":36698,"menu_order":0,"comment_status":"closed","ping_status":"closed","template":"page-istaigu-vertinimas.php","meta":{"_acf_changed":false,"footnotes":""},"class_list":["post-36765","page","type-page","status-publish","hentry"],"acf":[],"_links":{"self":[{"href":"https:\/\/www.nsa.smsm.lt\/old\/wp-json\/wp\/v2\/pages\/36765","targetHints":{"allow":["GET"]}}],"collection":[{"href":"https:\/\/www.nsa.smsm.lt\/old\/wp-json\/wp\/v2\/pages"}],"about":[{"href":"https:\/\/www.nsa.smsm.lt\/old\/wp-json\/wp\/v2\/types\/page"}],"author":[{"embeddable":true,"href":"https:\/\/www.nsa.smsm.lt\/old\/wp-json\/wp\/v2\/users\/1"}],"replies":[{"embeddable":true,"href":"https:\/\/www.nsa.smsm.lt\/old\/wp-json\/wp\/v2\/comments?post=36765"}],"version-history":[{"count":5,"href":"https:\/\/www.nsa.smsm.lt\/old\/wp-json\/wp\/v2\/pages\/36765\/revisions"}],"predecessor-version":[{"id":36770,"href":"https:\/\/www.nsa.smsm.lt\/old\/wp-json\/wp\/v2\/pages\/36765\/revisions\/36770"}],"up":[{"embeddable":true,"href":"https:\/\/www.nsa.smsm.lt\/old\/wp-json\/wp\/v2\/pages\/36698"}],"wp:attachment":[{"href":"https:\/\/www.nsa.smsm.lt\/old\/wp-json\/wp\/v2\/media?parent=36765"}],"curies":[{"name":"wp","href":"https:\/\/api.w.org\/{rel}","templated":true}]}}