{"id":36704,"date":"2024-01-15T06:46:09","date_gmt":"2024-01-15T04:46:09","guid":{"rendered":"https:\/\/www.nsa.smsm.lt\/old\/?page_id=36704"},"modified":"2024-01-15T11:38:08","modified_gmt":"2024-01-15T09:38:08","slug":"deklaracija-del-pirmuju-verslo-metu","status":"publish","type":"page","link":"https:\/\/www.nsa.smsm.lt\/old\/istaigu-vertinimas\/valstybine-svietimo-prieziura\/deklaracija-del-pirmuju-verslo-metu\/","title":{"rendered":"Deklaracija d\u0117l pirm\u0173j\u0173 verslo met\u0173"},"content":{"rendered":"<p>2011 m. did\u017eioji dauguma verslo prie\u017ei\u016bros institucij\u0173 pasira\u0161\u0117 Deklaracij\u0105 d\u0117l pirm\u0173j\u0173 verslo met\u0173. \u0160iuo dokumentu prie\u017ei\u016bros institucijos \u012fsipareigojo pirmaisiais \u012fmon\u0117s metais aktyviai teikti konsultacijas bei pagalb\u0105, padedant laikytis teis\u0117s akt\u0173, o ne skub\u0117ti skirti baudas.<\/p>\n<p>Ekonomikos ir inovacij\u0173 ministerijos ir Teisingumo ministerijos inicijuotoje deklaracijoje institucijos \u012fsipareigojo kiekvienai nauj\u0105 veikl\u0105 prad\u0117jusiai \u012fmonei netaikyti baud\u0173 ar veiklos ribojim\u0173. Nusta\u010dius pa\u017eeidim\u0173, pirmiausia nustatomas terminas jiems i\u0161taisyti, kuris, atsi\u017evelgus \u012f aplinkybes, gali b\u016bti ir prat\u0119siamas.<\/p>\n<p>Baudos ar veiklos apribojimai taikomi tik i\u0161imtinais atvejais, kaip paskutin\u0117 priemon\u0117, \u012fvertinus, ar teis\u0117s akt\u0173 reikalavim\u0173 laikymasis negali b\u016bti u\u017etikrintas kitais b\u016bdais. Deklaracija pasira\u0161yta siekiant gerinti verslo aplink\u0105, skatinti darbo viet\u0173 k\u016brim\u0105 ir i\u0161saugojim\u0105, ma\u017einti administracin\u0119 na\u0161t\u0105 verslui.<\/p>\n<ul>\n<li><a href=\"http:\/\/eimin.lrv.lt\/uploads\/eimin\/documents\/files\/DEKLARACIJA_2015%20(3).pdf\"><b><span data-contrast=\"none\">Deklaracija d\u0117l pirm\u0173j\u0173 verslo met\u0173<\/span><\/b><\/a><\/li>\n<li><a href=\"https:\/\/www.nsa.smsm.lt\/old\/old\/wp-content\/uploads\/2024\/01\/Prieziuros-institucijos-2023-12-21.pdf\"><b>Prie\u017ei\u016bros institucijos, kurios taiko Deklaracij\u0105 d\u0117l pirm\u0173j\u0173 verslo met\u0173<\/b><\/a><\/li>\n<li><a href=\"https:\/\/www.e-tar.lt\/portal\/lt\/legalAct\/TAR.A068B0DB0CD5\/asr\"><b><span data-contrast=\"none\">\u012estaigos prie ministerij\u0173<\/span><\/b><\/a><\/li>\n<li><a href=\"https:\/\/www.nsa.smsm.lt\/old\/old\/wp-content\/uploads\/2024\/01\/EIM-rastas.pdf\"><b>D\u0117l deklaracijos \u012fgyvendinimo<\/b><\/a><\/li>\n<\/ul>\n<p>Institucijos, norin\u010dios prisijungti prie Deklaracijos d\u0117l pirm\u0173j\u0173 verslo met\u0173, ra\u0161tu pateikia pra\u0161ym\u0105 Ekonomikos ir inovacij\u0173 ministerijai. Tokiu b\u016bdu prisijungdama prie Deklaracijos d\u0117l pirm\u0173j\u0173 verslo met\u0173, institucija \u012fsipareigoja imtis priemoni\u0173, kuriomis b\u016bt\u0173 \u012fgyvendinamos Deklaracijos nuostatos.<\/p>\n","protected":false},"excerpt":{"rendered":"<p>2011 m. did\u017eioji dauguma verslo prie\u017ei\u016bros institucij\u0173 pasira\u0161\u0117 Deklaracij\u0105 d\u0117l pirm\u0173j\u0173 verslo met\u0173. \u0160iuo dokumentu prie\u017ei\u016bros institucijos \u012fsipareigojo pirmaisiais \u012fmon\u0117s metais aktyviai teikti konsultacijas bei pagalb\u0105, padedant laikytis teis\u0117s akt\u0173, o ne skub\u0117ti skirti baudas. Ekonomikos ir inovacij\u0173 ministerijos ir&nbsp;<a href=\"https:\/\/www.nsa.smsm.lt\/old\/istaigu-vertinimas\/valstybine-svietimo-prieziura\/deklaracija-del-pirmuju-verslo-metu\/\" class=\"placiau\">Pla\u010diau <i class=\"fa fa-caret-right\"><\/i><\/a><\/p>\n","protected":false},"author":1,"featured_media":0,"parent":36698,"menu_order":0,"comment_status":"closed","ping_status":"closed","template":"page-istaigu-vertinimas.php","meta":{"_acf_changed":false,"footnotes":""},"class_list":["post-36704","page","type-page","status-publish","hentry"],"acf":[],"_links":{"self":[{"href":"https:\/\/www.nsa.smsm.lt\/old\/wp-json\/wp\/v2\/pages\/36704","targetHints":{"allow":["GET"]}}],"collection":[{"href":"https:\/\/www.nsa.smsm.lt\/old\/wp-json\/wp\/v2\/pages"}],"about":[{"href":"https:\/\/www.nsa.smsm.lt\/old\/wp-json\/wp\/v2\/types\/page"}],"author":[{"embeddable":true,"href":"https:\/\/www.nsa.smsm.lt\/old\/wp-json\/wp\/v2\/users\/1"}],"replies":[{"embeddable":true,"href":"https:\/\/www.nsa.smsm.lt\/old\/wp-json\/wp\/v2\/comments?post=36704"}],"version-history":[{"count":6,"href":"https:\/\/www.nsa.smsm.lt\/old\/wp-json\/wp\/v2\/pages\/36704\/revisions"}],"predecessor-version":[{"id":37951,"href":"https:\/\/www.nsa.smsm.lt\/old\/wp-json\/wp\/v2\/pages\/36704\/revisions\/37951"}],"up":[{"embeddable":true,"href":"https:\/\/www.nsa.smsm.lt\/old\/wp-json\/wp\/v2\/pages\/36698"}],"wp:attachment":[{"href":"https:\/\/www.nsa.smsm.lt\/old\/wp-json\/wp\/v2\/media?parent=36704"}],"curies":[{"name":"wp","href":"https:\/\/api.w.org\/{rel}","templated":true}]}}