{"id":36698,"date":"2023-09-28T10:08:41","date_gmt":"2023-09-28T08:08:41","guid":{"rendered":"https:\/\/www.nsa.smsm.lt\/old\/?page_id=36698"},"modified":"2023-09-28T10:45:40","modified_gmt":"2023-09-28T08:45:40","slug":"valstybine-svietimo-prieziura","status":"publish","type":"page","link":"https:\/\/www.nsa.smsm.lt\/old\/istaigu-vertinimas\/valstybine-svietimo-prieziura\/","title":{"rendered":"Valstybin\u0117 \u0161vietimo prie\u017ei\u016bra"},"content":{"rendered":"","protected":false},"excerpt":{"rendered":"","protected":false},"author":1,"featured_media":0,"parent":10099,"menu_order":0,"comment_status":"closed","ping_status":"closed","template":"page-istaigu-vertinimas.php","meta":{"_acf_changed":false,"footnotes":""},"class_list":["post-36698","page","type-page","status-publish","hentry"],"acf":[],"_links":{"self":[{"href":"https:\/\/www.nsa.smsm.lt\/old\/wp-json\/wp\/v2\/pages\/36698","targetHints":{"allow":["GET"]}}],"collection":[{"href":"https:\/\/www.nsa.smsm.lt\/old\/wp-json\/wp\/v2\/pages"}],"about":[{"href":"https:\/\/www.nsa.smsm.lt\/old\/wp-json\/wp\/v2\/types\/page"}],"author":[{"embeddable":true,"href":"https:\/\/www.nsa.smsm.lt\/old\/wp-json\/wp\/v2\/users\/1"}],"replies":[{"embeddable":true,"href":"https:\/\/www.nsa.smsm.lt\/old\/wp-json\/wp\/v2\/comments?post=36698"}],"version-history":[{"count":3,"href":"https:\/\/www.nsa.smsm.lt\/old\/wp-json\/wp\/v2\/pages\/36698\/revisions"}],"predecessor-version":[{"id":36703,"href":"https:\/\/www.nsa.smsm.lt\/old\/wp-json\/wp\/v2\/pages\/36698\/revisions\/36703"}],"up":[{"embeddable":true,"href":"https:\/\/www.nsa.smsm.lt\/old\/wp-json\/wp\/v2\/pages\/10099"}],"wp:attachment":[{"href":"https:\/\/www.nsa.smsm.lt\/old\/wp-json\/wp\/v2\/media?parent=36698"}],"curies":[{"name":"wp","href":"https:\/\/api.w.org\/{rel}","templated":true}]}}