{"id":36039,"date":"2024-01-09T07:02:46","date_gmt":"2024-01-09T05:02:46","guid":{"rendered":"https:\/\/www.nsa.smsm.lt\/old\/?page_id=36039"},"modified":"2024-09-04T09:57:57","modified_gmt":"2024-09-04T07:57:57","slug":"gimtosios-kalbos","status":"publish","type":"page","link":"https:\/\/www.nsa.smsm.lt\/old\/egzaminai-ir-pasiekimu-patikrinimai\/2024-2025-m-pasiekimu-patikrinimai\/gimtosios-kalbos\/","title":{"rendered":"Gimtosios kalbos"},"content":{"rendered":"<h2>2023 &#8211; 2024 m. m.<\/h2>\n<p><a href=\"https:\/\/beta.etestavimas.lt\/tests\/view\/2861293ae160\/444\">Rus\u0173 tautin\u0117s ma\u017eumos gimtosios kalbos ir literat\u016bros tarpinio patikrinimo u\u017eduoties pavyzdys<\/a><\/p>\n<p><a href=\"https:\/\/www.nsa.smsm.lt\/old\/old\/wp-content\/uploads\/2023\/09\/RUS_TP_atsakymai.pdf\">Rus\u0173 tautin\u0117s ma\u017eumos gimtosios kalbos ir literat\u016bros tarpinio patikrinimo u\u017eduoties pavyzd\u017eio vertinimo instrukcija<\/a><\/p>\n<p><a href=\"https:\/\/www.nsa.smsm.lt\/old\/old\/wp-content\/uploads\/2023\/11\/Rusu_gimt_BE_pvz_2023.pdf\">Rus\u0173 tautin\u0117s ma\u017eumos gimtosios kalbos ir literat\u016bros brandos egzamino u\u017eduoties pavyzdys<\/a><\/p>\n<p><a href=\"https:\/\/www.nsa.smsm.lt\/old\/old\/wp-content\/uploads\/2023\/11\/Rusu_gimt_BE_pvz_vert_instr_2023.pdf\">Rus\u0173 tautin\u0117s ma\u017eumos gimtosios kalbos ir literat\u016bros brandos egzamino u\u017eduoties pavyzd\u017eio vertinimo instrukcija<\/a><\/p>\n<p><a href=\"https:\/\/www.nsa.smsm.lt\/old\/old\/wp-content\/uploads\/2023\/11\/RU_gimt_BE_pvz_AL_A3_2023.pdf\">Rus\u0173 tautin\u0117s ma\u017eumos gimtosios kalbos ir literat\u016bros brandos egzamino u\u017eduoties pavyzd\u017eio atsakym\u0173 lapas (A3)<\/a><\/p>\n<p><a href=\"https:\/\/beta.etestavimas.lt\/tests\/view\/386f8b8243f0\/456\">Lenk\u0173 tautin\u0117s ma\u017eumos gimtosios kalbos ir literat\u016bros tarpinis patikrinimas<\/a><\/p>\n<p><a href=\"https:\/\/www.nsa.smsm.lt\/old\/old\/wp-content\/uploads\/2023\/11\/Lenku_BE-uzduoties-pavyzdys_2023.pdf\">Lenk\u0173 tautin\u0117s ma\u017eumos gimtosios kalbos ir literat\u016bros brandos egzamino u\u017eduoties pavyzdys<\/a><\/p>\n<p><a href=\"https:\/\/www.nsa.smsm.lt\/old\/old\/wp-content\/uploads\/2023\/11\/Lenku_BE_uzduoties_pavyzdzio_priedas.pdf\">Lenk\u0173 tautin\u0117s ma\u017eumos gimtosios kalbos ir literat\u016bros brandos egzamino u\u017eduoties pavyzd\u017eio priedas<\/a><\/p>\n<p><a href=\"https:\/\/www.nsa.smsm.lt\/old\/old\/wp-content\/uploads\/2023\/11\/Lenku_BE_uzduoties_pavyzdzio_vert_instr-2023.pdf\">Lenk\u0173 tautin\u0117s ma\u017eumos gimtosios kalbos ir literat\u016bros brandos egzamino u\u017eduoties pavyzd\u017eio vertinimo instrukcija<\/a><\/p>\n<p><a href=\"https:\/\/www.nsa.smsm.lt\/old\/old\/wp-content\/uploads\/2023\/11\/Lenku_BE_uzduoties_pavyzdzio_AL_A3_2023.pdf\">Lenk\u0173 tautin\u0117s ma\u017eumos gimtosios kalbos ir literat\u016bros brandos egzamino u\u017eduoties pavyzd\u017eio atsakym\u0173 lapas (A3)<\/a><\/p>\n","protected":false},"excerpt":{"rendered":"<p>2023 &#8211; 2024 m. m. Rus\u0173 tautin\u0117s ma\u017eumos gimtosios kalbos ir literat\u016bros tarpinio patikrinimo u\u017eduoties pavyzdys Rus\u0173 tautin\u0117s ma\u017eumos gimtosios kalbos ir literat\u016bros tarpinio patikrinimo u\u017eduoties pavyzd\u017eio vertinimo instrukcija Rus\u0173 tautin\u0117s ma\u017eumos gimtosios kalbos ir literat\u016bros brandos egzamino u\u017eduoties pavyzdys&nbsp;<a href=\"https:\/\/www.nsa.smsm.lt\/old\/egzaminai-ir-pasiekimu-patikrinimai\/2024-2025-m-pasiekimu-patikrinimai\/gimtosios-kalbos\/\" class=\"placiau\">Pla\u010diau <i class=\"fa fa-caret-right\"><\/i><\/a><\/p>\n","protected":false},"author":1,"featured_media":0,"parent":34932,"menu_order":0,"comment_status":"closed","ping_status":"closed","template":"page-2024pasiekimas.php","meta":{"_acf_changed":false,"footnotes":""},"class_list":["post-36039","page","type-page","status-publish","hentry"],"acf":[],"_links":{"self":[{"href":"https:\/\/www.nsa.smsm.lt\/old\/wp-json\/wp\/v2\/pages\/36039","targetHints":{"allow":["GET"]}}],"collection":[{"href":"https:\/\/www.nsa.smsm.lt\/old\/wp-json\/wp\/v2\/pages"}],"about":[{"href":"https:\/\/www.nsa.smsm.lt\/old\/wp-json\/wp\/v2\/types\/page"}],"author":[{"embeddable":true,"href":"https:\/\/www.nsa.smsm.lt\/old\/wp-json\/wp\/v2\/users\/1"}],"replies":[{"embeddable":true,"href":"https:\/\/www.nsa.smsm.lt\/old\/wp-json\/wp\/v2\/comments?post=36039"}],"version-history":[{"count":9,"href":"https:\/\/www.nsa.smsm.lt\/old\/wp-json\/wp\/v2\/pages\/36039\/revisions"}],"predecessor-version":[{"id":40705,"href":"https:\/\/www.nsa.smsm.lt\/old\/wp-json\/wp\/v2\/pages\/36039\/revisions\/40705"}],"up":[{"embeddable":true,"href":"https:\/\/www.nsa.smsm.lt\/old\/wp-json\/wp\/v2\/pages\/34932"}],"wp:attachment":[{"href":"https:\/\/www.nsa.smsm.lt\/old\/wp-json\/wp\/v2\/media?parent=36039"}],"curies":[{"name":"wp","href":"https:\/\/api.w.org\/{rel}","templated":true}]}}