{"id":35967,"date":"2024-01-09T08:11:08","date_gmt":"2024-01-09T06:11:08","guid":{"rendered":"https:\/\/www.nsa.smsm.lt\/old\/?page_id=35967"},"modified":"2024-09-06T07:41:36","modified_gmt":"2024-09-06T05:41:36","slug":"biologija","status":"publish","type":"page","link":"https:\/\/www.nsa.smsm.lt\/old\/egzaminai-ir-pasiekimu-patikrinimai\/2024-2025-m-pasiekimu-patikrinimai\/biologija\/","title":{"rendered":"Biologija"},"content":{"rendered":"<h2>2024 &#8211; 2025 m. m.<\/h2>\n<p><a href=\"https:\/\/beta.etestavimas.lt\/tests\/view\/1eeb142af6b5\/544\">Biologijos valstybinio brandos egzamino pirma dalis. U\u017eduoties pavyzdys<\/a><\/p>\n<p><a href=\"https:\/\/www.nsa.smsm.lt\/old\/old\/wp-content\/uploads\/2024\/09\/1-dalies-VBE-Biologija-vertinimo-instrukcija_FIN.pdf\">Biologijos valstybinio brandos egzamino pirmos dalies kandidat\u0173 darb\u0173 vertinimo instrukcija<\/a><\/p>\n<p><a href=\"https:\/\/www.nsa.smsm.lt\/old\/old\/wp-content\/uploads\/2024\/09\/BIOLOGIJA_2-dalies-VBE-uzduotis_FIN-1.pdf\">Biologijos valstybinio brandos egzamino antros dalies u\u017eduotis<\/a><\/p>\n<p><a href=\"https:\/\/www.nsa.smsm.lt\/old\/old\/wp-content\/uploads\/2024\/09\/BIOLOGIJA_2-dalies-VBE-vertinimo-instrukcija_FIN-1.pdf\">Biologijos valstybinio brandos egzamino antros dalies kandidat\u0173 darb\u0173 vertinimo instrukcija<\/a><\/p>\n<h2>2023 &#8211; 2024 m. m.<\/h2>\n<p><a href=\"https:\/\/beta.etestavimas.lt\/tests\/view\/4ab3a0ca9e72\/443\">Biologijos tarpinio patikrinimo u\u017eduoties pavyzdys<\/a><\/p>\n<p><a href=\"https:\/\/www.nsa.smsm.lt\/old\/old\/wp-content\/uploads\/2023\/09\/BIOLOGIJA_TP_atsakymai.pdf\">Biologijos tarpinio patikrinimo u\u017eduoties pavyzd\u017eio vertinimo instrukcija<\/a><\/p>\n","protected":false},"excerpt":{"rendered":"<p>2024 &#8211; 2025 m. m. Biologijos valstybinio brandos egzamino pirma dalis. U\u017eduoties pavyzdys Biologijos valstybinio brandos egzamino pirmos dalies kandidat\u0173 darb\u0173 vertinimo instrukcija Biologijos valstybinio brandos egzamino antros dalies u\u017eduotis Biologijos valstybinio brandos egzamino antros dalies kandidat\u0173 darb\u0173 vertinimo instrukcija&nbsp;<a href=\"https:\/\/www.nsa.smsm.lt\/old\/egzaminai-ir-pasiekimu-patikrinimai\/2024-2025-m-pasiekimu-patikrinimai\/biologija\/\" class=\"placiau\">Pla\u010diau <i class=\"fa fa-caret-right\"><\/i><\/a><\/p>\n","protected":false},"author":1,"featured_media":0,"parent":34932,"menu_order":0,"comment_status":"closed","ping_status":"closed","template":"page-2024pasiekimas.php","meta":{"_acf_changed":false,"footnotes":""},"class_list":["post-35967","page","type-page","status-publish","hentry"],"acf":[],"_links":{"self":[{"href":"https:\/\/www.nsa.smsm.lt\/old\/wp-json\/wp\/v2\/pages\/35967","targetHints":{"allow":["GET"]}}],"collection":[{"href":"https:\/\/www.nsa.smsm.lt\/old\/wp-json\/wp\/v2\/pages"}],"about":[{"href":"https:\/\/www.nsa.smsm.lt\/old\/wp-json\/wp\/v2\/types\/page"}],"author":[{"embeddable":true,"href":"https:\/\/www.nsa.smsm.lt\/old\/wp-json\/wp\/v2\/users\/1"}],"replies":[{"embeddable":true,"href":"https:\/\/www.nsa.smsm.lt\/old\/wp-json\/wp\/v2\/comments?post=35967"}],"version-history":[{"count":6,"href":"https:\/\/www.nsa.smsm.lt\/old\/wp-json\/wp\/v2\/pages\/35967\/revisions"}],"predecessor-version":[{"id":40733,"href":"https:\/\/www.nsa.smsm.lt\/old\/wp-json\/wp\/v2\/pages\/35967\/revisions\/40733"}],"up":[{"embeddable":true,"href":"https:\/\/www.nsa.smsm.lt\/old\/wp-json\/wp\/v2\/pages\/34932"}],"wp:attachment":[{"href":"https:\/\/www.nsa.smsm.lt\/old\/wp-json\/wp\/v2\/media?parent=35967"}],"curies":[{"name":"wp","href":"https:\/\/api.w.org\/{rel}","templated":true}]}}