{"id":35947,"date":"2024-01-26T07:59:09","date_gmt":"2024-01-26T05:59:09","guid":{"rendered":"https:\/\/www.nsa.smsm.lt\/old\/?page_id=35947"},"modified":"2024-10-14T15:17:23","modified_gmt":"2024-10-14T13:17:23","slug":"filosofija","status":"publish","type":"page","link":"https:\/\/www.nsa.smsm.lt\/old\/egzaminai-ir-pasiekimu-patikrinimai\/2024-2025-m-pasiekimu-patikrinimai\/filosofija\/","title":{"rendered":"Filosofija"},"content":{"rendered":"<h2>2024 &#8211; 2025 m. m.<\/h2>\n<p><a href=\"https:\/\/beta.etestavimas.lt\/tests\/view\/5e433f6e59f8\/548\">Filosofijos valstybinio brandos egzamino pirma dalis. U\u017eduoties pavyzdys<\/a><\/p>\n<p><a href=\"https:\/\/www.nsa.smsm.lt\/old\/old\/wp-content\/uploads\/2024\/09\/FIL_pav_VBE1_vertinimo-instrukcija_ok.pdf\">Filosofijos valstybinio brandos egzamino pirmos dalies kandidat\u0173 darb\u0173 vertinimo instrukcija<\/a><\/p>\n<p><a href=\"https:\/\/www.nsa.smsm.lt\/old\/old\/wp-content\/uploads\/2024\/09\/FIL_pav_VBE2_ok.pdf\">Filosofijos valstybinio brandos egzamino antros dalies u\u017eduotis<\/a><\/p>\n<p><a href=\"https:\/\/www.nsa.smsm.lt\/old\/old\/wp-content\/uploads\/2024\/10\/FIL_Ese_PVZ-visi-lygiai_FIN.pdf\">Filosofijos valstybinio brandos egzamino antros dalies samprotaujamo pob\u016bd\u017eio teksto (filosofinio es\u0117) k\u016brimo u\u017eduotis ir jos atliktys<\/a><\/p>\n<p><a href=\"https:\/\/www.nsa.smsm.lt\/old\/old\/wp-content\/uploads\/2024\/09\/FIL_pav_VBE2_vertinimo-instrukcija_ok.pdf\">Filosofijos valstybinio brandos egzamino antros dalies kandidat\u0173 darb\u0173 vertinimo instrukcija<\/a><\/p>\n<h2>2023 &#8211; 2024 m. m.<\/h2>\n<p><a href=\"https:\/\/beta.etestavimas.lt\/tests\/view\/a5b641747ccc\/434\">Filosofijos tarpinio patikrinimo u\u017eduoties pavyzdys<\/a><\/p>\n<p><a href=\"https:\/\/www.nsa.smsm.lt\/old\/old\/wp-content\/uploads\/2023\/11\/2023_FIL_VBE_pavyzdys_red-R.pdf\">Filosofijos brandos egzamino u\u017eduoties pavyzdys<\/a><\/p>\n<p><a href=\"https:\/\/www.nsa.smsm.lt\/old\/old\/wp-content\/uploads\/2023\/08\/FILOSOFIJOS-ese-vertinimo-kriterijai_2023-08-17.pdf\">Filosofijos brandos egzamino vertinimo kriterijai<\/a><\/p>\n<p><a href=\"https:\/\/www.nsa.smsm.lt\/old\/old\/wp-content\/uploads\/2023\/09\/FILOSOFIJA_TP_atsakymai.pdf\">Filosofijos tarpinio patikrinimo u\u017eduoties pavyzd\u017eio vertinimo instrukcija<\/a><\/p>\n<p><a href=\"https:\/\/www.nsa.smsm.lt\/old\/old\/wp-content\/uploads\/2023\/11\/2023_FIL_BE_pavyzdys_vertinimas_red-R.pdf\">Filosofijos brandos egzamino u\u017eduoties pavyzd\u017eio vertinimo instrukcija<\/a><\/p>\n","protected":false},"excerpt":{"rendered":"<p>2024 &#8211; 2025 m. m. Filosofijos valstybinio brandos egzamino pirma dalis. U\u017eduoties pavyzdys Filosofijos valstybinio brandos egzamino pirmos dalies kandidat\u0173 darb\u0173 vertinimo instrukcija Filosofijos valstybinio brandos egzamino antros dalies u\u017eduotis Filosofijos valstybinio brandos egzamino antros dalies samprotaujamo pob\u016bd\u017eio teksto (filosofinio&nbsp;<a href=\"https:\/\/www.nsa.smsm.lt\/old\/egzaminai-ir-pasiekimu-patikrinimai\/2024-2025-m-pasiekimu-patikrinimai\/filosofija\/\" class=\"placiau\">Pla\u010diau <i class=\"fa fa-caret-right\"><\/i><\/a><\/p>\n","protected":false},"author":1,"featured_media":0,"parent":34932,"menu_order":0,"comment_status":"closed","ping_status":"closed","template":"page-2024pasiekimas.php","meta":{"_acf_changed":false,"footnotes":""},"class_list":["post-35947","page","type-page","status-publish","hentry"],"acf":[],"_links":{"self":[{"href":"https:\/\/www.nsa.smsm.lt\/old\/wp-json\/wp\/v2\/pages\/35947","targetHints":{"allow":["GET"]}}],"collection":[{"href":"https:\/\/www.nsa.smsm.lt\/old\/wp-json\/wp\/v2\/pages"}],"about":[{"href":"https:\/\/www.nsa.smsm.lt\/old\/wp-json\/wp\/v2\/types\/page"}],"author":[{"embeddable":true,"href":"https:\/\/www.nsa.smsm.lt\/old\/wp-json\/wp\/v2\/users\/1"}],"replies":[{"embeddable":true,"href":"https:\/\/www.nsa.smsm.lt\/old\/wp-json\/wp\/v2\/comments?post=35947"}],"version-history":[{"count":12,"href":"https:\/\/www.nsa.smsm.lt\/old\/wp-json\/wp\/v2\/pages\/35947\/revisions"}],"predecessor-version":[{"id":41213,"href":"https:\/\/www.nsa.smsm.lt\/old\/wp-json\/wp\/v2\/pages\/35947\/revisions\/41213"}],"up":[{"embeddable":true,"href":"https:\/\/www.nsa.smsm.lt\/old\/wp-json\/wp\/v2\/pages\/34932"}],"wp:attachment":[{"href":"https:\/\/www.nsa.smsm.lt\/old\/wp-json\/wp\/v2\/media?parent=35947"}],"curies":[{"name":"wp","href":"https:\/\/api.w.org\/{rel}","templated":true}]}}