{"id":35831,"date":"2024-05-14T06:11:26","date_gmt":"2024-05-14T04:11:26","guid":{"rendered":"https:\/\/www.nsa.smsm.lt\/old\/?page_id=35831"},"modified":"2025-02-27T13:46:47","modified_gmt":"2025-02-27T11:46:47","slug":"istorija","status":"publish","type":"page","link":"https:\/\/www.nsa.smsm.lt\/old\/egzaminai-ir-pasiekimu-patikrinimai\/2024-2025-m-pasiekimu-patikrinimai\/istorija\/","title":{"rendered":"Istorija"},"content":{"rendered":"<h2>2025\u20132026 m. m.<\/h2>\n<p><a href=\"https:\/\/beta.etestavimas.lt\/tests\/view\/b8aa9b64953a\/543\">Istorijos valstybinio brandos egzamino pirmos dalies u\u017eduoties pavyzdys<\/a><\/p>\n<p><a href=\"https:\/\/www.nsa.smsm.lt\/old\/old\/wp-content\/uploads\/2024\/09\/IST_pav_VBE1_vertinimo-instrukcija_ok.pdf\">Istorijos valstybinio brandos egzamino pirmos dalies u\u017eduoties pavyzd\u017eio vertinimo instrukcija<\/a><\/p>\n<p><a href=\"https:\/\/www.nsa.smsm.lt\/old\/old\/wp-content\/uploads\/2024\/09\/IST_pav_VBE2_ok.pdf\">Istorijos valstybinio brandos egzamino antros dalies u\u017eduoties pavyzdys<\/a><\/p>\n<p><a href=\"https:\/\/www.nsa.smsm.lt\/old\/old\/wp-content\/uploads\/2024\/09\/IST_pav_VBE2_vertinimo-instrukcija_ok.pdf\">Istorijos valstybinio brandos egzamino antros dalies u\u017eduoties pavyzd\u017eio vertinimo instrukcija<\/a><\/p>\n<p><a href=\"https:\/\/www.nsa.smsm.lt\/old\/old\/wp-content\/uploads\/2024\/10\/IST_rasinys_PVZvisi-lygiai_BG.pdf\">Istorijos samprotaujamojo pob\u016bd\u017eio teksto (ra\u0161inio) k\u016brimo bandomoji u\u017eduotis III g klas\u0117je ir jos atliktys<\/a><\/p>\n<p><a href=\"https:\/\/www.nsa.smsm.lt\/old\/old\/wp-content\/uploads\/2024\/10\/Rasiniai-IV-g-klasei.pdf\">Istorijos samprotaujamojo pob\u016bd\u017eio teksto (ra\u0161inio) k\u016brimo u\u017eduotys IV g klas\u0117je<\/a><\/p>\n<p><a href=\"https:\/\/www.nsa.smsm.lt\/old\/old\/wp-content\/uploads\/2024\/09\/IST_pav_VBE2_rasinio-vertinimo-kriterijai_projektas.pdf\">Istorijos samprotaujamojo pob\u016bd\u017eio teksto (ra\u0161inio) k\u016brimo vertinimo kriterij\u0173 projektas<\/a><\/p>\n<p><a href=\"https:\/\/www.nsa.smsm.lt\/old\/old\/wp-content\/uploads\/2025\/02\/Istorijos-samprotaujamojo-teksto-rasinio-vertinimo-kriterijai-projektas-2025-01-30.pdf\" target=\"_blank\" rel=\"noopener\">Istorijos samprotaujamojo teksto (ra\u0161inio) vertinimo kriterijai (projektas, 2025-01-30)<\/a><\/p>\n<div>\n<div>\n<h2>2024\u20132025 m. m.<\/h2>\n<\/div>\n<div><a href=\"https:\/\/www.nsa.smsm.lt\/old\/old\/wp-content\/uploads\/2025\/02\/IST_pav_VBE2_2024-2025_ok_EB_RL_AR-1.pdf\">Istorijos valstybinio brandos egzamino antros dalies u\u017eduoties pavyzdys<\/a><br \/>\n<a href=\"https:\/\/www.nsa.smsm.lt\/old\/old\/wp-content\/uploads\/2024\/09\/IST_pav_VBE2_vertinimo-instrukcija_ok2024-2025_EB_RL_AR.pdf\">Istorijos valstybinio brandos egzamino antros dalies u\u017eduoties pavyzd\u017eio vertinimo instrukcija<\/a><\/p>\n<\/div>\n<\/div>\n<h2>2023\u20132024 m. m.<\/h2>\n<p><a href=\"https:\/\/beta.etestavimas.lt\/tests\/view\/afedf966f9b2\/436\">Istorijos tarpinio patikrinimo u\u017eduoties pavyzdys<\/a><\/p>\n<p><a href=\"https:\/\/www.nsa.smsm.lt\/old\/old\/wp-content\/uploads\/2023\/09\/ISTORIJA_TP_atsakymai.pdf\">Istorijos tarpinio patikrinimo u\u017eduoties pavyzd\u017eio vertinimo instrukcija<\/a><\/p>\n<p><a href=\"https:\/\/www.nsa.smsm.lt\/old\/old\/wp-content\/uploads\/2023\/08\/2023_IST_VBE_rasinys_pavyzdys.pdf\">Istorijos brandos egzamino istorinio pasakojimo k\u016brimo (samprotaujamojo pob\u016bd\u017eio teksto) u\u017eduoties pavyzdys<\/a><\/p>\n<p><a href=\"https:\/\/www.nsa.smsm.lt\/old\/old\/wp-content\/uploads\/2023\/12\/ISTORIJOS_rasinio_kriterijai_2023-12-18.pdf\">Istorijos brandos egzamino istorinio pasakojimo k\u016brimo (samprotaujamojo pob\u016bd\u017eio teksto) u\u017eduoties pavyzd\u017eio vertinimo kriterij\u0173 projektas<\/a><\/p>\n<p><a href=\"https:\/\/www.nsa.smsm.lt\/old\/old\/wp-content\/uploads\/2023\/07\/Istorijos-TP-ir-VBE-turinio-ir-pasiekimu-procentai-uzduotyje.pptx\">Istorijos tarpinio patikrinimo ir brandos egzamino mokymo(si) turinio ir pasiekim\u0173 procentai u\u017eduotyje<\/a><\/p>\n<p><a href=\"https:\/\/www.nsa.smsm.lt\/old\/old\/wp-content\/uploads\/2024\/05\/uzduotis-samprotaujamojo-pobudzio-teksto-kurimui-2024-04-17.pdf\">Metodin\u0117 med\u017eiaga samprotaujamojo pob\u016bd\u017eio teksto k\u016brimui (istorijos ra\u0161iniui)<\/a><\/p>\n","protected":false},"excerpt":{"rendered":"<p>2025\u20132026 m. m. Istorijos valstybinio brandos egzamino pirmos dalies u\u017eduoties pavyzdys Istorijos valstybinio brandos egzamino pirmos dalies u\u017eduoties pavyzd\u017eio vertinimo instrukcija Istorijos valstybinio brandos egzamino antros dalies u\u017eduoties pavyzdys Istorijos valstybinio brandos egzamino antros dalies u\u017eduoties pavyzd\u017eio vertinimo instrukcija Istorijos&nbsp;<a href=\"https:\/\/www.nsa.smsm.lt\/old\/egzaminai-ir-pasiekimu-patikrinimai\/2024-2025-m-pasiekimu-patikrinimai\/istorija\/\" class=\"placiau\">Pla\u010diau <i class=\"fa fa-caret-right\"><\/i><\/a><\/p>\n","protected":false},"author":1,"featured_media":0,"parent":34932,"menu_order":0,"comment_status":"closed","ping_status":"closed","template":"page-2024pasiekimas.php","meta":{"_acf_changed":false,"footnotes":""},"class_list":["post-35831","page","type-page","status-publish","hentry"],"acf":[],"_links":{"self":[{"href":"https:\/\/www.nsa.smsm.lt\/old\/wp-json\/wp\/v2\/pages\/35831","targetHints":{"allow":["GET"]}}],"collection":[{"href":"https:\/\/www.nsa.smsm.lt\/old\/wp-json\/wp\/v2\/pages"}],"about":[{"href":"https:\/\/www.nsa.smsm.lt\/old\/wp-json\/wp\/v2\/types\/page"}],"author":[{"embeddable":true,"href":"https:\/\/www.nsa.smsm.lt\/old\/wp-json\/wp\/v2\/users\/1"}],"replies":[{"embeddable":true,"href":"https:\/\/www.nsa.smsm.lt\/old\/wp-json\/wp\/v2\/comments?post=35831"}],"version-history":[{"count":27,"href":"https:\/\/www.nsa.smsm.lt\/old\/wp-json\/wp\/v2\/pages\/35831\/revisions"}],"predecessor-version":[{"id":42433,"href":"https:\/\/www.nsa.smsm.lt\/old\/wp-json\/wp\/v2\/pages\/35831\/revisions\/42433"}],"up":[{"embeddable":true,"href":"https:\/\/www.nsa.smsm.lt\/old\/wp-json\/wp\/v2\/pages\/34932"}],"wp:attachment":[{"href":"https:\/\/www.nsa.smsm.lt\/old\/wp-json\/wp\/v2\/media?parent=35831"}],"curies":[{"name":"wp","href":"https:\/\/api.w.org\/{rel}","templated":true}]}}