{"id":35818,"date":"2024-02-27T07:47:54","date_gmt":"2024-02-27T05:47:54","guid":{"rendered":"https:\/\/www.nsa.smsm.lt\/old\/?page_id=35818"},"modified":"2025-03-21T10:55:07","modified_gmt":"2025-03-21T08:55:07","slug":"matematika","status":"publish","type":"page","link":"https:\/\/www.nsa.smsm.lt\/old\/egzaminai-ir-pasiekimu-patikrinimai\/2024-2025-m-pasiekimu-patikrinimai\/matematika\/","title":{"rendered":"Matematika"},"content":{"rendered":"<div class=\"ContentPasted1\">\n<h2>2024\u20132025 m. m.<\/h2>\n<p><strong>Matematikos valstybinio brandos egzamino antros dalies bandomasis patikrinimas<\/strong><\/p>\n<p><a href=\"https:\/\/www.nsa.smsm.lt\/old\/old\/wp-content\/uploads\/2025\/03\/Mat-VBEII-A-bandomasis.pdf\" target=\"_blank\" rel=\"noopener\">Valstybinio brandos egzamino antros dalies u\u017eduotis. I\u0161pl\u0117stinis kursas<\/a><\/p>\n<p><a href=\"https:\/\/www.nsa.smsm.lt\/old\/old\/wp-content\/uploads\/2025\/03\/Mat-AL-VBE-II-A-2025-A3.pdf\" target=\"_blank\" rel=\"noopener\">Valstybinio brandos egzamino antros dalies u\u017eduoties i\u0161pl\u0117stinio kurso atsakym\u0173 lapas A3<\/a><\/p>\n<p><a href=\"https:\/\/www.nsa.smsm.lt\/old\/old\/wp-content\/uploads\/2025\/03\/Mat-AL-VBE-II-A-2025-A4.pdf\" target=\"_blank\" rel=\"noopener\">Valstybinio brandos egzamino antros dalies u\u017eduoties i\u0161pl\u0117stinio kurso atsakym\u0173 lapas A4<\/a><\/p>\n<p><a href=\"https:\/\/www.nsa.smsm.lt\/old\/old\/wp-content\/uploads\/2025\/03\/Vertinimo-instrukcija-2025-VBE-II-A-bandomasis.pdf\" target=\"_blank\" rel=\"noopener\">Matematikos valstybinio brandos egzamino antros dalies bandomojo patikrinimo mokini\u0173 darb\u0173 vertinimo instrukcija. I\u0161pl\u0117stinis kursas<\/a><\/p>\n<p><a href=\"https:\/\/www.nsa.smsm.lt\/old\/old\/wp-content\/uploads\/2025\/03\/Mat.-VBE-II-B-bandomasis.pdf\" target=\"_blank\" rel=\"noopener\">Valstybinio brandos egzamino antros dalies u\u017eduotis. Bendrasis kursas<\/a><\/p>\n<p><a href=\"https:\/\/www.nsa.smsm.lt\/old\/old\/wp-content\/uploads\/2025\/03\/Mat-AL-VBE-II-B-2025-A3.pdf\" target=\"_blank\" rel=\"noopener\">Valstybinio brandos egzamino antros dalies u\u017eduoties bendrojo kurso atsakym\u0173 lapas A3<\/a><\/p>\n<p><a href=\"https:\/\/www.nsa.smsm.lt\/old\/old\/wp-content\/uploads\/2025\/03\/Mat-AL-VBE-II-B-2025-A4.pdf\" target=\"_blank\" rel=\"noopener\">Valstybinio brandos egzamino antros dalies u\u017eduoties bendrojo kurso atsakym\u0173 lapas A4<\/a><\/p>\n<p><a href=\"https:\/\/www.nsa.smsm.lt\/old\/old\/wp-content\/uploads\/2025\/03\/Vertinimo-instrukcija-2025-m.-VBE-II-B-bandomasis.pdf\">Matematikos valstybinio brandos egzamino antros dalies bandomojo patikrinimo mokini\u0173 darb\u0173 vertinimo instrukcija. Bendrasis kursas<\/a><\/p>\n<h2>2024 &#8211; 2025 m. m.<\/h2>\n<p><strong>Matematika A lygis<\/strong><\/p>\n<p><a href=\"https:\/\/beta.etestavimas.lt\/tests\/view\/259ae3f658e9\/550\">Matematikos A lygio valstybinio brandos egzamino pirma dalis. U\u017eduoties pavyzdys<\/a><\/p>\n<p><a href=\"https:\/\/www.nsa.smsm.lt\/old\/old\/wp-content\/uploads\/2024\/09\/MATEMATIKA_1-dalies-VBE-A-vertinimo-instrukcija.pdf\">Matematikos i\u0161pl\u0117stinio kurso valstybinio brandos egzamino pirmos dalies kandidat\u0173 darb\u0173 vertinimo instrukcija<\/a><\/p>\n<p><a href=\"https:\/\/www.nsa.smsm.lt\/old\/old\/wp-content\/uploads\/2024\/09\/2-VBE-A.pdf\">Matematikos i\u0161pl\u0117stinio kurso valstybinio brandos egzamino antros dalies u\u017eduotis<\/a><\/p>\n<p><a href=\"https:\/\/www.nsa.smsm.lt\/old\/old\/wp-content\/uploads\/2024\/09\/MATEMATIKA_2-dalies-VBE-A-vertinimo-instrukcija_FIN.pdf\">Matematikos i\u0161pl\u0117stinio kurso valstybinio brandos egzamino antros dalies kandidat\u0173 darb\u0173 vertinimo instrukcija<\/a><\/p>\n<p><a href=\"https:\/\/www.nsa.smsm.lt\/old\/old\/wp-content\/uploads\/2025\/02\/VBE-formuliu-rinkinys-A.pdf\">Matematikos (A) valstybinio brandos egzamino formuli\u0173 rinkinys<\/a><br \/>\n<strong>Matematika B lygis<\/strong><\/p>\n<p><a href=\"https:\/\/beta.etestavimas.lt\/tests\/view\/b93f7a868d32\/549\">Matematikos B lygio valstybinio brandos egzamino pirma dalis. U\u017eduoties pavyzdys<\/a><\/p>\n<p><a href=\"https:\/\/www.nsa.smsm.lt\/old\/old\/wp-content\/uploads\/2024\/09\/MATEMATIKA-1-dalies-VBE-B-vertinimo-instrukcija.pdf\">Matematikos bendrojo kurso valstybinio brandos egzamino pirmos dalies kandidat\u0173 darb\u0173 vertinimo instrukcija<\/a><\/p>\n<p><a href=\"https:\/\/www.nsa.smsm.lt\/old\/old\/wp-content\/uploads\/2024\/09\/MATEMATIKA_2-dalies-VBE-B-uzduotis_FIN.pdf\">Matematikos bendrojo kurso valstybinio brandos egzamino antros dalies u\u017eduotis<\/a><\/p>\n<p><a href=\"https:\/\/www.nsa.smsm.lt\/old\/old\/wp-content\/uploads\/2024\/09\/MATEMATIKA_2-dalies-VBE-B-vertinimo-instrukcija_FIN.pdf\">Matematikos bendrojo kurso valstybinio brandos egzamino antros dalies kandidat\u0173 darb\u0173 vertinimo instrukcija<\/a><\/p>\n<p><a href=\"https:\/\/www.nsa.smsm.lt\/old\/old\/wp-content\/uploads\/2024\/10\/VBE-formuliu-rinkinys-B-2024-10-30.pdf\" target=\"_blank\" rel=\"noopener\">Matematikos (B) valstybinio brandos egzamino formuli\u0173 rinkinys<\/a><\/p>\n<h2>2023 &#8211; 2024 m. m.<\/h2>\n<p><b>Bendrasis kursas\u00a0<\/b><\/p>\n<p><a href=\"https:\/\/beta.etestavimas.lt\/tests\/view\/99521a52c416\/438\" data-loopstyle=\"linkonly\">Matematikos bendrojo kurso pirmojo tarpinio patikrinimo u\u017eduoties pavyzdys<\/a><\/p>\n<p><a href=\"https:\/\/www.nsa.smsm.lt\/old\/old\/wp-content\/uploads\/2023\/08\/Tarpinis_MAT_bendrasis_projektas_matrica.pdf\" data-loopstyle=\"linkonly\">Matematikos bendrojo kurso pirmojo tarpinio patikrinimo u\u017eduoties pavyzd\u017eio strukt\u016bros pagrindimas<\/a><\/p>\n<p><a href=\"https:\/\/www.nsa.smsm.lt\/old\/old\/wp-content\/uploads\/2023\/08\/Mat_BE_uzduoties_pvz._bendrasis_2023_projektas.pdf\">Matematikos brandos egzamino u\u017eduoties pavyzdys<\/a><\/p>\n<p><a href=\"https:\/\/www.nsa.smsm.lt\/old\/old\/wp-content\/uploads\/2024\/02\/2023-Mat_PRIEDAS_bendrasis_projektas.pdf\">Matematikos bendrojo kurso valstybinio brandos egzamino formuli\u0173 rinkinys<\/a><\/p>\n<p><a href=\"https:\/\/www.nsa.smsm.lt\/old\/old\/wp-content\/uploads\/2023\/08\/Vertinimo-instrukcija_2023_bendrasis_projektas.pdf\">Matematikos brandos egzamino u\u017eduoties pavyzd\u017eio kandidat\u0173 darb\u0173 vertinimo instrukcija<\/a><\/p>\n<p><a href=\"https:\/\/www.nsa.smsm.lt\/old\/old\/wp-content\/uploads\/2023\/08\/Mat-AL-2-2023_isplestinis_A4_projektas.pdf\">Atsakym\u0173 lapas (A4)<\/a><\/p>\n<p><a href=\"https:\/\/www.nsa.smsm.lt\/old\/old\/wp-content\/uploads\/2023\/08\/Mat-AL-1-2023_bendrasis_A3_projektas.pdf\">Atsakym\u0173 lapas (A3)<\/a><\/p>\n<p><a href=\"https:\/\/www.nsa.smsm.lt\/old\/old\/wp-content\/uploads\/2023\/08\/2023-Mat_BE-bendrasis_matrica_projektas.pdf\">Matematikos brandos egzamino u\u017eduoties pavyzd\u017eio strukt\u016bros pagrindimas<\/a><\/p>\n<p><b>I\u0161pl\u0117stinis kursas\u00a0<\/b><\/p>\n<p><a id=\"OWAa3f6aa67-0fa1-0373-1d5b-c1338c08a922\" class=\"OWAAutoLink\" href=\"https:\/\/beta.etestavimas.lt\/tests\/view\/03bbdf43c496\/437\" data-loopstyle=\"linkonly\">Matematikos i\u0161pl\u0117stinio kurso pirmojo tarpinio patikrinimo u\u017eduoties pavyzdys<\/a><\/p>\n<p><a id=\"OWA9cbaba03-0494-3996-75f2-d5a5346f5de0\" class=\"OWAAutoLink ContentPasted0\" href=\"https:\/\/www.nsa.smsm.lt\/old\/old\/wp-content\/uploads\/2023\/08\/Tarpinis_MAT_isplestinis_projektas_matrica.pdf\" data-loopstyle=\"linkonly\">Matematikos i\u0161pl\u0117stinio kurso pirmojo tarpinio patikrinimo u\u017eduoties pavyzd\u017eio strukt\u016bros pagrindimas<\/a><\/p>\n<p><a href=\"https:\/\/www.nsa.smsm.lt\/old\/old\/wp-content\/uploads\/2023\/08\/Mat_BE_uzduoties_pvz._isplestinis_2023_projektas.pdf\">Matematikos brandos egzamino u\u017eduoties pavyzdys<\/a><\/p>\n<p><a href=\"https:\/\/www.nsa.smsm.lt\/old\/old\/wp-content\/uploads\/2024\/02\/2023-Mat_PRIEDAS_isplestinis_projektas.pdf\">Matematikos i\u0161pl\u0117stinio kurso valstybinio brandos egzamino formuli\u0173 rinkinys<\/a><\/p>\n<p><a href=\"https:\/\/www.nsa.smsm.lt\/old\/old\/wp-content\/uploads\/2023\/08\/Vertinimo-instrukcija_2023_isplestinis_projektas.pdf\">Matematikos brandos egzamino u\u017eduoties pavyzd\u017eio kandidat\u0173 darb\u0173 vertinimo instrukcija<\/a><\/p>\n<p><a href=\"https:\/\/www.nsa.smsm.lt\/old\/old\/wp-content\/uploads\/2023\/08\/Mat-AL-2-2023_isplestinis_A4_projektas-1.pdf\">Atsakym\u0173 lapas (A4)<\/a><\/p>\n<p><a href=\"https:\/\/www.nsa.smsm.lt\/old\/old\/wp-content\/uploads\/2023\/08\/Mat-AL-1-2023_isplestinis_A3_projektas.pdf\">Atsakym\u0173 lapas (A3)<\/a><\/p>\n<p><a href=\"https:\/\/www.nsa.smsm.lt\/old\/old\/wp-content\/uploads\/2023\/08\/2023-Mat_BE-isplestinis_matrica_projektas.pdf\">Matematikos brandos egzamino u\u017eduoties pavyzd\u017eio strukt\u016bros pagrindimas<\/a><\/p>\n<p>&nbsp;<\/p>\n<p><a href=\"https:\/\/www.nsa.smsm.lt\/old\/old\/wp-content\/uploads\/2023\/08\/2023m_Matematikos-BE-vertinimo-gaires_projektas.pdf\">Matematikos brandos egzamino u\u017eduoties vertinimo gair\u0117s (nuo 2024 m.)<\/a><\/p>\n<\/div>\n","protected":false},"excerpt":{"rendered":"<p>2024\u20132025 m. m. Matematikos valstybinio brandos egzamino antros dalies bandomasis patikrinimas Valstybinio brandos egzamino antros dalies u\u017eduotis. I\u0161pl\u0117stinis kursas Valstybinio brandos egzamino antros dalies u\u017eduoties i\u0161pl\u0117stinio kurso atsakym\u0173 lapas A3 Valstybinio brandos egzamino antros dalies u\u017eduoties i\u0161pl\u0117stinio kurso atsakym\u0173 lapas&nbsp;<a href=\"https:\/\/www.nsa.smsm.lt\/old\/egzaminai-ir-pasiekimu-patikrinimai\/2024-2025-m-pasiekimu-patikrinimai\/matematika\/\" class=\"placiau\">Pla\u010diau <i class=\"fa fa-caret-right\"><\/i><\/a><\/p>\n","protected":false},"author":1,"featured_media":0,"parent":34932,"menu_order":0,"comment_status":"closed","ping_status":"closed","template":"page-2024pasiekimas.php","meta":{"_acf_changed":false,"footnotes":""},"class_list":["post-35818","page","type-page","status-publish","hentry"],"acf":[],"_links":{"self":[{"href":"https:\/\/www.nsa.smsm.lt\/old\/wp-json\/wp\/v2\/pages\/35818","targetHints":{"allow":["GET"]}}],"collection":[{"href":"https:\/\/www.nsa.smsm.lt\/old\/wp-json\/wp\/v2\/pages"}],"about":[{"href":"https:\/\/www.nsa.smsm.lt\/old\/wp-json\/wp\/v2\/types\/page"}],"author":[{"embeddable":true,"href":"https:\/\/www.nsa.smsm.lt\/old\/wp-json\/wp\/v2\/users\/1"}],"replies":[{"embeddable":true,"href":"https:\/\/www.nsa.smsm.lt\/old\/wp-json\/wp\/v2\/comments?post=35818"}],"version-history":[{"count":11,"href":"https:\/\/www.nsa.smsm.lt\/old\/wp-json\/wp\/v2\/pages\/35818\/revisions"}],"predecessor-version":[{"id":42551,"href":"https:\/\/www.nsa.smsm.lt\/old\/wp-json\/wp\/v2\/pages\/35818\/revisions\/42551"}],"up":[{"embeddable":true,"href":"https:\/\/www.nsa.smsm.lt\/old\/wp-json\/wp\/v2\/pages\/34932"}],"wp:attachment":[{"href":"https:\/\/www.nsa.smsm.lt\/old\/wp-json\/wp\/v2\/media?parent=35818"}],"curies":[{"name":"wp","href":"https:\/\/api.w.org\/{rel}","templated":true}]}}