{"id":33507,"date":"2023-08-28T06:49:25","date_gmt":"2023-08-28T04:49:25","guid":{"rendered":"https:\/\/www.nsa.smsm.lt\/old\/?page_id=33507"},"modified":"2024-11-20T13:50:08","modified_gmt":"2024-11-20T11:50:08","slug":"veiklos-sritys","status":"publish","type":"page","link":"https:\/\/www.nsa.smsm.lt\/old\/veiklos-sritys\/","title":{"rendered":"Veiklos sritys"},"content":{"rendered":"<div class=\"panel-group\" id=\"collapse_726c-e21a\">\n<p><div class=\"panel panel-default\">    <div class=\"panel-heading\" role=\"tab\" id=\"heading_citem_a5ac-ba65\">        <h4 class=\"panel-title\"><a class=\"accordion-toggle collapsed\" data-toggle=\"collapse\" aria-controls=\"heading_citem_a5ac-ba65\" data-parent=\"#collapse_726c-e21a\" href=\"#citem_a5ac-ba65\">PASIEKIM\u0172 DEPARTAMENTAS<\/a>        <\/h4>    <\/div>    <div id=\"citem_a5ac-ba65\" class=\"panel-collapse collapse \" role=\"tabpanel\" aria-labelledby=\"heading_citem_a5ac-ba65\">        <div class=\"panel-body\">\n<p>Pasiekim\u0173 departamentas yra Agent\u016bros padalinys, veikiantis mokini\u0173 pasiekim\u0173 i\u0161orinio vertinimo ir tarptautini\u0173 tyrim\u0173 organizavimo ir vykdymo srityje.<\/p>\n<p>Departamente yra Pasiekim\u0173 patikrinimo u\u017eduo\u010di\u0173 skyrius, Pasiekim\u0173 patikrinimo administravimo skyrius, Pasiekim\u0173 tyrim\u0173 skyrius.<\/p>\n<p>Departamento veikla:<\/p>\n<ul>\n<li>organizuoja ir administruoja mokini\u0173 pasiekim\u0173 patikrinimus, brandos ir kitus egzaminus, asmens bendr\u0173j\u0173 geb\u0117jim\u0173, \u012fgyt\u0173 profesini\u0173 kompetencij\u0173 vertinimus;<\/li>\n<li>organizuoja valstybin\u0117s kalbos ir valstybin\u0117s kalbos mok\u0117jimo kategorijos, lietuvi\u0173 kalbos mok\u0117jimo lygi\u0173 nustatymo, Lietuvos Respublikos Konstitucijos pagrind\u0173 egzaminus, j\u0173 u\u017eduo\u010di\u0173 k\u016brim\u0105;<\/li>\n<li>u\u017etikrina mokini\u0173 pasiekim\u0173 patikrinim\u0173 u\u017eduo\u010di\u0173 parengim\u0105 ir j\u0173 kokyb\u0119, organizuoja valstybini\u0173 brandos egzamin\u0173 u\u017eduo\u010di\u0173 atlikimo vertinim\u0105;<\/li>\n<li>analizuoja pasiekim\u0173 patikrinim\u0173 rezultatus pasiekim\u0173 patikrinim\u0173 u\u017eduo\u010di\u0173 kokybei u\u017etikrinti, \u0161vietimo kokybei ir mokini\u0173 pasiekimams gerinti;<\/li>\n<li>vykdo mokini\u0173 pasiekim\u0173 nacionalinius ir tarptautinius kiekybinius ir kokybinius tyrimus, analizuoja rezultatus, teikia i\u0161vadas bei rekomendacijas mokini\u0173 pasiekim\u0173 gerinimo klausimais.<\/li>\n<\/ul>\n<p>        <\/p><\/div>    <\/div><\/div><\/p>\n<p><div class=\"panel panel-default\">    <div class=\"panel-heading\" role=\"tab\" id=\"heading_citem_2660-9952\">        <h4 class=\"panel-title\"><a class=\"accordion-toggle collapsed\" data-toggle=\"collapse\" aria-controls=\"heading_citem_2660-9952\" data-parent=\"#collapse_726c-e21a\" href=\"#citem_2660-9952\">UGDYMO DEPARTAMENTAS<\/a>        <\/h4>    <\/div>    <div id=\"citem_2660-9952\" class=\"panel-collapse collapse \" role=\"tabpanel\" aria-labelledby=\"heading_citem_2660-9952\">        <div class=\"panel-body\">\n<p>Ugdymo departamentas yra Agent\u016bros padalinys, veikiantis ikimokyklinio, prie\u0161mokyklinio, bendrojo ugdymo turinio rengimo ir jo diegimo koordinavimo srityje.<\/p>\n<p>Departamente yra Ugdymo turinio, Ugdymo inovacij\u0173, Ugdymo \u012fvairov\u0117s skyriai.<\/p>\n<p>Departamento veikla:<\/p>\n<ul>\n<li>rengia ikimokyklinio ugdymo programos gairi\u0173, prie\u0161mokyklinio, pradinio, pagrindinio ir vidurinio ugdymo bendr\u0173j\u0173 program\u0173 projektus, metodikas, rekomendacijas ir kitus dokumentus, reikalingus ugdymo turiniui \u012fgyvendinti;<\/li>\n<li>kuria ikimokyklinio, prie\u0161mokyklinio ir bendrojo ugdymo programas \u012fgyvendinan\u010di\u0173 \u0161vietimo \u012fstaig\u0173 apr\u016bpinimo standart\u0105, analizuoja \u0161vietimo \u012fstaig\u0173 apr\u016bpinimo situacij\u0105 \u0161alyje;<\/li>\n<li>analizuoja informacij\u0105 apie skaitmenini\u0173 mokymo priemoni\u0173 naudojim\u0105, pri\u017ei\u016bri Agent\u016bros sukurtas ar \u012fsigytas skaitmenines mokymo priemones, Agent\u016bros virtuali\u0173j\u0173 mokymo aplink\u0173 turin\u012f;<\/li>\n<li>organizuoja vadov\u0117li\u0173 ir kit\u0173 mokymo priemoni\u0173 tinkamumo naudoti ugdymo procese vertinim\u0105;<\/li>\n<li>vykdo prevencini\u0173 program\u0173 \u012fgyvendinimo mokyklose steb\u0117sen\u0105.<\/li>\n<\/ul>\n<p>        <\/p><\/div>    <\/div><\/div><\/p>\n<p><div class=\"panel panel-default\">    <div class=\"panel-heading\" role=\"tab\" id=\"heading_citem_6ca7-2f31\">        <h4 class=\"panel-title\"><a class=\"accordion-toggle collapsed\" data-toggle=\"collapse\" aria-controls=\"heading_citem_6ca7-2f31\" data-parent=\"#collapse_726c-e21a\" href=\"#citem_6ca7-2f31\">INFORMACINI\u0172 I\u0160TEKLI\u0172 DEPARTAMENTAS<\/a>        <\/h4>    <\/div>    <div id=\"citem_6ca7-2f31\" class=\"panel-collapse collapse \" role=\"tabpanel\" aria-labelledby=\"heading_citem_6ca7-2f31\">        <div class=\"panel-body\">\n<p>Informacini\u0173 i\u0161tekli\u0173 departamentas yra Agent\u016bros padalinys, veikiantis \u0161vietimo informacini\u0173 sistem\u0173 ir \u0161vietimo registr\u0173 pl\u0117tros, techninio palaikymo ir duomen\u0173 kokyb\u0117s bei duomen\u0173 prieinamumo vartotojams srityje.<\/p>\n<p>Departamente yra Informacini\u0173 sistem\u0173 pl\u0117tros, Informacini\u0173 technologij\u0173, Duomen\u0173 bazi\u0173, Duomen\u0173 kokyb\u0117s skyriai.<\/p>\n<p>Departamento veikla:<\/p>\n<ul>\n<li>administruoja ir pl\u0117toja valstybines \u0161vietimo informacines sistemas ir \u0161vietimo registrus;<\/li>\n<li>u\u017etikrina technologin\u012f brandos egzamin\u0173 ir pasiekim\u0173 patikrinim\u0173 u\u017eduo\u010di\u0173 elektronin\u012f vykdym\u0105;<\/li>\n<li>u\u017etikrina \u0161vietimo informacin\u0117se sistemose ir \u0161vietimo registruose esan\u010di\u0173 duomen\u0173 kokyb\u0119 ir prieinamum\u0105 vartotojams;<\/li>\n<li>u\u017etikrina informacini\u0173 sistem\u0173, registr\u0173 ir skaitmenini\u0173 mokymo priemoni\u0173 skland\u0173 veikim\u0105.<\/li>\n<li>teikia informacin\u0119, ekspertin\u0119, konsultacin\u0119 pagalb\u0105 \u0161vietimo subjektams, organizuojantiems ir \u012fgyvendinantiems \u0161vietimo veikl\u0105, susijusi\u0105 su Departamento veikla.<\/li>\n<\/ul>\n<p>        <\/p><\/div>    <\/div><\/div><\/p>\n<p><div class=\"panel panel-default\">    <div class=\"panel-heading\" role=\"tab\" id=\"heading_citem_415e-2909\">        <h4 class=\"panel-title\"><a class=\"accordion-toggle collapsed\" data-toggle=\"collapse\" aria-controls=\"heading_citem_415e-2909\" data-parent=\"#collapse_726c-e21a\" href=\"#citem_415e-2909\">PEDAGOGINI\u0172 DARBUOTOJ\u0172 DEPARTAMENTAS<\/a>        <\/h4>    <\/div>    <div id=\"citem_415e-2909\" class=\"panel-collapse collapse \" role=\"tabpanel\" aria-labelledby=\"heading_citem_415e-2909\">        <div class=\"panel-body\">\n<p>Pedagogini\u0173 darbuotoj\u0173 departamentas yra Agent\u016bros padalinys, veikiantis pedagogini\u0173 darbuotoj\u0173 pritraukimo, j\u0173 kvalifikacijos tobulinimo, lyderyst\u0117s pl\u0117tot\u0117s srityse.<\/p>\n<p>Departamente yra Mokytoj\u0173 ir pagalbos mokiniui specialist\u0173, Vadybos ir lyderyst\u0117s, Kvalifikacijos tobulinimo skyriai.<\/p>\n<p>Departamento veikla:<\/p>\n<ul>\n<li>analizuoja pedagogini\u0173 darbuotoj\u0173 atitikt\u012f kvalifikacijos reikalavimams; koordinuoja ir pl\u0117totoja pedagogini\u0173 darbuotoj\u0173 kvalifikacijos tobulinimo sistem\u0105;<\/li>\n<li>analizuoja \u0161vietimo \u012fstaig\u0173 vadov\u0173, mokytoj\u0173 ir pagalbos mokiniui specialist\u0173 atlygio sistem\u0105 ir karjeros tendencijas;<\/li>\n<li>organizuoja ir vykdo pretendent\u0173 \u012f valstybini\u0173 ir savivaldybi\u0173 \u0161vietimo \u012fstaig\u0173 vadovus kompetencij\u0173 ar jam prilygint\u0105 vertinim\u0105;<\/li>\n<li>organizuoja ir dalyvauja vykdant mokytoj\u0173 ir pagalbos mokiniui specialist\u0173 praktin\u0117s veiklos vertinim\u0105 ir atestacij\u0105, vykdo psicholog\u0173, teikian\u010di\u0173 pagalb\u0105 mokiniui, atestacij\u0105.<\/li>\n<li>u\u017etikrina \u0161vietimo \u012fstaig\u0173 vadov\u0173 rezervo funkcionavim\u0105.<\/li>\n<\/ul>\n<p>        <\/p><\/div>    <\/div><\/div><\/p>\n<p><div class=\"panel panel-default\">    <div class=\"panel-heading\" role=\"tab\" id=\"heading_citem_5aa4-8973\">        <h4 class=\"panel-title\"><a class=\"accordion-toggle collapsed\" data-toggle=\"collapse\" aria-controls=\"heading_citem_5aa4-8973\" data-parent=\"#collapse_726c-e21a\" href=\"#citem_5aa4-8973\">KOKYB\u0116S VERTINIMO DEPARTAMENTAS<\/a>        <\/h4>    <\/div>    <div id=\"citem_5aa4-8973\" class=\"panel-collapse collapse \" role=\"tabpanel\" aria-labelledby=\"heading_citem_5aa4-8973\">        <div class=\"panel-body\">\n<p>Kokyb\u0117s vertinimo departamentas yra Agent\u016bros padalinys kokyb\u0117s vertinimo ir \u016bkio subjekt\u0173 veiklos prie\u017ei\u016bros srityse.<\/p>\n<p>Departamente yra \u0160vietimo tiek\u0117j\u0173 veiklos vertinimo rizikos, Veiklos kokyb\u0117s prie\u017ei\u016bros, Vertinimo organizavimo skyriai.<\/p>\n<p>Departamento veikla:<\/p>\n<ul>\n<li>atlieka \u0161vietimo teik\u0117j\u0173 veiklos rizikos analiz\u0119, organizuoja ir vykdo \u0161vietimo teik\u0117j\u0173 planinius ir neplaninius patikrinimus j\u0173 veiklos kokybei \u012fvertinti;<\/li>\n<li>organizuoja mokykl\u0173, kvalifikacijos tobulinimo institucij\u0173, pedagogini\u0173 psichologini\u0173 tarnyb\u0173 veiklos vertinim\u0105, akreditavim\u0105;<\/li>\n<li>organizuoja licencijuojamos veiklos (profesinio mokymo) prie\u017ei\u016br\u0105;<\/li>\n<li>teikia metodin\u0119 pagalb\u0105, konsultacijas, \u012fgyvendina kitas prevencines priemones, padedan\u010dias \u0161vietimo teik\u0117jams laikytis \u0161vietimo politik\u0105 \u012fgyvendinan\u010di\u0173 teis\u0117s akt\u0173 reikalavim\u0173;<\/li>\n<li>taiko poveikio priemones, padedan\u010dias \u0161vietimo teik\u0117jams veiksmingai ir kokybi\u0161kai vykdyti veikl\u0105 \u012fstatym\u0173 ir pagal juos priimt\u0173 teis\u0117s akt\u0173 nustatyta tvarka.<\/li>\n<\/ul>\n<p>        <\/p><\/div>    <\/div><\/div><\/p>\n<p><div class=\"panel panel-default\">    <div class=\"panel-heading\" role=\"tab\" id=\"heading_citem_5aa4-8eee973\">        <h4 class=\"panel-title\"><a class=\"accordion-toggle collapsed\" data-toggle=\"collapse\" aria-controls=\"heading_citem_5aa4-8eee973\" data-parent=\"#collapse_726c-e21a\" href=\"#citem_5aa4-8eee973\">BENDR\u0172J\u0172 REIKAL\u0172 DEPARTAMENTAS<\/a>        <\/h4>    <\/div>    <div id=\"citem_5aa4-8eee973\" class=\"panel-collapse collapse \" role=\"tabpanel\" aria-labelledby=\"heading_citem_5aa4-8eee973\">        <div class=\"panel-body\">\n<p>Bendr\u0173j\u0173 reikal\u0173 departamentas yra Agent\u016bros padalinys, veikiantis sklandaus ir efektyvaus Agent\u016bros darbo u\u017etikrinimo srityje.<\/p>\n<p>Departamente yra Administravimo skyrius ir Vie\u0161\u0173j\u0173 pirkim\u0173 skyrius.<\/p>\n<p>Departamento veikla:<\/p>\n<ul>\n<li>organizuoja Agent\u016bros dokument\u0173 valdym\u0105 ir archyvo darb\u0105;<\/li>\n<li>u\u017etikrina Agent\u016bros rengiam\u0173 teis\u0117s akt\u0173 ar sutar\u010di\u0173 atitikim\u0105 Lietuvos Respublikos \u012fstatymams ir kitiems teis\u0117s aktams bei teisin\u0117s technikos reikalavimams;<\/li>\n<li>vykdo Agent\u016bros vie\u0161\u0173j\u0173 pirkim\u0173 proced\u016bras, u\u017etikrinti j\u0173 skaidrum\u0105 ir proced\u016br\u0173 atitikt\u012f teis\u0117s akt\u0173 reikalavimams;<\/li>\n<li>u\u017etikrina Agent\u016bros naudojamo turto prie\u017ei\u016br\u0105 ir apsaug\u0105, r\u016bpinasi tinkam\u0173 darbo s\u0105lyg\u0173 darbuotojams sudarymu.<\/li>\n<li>organizuoja elektronini\u0173 ir popierini\u0173 leidini\u0173 leidybos procesus.<\/li>\n<\/ul>\n<p>        <\/p><\/div>    <\/div><\/div><\/p>\n<p><\/p><\/div>\n","protected":false},"excerpt":{"rendered":"","protected":false},"author":1,"featured_media":0,"parent":0,"menu_order":5,"comment_status":"closed","ping_status":"closed","template":"","meta":{"_acf_changed":false,"footnotes":""},"class_list":["post-33507","page","type-page","status-publish","hentry"],"acf":[],"_links":{"self":[{"href":"https:\/\/www.nsa.smsm.lt\/old\/wp-json\/wp\/v2\/pages\/33507","targetHints":{"allow":["GET"]}}],"collection":[{"href":"https:\/\/www.nsa.smsm.lt\/old\/wp-json\/wp\/v2\/pages"}],"about":[{"href":"https:\/\/www.nsa.smsm.lt\/old\/wp-json\/wp\/v2\/types\/page"}],"author":[{"embeddable":true,"href":"https:\/\/www.nsa.smsm.lt\/old\/wp-json\/wp\/v2\/users\/1"}],"replies":[{"embeddable":true,"href":"https:\/\/www.nsa.smsm.lt\/old\/wp-json\/wp\/v2\/comments?post=33507"}],"version-history":[{"count":2,"href":"https:\/\/www.nsa.smsm.lt\/old\/wp-json\/wp\/v2\/pages\/33507\/revisions"}],"predecessor-version":[{"id":41687,"href":"https:\/\/www.nsa.smsm.lt\/old\/wp-json\/wp\/v2\/pages\/33507\/revisions\/41687"}],"wp:attachment":[{"href":"https:\/\/www.nsa.smsm.lt\/old\/wp-json\/wp\/v2\/media?parent=33507"}],"curies":[{"name":"wp","href":"https:\/\/api.w.org\/{rel}","templated":true}]}}