{"id":33490,"date":"2025-06-04T07:27:12","date_gmt":"2025-06-04T05:27:12","guid":{"rendered":"https:\/\/www.nsa.smsm.lt\/old\/?page_id=33490"},"modified":"2025-06-12T15:56:04","modified_gmt":"2025-06-12T13:56:04","slug":"konsultavimasis-su-visuomene","status":"publish","type":"page","link":"https:\/\/www.nsa.smsm.lt\/old\/apie-nsa\/konsultavimasis-su-visuomene\/","title":{"rendered":"Konsultavimasis su visuomene"},"content":{"rendered":"<div class=\"elementToProof\">\n<p><strong>Parengtas fizikos vertinimo gairi\u0173 projektas<\/strong><\/p>\n<p>Fizikos vertinimo gair\u0117mis siekiama pad\u0117ti mokytojams ir u\u017eduo\u010di\u0173 reng\u0117jams:<\/p>\n<ul>\n<li>vienodai suprasti bendrojoje programoje apra\u0161ytus pasiekim\u0173 lygi\u0173 po\u017eymius;<\/li>\n<li>rengti u\u017eduotis ir objektyviai vertinti mokinio pasiekimus remiantis vienodais kriterijais.<\/li>\n<\/ul>\n<p>Parengtos gair\u0117s tur\u0117t\u0173 b\u016bti naudingos ne tik vertinant mokini\u0173 darbus pasiekim\u0173 patikrinim\u0173 metu, bet ir nuolat vykstan\u010diame ugdymo procese.<\/p>\n<p>Maloniai kvie\u010diame susipa\u017einti su <a href=\"https:\/\/emokykla.lt\/upload\/files\/2025\/06\/12\/fizikos-vertinimo-gairiu-projektas-2025-06-03.pdf?r=1\"><u>Fizikos vertinimo gairi\u0173 projektu<\/u>\u00a0<\/a>ir teikti pastabas bei pasi\u016blymus el. pa\u0161tu <a href=\"mailto:ona.vascenkiene@nsa.smsm.lt\">ona.vascenkiene@nsa.smsm.lt<\/a> iki 2025 m. bir\u017eelio 18 d.<\/p>\n<\/div>\n<p><!--\u0160iuo metu informacija apie numatom\u0105 ar vykdom\u0105 konsultavim\u0105si su visuomene visuomenei ar \u012fstaigai aktualiais klausimais n\u0117ra teikiama.--><\/p>\n","protected":false},"excerpt":{"rendered":"<p>Parengtas fizikos vertinimo gairi\u0173 projektas Fizikos vertinimo gair\u0117mis siekiama pad\u0117ti mokytojams ir u\u017eduo\u010di\u0173 reng\u0117jams: vienodai suprasti bendrojoje programoje apra\u0161ytus pasiekim\u0173 lygi\u0173 po\u017eymius; rengti u\u017eduotis ir objektyviai vertinti mokinio pasiekimus remiantis vienodais kriterijais. Parengtos gair\u0117s tur\u0117t\u0173 b\u016bti naudingos ne tik vertinant&nbsp;<a href=\"https:\/\/www.nsa.smsm.lt\/old\/apie-nsa\/konsultavimasis-su-visuomene\/\" class=\"placiau\">Pla\u010diau <i class=\"fa fa-caret-right\"><\/i><\/a><\/p>\n","protected":false},"author":1,"featured_media":0,"parent":25482,"menu_order":0,"comment_status":"closed","ping_status":"closed","template":"","meta":{"_acf_changed":false,"footnotes":""},"class_list":["post-33490","page","type-page","status-publish","hentry"],"acf":[],"_links":{"self":[{"href":"https:\/\/www.nsa.smsm.lt\/old\/wp-json\/wp\/v2\/pages\/33490","targetHints":{"allow":["GET"]}}],"collection":[{"href":"https:\/\/www.nsa.smsm.lt\/old\/wp-json\/wp\/v2\/pages"}],"about":[{"href":"https:\/\/www.nsa.smsm.lt\/old\/wp-json\/wp\/v2\/types\/page"}],"author":[{"embeddable":true,"href":"https:\/\/www.nsa.smsm.lt\/old\/wp-json\/wp\/v2\/users\/1"}],"replies":[{"embeddable":true,"href":"https:\/\/www.nsa.smsm.lt\/old\/wp-json\/wp\/v2\/comments?post=33490"}],"version-history":[{"count":6,"href":"https:\/\/www.nsa.smsm.lt\/old\/wp-json\/wp\/v2\/pages\/33490\/revisions"}],"predecessor-version":[{"id":43461,"href":"https:\/\/www.nsa.smsm.lt\/old\/wp-json\/wp\/v2\/pages\/33490\/revisions\/43461"}],"up":[{"embeddable":true,"href":"https:\/\/www.nsa.smsm.lt\/old\/wp-json\/wp\/v2\/pages\/25482"}],"wp:attachment":[{"href":"https:\/\/www.nsa.smsm.lt\/old\/wp-json\/wp\/v2\/media?parent=33490"}],"curies":[{"name":"wp","href":"https:\/\/api.w.org\/{rel}","templated":true}]}}