{"id":32833,"date":"2025-08-19T00:29:11","date_gmt":"2025-08-18T22:29:11","guid":{"rendered":"https:\/\/www.nsa.smsm.lt\/old\/?page_id=32833"},"modified":"2025-08-26T09:12:11","modified_gmt":"2025-08-26T07:12:11","slug":"vadovu-darbotvarkes","status":"publish","type":"page","link":"https:\/\/www.nsa.smsm.lt\/old\/struktura-ir-kontaktine-informacija\/vadovai\/vadovu-darbotvarkes\/","title":{"rendered":"Vadov\u0173 darbotvark\u0117s"},"content":{"rendered":"<h2 style=\"font-weight: 400; text-align: left;\"><strong>Direktorius Simonas \u0160abanovas<\/strong><\/h2>\n<hr \/>\n<div class=\"x_elementToProof\">\n<div class=\"x_elementToProof\" data-olk-copy-source=\"MessageBody\">\n<p class=\"x_MsoNormal\" data-olk-copy-source=\"MessageBody\"><strong>Rugpj\u016b\u010dio 25 d. <\/strong><\/p>\n<p class=\"x_elementToProof\">8.00 \u2013 9.00 susitikimas su agent\u016bros darbuotojais d\u0117l projektini\u0173 N\u0160A veikl\u0173.<\/p>\n<p class=\"x_elementToProof\">9.00 \u2013 10.45 dalyvauja vidiniuose N\u0160A susirinkimuose darbo klausimais.<\/p>\n<p class=\"x_MsoNormal\" data-olk-copy-source=\"MessageBody\">11.00 \u2013 15.00 val. dalyvauja \u0160vietimo, mokslo ir sporto ministerijos organizuotoje konferencijoje \u201e\u0160vietimas darniam vystymuisi u\u017etikrinti\u201c Nacionalin\u0117je Mikalojaus Konstantino \u010ciurlionio men\u0173 mokykloje.<\/p>\n<p><strong>Rugpj\u016b\u010dio 26 d.<\/strong><\/p>\n<p class=\"x_elementToProof\">08.30 \u2013 12.00 pasitarimai bendrojo ugdymo klausimais.<\/p>\n<p>13.00 \u2013 14.30 dalyvauja N\u0160A vadov\u0173 susirinkime.<\/p>\n<p class=\"x_MsoNormal\"><strong>Rugpj\u016b\u010dio 27 d.<\/strong><\/p>\n<p class=\"x_MsoNormal\">10.00 \u2013 14.00 val. <span data-olk-copy-source=\"MessageBody\">dalyvauja Alytaus rajono savivaldyb\u0117s administracijos organizuotame susitikime su \u0161vietimo \u012fstaigomis.<\/span><\/p>\n<p class=\"x_elementToProof\"><b><strong>Rugpj\u016b\u010dio<\/strong> 28 d.<\/b><\/p>\n<p class=\"x_elementToProof\">8.00 \u2013 12.00 dalyvauja vidiniuose N\u0160A susirinkimuose darbo klausimais.<\/p>\n<p class=\"x_elementToProof\"><b><strong>Rugpj\u016b\u010dio<\/strong> 29 d.<\/b><\/p>\n<p class=\"x_elementToProof\">10.00 \u2013 11.30 dalyvauja susirinkime bendrojo ugdymo klausimais.<\/p>\n<p>&nbsp;<\/p>\n<h2 style=\"font-weight: 400; text-align: left;\"><strong>Direktoriaus pavaduotojas dr. Renaldas \u010ciu\u017eas<\/strong><\/h2>\n<hr \/>\n<div class=\"x_elementToProof\">\n<div class=\"x_elementToProof\" data-olk-copy-source=\"MessageBody\">\n<div class=\"elementToProof\">\n<p class=\"x_MsoNormal\" data-olk-copy-source=\"MessageBody\"><strong>Rugpj\u016b\u010dio 25 d. <\/strong><\/p>\n<p class=\"x_MsoNormal\" data-olk-copy-source=\"MessageBody\">11.00 \u2013 15.00 val. dalyvauja \u0160vietimo, mokslo ir sporto ministerijos organizuotoje konferencijoje \u201e\u0160vietimas darniam vystymuisi u\u017etikrinti\u201c, kuri vyksta Nacionalin\u0117je Mikalojaus Konstantino \u010ciurlionio men\u0173 mokykloje.<\/p>\n<p><span data-olk-copy-source=\"MessageBody\"><strong>Rugpj\u016b\u010dio 26 d.<\/strong><\/span><\/p>\n<p><span data-olk-copy-source=\"MessageBody\">13.00 \u2013 14.30 dalyvauja N\u0160A vadov\u0173 susirinkime.<\/span><\/p>\n<p class=\"x_MsoNormal\"><strong>Rugpj\u016b\u010dio 27 d.<\/strong><\/p>\n<p class=\"x_MsoNormal\">10.00 \u2013 14.00 val. dalyvauja Mol\u0117t\u0173 rajono savivaldyb\u0117s administracijos Kult\u016bros ir \u0161vietimo skyriaus organizuotoje konferencijoje \u201e\u0160vietimo keliu kartu 2025\u201c, kuri vyksta Mol\u0117t\u0173 kult\u016bros centre.<\/p>\n<\/div>\n<\/div>\n<\/div>\n<\/div>\n<\/div>\n","protected":false},"excerpt":{"rendered":"<p>Direktorius Simonas \u0160abanovas Rugpj\u016b\u010dio 25 d. 8.00 \u2013 9.00 susitikimas su agent\u016bros darbuotojais d\u0117l projektini\u0173 N\u0160A veikl\u0173. 9.00 \u2013 10.45 dalyvauja vidiniuose N\u0160A susirinkimuose darbo klausimais. 11.00 \u2013 15.00 val. dalyvauja \u0160vietimo, mokslo ir sporto ministerijos organizuotoje konferencijoje \u201e\u0160vietimas darniam&nbsp;<a href=\"https:\/\/www.nsa.smsm.lt\/old\/struktura-ir-kontaktine-informacija\/vadovai\/vadovu-darbotvarkes\/\" class=\"placiau\">Pla\u010diau <i class=\"fa fa-caret-right\"><\/i><\/a><\/p>\n","protected":false},"author":5,"featured_media":0,"parent":97,"menu_order":0,"comment_status":"closed","ping_status":"closed","template":"","meta":{"_acf_changed":false,"footnotes":""},"class_list":["post-32833","page","type-page","status-publish","hentry"],"acf":[],"_links":{"self":[{"href":"https:\/\/www.nsa.smsm.lt\/old\/wp-json\/wp\/v2\/pages\/32833","targetHints":{"allow":["GET"]}}],"collection":[{"href":"https:\/\/www.nsa.smsm.lt\/old\/wp-json\/wp\/v2\/pages"}],"about":[{"href":"https:\/\/www.nsa.smsm.lt\/old\/wp-json\/wp\/v2\/types\/page"}],"author":[{"embeddable":true,"href":"https:\/\/www.nsa.smsm.lt\/old\/wp-json\/wp\/v2\/users\/5"}],"replies":[{"embeddable":true,"href":"https:\/\/www.nsa.smsm.lt\/old\/wp-json\/wp\/v2\/comments?post=32833"}],"version-history":[{"count":160,"href":"https:\/\/www.nsa.smsm.lt\/old\/wp-json\/wp\/v2\/pages\/32833\/revisions"}],"predecessor-version":[{"id":44076,"href":"https:\/\/www.nsa.smsm.lt\/old\/wp-json\/wp\/v2\/pages\/32833\/revisions\/44076"}],"up":[{"embeddable":true,"href":"https:\/\/www.nsa.smsm.lt\/old\/wp-json\/wp\/v2\/pages\/97"}],"wp:attachment":[{"href":"https:\/\/www.nsa.smsm.lt\/old\/wp-json\/wp\/v2\/media?parent=32833"}],"curies":[{"name":"wp","href":"https:\/\/api.w.org\/{rel}","templated":true}]}}