{"id":32742,"date":"2024-05-16T05:19:07","date_gmt":"2024-05-16T03:19:07","guid":{"rendered":"https:\/\/www.nsa.smsm.lt\/old\/?page_id=32742"},"modified":"2024-05-16T09:52:23","modified_gmt":"2024-05-16T07:52:23","slug":"nuotolines-konsultacijos","status":"publish","type":"page","link":"https:\/\/www.nsa.smsm.lt\/old\/mokyklu-veiklos-pletra-ir-pedagogu-kvalifikacija\/vadovavimo-stiprinimas\/nuotolines-konsultacijos\/","title":{"rendered":"Nuotolin\u0117s konsultacijos"},"content":{"rendered":"<p><strong>2024-04-09<\/strong> Nuotolin\u0117 konsultacija &#8222;\u012etraukus ugdymas ir \u0161vietimo pagalbos teikimas praktikoje: naujausia informacija\u201d, prane\u0161\u0117jos Lietuvos \u012ftraukties \u0161vietime centro direktor\u0117 Sandra Valantiejien\u0117 ir Lietuvos \u012ftraukties \u0161vietime centro specialioji pedagog\u0117 Audron\u0117 Vadakojien\u0117 (<a href=\"https:\/\/youtu.be\/z2o_T8gTojI?feature=shared\">vaizdo \u012fra\u0161as<\/a>) (<a href=\"https:\/\/www.nsa.smsm.lt\/old\/old\/wp-content\/uploads\/2024\/05\/LISC-pristatymas.pdf\">skaidr\u0117s<\/a>).<\/p>\n<p>Naudingos nuorodos:<\/p>\n<ul data-editing-info=\"{&quot;orderedStyleType&quot;:1,&quot;unorderedStyleType&quot;:2}\">\n<li>\n<div>Universalaus dizaino mokymuisi gair\u0117s &#8211; <a id=\"OWAb1f420a6-44b7-d0f0-3afd-1ff09f52bc76\" class=\"x_OWAAutoLink\" href=\"https:\/\/tukstantmeciomokyklos.lt\/wp-content\/uploads\/2023\/11\/Universalaus-dizaino-mokymuisi-gaires.pdf\" data-auth=\"NotApplicable\" data-loopstyle=\"linkonly\">Universalaus-dizaino-mokymuisi-gaires.pdf (tukstantmeciomokyklos.lt)<\/a>;<\/div>\n<\/li>\n<li>\n<div>Universalaus dizaino mokymuisi taikymas praktikoje\u00a0&#8211; <a id=\"OWAf2bb897c-acf5-2aee-8a1b-a6c90beecad0\" class=\"x_OWAAutoLink\" href=\"https:\/\/ebooks.vitaelitera.lt\/einfo\/3162\/universalaus-dizaino-mokymuisi-taikymas-praktikoje\/\" data-auth=\"NotApplicable\" data-loopstyle=\"linkonly\">Universalaus dizaino mokymuisi taikymas praktikoje | VitaeLitera e-knygos<\/a>;<\/div>\n<\/li>\n<li>\n<div>Filmukas \u201e\u012etraukiojo ugdymo link: vertyb\u0117s, po\u017ei\u016bris ir susitarimai\u201c &#8211; <a id=\"OWA159b662d-509b-66b8-a3d6-1a3d6ccbfe4a\" class=\"x_OWAAutoLink\" href=\"https:\/\/www.youtube.com\/watch?v=yIMU9YHTirs&amp;t=81s\" data-auth=\"NotApplicable\" data-loopstyle=\"linkonly\">\u012etraukiojo ugdymo link: vertyb\u0117s, po\u017ei\u016bris ir susitarimai (youtube.com)<\/a><\/div>\n<\/li>\n<li>\n<div>Filmukas \u201e\u012etraukiojo ugdymo link: \u012ftraukusis ugdymas klas\u0117je\u201c &#8211; <a id=\"OWAff4f9f21-c7fd-18c6-2f4e-162e9063331a\" class=\"x_OWAAutoLink\" href=\"https:\/\/www.youtube.com\/watch?v=f-RA_JgLfhQ&amp;t=85s\" data-auth=\"NotApplicable\" data-loopstyle=\"linkonly\">\u012etraukiojo ugdymo link: \u012ftraukusis ugdymas klas\u0117je (youtube.com)<\/a>;<\/div>\n<\/li>\n<li>\n<div>Filmukas \u201e\u012etraukiojo ugdymo link: universalus dizainas mokymuisi\u201c &#8211; <a id=\"OWA7bd79600-bcaf-942a-de1e-78bdd85780a5\" class=\"x_OWAAutoLink\" href=\"https:\/\/www.youtube.com\/watch?v=zVvuonl8Vko&amp;t=185s\" data-auth=\"NotApplicable\" data-loopstyle=\"linkonly\">\u012etraukiojo ugdymo link: Universalus dizainas mokymuisi (youtube.com)<\/a>.<\/div>\n<\/li>\n<\/ul>\n<p><strong>2024-03-20\u00a0<\/strong>Nuotolin\u0117 konsultacija \u201ePsichoaktyviosios med\u017eiagos \u0161vietimo \u012fstaigoje: prevencija ir intervencija\u201c, prane\u0161\u0117ja psicholog\u0117, Lietuvos psicholog\u0173 s\u0105jungos Edukacin\u0117s psichologijos komiteto pirminink\u0117, Tarptautin\u0117s mokykl\u0173 psicholog\u0173 asociacijos Europos komiteto pirminink\u0117 \u017dydr\u0117 Arlauskait\u0117\u00a0 (<a id=\"OWA6f65be28-d988-f752-b1c2-c8944f2b3f8b\" class=\"OWAAutoLink none\" href=\"https:\/\/nsasmm-my.sharepoint.com\/:v:\/g\/personal\/kestutis_kurtinys_nsa_smm_lt\/EdRQ1_dXppZEtwa6MHZdbcABbQzB-ueXJdb1cb5jinjTUw?nav=eyJyZWZlcnJhbEluZm8iOnsicmVmZXJyYWxBcHAiOiJTdHJlYW1XZWJBcHAiLCJyZWZlcnJhbFZpZXciOiJTaGFyZURpYWxvZy1MaW5rIiwicmVmZXJyYWxBcHBQbGF0Zm9ybSI6IldlYiIsInJlZmVycmFsTW9kZSI6InZpZXcifX0%3D&amp;e=G8NXbZ\" rel=\"noopener noreferrer\" data-ogsc=\"\" data-loopstyle=\"linkonly\">vaizdo \u012fra\u0161as<\/a>) (<a id=\"OWAe8e1a691-dd01-9f58-cb99-47babcc398d1\" class=\"OWAAutoLink none\" href=\"https:\/\/nsasmm-my.sharepoint.com\/:b:\/g\/personal\/vida_kazragyte_nsa_smm_lt\/EU2AFSpRPAhGrQbABhOdaCABw6kD7n7eiSBYRfZM1HynjA?e=rskwOe\" rel=\"noopener noreferrer\" data-ogsc=\"\" data-loopstyle=\"linkonly\">skaidr\u0117s<\/a>).<\/p>\n<p><b>2024-02-29<\/b>\u00a0Nuotolin\u0117 konsultacija <i>\u201eMentoryst\u0117 \u0161vietimo \u012fstaig\u0173 vadovams: Vilniaus miesto\u202f praktika\u201c, <\/i>prane\u0161\u0117jas \u201eEdu\u00a0Vilnius\u201c projekt\u0173 vadovas\u00a0Gra\u017evydas Kazakevi\u010dius (<a id=\"OWAd3bc758e-d896-356b-8957-f992987123a0\" class=\"OWAAutoLink\" title=\"https:\/\/nsasmm-my.sharepoint.com\/:v:\/g\/personal\/pretendentams_nsa_smm_lt\/Edb7-D_decNBsORgaF_Q21EB2N967v5VTBWGwkjqiFlAOA?e=S7a5ot&amp;nav=eyJyZWZlcnJhbEluZm8iOnsicmVmZXJyYWxBcHAiOiJTdHJlYW1XZWJBcHAiLCJyZWZlcnJhbFZpZXciOiJTaGFyZURpYWxvZy1MaW5rIiwicmVmZXJyYWxBcHBQbGF0Zm9ybSI6IldlYiIsInJlZmVycmFsTW9kZSI6InZpZXcifX0%3D\" href=\"https:\/\/nsasmm-my.sharepoint.com\/:v:\/g\/personal\/pretendentams_nsa_smm_lt\/Edb7-D_decNBsORgaF_Q21EB2N967v5VTBWGwkjqiFlAOA?e=S7a5ot&amp;nav=eyJyZWZlcnJhbEluZm8iOnsicmVmZXJyYWxBcHAiOiJTdHJlYW1XZWJBcHAiLCJyZWZlcnJhbFZpZXciOiJTaGFyZURpYWxvZy1MaW5rIiwicmVmZXJyYWxBcHBQbGF0Zm9ybSI6IldlYiIsInJlZmVycmFsTW9kZSI6InZpZXcifX0%3D\" data-loopstyle=\"linkonly\">vaizdo \u012fra\u0161as<\/a>).<\/p>\n","protected":false},"excerpt":{"rendered":"<p>2024-04-09 Nuotolin\u0117 konsultacija &#8222;\u012etraukus ugdymas ir \u0161vietimo pagalbos teikimas praktikoje: naujausia informacija\u201d, prane\u0161\u0117jos Lietuvos \u012ftraukties \u0161vietime centro direktor\u0117 Sandra Valantiejien\u0117 ir Lietuvos \u012ftraukties \u0161vietime centro specialioji pedagog\u0117 Audron\u0117 Vadakojien\u0117 (vaizdo \u012fra\u0161as) (skaidr\u0117s). Naudingos nuorodos: Universalaus dizaino mokymuisi gair\u0117s &#8211; Universalaus-dizaino-mokymuisi-gaires.pdf&nbsp;<a href=\"https:\/\/www.nsa.smsm.lt\/old\/mokyklu-veiklos-pletra-ir-pedagogu-kvalifikacija\/vadovavimo-stiprinimas\/nuotolines-konsultacijos\/\" class=\"placiau\">Pla\u010diau <i class=\"fa fa-caret-right\"><\/i><\/a><\/p>\n","protected":false},"author":1,"featured_media":0,"parent":20836,"menu_order":0,"comment_status":"closed","ping_status":"closed","template":"page-mokyklu-pletra.php","meta":{"_acf_changed":false,"footnotes":""},"class_list":["post-32742","page","type-page","status-publish","hentry"],"acf":[],"_links":{"self":[{"href":"https:\/\/www.nsa.smsm.lt\/old\/wp-json\/wp\/v2\/pages\/32742","targetHints":{"allow":["GET"]}}],"collection":[{"href":"https:\/\/www.nsa.smsm.lt\/old\/wp-json\/wp\/v2\/pages"}],"about":[{"href":"https:\/\/www.nsa.smsm.lt\/old\/wp-json\/wp\/v2\/types\/page"}],"author":[{"embeddable":true,"href":"https:\/\/www.nsa.smsm.lt\/old\/wp-json\/wp\/v2\/users\/1"}],"replies":[{"embeddable":true,"href":"https:\/\/www.nsa.smsm.lt\/old\/wp-json\/wp\/v2\/comments?post=32742"}],"version-history":[{"count":8,"href":"https:\/\/www.nsa.smsm.lt\/old\/wp-json\/wp\/v2\/pages\/32742\/revisions"}],"predecessor-version":[{"id":39216,"href":"https:\/\/www.nsa.smsm.lt\/old\/wp-json\/wp\/v2\/pages\/32742\/revisions\/39216"}],"up":[{"embeddable":true,"href":"https:\/\/www.nsa.smsm.lt\/old\/wp-json\/wp\/v2\/pages\/20836"}],"wp:attachment":[{"href":"https:\/\/www.nsa.smsm.lt\/old\/wp-json\/wp\/v2\/media?parent=32742"}],"curies":[{"name":"wp","href":"https:\/\/api.w.org\/{rel}","templated":true}]}}