{"id":32677,"date":"2025-01-27T07:43:13","date_gmt":"2025-01-27T05:43:13","guid":{"rendered":"https:\/\/www.nsa.smsm.lt\/old\/?page_id=32677"},"modified":"2025-01-27T13:47:55","modified_gmt":"2025-01-27T11:47:55","slug":"lr-konstitucijos-egzaminas","status":"publish","type":"page","link":"https:\/\/www.nsa.smsm.lt\/old\/egzaminai-ir-pasiekimu-patikrinimai\/valstybines-kalbos-egzaminas\/lr-konstitucijos-egzaminas\/","title":{"rendered":"LR konstitucijos egzaminas"},"content":{"rendered":"<p><a href=\"https:\/\/www.nsa.smsm.lt\/old\/old\/wp-content\/uploads\/2021\/07\/AR_2009-05-24-1.pdf\">Lietuvos Respublikos konstitucijos pagrind\u0173 egzamino programa<\/a><\/p>\n<p><a href=\"https:\/\/www.e-tar.lt\/portal\/lt\/legalAct\/TAR.F628061443C6\/asr\">XI-1196 Lietuvos Respublikos pilietyb\u0117s \u012fstatymas (e-tar.lt)<\/a><\/p>\n<p><a href=\"https:\/\/www.e-tar.lt\/portal\/lt\/legalAct\/TAR.42837E5A79DD\/asr\">IX-2206 Lietuvos Respublikos \u012fstatymas d\u0117l u\u017esienie\u010di\u0173 teisin\u0117s pad\u0117ties (e-tar.lt)<\/a><\/p>\n<p><a href=\"https:\/\/www.e-tar.lt\/portal\/lt\/legalAct\/TAR.FA7CC8021E9D\/asr\">VIII-342 Lietuvos Respublikos asmen\u0173, nukent\u0117jusi\u0173 nuo 1939-1990 met\u0173 okupacij\u0173, teisinio statuso \u012fstatymas (e-tar.lt)<\/a><\/p>\n","protected":false},"excerpt":{"rendered":"<p>Lietuvos Respublikos konstitucijos pagrind\u0173 egzamino programa XI-1196 Lietuvos Respublikos pilietyb\u0117s \u012fstatymas (e-tar.lt) IX-2206 Lietuvos Respublikos \u012fstatymas d\u0117l u\u017esienie\u010di\u0173 teisin\u0117s pad\u0117ties (e-tar.lt) VIII-342 Lietuvos Respublikos asmen\u0173, nukent\u0117jusi\u0173 nuo 1939-1990 met\u0173 okupacij\u0173, teisinio statuso \u012fstatymas (e-tar.lt)<\/p>\n","protected":false},"author":1,"featured_media":0,"parent":16871,"menu_order":0,"comment_status":"closed","ping_status":"closed","template":"page-egzaminai-valstybinis.php","meta":{"_acf_changed":false,"footnotes":""},"class_list":["post-32677","page","type-page","status-publish","hentry"],"acf":[],"_links":{"self":[{"href":"https:\/\/www.nsa.smsm.lt\/old\/wp-json\/wp\/v2\/pages\/32677","targetHints":{"allow":["GET"]}}],"collection":[{"href":"https:\/\/www.nsa.smsm.lt\/old\/wp-json\/wp\/v2\/pages"}],"about":[{"href":"https:\/\/www.nsa.smsm.lt\/old\/wp-json\/wp\/v2\/types\/page"}],"author":[{"embeddable":true,"href":"https:\/\/www.nsa.smsm.lt\/old\/wp-json\/wp\/v2\/users\/1"}],"replies":[{"embeddable":true,"href":"https:\/\/www.nsa.smsm.lt\/old\/wp-json\/wp\/v2\/comments?post=32677"}],"version-history":[{"count":3,"href":"https:\/\/www.nsa.smsm.lt\/old\/wp-json\/wp\/v2\/pages\/32677\/revisions"}],"predecessor-version":[{"id":42235,"href":"https:\/\/www.nsa.smsm.lt\/old\/wp-json\/wp\/v2\/pages\/32677\/revisions\/42235"}],"up":[{"embeddable":true,"href":"https:\/\/www.nsa.smsm.lt\/old\/wp-json\/wp\/v2\/pages\/16871"}],"wp:attachment":[{"href":"https:\/\/www.nsa.smsm.lt\/old\/wp-json\/wp\/v2\/media?parent=32677"}],"curies":[{"name":"wp","href":"https:\/\/api.w.org\/{rel}","templated":true}]}}