{"id":32456,"date":"2024-03-20T08:44:48","date_gmt":"2024-03-20T06:44:48","guid":{"rendered":"https:\/\/www.nsa.smsm.lt\/old\/?page_id=32456"},"modified":"2025-07-29T11:10:53","modified_gmt":"2025-07-29T09:10:53","slug":"uzsienieciams-for-foreigners","status":"publish","type":"page","link":"https:\/\/www.nsa.smsm.lt\/old\/egzaminai-ir-pasiekimu-patikrinimai\/valstybines-kalbos-egzaminas\/uzsienieciams-for-foreigners\/","title":{"rendered":"Atmintin\u0117s"},"content":{"rendered":"<p><a href=\"https:\/\/www.nsa.smsm.lt\/old\/old\/wp-content\/uploads\/2025\/07\/Guidelines-1.pdf\" target=\"_blank\" rel=\"noopener\">For persons willing to take the examinations\u00a0of the state Lithuanian language and the\u00a0fundamentals of the Constitution of the Republic of Lithuania\u00a0(In order to get issued a permanent residence permit in Lithuania and granted citizenship of the republic of Lithuania)<\/a><\/p>\n<p><a href=\"https:\/\/www.nsa.smsm.lt\/old\/old\/wp-content\/uploads\/2025\/07\/Guidelines-3.pdf\" target=\"_blank\" rel=\"noopener\">For persons willing to take the examinations\u00a0to get established Qualification Categories 1\u20133 of the state Lithuanian language and A2, B1, B2, C1 Proficiency Levels of the Lithuanian language<\/a><\/p>\n<p><a href=\"https:\/\/www.nsa.smsm.lt\/old\/old\/wp-content\/uploads\/2025\/07\/Guidelines-5.pdf\" target=\"_blank\" rel=\"noopener\">For persons willing to take the examinations\u00a0to get established\u00a0Proficiency Levels of\u00a0the\u00a0Lithuanian language\u00a0for candidates who study in Lithuanian education institutions abroad<\/a><\/p>\n<hr \/>\n<p><a href=\"https:\/\/www.nsa.smsm.lt\/old\/old\/wp-content\/uploads\/2025\/07\/Guidelines.pdf\" target=\"_blank\" rel=\"noopener\">Atmintin\u0117 laikantiems valstybin\u0117s kalbos mok\u0117jimo ir Lietuvos Respublikos Konstitucijos pagrind\u0173 egzaminus<\/a><\/p>\n<p><a href=\"https:\/\/www.nsa.smsm.lt\/old\/old\/wp-content\/uploads\/2025\/07\/Guidelines-2.pdf\" target=\"_blank\" rel=\"noopener\">Atmintin\u0117 laikantiems I\u2013III kategorij\u0173 valstybin\u0117s kalbos mok\u0117jimo egzaminus ir lietuvi\u0173 kalbos mok\u0117jimo A2, B1, B2, C1 lygi\u0173 nustatymo egzaminus<\/a><\/p>\n<p><a href=\"https:\/\/www.nsa.smsm.lt\/old\/old\/wp-content\/uploads\/2025\/07\/Guidelines-4.pdf\" target=\"_blank\" rel=\"noopener\">Atmintin\u0117, laikantiems lietuvi\u0173 kalbos mok\u0117jimo lygi\u0173 nustatymo egzaminus kandidatams, kurie mokosi lituanistinio \u0161vietimo \u012fstaigose u\u017esienyje<\/a><\/p>\n","protected":false},"excerpt":{"rendered":"<p>For persons willing to take the examinations\u00a0of the state Lithuanian language and the\u00a0fundamentals of the Constitution of the Republic of Lithuania\u00a0(In order to get issued a permanent residence permit in Lithuania and granted citizenship of the republic of Lithuania) For&nbsp;<a href=\"https:\/\/www.nsa.smsm.lt\/old\/egzaminai-ir-pasiekimu-patikrinimai\/valstybines-kalbos-egzaminas\/uzsienieciams-for-foreigners\/\" class=\"placiau\">Pla\u010diau <i class=\"fa fa-caret-right\"><\/i><\/a><\/p>\n","protected":false},"author":1,"featured_media":0,"parent":16871,"menu_order":0,"comment_status":"closed","ping_status":"closed","template":"page-egzaminai-valstybinis.php","meta":{"_acf_changed":false,"footnotes":""},"class_list":["post-32456","page","type-page","status-publish","hentry"],"acf":[],"_links":{"self":[{"href":"https:\/\/www.nsa.smsm.lt\/old\/wp-json\/wp\/v2\/pages\/32456","targetHints":{"allow":["GET"]}}],"collection":[{"href":"https:\/\/www.nsa.smsm.lt\/old\/wp-json\/wp\/v2\/pages"}],"about":[{"href":"https:\/\/www.nsa.smsm.lt\/old\/wp-json\/wp\/v2\/types\/page"}],"author":[{"embeddable":true,"href":"https:\/\/www.nsa.smsm.lt\/old\/wp-json\/wp\/v2\/users\/1"}],"replies":[{"embeddable":true,"href":"https:\/\/www.nsa.smsm.lt\/old\/wp-json\/wp\/v2\/comments?post=32456"}],"version-history":[{"count":6,"href":"https:\/\/www.nsa.smsm.lt\/old\/wp-json\/wp\/v2\/pages\/32456\/revisions"}],"predecessor-version":[{"id":43968,"href":"https:\/\/www.nsa.smsm.lt\/old\/wp-json\/wp\/v2\/pages\/32456\/revisions\/43968"}],"up":[{"embeddable":true,"href":"https:\/\/www.nsa.smsm.lt\/old\/wp-json\/wp\/v2\/pages\/16871"}],"wp:attachment":[{"href":"https:\/\/www.nsa.smsm.lt\/old\/wp-json\/wp\/v2\/media?parent=32456"}],"curies":[{"name":"wp","href":"https:\/\/api.w.org\/{rel}","templated":true}]}}