{"id":3003,"date":"2022-09-13T08:02:36","date_gmt":"2022-09-13T06:02:36","guid":{"rendered":"https:\/\/www.itc.smm.lt\/?page_id=3003"},"modified":"2023-01-11T19:24:50","modified_gmt":"2023-01-11T17:24:50","slug":"studentu-registras","status":"publish","type":"page","link":"https:\/\/www.nsa.smsm.lt\/old\/registrai\/studentu-registras\/","title":{"rendered":"Student\u0173 registras"},"content":{"rendered":"<p><strong>Student\u0173<\/strong> <strong>registro paskirtis &#8211; <\/strong>registruoti Lietuvos auk\u0161t\u0173j\u0173 mokykl\u0173 ir Lietuvoje veikian\u010di\u0173 u\u017esienio auk\u0161t\u0173j\u0173 mokykl\u0173 filial\u0173 studentus, rinkti, kaupti, apdoroti, sisteminti, saugoti ir teikti fiziniams ir juridiniams asmenims registro duomenis, atlikti kitus registro duomen\u0173 tvarkymo veiksmus.<\/p>\n<p><strong>Student\u0173 registre tvarkom\u0173 asmens duomen\u0173 tvarkymo tikslas<\/strong> \u2013 student\u0173 apskaita Lietuvos auk\u0161t\u0173j\u0173 mokykl\u0173 ir Lietuvos Respublikoje \u012fsteigt\u0173 u\u017esienio auk\u0161t\u0173j\u0173 mokykl\u0173 filial\u0173 (toliau \u2013 Auk\u0161tosios mokyklos) bei \u0161alies lygmenimis, teising\u0173, i\u0161sami\u0173, nuolat atnaujinam\u0173 duomen\u0173 teikimas institucijoms bei kitiems juridiniams asmenims ir duomen\u0173 analiz\u0117s rezultatais pagr\u012fstas \u0161vietimo ir mokslo sistemos valdymas<\/p>\n<p>Juo siekiama:<\/p>\n<ul>\n<li>u\u017etikrinti patikimos bei aktualios informacijos apie Lietuvos auk\u0161t\u0173j\u0173 mokykl\u0173 ir Lietuvoje veikian\u010di\u0173 u\u017esienio auk\u0161t\u0173j\u0173 mokykl\u0173 filial\u0173 studentus naudojim\u0105 auk\u0161tosios mokyklos \u0160vietimo ir mokslo ministerijos lygmeniu bei statistin\u0117se ataskaitose;<\/li>\n<li>sisteminti ir analizuoti duomenis apie student\u0173 jud\u0117jim\u0105 tarp auk\u0161t\u0173j\u0173 mokykl\u0173 ir studij\u0173 program\u0173;<\/li>\n<li>sisteminti ir analizuoti duomenis apie anks\u010diau \u012fgyt\u0105 i\u0161silavinim\u0105;<\/li>\n<li>sisteminti ir analizuoti duomenis apie student\u0173 sustabd\u017eiusi\u0173 (pertraukusi\u0173) ir nutraukusi\u0173 studijas auk\u0161tosiose mokyklose;<\/li>\n<li>sisteminti ir analizuoti duomenis apie student\u0173 dalines studijas Lietuvos ir u\u017esienio \u0161ali\u0173 auk\u0161tosiose mokyklose;<\/li>\n<li>sisteminti ir analizuoti duomenis apie u\u017esienio \u0161ali\u0173 pilie\u010dius studijuojan\u010dius Lietuvos auk\u0161tosiose mokyklose;<\/li>\n<li>sisteminti ir analizuoti duomenis apie student\u0173 studijas ir studij\u0173 rezultatus;<\/li>\n<li>sisteminti ir analizuoti duomenis apie studij\u0173 finansavimo \u0161altinius;<\/li>\n<li>sisteminti ir analizuoti duomenis apie studij\u0173 paskolas;<\/li>\n<li>sisteminti ir analizuoti duomenis apie studentus, gaunan\u010dius stipendijas;<\/li>\n<li>sisteminti ir analizuoti duomenis apie baigtas studijas;<\/li>\n<li>\u012fgyvendinti duomen\u0173 archyvavimo mechanizm\u0105;<\/li>\n<li>u\u017etikrinti efektyv\u0173 ir saug\u0173 asmens duomen\u0173 rinkim\u0105 bei tvarkym\u0105 vadovaujantis Lietuvos Respublikos asmens duomen\u0173 teisin\u0117s apsaugos \u012fstatymo ir kit\u0173 teis\u0117s akt\u0173 nuostatomis;<\/li>\n<li>teikti duomenis kitoms informacin\u0117ms sistemoms bei registrams;<\/li>\n<li>Student\u0173 registro tvarkytojais gali b\u016bti tik auk\u0161t\u0173j\u0173 mokykl\u0173 paskirti asmenys.<\/li>\n<\/ul>\n<p>Siekiant tapti Student\u0173 registro duomen\u0173 tvarkytoju, turite gauti<strong> leidim\u0105 dirbti su Student\u0173 registro duomenimis<\/strong>. Student\u0173 registro naudotojo registravimo pra\u0161ym\u0105 ir Pasi\u017ead\u0117jim\u0105 saugoti asmens duomen\u0173 paslapt\u012f galite rasti adresu: <a href=\"https:\/\/studentai.emokykla.lt\/studreg\/\">https:\/\/studentai.emokykla.lt\/studreg\/<\/a>\u00a0skiltyje <em>Dokumentai-&gt;SR naudotoj\u0173 registravimas<\/em><\/p>\n<p>Student\u0173 registro dokumentus (nuostatai, duomen\u0173 saugos nuostatai) galite rasti prisijung\u0119 adresu: <a href=\"https:\/\/www.krisin.smm.lt\/aikos2-krisin\/public\/registroPerziura.xhtml?id=95\">https:\/\/www.krisin.smm.lt\/aikos2-krisin\/public\/registroPerziura.xhtml?id=95<\/a>)<\/p>\n<p>Vis\u0105 su Student\u0173 registru susijusi\u0105 informacij\u0105 (SR tvarkytojo vadov\u0105, kitus dokumentus, da\u017eniausiai u\u017eduodamus klausimus, naujienas, studentui ar buvusiam studentui Pa\u017eymos apie studijas formavimo i\u0161 SR instrukcij\u0105, kitus dokumentus) galite rasti adresu: <a href=\"https:\/\/studentai.emokykla.lt\/studreg\/\">https:\/\/studentai.emokykla.lt\/studreg\/<\/a><\/p>\n<p>Visais Student\u0173 registro duomen\u0173 tvarkymo klausimais kreipkit\u0117s \u012f <em>administratori\u0173 (el. pa\u0161to adresas <a href=\"mailto:mazvydas.jablonskis@nsa.smm.lt\">mazvydas.jablonskis@nsa.smm.lt<\/a>\u00a0<\/em><em>)<\/em><\/p>\n<p>&nbsp;<\/p>\n<p><em>Student\u0173 registro duomenys i\u0161 \u0160vietimo ir mokslo institucij\u0173, Studij\u0173, mokymo program\u0173 ir kvalifikacij\u0173, Diplom\u0173 ir atestat\u0173, Mokini\u0173 registr\u0173 gaunami automatiniu b\u016bdu, o i\u0161 Lietuvos Respublikos gyventoj\u0173 registro ir valstyb\u0117s informacini\u0173 sistem\u0173 \u201ePaskola-3\u201c ir \u201eParama\u201c &#8211; duomen\u0173 teikimo sutartyse\u00a0nustatytais terminais ir b\u016bdais.<\/em><\/p>\n<p><em>Susijusioms valstyb\u0117s informacin\u0117ms sistemoms ir registrams Student\u0173 registro duomenys teikiami pagal duomen\u0173 teikimo sutartis. Mokes\u010di\u0173 administravimo, teis\u0117tvarkos institucijoms ir teismams teis\u0117s aktuose nustatytoms funkcijoms atlikti Student\u0173 registro duomenys teikiami pagal pra\u0161ym\u0105 ir (arba) sutartis.<\/em><\/p>\n","protected":false},"excerpt":{"rendered":"<p>Student\u0173 registro paskirtis &#8211; registruoti Lietuvos auk\u0161t\u0173j\u0173 mokykl\u0173 ir Lietuvoje veikian\u010di\u0173 u\u017esienio auk\u0161t\u0173j\u0173 mokykl\u0173 filial\u0173 studentus, rinkti, kaupti, apdoroti, sisteminti, saugoti ir teikti fiziniams ir juridiniams asmenims registro duomenis, atlikti kitus registro duomen\u0173 tvarkymo veiksmus. Student\u0173 registre tvarkom\u0173 asmens duomen\u0173&nbsp;<a href=\"https:\/\/www.nsa.smsm.lt\/old\/registrai\/studentu-registras\/\" class=\"placiau\">Pla\u010diau <i class=\"fa fa-caret-right\"><\/i><\/a><\/p>\n","protected":false},"author":1,"featured_media":0,"parent":32703,"menu_order":2,"comment_status":"closed","ping_status":"closed","template":"page-registrai.php","meta":{"_acf_changed":false,"footnotes":""},"class_list":["post-3003","page","type-page","status-publish","hentry"],"acf":[],"_links":{"self":[{"href":"https:\/\/www.nsa.smsm.lt\/old\/wp-json\/wp\/v2\/pages\/3003","targetHints":{"allow":["GET"]}}],"collection":[{"href":"https:\/\/www.nsa.smsm.lt\/old\/wp-json\/wp\/v2\/pages"}],"about":[{"href":"https:\/\/www.nsa.smsm.lt\/old\/wp-json\/wp\/v2\/types\/page"}],"author":[{"embeddable":true,"href":"https:\/\/www.nsa.smsm.lt\/old\/wp-json\/wp\/v2\/users\/1"}],"replies":[{"embeddable":true,"href":"https:\/\/www.nsa.smsm.lt\/old\/wp-json\/wp\/v2\/comments?post=3003"}],"version-history":[{"count":0,"href":"https:\/\/www.nsa.smsm.lt\/old\/wp-json\/wp\/v2\/pages\/3003\/revisions"}],"up":[{"embeddable":true,"href":"https:\/\/www.nsa.smsm.lt\/old\/wp-json\/wp\/v2\/pages\/32703"}],"wp:attachment":[{"href":"https:\/\/www.nsa.smsm.lt\/old\/wp-json\/wp\/v2\/media?parent=3003"}],"curies":[{"name":"wp","href":"https:\/\/api.w.org\/{rel}","templated":true}]}}