{"id":3001,"date":"2023-11-16T08:01:38","date_gmt":"2023-11-16T06:01:38","guid":{"rendered":"https:\/\/www.itc.smm.lt\/?page_id=3001"},"modified":"2023-11-16T09:44:15","modified_gmt":"2023-11-16T07:44:15","slug":"pedagogu-registras","status":"publish","type":"page","link":"https:\/\/www.nsa.smsm.lt\/old\/registrai\/pedagogu-registras\/","title":{"rendered":"Pedagog\u0173 registras"},"content":{"rendered":"<p><strong>Pedagog\u0173 registro paskirtis<\/strong> \u2013 registruoti bendrojo ugdymo mokykl\u0173, ikimokyklinio ugdymo mokykl\u0173, profesinio mokymo \u012fstaig\u0173, neformaliojo vaik\u0173 \u0161vietimo mokykl\u0173 ir formal\u0173j\u012f \u0161vietim\u0105 papildan\u010dio ugdymo mokykl\u0173, mokslo ir studij\u0173 institucij\u0173, kit\u0173 \u0161vietimo teik\u0117j\u0173, vykdan\u010di\u0173 formaliojo ir (ar) neformaliojo \u0161vietimo programas, mokslinius tyrimus, lituanistinio \u0161vietimo \u012fstaig\u0173 pedagoginius darbuotojus, mokytoj\u0173 pad\u0117j\u0117jus ir (ar) tyr\u0117jus, rinkti, kaupti, apdoroti, sisteminti, saugoti ir teikti Registro duomenis fiziniams ir juridiniams asmenims, atlikti kitus Registro duomen\u0173 tvarkymo veiksmus.<\/p>\n<p><strong>Pedagog\u0173 registre asmens duomen\u0173 tvarkymo tikslas<\/strong> \u2013 pedagogini\u0173 darbuotoj\u0173, mokytoj\u0173 pad\u0117j\u0117j\u0173 ir (ar) tyr\u0117j\u0173 apskaita bei tinkamas asmen\u0173 identifikavimas registre.<\/p>\n<p>Juo siekiama:<\/p>\n<ul>\n<li>u\u017etikrinti patikimos bei aktualios informacijos apie pedagogus ir (ar) tyr\u0117jus naudojim\u0105 mokyklos, savivaldyb\u0117s, \u0160vietimo ir mokslo ministerijos lygmeniu;<\/li>\n<li>sisteminti ir analizuoti duomenis apie pedagoginius darbuotojus, mokytoj\u0173 pad\u0117j\u0117jus ir (ar) tyr\u0117jus mokyklos, savivaldyb\u0117s ir nacionaliniu lygmeniu;<\/li>\n<li>u\u017etikrinti efektyv\u0173 ir saug\u0173 asmens duomen\u0173 rinkim\u0105 bei tvarkym\u0105 vadovaujantis Lietuvos Respublikos asmens duomen\u0173 teisin\u0117s apsaugos \u012fstatymo ir kit\u0173 teis\u0117s akt\u0173 nuostatomis ir Pedagog\u0173 registro saugos nuostatais;<\/li>\n<li>teikti duomenis kitoms informacin\u0117ms sistemoms ir registrams.<\/li>\n<\/ul>\n<p><strong>Registro tvarkytojai<\/strong> yra bendrojo ugdymo mokyklos, ikimokyklinio ugdymo mokyklos, profesinio mokymo \u012fstaigos, neformaliojo vaik\u0173 \u0161vietimo mokyklos ir formal\u0173j\u012f \u0161vietim\u0105 papildan\u010dio ugdymo mokyklos, mokslo ir studij\u0173 institucijos, \u0161vietimo pagalbos \u012fstaigos, kiti \u0161vietimo teik\u0117jai, vykdantys formaliojo ir (ar) neformaliojo \u0161vietimo programas, mokslinius tyrimus, \u0161vietimo \u012fstaigos ir lituanistikos (baltistikos) centrai u\u017esienyje, kuriuose mokoma lietuvi\u0173 kalbos ar lietuvi\u0173 kalba.<\/p>\n<p>Prie Pedagog\u0173 registro prisijungti galite adresu: <a href=\"https:\/\/pedagogai.emokykla.lt\">https:\/\/pedagogai.emokykla.lt<\/a><\/p>\n<p>\u0160vietimo teik\u0117jas, siekiantis tapti Pedagog\u0173 registro duomen\u0173 tvarkytoju, turi gauti<strong> leidim\u0105 dirbti su Pedagog\u0173 registro duomenimis<\/strong>. Pedagog\u0173 registro naudotojo registravimo pra\u0161ym\u0105 ir Pasi\u017ead\u0117jim\u0105 saugoti asmens duomen\u0173 paslapt\u012f galite rasti adresu:<\/p>\n<p><a href=\"https:\/\/pr-info.emokykla.lt\/dokumentai\/-\/document_library\/jpfV2WBNfTsd\/view\/45267?_com_liferay_document_library_web_portlet_DLPortlet_INSTANCE_jpfV2WBNfTsd_redirect=https%3A%2F%2Fpr-info.emokykla.lt%2Fdokumentai%3Fp_p_id%3Dcom_liferay_document_library_web_portlet_DLPortlet_INSTANCE_jpfV2WBNfTsd%26p_p_lifecycle%3D0%26p_p_state%3Dnormal%26p_p_mode%3Dview\">https:\/\/pr-info.emokykla.lt\/dokumentai\/-\/[..]<\/a><\/p>\n<p>U\u017epildytus Pedagog\u0173 registro naudotojo dokumentus (originalus) reikia pateikti:<\/p>\n<ul>\n<li>asmeniui, kuris j\u016bs\u0173 \u012fstaigoje jau turi teis\u0119 dirbti su PR ir kurti naujus naudotojus;<\/li>\n<li>atitinkamos savivaldyb\u0117s \u0161vietimo skyriui, kai \u0161vietimo \u012fstaigos steig\u0117jas yra savivaldyb\u0117;<\/li>\n<li>kitu atveju, si\u0173sti adresu: K. Kalinausko g. 7, LT-03107, Vilnius, Nacionalin\u0117 \u0161vietimo agent\u016bra.<\/li>\n<\/ul>\n<p>Pedagog\u0173 registro dokumentus (nuostatus, duomen\u0173 saugos nuostatus) galite rasti adresu:<br \/>\n<a href=\"https:\/\/pr-info.emokykla.lt\/registruotiems-naudotojams\">https:\/\/pr-info.emokykla.lt\/registruotiems-naudotojams<\/a><\/p>\n<p>Pedagog\u0173 registro naudotojams reikaling\u0105 informacij\u0105 (PR tvarkytojo vadov\u0105 ir kt. informacij\u0105) galite rasti adresu:<br \/>\n<a href=\"https:\/\/pr-info.emokykla.lt\/dokumentai\">https:\/\/pr-info.emokykla.lt\/dokumentai<\/a><\/p>\n","protected":false},"excerpt":{"rendered":"<p>Pedagog\u0173 registro paskirtis \u2013 registruoti bendrojo ugdymo mokykl\u0173, ikimokyklinio ugdymo mokykl\u0173, profesinio mokymo \u012fstaig\u0173, neformaliojo vaik\u0173 \u0161vietimo mokykl\u0173 ir formal\u0173j\u012f \u0161vietim\u0105 papildan\u010dio ugdymo mokykl\u0173, mokslo ir studij\u0173 institucij\u0173, kit\u0173 \u0161vietimo teik\u0117j\u0173, vykdan\u010di\u0173 formaliojo ir (ar) neformaliojo \u0161vietimo programas, mokslinius tyrimus,&nbsp;<a href=\"https:\/\/www.nsa.smsm.lt\/old\/registrai\/pedagogu-registras\/\" class=\"placiau\">Pla\u010diau <i class=\"fa fa-caret-right\"><\/i><\/a><\/p>\n","protected":false},"author":1,"featured_media":0,"parent":32703,"menu_order":1,"comment_status":"closed","ping_status":"closed","template":"page-registrai.php","meta":{"_acf_changed":false,"footnotes":""},"class_list":["post-3001","page","type-page","status-publish","hentry"],"acf":[],"_links":{"self":[{"href":"https:\/\/www.nsa.smsm.lt\/old\/wp-json\/wp\/v2\/pages\/3001","targetHints":{"allow":["GET"]}}],"collection":[{"href":"https:\/\/www.nsa.smsm.lt\/old\/wp-json\/wp\/v2\/pages"}],"about":[{"href":"https:\/\/www.nsa.smsm.lt\/old\/wp-json\/wp\/v2\/types\/page"}],"author":[{"embeddable":true,"href":"https:\/\/www.nsa.smsm.lt\/old\/wp-json\/wp\/v2\/users\/1"}],"replies":[{"embeddable":true,"href":"https:\/\/www.nsa.smsm.lt\/old\/wp-json\/wp\/v2\/comments?post=3001"}],"version-history":[{"count":1,"href":"https:\/\/www.nsa.smsm.lt\/old\/wp-json\/wp\/v2\/pages\/3001\/revisions"}],"predecessor-version":[{"id":37311,"href":"https:\/\/www.nsa.smsm.lt\/old\/wp-json\/wp\/v2\/pages\/3001\/revisions\/37311"}],"up":[{"embeddable":true,"href":"https:\/\/www.nsa.smsm.lt\/old\/wp-json\/wp\/v2\/pages\/32703"}],"wp:attachment":[{"href":"https:\/\/www.nsa.smsm.lt\/old\/wp-json\/wp\/v2\/media?parent=3001"}],"curies":[{"name":"wp","href":"https:\/\/api.w.org\/{rel}","templated":true}]}}