{"id":29987,"date":"2022-10-06T09:21:25","date_gmt":"2022-10-06T07:21:25","guid":{"rendered":"https:\/\/www.nsa.smsm.lt\/old\/?page_id=29987"},"modified":"2023-01-11T20:05:33","modified_gmt":"2023-01-11T18:05:33","slug":"dokumentai","status":"publish","type":"page","link":"https:\/\/www.nsa.smsm.lt\/old\/istaigu-vertinimas\/ikimokyklinio-ir-priesmokyklinio-ugdymo-mokyklu-isorinis-vertinimas\/dokumentai\/","title":{"rendered":"Dokumentai"},"content":{"rendered":"<p><b>2022-06-02 \u012esakymas Nr. V-908<\/b><\/p>\n<p><a title=\"https:\/\/www.e-tar.lt\/portal\/lt\/legalAct\/4a3525c0e27911ec8d9390588bf2de65\" href=\"https:\/\/www.e-tar.lt\/portal\/lt\/legalAct\/4a3525c0e27911ec8d9390588bf2de65\">D\u0117l Mokykl\u0173, vykdan\u010di\u0173 ikimokyklinio ir (ar) prie\u0161mokyklinio ugdymo programas, veiklos kokyb\u0117s i\u0161orinio vertinimo organizavimo ir vykdymo tvarkos apra\u0161o patvirtinimo<\/a><\/p>\n","protected":false},"excerpt":{"rendered":"<p>2022-06-02 \u012esakymas Nr. V-908 D\u0117l Mokykl\u0173, vykdan\u010di\u0173 ikimokyklinio ir (ar) prie\u0161mokyklinio ugdymo programas, veiklos kokyb\u0117s i\u0161orinio vertinimo organizavimo ir vykdymo tvarkos apra\u0161o patvirtinimo<\/p>\n","protected":false},"author":1,"featured_media":0,"parent":29984,"menu_order":0,"comment_status":"closed","ping_status":"closed","template":"page-ikimokyklinisvertinimas.php","meta":{"_acf_changed":false,"footnotes":""},"class_list":["post-29987","page","type-page","status-publish","hentry"],"acf":[],"_links":{"self":[{"href":"https:\/\/www.nsa.smsm.lt\/old\/wp-json\/wp\/v2\/pages\/29987","targetHints":{"allow":["GET"]}}],"collection":[{"href":"https:\/\/www.nsa.smsm.lt\/old\/wp-json\/wp\/v2\/pages"}],"about":[{"href":"https:\/\/www.nsa.smsm.lt\/old\/wp-json\/wp\/v2\/types\/page"}],"author":[{"embeddable":true,"href":"https:\/\/www.nsa.smsm.lt\/old\/wp-json\/wp\/v2\/users\/1"}],"replies":[{"embeddable":true,"href":"https:\/\/www.nsa.smsm.lt\/old\/wp-json\/wp\/v2\/comments?post=29987"}],"version-history":[{"count":0,"href":"https:\/\/www.nsa.smsm.lt\/old\/wp-json\/wp\/v2\/pages\/29987\/revisions"}],"up":[{"embeddable":true,"href":"https:\/\/www.nsa.smsm.lt\/old\/wp-json\/wp\/v2\/pages\/29984"}],"wp:attachment":[{"href":"https:\/\/www.nsa.smsm.lt\/old\/wp-json\/wp\/v2\/media?parent=29987"}],"curies":[{"name":"wp","href":"https:\/\/api.w.org\/{rel}","templated":true}]}}