{"id":29984,"date":"2025-07-10T09:19:58","date_gmt":"2025-07-10T07:19:58","guid":{"rendered":"https:\/\/www.nsa.smsm.lt\/old\/?page_id=29984"},"modified":"2025-07-10T11:47:18","modified_gmt":"2025-07-10T09:47:18","slug":"ikimokyklinio-ir-priesmokyklinio-ugdymo-mokyklu-isorinis-vertinimas","status":"publish","type":"page","link":"https:\/\/www.nsa.smsm.lt\/old\/istaigu-vertinimas\/ikimokyklinio-ir-priesmokyklinio-ugdymo-mokyklu-isorinis-vertinimas\/","title":{"rendered":"Ikimokyklinio ir prie\u0161mokyklinio ugdymo mokykl\u0173 i\u0161orinis vertinimas"},"content":{"rendered":"<p>Dokumentai<\/p>\n<hr \/>\n<p><a id=\"LPlnk518317\" title=\"https:\/\/www.e-tar.lt\/portal\/lt\/legalAct\/4a3525c0e27911ec8d9390588bf2de65\" href=\"https:\/\/www.e-tar.lt\/portal\/lt\/legalAct\/4a3525c0e27911ec8d9390588bf2de65\" data-loopstyle=\"link\">D\u0117l Mokykl\u0173, vykdan\u010di\u0173 ikimokyklinio ir (ar) prie\u0161mokyklinio ugdymo programas, veiklos kokyb\u0117s i\u0161orinio vertinimo organizavimo ir vykdymo tvarkos apra\u0161o patvirtinimo<\/a>.<\/p>\n<p><a href=\"https:\/\/www.nsa.smsm.lt\/old\/old\/wp-content\/uploads\/2025\/07\/2025-03-07-Nr.-VK-203-DEL-MOKYKLU-VYKDANCIU-IKIMOKYKLINIO-IR-AR-PRIESMOKYKLINIO-UGDYMO-PROGRAMAS-VEIKLOS-KOKYBES-ISORINIO-VERTINIMO-VERTINTOJU-ATRANKOS-IR-JU-VEIKLOS-VE.pdf\" target=\"_blank\" rel=\"noopener\">D\u0117l Mokykl\u0173, vykdan\u010di\u0173 ikimokyklinio ir (ar) prie\u0161mokyklinio ugdymo programas, veiklos kokyb\u0117s i\u0161orinio vertinimo vertintoj\u0173 atrankos ir j\u0173 veiklos vertinimo taisykli\u0173 patvirtinimo<\/a><\/p>\n<p><a href=\"https:\/\/www.nsa.smsm.lt\/old\/old\/wp-content\/uploads\/2025\/07\/2025-03-25-Nr.-VK-275-DEL-MOKYKLU-VERTINIMO-VERTINTOJU-VEIKLOS-VERTINIMO-KOMISIJOS-DARBO-REGLAMENTO.pdf\" target=\"_blank\" rel=\"noopener\">D\u0117l mokykl\u0173 vertinimo vertintoj\u0173 veiklos vertinimo komisijos darbo reglamento<\/a><\/p>\n","protected":false},"excerpt":{"rendered":"<p>Dokumentai D\u0117l Mokykl\u0173, vykdan\u010di\u0173 ikimokyklinio ir (ar) prie\u0161mokyklinio ugdymo programas, veiklos kokyb\u0117s i\u0161orinio vertinimo organizavimo ir vykdymo tvarkos apra\u0161o patvirtinimo. D\u0117l Mokykl\u0173, vykdan\u010di\u0173 ikimokyklinio ir (ar) prie\u0161mokyklinio ugdymo programas, veiklos kokyb\u0117s i\u0161orinio vertinimo vertintoj\u0173 atrankos ir j\u0173 veiklos vertinimo taisykli\u0173&nbsp;<a href=\"https:\/\/www.nsa.smsm.lt\/old\/istaigu-vertinimas\/ikimokyklinio-ir-priesmokyklinio-ugdymo-mokyklu-isorinis-vertinimas\/\" class=\"placiau\">Pla\u010diau <i class=\"fa fa-caret-right\"><\/i><\/a><\/p>\n","protected":false},"author":1,"featured_media":0,"parent":10099,"menu_order":0,"comment_status":"closed","ping_status":"closed","template":"page-ikimokyklinisvertinimas.php","meta":{"_acf_changed":false,"footnotes":""},"class_list":["post-29984","page","type-page","status-publish","hentry"],"acf":[],"_links":{"self":[{"href":"https:\/\/www.nsa.smsm.lt\/old\/wp-json\/wp\/v2\/pages\/29984","targetHints":{"allow":["GET"]}}],"collection":[{"href":"https:\/\/www.nsa.smsm.lt\/old\/wp-json\/wp\/v2\/pages"}],"about":[{"href":"https:\/\/www.nsa.smsm.lt\/old\/wp-json\/wp\/v2\/types\/page"}],"author":[{"embeddable":true,"href":"https:\/\/www.nsa.smsm.lt\/old\/wp-json\/wp\/v2\/users\/1"}],"replies":[{"embeddable":true,"href":"https:\/\/www.nsa.smsm.lt\/old\/wp-json\/wp\/v2\/comments?post=29984"}],"version-history":[{"count":4,"href":"https:\/\/www.nsa.smsm.lt\/old\/wp-json\/wp\/v2\/pages\/29984\/revisions"}],"predecessor-version":[{"id":43824,"href":"https:\/\/www.nsa.smsm.lt\/old\/wp-json\/wp\/v2\/pages\/29984\/revisions\/43824"}],"up":[{"embeddable":true,"href":"https:\/\/www.nsa.smsm.lt\/old\/wp-json\/wp\/v2\/pages\/10099"}],"wp:attachment":[{"href":"https:\/\/www.nsa.smsm.lt\/old\/wp-json\/wp\/v2\/media?parent=29984"}],"curies":[{"name":"wp","href":"https:\/\/api.w.org\/{rel}","templated":true}]}}