{"id":29228,"date":"2022-04-25T08:31:46","date_gmt":"2022-04-25T06:31:46","guid":{"rendered":"https:\/\/www.nsa.smsm.lt\/old\/?page_id=29228"},"modified":"2022-04-25T08:46:36","modified_gmt":"2022-04-25T06:46:36","slug":"asmens-duomenu-apsauga","status":"publish","type":"page","link":"https:\/\/www.nsa.smsm.lt\/old\/administracine-informacija\/asmens-duomenu-apsauga\/","title":{"rendered":"Asmens duomen\u0173 apsauga"},"content":{"rendered":"<p>Agent\u016bra,<i>\u00a0<\/i>esant duomen\u0173 subjekto pra\u0161ymui \u012fgyvendinti teis\u0119 susipa\u017einti su savo asmens duomenimis, turi pateikti:<\/p>\n<ol>\n<li>informacij\u0105, ar duomen\u0173 subjekto asmens duomenys tvarkomi ar ne;<\/li>\n<li>su asmens duomen\u0173 tvarkymu susijusi\u0105 informacij\u0105, numatyt\u0105 2016 m. baland\u017eio 27 d. Europos Parlamento ir Tarybos reglamento (ES) 2016\/679 d\u0117l fizini\u0173 asmen\u0173 apsaugos tvarkant asmens duomenis ir d\u0117l laisvo toki\u0173 duomen\u0173 jud\u0117jimo ir kuriuo panaikinama Direktyva 95\/46\/EB (Bendrasis duomen\u0173 apsaugos reglamentas) (OL 2016 L 119, p. 1) (toliau \u2013 Reglamentas (ES) 2016\/679) 15 straipsnio 1 ir 2 dalyse, jeigu duomen\u0173 subjekto asmens duomenys tvarkomi;<\/li>\n<li>tvarkom\u0173 asmens duomen\u0173 kopij\u0105.<\/li>\n<\/ol>\n<p>U\u017e duomen\u0173 subjekto\u00a0pasikartojan\u010dius ir neproporcingus pra\u0161ymus, kuriais pra\u0161oma susipa\u017einti su asmens duomenimis ir\/ar gauti\u00a0tvarkom\u0173 asmens duomen\u0173 kopijas, i\u0161skyrus kai atitinkami asmens duomenys duomen\u0173 subjektui teikiami pirm\u0105 kart\u0105 po j\u0173 tvarkymo prad\u017eios duomen\u0173 tvarkytojo turima forma, duomen\u0173 tvarkytojas gali imti atlyginim\u0105, kurio dydis nustatomas Lietuvos Respublikos teis\u0117s gauti informacij\u0105 i\u0161 valstyb\u0117s ir savivaldybi\u0173 institucij\u0173 ir \u012fstaig\u0173 \u012fstatymo 10 straipsnyje nustatyta tvarka. Kai duomen\u0173 subjektas pra\u0161ym\u0105\u00a0susipa\u017einti su asmens duomenimis\u00a0pateikia elektronin\u0117mis priemon\u0117mis, informacija ir (ar) asmens duomen\u0173 kopija pateikiama duomen\u0173 tvarkytojo turima elektronine forma, i\u0161skyrus, kai duomen\u0173 subjektas papra\u0161o j\u0105 pateikti kitaip.<\/p>\n<p>Duomen\u0173 subjektas, vadovaudamasis Reglamento (ES) 2016\/679 16 straipsniu, turi teis\u0119 reikalauti, kad bet kokie jo tvarkomi netiksl\u016bs asmens duomenys b\u016bt\u0173 i\u0161taisyti, o nei\u0161sam\u016bs papildyti.<\/p>\n<p>Duomen\u0173 subjekto teis\u0117 i\u0161trinti jo asmens duomenis (\u201eteis\u0117 b\u016bti pamir\u0161tam\u201c) \u012fgyvendinama Reglamento (ES) 2016\/679 17 straipsnyje numatytais atvejais. Duomen\u0173 subjekto pra\u0161ymas i\u0161trinti asmens duomenis turi b\u016bti motyvuotas, jame turi b\u016bti nurodytas bent vienas i\u0161 Reglamento (ES) 2016\/679 17 straipsnyje nurodyt\u0173 pagrind\u0173.<\/p>\n<p>Reglamento (ES) 2016\/679 18 straipsnio 1 dalyje numatytais atvejais Agent\u016bra privalo \u012fgyvendinti duomen\u0173 subjekto teis\u0119 apriboti jo asmens duomen\u0173 tvarkym\u0105.<\/p>\n<p>Informuojame, kad Jums kreipiantis \u012f Agent\u016br\u0105, J\u016bs\u0173 asmens duomenys bus tvarkomi duomen\u0173 apsaugos pareig\u016bno funkcij\u0173 vykdymo tikslu, \u012fskaitant bet neapsiribojant duomen\u0173 subjekt\u0173 pra\u0161ym\u0173 nagrin\u0117jim\u0105, asmens duomen\u0173 saugumo pa\u017eeidim\u0173 vertinim\u0105 ir kt.<\/p>\n<p>Pla\u010diau apie J\u016bs\u0173 asmens duomen\u0173 tvarkym\u0105 skaitykite Privatumo prane\u0161ime.<\/p>\n<div><b>Duomen\u0173 apsaugos pareig\u016bno kontaktai<br \/>\n<a href=\"mailto:dap@nsa.smm.lt\" target=\"_blank\" rel=\"noopener noreferrer\" data-auth=\"NotApplicable\" data-linkindex=\"0\">dap@nsa.smm.lt<\/a><\/b><\/div>\n<div><\/div>\n<h2>Dokumentai<\/h2>\n<hr \/>\n<p>Asmens duomen\u0173 tvarkymo nacionalin\u0117je \u0161vietimo agent\u016broje tvarkos apra\u0161as <a href=\"https:\/\/www.nsa.smsm.lt\/old\/old\/wp-content\/uploads\/2022\/04\/ASMENS-DUOMENU-TVARKYMO-NACIONALINEJE-SVIETIMO-AGENTUROJE-TVARKOS-APRASAS.pdf\"><i class=\"fa fa-chevron-circle-right \" ><\/i><\/a><\/p>\n<p>Vaizdo duomen\u0173 rinkimo ir tvarkymo Nacionalin\u0117je \u0161vietimo\u00a0 agent\u016broje taisykl\u0117s <a href=\"https:\/\/www.nsa.smsm.lt\/old\/old\/wp-content\/uploads\/2022\/04\/VAIZDO-DUOMENU-RINKIMO-IR-TVARKYMO-NACIONALINEJE-SVIETIMO-AGENTUROJE-TAISYKLES.pdf\"><i class=\"fa fa-chevron-circle-right \" ><\/i><\/a><\/p>\n<p>Nacionalin\u0117s \u0161vietimo agent\u016bros privatumo prane\u0161imas <a href=\"https:\/\/www.nsa.smsm.lt\/old\/old\/wp-content\/uploads\/2022\/04\/NSA-PRIVATUMO-PRANESIMAS.pdf\"><i class=\"fa fa-chevron-circle-right \" ><\/i><\/a><\/p>\n","protected":false},"excerpt":{"rendered":"<p>Agent\u016bra,\u00a0esant duomen\u0173 subjekto pra\u0161ymui \u012fgyvendinti teis\u0119 susipa\u017einti su savo asmens duomenimis, turi pateikti: informacij\u0105, ar duomen\u0173 subjekto asmens duomenys tvarkomi ar ne; su asmens duomen\u0173 tvarkymu susijusi\u0105 informacij\u0105, numatyt\u0105 2016 m. baland\u017eio 27 d. Europos Parlamento ir Tarybos reglamento (ES)&nbsp;<a href=\"https:\/\/www.nsa.smsm.lt\/old\/administracine-informacija\/asmens-duomenu-apsauga\/\" class=\"placiau\">Pla\u010diau <i class=\"fa fa-caret-right\"><\/i><\/a><\/p>\n","protected":false},"author":1,"featured_media":0,"parent":8756,"menu_order":10,"comment_status":"closed","ping_status":"closed","template":"","meta":{"_acf_changed":false,"footnotes":""},"class_list":["post-29228","page","type-page","status-publish","hentry"],"acf":[],"_links":{"self":[{"href":"https:\/\/www.nsa.smsm.lt\/old\/wp-json\/wp\/v2\/pages\/29228","targetHints":{"allow":["GET"]}}],"collection":[{"href":"https:\/\/www.nsa.smsm.lt\/old\/wp-json\/wp\/v2\/pages"}],"about":[{"href":"https:\/\/www.nsa.smsm.lt\/old\/wp-json\/wp\/v2\/types\/page"}],"author":[{"embeddable":true,"href":"https:\/\/www.nsa.smsm.lt\/old\/wp-json\/wp\/v2\/users\/1"}],"replies":[{"embeddable":true,"href":"https:\/\/www.nsa.smsm.lt\/old\/wp-json\/wp\/v2\/comments?post=29228"}],"version-history":[{"count":0,"href":"https:\/\/www.nsa.smsm.lt\/old\/wp-json\/wp\/v2\/pages\/29228\/revisions"}],"up":[{"embeddable":true,"href":"https:\/\/www.nsa.smsm.lt\/old\/wp-json\/wp\/v2\/pages\/8756"}],"wp:attachment":[{"href":"https:\/\/www.nsa.smsm.lt\/old\/wp-json\/wp\/v2\/media?parent=29228"}],"curies":[{"name":"wp","href":"https:\/\/api.w.org\/{rel}","templated":true}]}}