{"id":28605,"date":"2022-10-01T19:51:43","date_gmt":"2022-10-01T17:51:43","guid":{"rendered":"https:\/\/www.nsa.smsm.lt\/old\/?page_id=28605"},"modified":"2023-01-11T20:02:04","modified_gmt":"2023-01-11T18:02:04","slug":"praneseju-apsauga","status":"publish","type":"page","link":"https:\/\/www.nsa.smsm.lt\/old\/administracine-informacija\/praneseju-apsauga\/","title":{"rendered":"Prane\u0161\u0117j\u0173 apsauga"},"content":{"rendered":"<p>Informacija apie pa\u017eeidimus teikiama d\u0117l:<\/p>\n<ol>\n<li>pavojaus visuomen\u0117s saugumui ar sveikatai, asmens gyvybei ar sveikatai;<\/li>\n<li>pavojaus aplinkai;<\/li>\n<li>kliudymo arba neteis\u0117to poveikio teis\u0117saugos institucij\u0173 atliekamiems tyrimams ar teismams vykdant teisingum\u0105;<\/li>\n<li>neteis\u0117tos veiklos finansavimo;<\/li>\n<li>neteis\u0117to ar neskaidraus vie\u0161\u0173j\u0173 l\u0117\u0161\u0173 ar turto naudojimo;<\/li>\n<li>neteis\u0117tu b\u016bdu \u012fgyto turto;<\/li>\n<li>padaryto pa\u017eeidimo padarini\u0173 sl\u0117pimo, kliudymo nustatyti padarini\u0173 mast\u0105;<\/li>\n<li>pa\u017eeidim\u0173, nurodyt\u0173 Lietuvos Respublikos teisingumo ministro patvirtintame s\u0105ra\u0161e, parengtame atsi\u017evelgiant \u012f Direktyvoje (ES) 2019\/1937 nurodyt\u0173 Europos S\u0105jungos teis\u0117s akt\u0173 taikymo srit\u012f;<\/li>\n<li>kenkimo Europos S\u0105jungos finansiniams interesams, kaip nurodyta Sutarties d\u0117l Europos S\u0105jungos veikimo 325 straipsnyje ir i\u0161samiau apib\u016bdinta susijusiose Europos S\u0105jungos priemon\u0117se;<\/li>\n<li>pa\u017eeidim\u0173, susijusi\u0173 su vidaus rinka, kaip nurodyta Sutarties d\u0117l Europos S\u0105jungos veikimo 26 straipsnio 2 dalyje, \u012fskaitant Europos S\u0105jungos konkurencijos ir valstyb\u0117s pagalbos taisykli\u0173 pa\u017eeidimus, taip pat su vidaus rinka susijusius pa\u017eeidimus d\u0117l veiksm\u0173, kuriais pa\u017eeid\u017eiamos pelno mokes\u010dio taisykl\u0117s, arba susitarimus, kuriais siekiama \u012fgyti mokestin\u012f prana\u0161um\u0105, kenkiant\u012f taikytinos pelno mokes\u010dio teis\u0117s dalykui arba tikslui;<\/li>\n<li>kit\u0173 pa\u017eeidim\u0173.<\/li>\n<\/ol>\n<p>Informacij\u0105 apie pasteb\u0117tus korupcijos atvejus Nacionalin\u0117je \u0161vietimo agent\u016broje galima pateikti:<\/p>\n<p>Speciali\u0173 tyrim\u0173 tarnybos rekomenduojama \u201ePrane\u0161imo apie korupcinio pob\u016bd\u017eio teis\u0117s pa\u017eeidim\u0105\u201c forma, kuri\u0105 galima pateikti el. pa\u0161tu <a href=\"mailto:pranesk@stt.lt\">pranesk@stt.lt<\/a>.<\/p>\n<p>tiesiogiai atvykus \u012f \u012fstaig\u0105 jos oficialiomis darbo valandomis pas kompetenting\u0105 subjekt\u0105. \u012estaigoje atsakinga u\u017e korupcijos prevencij\u0105 \u2013 Ugn\u0117 Kotryna Jakavi\u010di\u016bt\u0117, Personalo, teis\u0117s ir vie\u0161\u0173j\u0173 pirkim\u0173 skyriaus teisinink\u0117;<\/p>\n<p>atsi\u0173sti pasira\u0161yt\u0105 <a href=\"https:\/\/www.nsa.smsm.lt\/old\/old\/wp-content\/uploads\/2022\/03\/Pranesimo-apie-pazeidima-forma.docx\">prane\u0161im\u0105<\/a> pa\u0161tu \u012fstaigai adresu K. Kalinausko g. 7, Vilnius 03106. Siun\u010diant prane\u0161im\u0105 pa\u0161tu, po \u012fstaigos pavadinimu ant voko turi b\u016bti nurodoma \u017eyma \u201eKompetentingam subjektui asmeni\u0161kai\u201c;<\/p>\n<p>atsi\u0173sti <a href=\"https:\/\/www.nsa.smsm.lt\/old\/old\/wp-content\/uploads\/2022\/03\/Pranesimo-apie-pazeidima-forma.docx\">prane\u0161im\u0105<\/a> Nacionalin\u0117s \u0161vietimo agent\u016bros elektroninio pa\u0161to adresu skaidrumas@nsa.smm.lt;<\/p>\n<p>paskambinti Speciali\u0173j\u0173 tyrim\u0173 tarnybai vis\u0105 par\u0105 veikian\u010diu kar\u0161tosios linijos telefonu Vilniuje (8 5) 266 33 33 (taip pat ir poilsio dienomis), prane\u0161ti el. pa\u0161tu stt@stt.lt, faksu (8 5) 266 3307 arba palikti prane\u0161im\u0105 interneto svetain\u0117je. 2) kompetentingai institucijai tiesiogiai;<\/p>\n<p>*Teikiant informacij\u0105 apie pa\u017eeidimus laisva forma, privaloma nurodyti, kad \u0161i informacija teikiama vadovaujantis <a href=\"https:\/\/www.e-tar.lt\/portal\/lt\/legalAct\/2986b360db3611e7910a89ac20768b0f\">Prane\u0161\u0117j\u0173 apsaugos \u012fstatymu<\/a>.<\/p>\n<p><a href=\"https:\/\/www.e-tar.lt\/portal\/lt\/legalAct\/2986b360db3611e7910a89ac20768b0f\">Prane\u0161\u0117j\u0173 apsaugos \u012fstatymo 8 straipsnio 1 dalyje<\/a> numatytos \u0161ios asmen\u0173 apsaugos, skatinimo ir pagalbos jiems priemon\u0117s:<\/p>\n<ol>\n<li>saugi\u0173 informacijos apie pa\u017eeidimus teikimo kanal\u0173 u\u017etikrinimas;<\/li>\n<li>konfidencialumo u\u017etikrinimas;<\/li>\n<li>draudimas daryti neigiam\u0105 poveik\u012f;<\/li>\n<li>teis\u0117 gauti atlyginim\u0105 u\u017e verting\u0105 informacij\u0105;<\/li>\n<li>teis\u0117 gauti kompensacij\u0105;<\/li>\n<li>nemokamos teisin\u0117s pagalbos u\u017etikrinimas;<\/li>\n<li>atleidimas nuo atsakomyb\u0117s;<\/li>\n<li>teis\u0117 gauti i\u0161sami\u0105, ne\u0161ali\u0161k\u0105 informacij\u0105 ir nemokamas konsultacijas d\u0117l informacijos apie pa\u017eeidimus teikimo proced\u016br\u0173 ir teisi\u0173 gynimo priemoni\u0173 suteikimo.<\/li>\n<\/ol>\n","protected":false},"excerpt":{"rendered":"<p>Informacija apie pa\u017eeidimus teikiama d\u0117l: pavojaus visuomen\u0117s saugumui ar sveikatai, asmens gyvybei ar sveikatai; pavojaus aplinkai; kliudymo arba neteis\u0117to poveikio teis\u0117saugos institucij\u0173 atliekamiems tyrimams ar teismams vykdant teisingum\u0105; neteis\u0117tos veiklos finansavimo; neteis\u0117to ar neskaidraus vie\u0161\u0173j\u0173 l\u0117\u0161\u0173 ar turto naudojimo; neteis\u0117tu&nbsp;<a href=\"https:\/\/www.nsa.smsm.lt\/old\/administracine-informacija\/praneseju-apsauga\/\" class=\"placiau\">Pla\u010diau <i class=\"fa fa-caret-right\"><\/i><\/a><\/p>\n","protected":false},"author":1,"featured_media":0,"parent":8756,"menu_order":0,"comment_status":"closed","ping_status":"closed","template":"","meta":{"_acf_changed":false,"footnotes":""},"class_list":["post-28605","page","type-page","status-publish","hentry"],"acf":[],"_links":{"self":[{"href":"https:\/\/www.nsa.smsm.lt\/old\/wp-json\/wp\/v2\/pages\/28605","targetHints":{"allow":["GET"]}}],"collection":[{"href":"https:\/\/www.nsa.smsm.lt\/old\/wp-json\/wp\/v2\/pages"}],"about":[{"href":"https:\/\/www.nsa.smsm.lt\/old\/wp-json\/wp\/v2\/types\/page"}],"author":[{"embeddable":true,"href":"https:\/\/www.nsa.smsm.lt\/old\/wp-json\/wp\/v2\/users\/1"}],"replies":[{"embeddable":true,"href":"https:\/\/www.nsa.smsm.lt\/old\/wp-json\/wp\/v2\/comments?post=28605"}],"version-history":[{"count":0,"href":"https:\/\/www.nsa.smsm.lt\/old\/wp-json\/wp\/v2\/pages\/28605\/revisions"}],"up":[{"embeddable":true,"href":"https:\/\/www.nsa.smsm.lt\/old\/wp-json\/wp\/v2\/pages\/8756"}],"wp:attachment":[{"href":"https:\/\/www.nsa.smsm.lt\/old\/wp-json\/wp\/v2\/media?parent=28605"}],"curies":[{"name":"wp","href":"https:\/\/api.w.org\/{rel}","templated":true}]}}