{"id":28507,"date":"2022-10-18T17:05:37","date_gmt":"2022-10-18T15:05:37","guid":{"rendered":"https:\/\/www.nsa.smsm.lt\/old\/?page_id=28507"},"modified":"2023-01-11T19:27:27","modified_gmt":"2023-01-11T17:27:27","slug":"savizudybiu-prevencija","status":"publish","type":"page","link":"https:\/\/www.nsa.smsm.lt\/old\/svietimo-pagalba\/prevencinio-darbo-sritys\/savizudybiu-prevencija\/","title":{"rendered":"Savi\u017eudybi\u0173 prevencija"},"content":{"rendered":"<p><a href=\"https:\/\/www.nsa.smsm.lt\/old\/old\/wp-content\/uploads\/2022\/01\/savizudybes-krize_mokiniams_galutinis.pdf\">SAVI\u017dUDYB\u0116S KRIZ\u0116. K\u0104 SVARBU \u017dINOTI PAAUGLIAMS IR JAUNIMUI. INFORMACIN\u0116 MED\u017dIAGA 9-12 KLASI\u0172 MOKINIAMS.<\/a><\/p>\n<p><a href=\"https:\/\/www.nsa.smsm.lt\/old\/old\/wp-content\/uploads\/2022\/01\/savizudybes-krize_mokytojams.pdf\">KAIP ATPA\u017dINTI SAVI\u017dUDYB\u0116S KRIZ\u0118 I\u0160GYVENANT\u012e PAAUGL\u012e IR JAM PAD\u0116TI. METODIN\u0116 PRIEMON\u0116 PEDAGOGAMS.<\/a><\/p>\n","protected":false},"excerpt":{"rendered":"<p>SAVI\u017dUDYB\u0116S KRIZ\u0116. K\u0104 SVARBU \u017dINOTI PAAUGLIAMS IR JAUNIMUI. INFORMACIN\u0116 MED\u017dIAGA 9-12 KLASI\u0172 MOKINIAMS. KAIP ATPA\u017dINTI SAVI\u017dUDYB\u0116S KRIZ\u0118 I\u0160GYVENANT\u012e PAAUGL\u012e IR JAM PAD\u0116TI. METODIN\u0116 PRIEMON\u0116 PEDAGOGAMS.<\/p>\n","protected":false},"author":1,"featured_media":0,"parent":12899,"menu_order":0,"comment_status":"closed","ping_status":"closed","template":"page-prevencija-sablonas.php","meta":{"_acf_changed":false,"footnotes":""},"class_list":["post-28507","page","type-page","status-publish","hentry"],"acf":[],"_links":{"self":[{"href":"https:\/\/www.nsa.smsm.lt\/old\/wp-json\/wp\/v2\/pages\/28507","targetHints":{"allow":["GET"]}}],"collection":[{"href":"https:\/\/www.nsa.smsm.lt\/old\/wp-json\/wp\/v2\/pages"}],"about":[{"href":"https:\/\/www.nsa.smsm.lt\/old\/wp-json\/wp\/v2\/types\/page"}],"author":[{"embeddable":true,"href":"https:\/\/www.nsa.smsm.lt\/old\/wp-json\/wp\/v2\/users\/1"}],"replies":[{"embeddable":true,"href":"https:\/\/www.nsa.smsm.lt\/old\/wp-json\/wp\/v2\/comments?post=28507"}],"version-history":[{"count":0,"href":"https:\/\/www.nsa.smsm.lt\/old\/wp-json\/wp\/v2\/pages\/28507\/revisions"}],"up":[{"embeddable":true,"href":"https:\/\/www.nsa.smsm.lt\/old\/wp-json\/wp\/v2\/pages\/12899"}],"wp:attachment":[{"href":"https:\/\/www.nsa.smsm.lt\/old\/wp-json\/wp\/v2\/media?parent=28507"}],"curies":[{"name":"wp","href":"https:\/\/api.w.org\/{rel}","templated":true}]}}