{"id":28301,"date":"2022-09-08T19:11:10","date_gmt":"2022-09-08T17:11:10","guid":{"rendered":"https:\/\/www.nsa.smsm.lt\/old\/?page_id=28301"},"modified":"2023-01-11T20:04:40","modified_gmt":"2023-01-11T18:04:40","slug":"kokybes-vertinimo-isvados","status":"publish","type":"page","link":"https:\/\/www.nsa.smsm.lt\/old\/istaigu-vertinimas\/neformaliojo-vaiku-svietimo-ir-jo-teikeju-veiklos-kokybes-isorinis-vertinimas\/kokybes-vertinimo-isvados\/","title":{"rendered":"Kokyb\u0117s vertinimo i\u0161vados"},"content":{"rendered":"<div class=\"panel-group\" id=\"collapse_c4a5-2643\"><div class=\"panel panel-default\">    <div class=\"panel-heading\" role=\"tab\" id=\"heading_citem_7b28-30fd\">        <h4 class=\"panel-title\"><a class=\"accordion-toggle collapsed\" data-toggle=\"collapse\" aria-controls=\"heading_citem_7b28-30fd\" data-parent=\"#collapse_c4a5-2643\" href=\"#citem_7b28-30fd\">2020<\/a>        <\/h4>    <\/div>    <div id=\"citem_7b28-30fd\" class=\"panel-collapse collapse \" role=\"tabpanel\" aria-labelledby=\"heading_citem_7b28-30fd\">        <div class=\"panel-body\">\n<table class=\"table table-responsive\" width=\"100%\">\n<tbody>\n<tr>\n<td style=\"text-align: center;\"><strong>Institucijos pavadinimas<\/strong><\/td>\n<td style=\"text-align: center;\"><strong>Nuoroda<\/strong><\/td>\n<\/tr>\n<tr>\n<td>Anyk\u0161\u010di\u0173 muzikos mokykla<\/td>\n<td style=\"text-align: center;\"><a href=\"https:\/\/www.nsa.smsm.lt\/old\/old\/wp-content\/uploads\/2022\/02\/190049642.pdf\">Kokyb\u0117s vertinimas<\/a><\/td>\n<\/tr>\n<tr>\n<td>Bir\u0161tono sporto centras<\/td>\n<td style=\"text-align: center;\"><a href=\"https:\/\/www.nsa.smsm.lt\/old\/old\/wp-content\/uploads\/2022\/02\/300557130.pdf\">Kokyb\u0117s vertinimas<\/a><\/td>\n<\/tr>\n<tr>\n<td>Bir\u017e\u0173 Vlado Jakub\u0117no muzikos mokykla<\/td>\n<td style=\"text-align: center;\"><a href=\"https:\/\/www.nsa.smsm.lt\/old\/old\/wp-content\/uploads\/2022\/02\/190547931.pdf\">Kokyb\u0117s vertinimas<\/a><\/td>\n<\/tr>\n<tr>\n<td>Druskinink\u0173 Mikalojaus Konstantino \u010ciurlionio meno mokykla<\/td>\n<td style=\"text-align: center;\"><a href=\"https:\/\/www.nsa.smsm.lt\/old\/old\/wp-content\/uploads\/2022\/02\/190031263.pdf\">Kokyb\u0117s vertinimas<\/a><\/td>\n<\/tr>\n<tr>\n<td>Elektr\u0117n\u0173 meno mokykla<\/td>\n<td style=\"text-align: center;\"><a href=\"https:\/\/www.nsa.smsm.lt\/old\/old\/wp-content\/uploads\/2022\/02\/190681211.pdf\">Kokyb\u0117s vertinimas<\/a><\/td>\n<\/tr>\n<tr>\n<td>Ignalinos Miko Petrausko muzikos mokykla<\/td>\n<td style=\"text-align: center;\"><a href=\"https:\/\/www.nsa.smsm.lt\/old\/old\/wp-content\/uploads\/2022\/02\/190243661.pdf\">Kokyb\u0117s vertinimas<\/a><\/td>\n<\/tr>\n<tr>\n<td>Jonavos k\u016bno kult\u016bros ir sporto centras<\/td>\n<td style=\"text-align: center;\"><a href=\"https:\/\/www.nsa.smsm.lt\/old\/old\/wp-content\/uploads\/2022\/02\/190309410.pdf\">Kokyb\u0117s vertinimas<\/a><\/td>\n<\/tr>\n<tr>\n<td>Jurbarko Antano Sodeikos meno mokykla<\/td>\n<td style=\"text-align: center;\"><a href=\"https:\/\/www.nsa.smsm.lt\/old\/old\/wp-content\/uploads\/2022\/02\/190922737.pdf\">Kokyb\u0117s vertinimas<\/a><\/td>\n<\/tr>\n<tr>\n<td>Kai\u0161iadori\u0173 meno mokykla<\/td>\n<td style=\"text-align: center;\"><a href=\"https:\/\/www.nsa.smsm.lt\/old\/old\/wp-content\/uploads\/2022\/02\/190662969.pdf\">Kokyb\u0117s vertinimas<\/a><\/td>\n<\/tr>\n<tr>\n<td>Kauno r. Garliavos meno mokykla<\/td>\n<td style=\"text-align: center;\"><a href=\"https:\/\/www.nsa.smsm.lt\/old\/old\/wp-content\/uploads\/2022\/02\/191099071.pdf\">Kokyb\u0117s vertinimas<\/a><\/td>\n<\/tr>\n<tr>\n<td>K\u0117daini\u0173 muzikos mokykla<\/td>\n<td style=\"text-align: center;\"><a href=\"https:\/\/www.nsa.smsm.lt\/old\/old\/wp-content\/uploads\/2022\/02\/191015618.pdf\">Kokyb\u0117s vertinimas<\/a><\/td>\n<\/tr>\n<tr>\n<td>Kelm\u0117s Algirdo Lipeikos men\u0173 mokykla<\/td>\n<td style=\"text-align: center;\"><a href=\"https:\/\/www.nsa.smsm.lt\/old\/old\/wp-content\/uploads\/2022\/02\/290113170.pdf\">Kokyb\u0117s vertinimas<\/a><\/td>\n<\/tr>\n<tr>\n<td>Kupi\u0161kio meno mokykla<\/td>\n<td style=\"text-align: center;\"><a href=\"https:\/\/www.nsa.smsm.lt\/old\/old\/wp-content\/uploads\/2022\/02\/191777764.pdf\">Kokyb\u0117s vertinimas<\/a><\/td>\n<\/tr>\n<tr>\n<td>Lazdij\u0173 meno mokykla<\/td>\n<td style=\"text-align: center;\"><a href=\"https:\/\/www.nsa.smsm.lt\/old\/old\/wp-content\/uploads\/2022\/02\/190614198.pdf\">Kokyb\u0117s vertinimas<\/a><\/td>\n<\/tr>\n<tr>\n<td>Lietuvos \u0161auli\u0173 s\u0105junga<\/td>\n<td style=\"text-align: center;\"><a href=\"https:\/\/www.nsa.smsm.lt\/old\/old\/wp-content\/uploads\/2022\/02\/191691799.pdf\">Kokyb\u0117s vertinimas<\/a><\/td>\n<\/tr>\n<tr>\n<td>Mol\u0117t\u0173 r. k\u016bno kult\u016bros ir sporto centras<\/td>\n<td style=\"text-align: center;\"><a href=\"https:\/\/www.nsa.smsm.lt\/old\/old\/wp-content\/uploads\/2022\/02\/191231523.pdf\">Kokyb\u0117s vertinimas<\/a><\/td>\n<\/tr>\n<tr>\n<td>Pakruojo Juozo Pakalnio muzikos mokykla<\/td>\n<td style=\"text-align: center;\"><a href=\"https:\/\/www.nsa.smsm.lt\/old\/old\/wp-content\/uploads\/2022\/02\/290067470.pdf\">Kokyb\u0117s vertinimas<\/a><\/td>\n<\/tr>\n<tr>\n<td>Panev\u0117\u017eio dail\u0117s mokykla<\/td>\n<td style=\"text-align: center;\"><a href=\"https:\/\/www.nsa.smsm.lt\/old\/old\/wp-content\/uploads\/2022\/02\/190426794.pdf\">Kokyb\u0117s vertinimas<\/a><\/td>\n<\/tr>\n<tr>\n<td>Panev\u0117\u017eio r. muzikos mokykla<\/td>\n<td style=\"text-align: center;\"><a href=\"https:\/\/www.nsa.smsm.lt\/old\/old\/wp-content\/uploads\/2022\/02\/191823998.pdf\">Kokyb\u0117s vertinimas<\/a><\/td>\n<\/tr>\n<tr>\n<td>Pasvalio muzikos mokykla<\/td>\n<td style=\"text-align: center;\"><a href=\"https:\/\/www.nsa.smsm.lt\/old\/old\/wp-content\/uploads\/2022\/02\/190622483.pdf\">Kokyb\u0117s vertinimas<\/a><\/td>\n<\/tr>\n<tr>\n<td>Radvili\u0161kio muzikos mokykla<\/td>\n<td style=\"text-align: center;\"><a href=\"https:\/\/www.nsa.smsm.lt\/old\/old\/wp-content\/uploads\/2022\/02\/290713820.pdf\">Kokyb\u0117s vertinimas<\/a><\/td>\n<\/tr>\n<tr>\n<td>Raseini\u0173 meno mokykla<\/td>\n<td style=\"text-align: center;\"><a href=\"https:\/\/www.nsa.smsm.lt\/old\/old\/wp-content\/uploads\/2022\/02\/190115569.pdf\">Kokyb\u0117s vertinimas<\/a><\/td>\n<\/tr>\n<tr>\n<td>Roki\u0161kio r. Pand\u0117lio universalus daugiafunkcis centras<\/td>\n<td style=\"text-align: center;\"><a href=\"https:\/\/www.nsa.smsm.lt\/old\/old\/wp-content\/uploads\/2022\/02\/302662322.pdf\">Kokyb\u0117s vertinimas<\/a><\/td>\n<\/tr>\n<tr>\n<td>\u0160aki\u0173 rajono meno mokykla<\/td>\n<td style=\"text-align: center;\"><a href=\"https:\/\/www.nsa.smsm.lt\/old\/old\/wp-content\/uploads\/2022\/02\/190823867.pdf\">Kokyb\u0117s vertinimas<\/a><\/td>\n<\/tr>\n<tr>\n<td>\u0160iauli\u0173 r. Kur\u0161\u0117n\u0173 meno mokykla<\/td>\n<td style=\"text-align: center;\"><a href=\"https:\/\/www.nsa.smsm.lt\/old\/old\/wp-content\/uploads\/2022\/02\/190086594.pdf\">Kokyb\u0117s vertinimas<\/a><\/td>\n<\/tr>\n<tr>\n<td>\u0160ilal\u0117s rajono savivaldyb\u0117s visuomen\u0117s sveikatos biuras<\/td>\n<td style=\"text-align: center;\"><a href=\"https:\/\/www.nsa.smsm.lt\/old\/old\/wp-content\/uploads\/2022\/02\/301523693.pdf\">Kokyb\u0117s vertinimas<\/a><\/td>\n<\/tr>\n<tr>\n<td>\u0160irvint\u0173 meno mokykla<\/td>\n<td style=\"text-align: center;\"><a href=\"https:\/\/www.nsa.smsm.lt\/old\/old\/wp-content\/uploads\/2022\/02\/190374493.pdf\">Kokyb\u0117s vertinimas<\/a><\/td>\n<\/tr>\n<tr>\n<td>\u0160ven\u010dioni\u0173 r. Pabrad\u0117s meno mokykla<\/td>\n<td style=\"text-align: center;\"><a href=\"https:\/\/www.nsa.smsm.lt\/old\/old\/wp-content\/uploads\/2022\/02\/190511878.pdf\">Kokyb\u0117s vertinimas<\/a><\/td>\n<\/tr>\n<tr>\n<td>Tel\u0161i\u0173 sporto ir rekreacijos centras<\/td>\n<td style=\"text-align: center;\"><a href=\"https:\/\/www.nsa.smsm.lt\/old\/old\/wp-content\/uploads\/2022\/02\/301581554.pdf\">Kokyb\u0117s vertinimas<\/a><\/td>\n<\/tr>\n<tr>\n<td>Trak\u0173 meno mokykla<\/td>\n<td style=\"text-align: center;\"><a href=\"https:\/\/www.nsa.smsm.lt\/old\/old\/wp-content\/uploads\/2022\/02\/190680839.pdf\">Kokyb\u0117s vertinimas<\/a><\/td>\n<\/tr>\n<tr>\n<td>Var\u0117nos Jadvygos \u010ciurlionyt\u0117s men\u0173 mokykla<\/td>\n<td style=\"text-align: center;\"><a href=\"https:\/\/www.nsa.smsm.lt\/old\/old\/wp-content\/uploads\/2022\/02\/290110060.pdf\">Kokyb\u0117s vertinimas<\/a><\/td>\n<\/tr>\n<tr>\n<td>Vilkavi\u0161kio muzikos mokykla<\/td>\n<td style=\"text-align: center;\"><a href=\"https:\/\/www.nsa.smsm.lt\/old\/old\/wp-content\/uploads\/2022\/02\/190569828.pdf\">Kokyb\u0117s vertinimas<\/a><\/td>\n<\/tr>\n<tr>\n<td>Vilniaus Balio Dvariono de\u0161imtmet\u0117 muzikos mokykla<\/td>\n<td style=\"text-align: center;\"><a href=\"https:\/\/www.nsa.smsm.lt\/old\/old\/wp-content\/uploads\/2022\/02\/191662185.pdf\">Kokyb\u0117s vertinimas<\/a><\/td>\n<\/tr>\n<tr>\n<td>V\u0161\u012e \u201eLispa\u201c<\/td>\n<td style=\"text-align: center;\"><a href=\"https:\/\/www.nsa.smsm.lt\/old\/old\/wp-content\/uploads\/2022\/02\/304946606.pdf\">Kokyb\u0117s vertinimas<\/a><\/td>\n<\/tr>\n<tr>\n<td>Zaras\u0173 sporto centras<\/td>\n<td style=\"text-align: center;\"><a href=\"https:\/\/www.nsa.smsm.lt\/old\/old\/wp-content\/uploads\/2022\/02\/190212235.pdf\">Kokyb\u0117s vertinimas<\/a><\/td>\n<\/tr>\n<\/tbody>\n<\/table>\n<p>        <\/p><\/div>    <\/div><\/div><div class=\"panel panel-default\">    <div class=\"panel-heading\" role=\"tab\" id=\"heading_citem_27a3-2c2c\">        <h4 class=\"panel-title\"><a class=\"accordion-toggle collapsed\" data-toggle=\"collapse\" aria-controls=\"heading_citem_27a3-2c2c\" data-parent=\"#collapse_c4a5-2643\" href=\"#citem_27a3-2c2c\">2019<\/a>        <\/h4>    <\/div>    <div id=\"citem_27a3-2c2c\" class=\"panel-collapse collapse \" role=\"tabpanel\" aria-labelledby=\"heading_citem_27a3-2c2c\">        <div class=\"panel-body\">\n<table class=\"table table-responsive\" width=\"100%\">\n<tbody>\n<tr>\n<td><strong>Institucijos pavadinimas<\/strong><\/td>\n<td style=\"text-align: center;\"><strong>Nuoroda<\/strong><\/td>\n<\/tr>\n<tr>\n<td>Bir\u0161tono meno mokykla<\/td>\n<td style=\"text-align: center;\"><a href=\"https:\/\/www.nsa.smsm.lt\/old\/old\/wp-content\/uploads\/2022\/02\/190025029.pdf\">Kokyb\u0117s vertinimas<\/a><\/td>\n<\/tr>\n<tr>\n<td>Panev\u0117\u017eio moksleivi\u0173 namai<\/td>\n<td style=\"text-align: center;\"><a href=\"https:\/\/www.nsa.smsm.lt\/old\/old\/wp-content\/uploads\/2022\/02\/290427210.pdf\">Kokyb\u0117s vertinimas<\/a><\/td>\n<\/tr>\n<tr>\n<td>Vilniaus Jaun\u0173j\u0173 turist\u0173 centras<\/td>\n<td style=\"text-align: center;\"><a href=\"https:\/\/www.nsa.smsm.lt\/old\/old\/wp-content\/uploads\/2022\/02\/191221415.pdf\">Kokyb\u0117s vertinimas<\/a><\/td>\n<\/tr>\n<tr>\n<td>Vilniaus Justini\u0161ki\u0173 vaik\u0173 ir jaunimo klubas<\/td>\n<td style=\"text-align: center;\"><a href=\"https:\/\/www.nsa.smsm.lt\/old\/old\/wp-content\/uploads\/2022\/02\/191664236.pdf\">Kokyb\u0117s vertinimas<\/a><\/td>\n<\/tr>\n<tr>\n<td>Vilniaus moksleivi\u0173 k\u016brybos ir mokymo centras<\/td>\n<td style=\"text-align: center;\"><a href=\"https:\/\/www.nsa.smsm.lt\/old\/old\/wp-content\/uploads\/2022\/02\/190011232.pdf\">Kokyb\u0117s vertinimas<\/a><\/td>\n<\/tr>\n<tr>\n<td>Vilniaus moksleivi\u0173 sveikatos centras<\/td>\n<td style=\"text-align: center;\"><a href=\"https:\/\/www.nsa.smsm.lt\/old\/old\/wp-content\/uploads\/2022\/02\/191663287.pdf\">Kokyb\u0117s vertinimas<\/a><\/td>\n<\/tr>\n<tr>\n<td>Vilniaus Naujosios Vilnios moksleivi\u0173 k\u016brybos namai<\/td>\n<td style=\"text-align: center;\"><a href=\"https:\/\/www.nsa.smsm.lt\/old\/old\/wp-content\/uploads\/2022\/02\/190011385.pdf\">Kokyb\u0117s vertinimas<\/a><\/td>\n<\/tr>\n<tr>\n<td>Vilniaus saugaus miesto centras<\/td>\n<td style=\"text-align: center;\"><a href=\"https:\/\/www.nsa.smsm.lt\/old\/old\/wp-content\/uploads\/2022\/02\/191844444.pdf\">Kokyb\u0117s vertinimas<\/a><\/td>\n<\/tr>\n<tr>\n<td>Vilniaus vaik\u0173 ir jaunimo klubas \u201eJaunyst\u0117\u201c<\/td>\n<td style=\"text-align: center;\"><a href=\"https:\/\/www.nsa.smsm.lt\/old\/old\/wp-content\/uploads\/2022\/02\/191663668.pdf\">Kokyb\u0117s vertinimas<\/a><\/td>\n<\/tr>\n<tr>\n<td>Vilniaus vaik\u0173 ir jaunimo klubas \u201eKlevas\u201c<\/td>\n<td style=\"text-align: center;\"><a href=\"https:\/\/www.nsa.smsm.lt\/old\/old\/wp-content\/uploads\/2022\/02\/191663853.pdf\">Kokyb\u0117s vertinimas<\/a><\/td>\n<\/tr>\n<tr>\n<td>Vilniaus vaik\u0173 ir jaunimo klubas \u201eKreg\u017edut\u0117\u201c<\/td>\n<td style=\"text-align: center;\"><a href=\"https:\/\/www.nsa.smsm.lt\/old\/old\/wp-content\/uploads\/2022\/02\/291664760.pdf\">Kokyb\u0117s vertinimas<\/a><\/td>\n<\/tr>\n<tr>\n<td>Vilniaus vaik\u0173 ir jaunimo klubas \u201eLak\u0161tingala\u201c<\/td>\n<td style=\"text-align: center;\"><a href=\"https:\/\/www.nsa.smsm.lt\/old\/old\/wp-content\/uploads\/2022\/02\/191663515.pdf\">Kokyb\u0117s vertinimas<\/a><\/td>\n<\/tr>\n<tr>\n<td>Vilniaus vaik\u0173 ir jaunimo klubas \u201eLiepsnel\u0117\u201c<\/td>\n<td style=\"text-align: center;\"><a href=\"https:\/\/www.nsa.smsm.lt\/old\/old\/wp-content\/uploads\/2022\/02\/191664574.pdf\">Kokyb\u0117s vertinimas<\/a><\/td>\n<\/tr>\n<tr>\n<td>Vilniaus vaik\u0173 ir jaunimo klubas \u201eMeteoras\u201c<\/td>\n<td style=\"text-align: center;\"><a href=\"https:\/\/www.nsa.smsm.lt\/old\/old\/wp-content\/uploads\/2022\/02\/191664389.pdf\">Kokyb\u0117s vertinimas<\/a><\/td>\n<\/tr>\n<tr>\n<td>Vilniaus vaik\u0173 ir jaunimo klubas \u201e\u0160atrija\u201c<\/td>\n<td style=\"text-align: center;\"><a href=\"https:\/\/www.nsa.smsm.lt\/old\/old\/wp-content\/uploads\/2022\/02\/191664421.pdf\">Kokyb\u0117s vertinimas<\/a><\/td>\n<\/tr>\n<tr>\n<td>Vilniaus vaik\u0173 ir jaunimo klubas \u201eVerden\u0117\u201c<\/td>\n<td style=\"text-align: center;\"><a href=\"https:\/\/www.nsa.smsm.lt\/old\/old\/wp-content\/uploads\/2022\/02\/191664193.pdf\">Kokyb\u0117s vertinimas<\/a><\/td>\n<\/tr>\n<tr>\n<td>Vilniaus vaik\u0173 ir jaunimo klubas \u201e\u017dvaig\u017edut\u0117\u201c<\/td>\n<td style=\"text-align: center;\"><a href=\"https:\/\/www.nsa.smsm.lt\/old\/old\/wp-content\/uploads\/2022\/02\/191664617.pdf\">Kokyb\u0117s vertinimas<\/a><\/td>\n<\/tr>\n<tr>\n<td>Vilniaus \u017dirm\u016bn\u0173 vaik\u0173 ir jaunimo klubas<\/td>\n<td style=\"text-align: center;\"><a href=\"https:\/\/www.nsa.smsm.lt\/old\/old\/wp-content\/uploads\/2022\/02\/191663472.pdf\">Kokyb\u0117s vertinimas<\/a><\/td>\n<\/tr>\n<\/tbody>\n<\/table>\n<p>        <\/p><\/div>    <\/div><\/div><div class=\"panel panel-default\">    <div class=\"panel-heading\" role=\"tab\" id=\"heading_citem_affe-4f80\">        <h4 class=\"panel-title\"><a class=\"accordion-toggle collapsed\" data-toggle=\"collapse\" aria-controls=\"heading_citem_affe-4f80\" data-parent=\"#collapse_c4a5-2643\" href=\"#citem_affe-4f80\">2018<\/a>        <\/h4>    <\/div>    <div id=\"citem_affe-4f80\" class=\"panel-collapse collapse \" role=\"tabpanel\" aria-labelledby=\"heading_citem_affe-4f80\">        <div class=\"panel-body\">\n<table class=\"table table-responsive\" width=\"100%\" cellpadding=\"0\">\n<tbody>\n<tr>\n<td style=\"text-align: center;\"><strong><span class=\"textItem\" tabindex=\"0\">Institucijos pavadinimas<\/span><\/strong><\/td>\n<td style=\"text-align: center;\"><strong><span class=\"textItem\" tabindex=\"-1\">Nuoroda<\/span><\/strong><\/td>\n<\/tr>\n<tr>\n<td class=\"c_NS_31 lc\"><span class=\"textItem\" tabindex=\"-1\">Alytaus kolegija<\/span><\/td>\n<td style=\"text-align: center;\"><a href=\"https:\/\/www.nsa.smsm.lt\/old\/old\/wp-content\/uploads\/2022\/02\/111965327.pdf\" target=\"blank\" rel=\"noopener\">Kokyb\u0117s vertinimas<\/a><\/td>\n<\/tr>\n<tr>\n<td class=\"c_NS_31 lc\"><span class=\"textItem\" tabindex=\"-1\">Klubas \u201eKario kelias\u201c<\/span><\/td>\n<td style=\"text-align: center;\"><a href=\"https:\/\/www.nsa.smsm.lt\/old\/old\/wp-content\/uploads\/2022\/02\/302343488.pdf\" target=\"blank\" rel=\"noopener\">Kokyb\u0117s vertinimas<\/a><\/td>\n<\/tr>\n<tr>\n<td class=\"c_NS_31 lc\"><span class=\"textItem\" tabindex=\"-1\">Lietuvos raudonojo kry\u017eiaus draugija<\/span><\/td>\n<td style=\"text-align: center;\"><a href=\"https:\/\/www.nsa.smsm.lt\/old\/old\/wp-content\/uploads\/2022\/02\/190679146.pdf\" target=\"blank\" rel=\"noopener\">Kokyb\u0117s vertinimas<\/a><\/td>\n<\/tr>\n<tr>\n<td class=\"c_NS_31 lc\"><span class=\"textItem\" tabindex=\"-1\">Lietuvos \u0161auli\u0173 s\u0105junga<\/span><\/td>\n<td style=\"text-align: center;\"><a href=\"https:\/\/www.nsa.smsm.lt\/old\/old\/wp-content\/uploads\/2022\/02\/191691799.pdf\" target=\"blank\" rel=\"noopener\">Kokyb\u0117s vertinimas<\/a><\/td>\n<\/tr>\n<tr>\n<td class=\"c_NS_31 lc\"><span class=\"textItem\" tabindex=\"-1\">Plung\u0117s Mykolo Oginskio meno mokykla<\/span><\/td>\n<td style=\"text-align: center;\"><a href=\"https:\/\/www.nsa.smsm.lt\/old\/old\/wp-content\/uploads\/2022\/02\/191816128.pdf\" target=\"blank\" rel=\"noopener\">Kokyb\u0117s vertinimas<\/a><\/td>\n<\/tr>\n<tr>\n<td class=\"c_NS_31 lc\"><span class=\"textItem\" tabindex=\"-1\">Plung\u0117s rajono savivaldyb\u0117s kult\u016bros centras<\/span><\/td>\n<td style=\"text-align: center;\"><a href=\"https:\/\/www.nsa.smsm.lt\/old\/old\/wp-content\/uploads\/2022\/02\/191123266.pdf\" target=\"blank\" rel=\"noopener\">Kokyb\u0117s vertinimas<\/a><\/td>\n<\/tr>\n<tr>\n<td class=\"c_NS_31 lc\"><span class=\"textItem\" tabindex=\"-1\">Plung\u0117s sporto ir rekreacijos centras<\/span><\/td>\n<td style=\"text-align: center;\"><a href=\"https:\/\/www.nsa.smsm.lt\/old\/old\/wp-content\/uploads\/2022\/02\/302776863.pdf\" target=\"blank\" rel=\"noopener\">Kokyb\u0117s vertinimas<\/a><\/td>\n<\/tr>\n<tr>\n<td class=\"c_NS_31 lc\"><span class=\"textItem\" tabindex=\"-1\">Prien\u0173 r. Jiezno muzikos mokykla<\/span><\/td>\n<td style=\"text-align: center;\"><a href=\"https:\/\/www.nsa.smsm.lt\/old\/old\/wp-content\/uploads\/2022\/02\/191553392.pdf\" target=\"blank\" rel=\"noopener\">Kokyb\u0117s vertinimas<\/a><\/td>\n<\/tr>\n<tr>\n<td class=\"c_NS_31 lc\"><span class=\"textItem\" tabindex=\"-1\">Prien\u0173 r. Veiveri\u0173 Antano Ku\u010dingio meno mokykla<\/span><\/td>\n<td style=\"text-align: center;\"><a href=\"https:\/\/www.nsa.smsm.lt\/old\/old\/wp-content\/uploads\/2022\/02\/191553816.pdf\" target=\"blank\" rel=\"noopener\">Kokyb\u0117s vertinimas<\/a><\/td>\n<\/tr>\n<tr>\n<td class=\"c_NS_31 lc\"><span class=\"textItem\" tabindex=\"-1\">Skaut\u0173 sl\u0117nis<\/span><\/td>\n<td style=\"text-align: center;\"><a href=\"https:\/\/www.nsa.smsm.lt\/old\/old\/wp-content\/uploads\/2022\/02\/303299703.pdf\" target=\"blank\" rel=\"noopener\">Kokyb\u0117s vertinimas<\/a><\/td>\n<\/tr>\n<tr>\n<td class=\"c_NS_31 lc\"><span class=\"textItem\" tabindex=\"-1\">Taurag\u0117s moksleivi\u0173 k\u016brybos centras<\/span><\/td>\n<td style=\"text-align: center;\"><a href=\"https:\/\/www.nsa.smsm.lt\/old\/old\/wp-content\/uploads\/2022\/02\/190473559.pdf\" target=\"blank\" rel=\"noopener\">Kokyb\u0117s vertinimas<\/a><\/td>\n<\/tr>\n<tr>\n<td class=\"c_NS_31 lc\"><span class=\"textItem\" tabindex=\"-1\">Taurag\u0117s muzikos mokykla<\/span><\/td>\n<td style=\"text-align: center;\"><a href=\"https:\/\/www.nsa.smsm.lt\/old\/old\/wp-content\/uploads\/2022\/02\/190473210.pdf\" target=\"blank\" rel=\"noopener\">Kokyb\u0117s vertinimas<\/a><\/td>\n<\/tr>\n<tr>\n<td class=\"c_NS_31 lc\"><span class=\"textItem\" tabindex=\"-1\">Taurag\u0117s vaik\u0173 ir jauni\u0173 sporto mokykla<\/span><\/td>\n<td style=\"text-align: center;\"><a href=\"https:\/\/www.nsa.smsm.lt\/old\/old\/wp-content\/uploads\/2022\/02\/190473025.pdf\" target=\"blank\" rel=\"noopener\">Kokyb\u0117s vertinimas<\/a><\/td>\n<\/tr>\n<tr>\n<td class=\"c_NS_31 lc\"><span class=\"textItem\" tabindex=\"-1\">Ukmerg\u0117s meno mokykla<\/span><\/td>\n<td style=\"text-align: center;\"><a href=\"https:\/\/www.nsa.smsm.lt\/old\/old\/wp-content\/uploads\/2022\/02\/302541858.pdf\" target=\"blank\" rel=\"noopener\">Kokyb\u0117s vertinimas<\/a><\/td>\n<\/tr>\n<tr>\n<td class=\"c_NS_31 lc\"><span class=\"textItem\" tabindex=\"-1\">Ukmerg\u0117s rajono Baleli\u0173 universalus daugiafunkcis centras<\/span><\/td>\n<td style=\"text-align: center;\"><a href=\"https:\/\/www.nsa.smsm.lt\/old\/old\/wp-content\/uploads\/2022\/02\/302430612.pdf\" target=\"blank\" rel=\"noopener\">Kokyb\u0117s vertinimas<\/a><\/td>\n<\/tr>\n<tr>\n<td class=\"c_NS_31 lc\"><span class=\"textItem\" tabindex=\"-1\">Ukmerg\u0117s sporto centras<\/span><\/td>\n<td style=\"text-align: center;\"><a href=\"https:\/\/www.nsa.smsm.lt\/old\/old\/wp-content\/uploads\/2022\/02\/302297514.pdf\" target=\"blank\" rel=\"noopener\">Kokyb\u0117s vertinimas<\/a><\/td>\n<\/tr>\n<tr>\n<td class=\"c_NS_31 lc\"><span class=\"textItem\" tabindex=\"-1\">Utenos daugiafunkcis sporto centras<\/span><\/td>\n<td style=\"text-align: center;\"><a href=\"https:\/\/www.nsa.smsm.lt\/old\/old\/wp-content\/uploads\/2022\/02\/190191175.pdf\" target=\"blank\" rel=\"noopener\">Kokyb\u0117s vertinimas<\/a><\/td>\n<\/tr>\n<tr>\n<td class=\"c_NS_31 lc\"><span class=\"textItem\" tabindex=\"-1\">Utenos meno mokykla<\/span><\/td>\n<td style=\"text-align: center;\"><a href=\"https:\/\/www.nsa.smsm.lt\/old\/old\/wp-content\/uploads\/2022\/02\/190190792.pdf\" target=\"blank\" rel=\"noopener\">Kokyb\u0117s vertinimas<\/a><\/td>\n<\/tr>\n<tr>\n<td class=\"c_NS_31 lc\"><span class=\"textItem\" tabindex=\"-1\">Utenos vaik\u0173 ir jaunimo u\u017eimtumo centras<\/span><\/td>\n<td style=\"text-align: center;\"><a href=\"https:\/\/www.nsa.smsm.lt\/old\/old\/wp-content\/uploads\/2022\/02\/191818474.pdf\" target=\"blank\" rel=\"noopener\">Kokyb\u0117s vertinimas<\/a><\/td>\n<\/tr>\n<tr>\n<td class=\"c_NS_31 lc\"><span class=\"textItem\" tabindex=\"-1\">Vie\u0161oji \u012fstaiga \u201ePlung\u0117s futbolas\u201c<\/span><\/td>\n<td style=\"text-align: center;\"><a href=\"https:\/\/www.nsa.smsm.lt\/old\/old\/wp-content\/uploads\/2022\/02\/304102151.pdf\" target=\"blank\" rel=\"noopener\">Kokyb\u0117s vertinimas<\/a><\/td>\n<\/tr>\n<tr>\n<td class=\"c_NS_31 lc\"><span class=\"textItem\" tabindex=\"-1\">Vie\u0161oji \u012fstaiga futbolo klubas \u201eUtenos Utenis\u201c<\/span><\/td>\n<td style=\"text-align: center;\"><a href=\"https:\/\/www.nsa.smsm.lt\/old\/old\/wp-content\/uploads\/2022\/02\/303204395.pdf\" target=\"blank\" rel=\"noopener\">Kokyb\u0117s vertinimas<\/a><\/td>\n<\/tr>\n<tr>\n<td class=\"c_NS_31 lc\"><span class=\"textItem\" tabindex=\"-1\">Visagino \u010ceslovo Sasnausko men\u0173 mokykla<\/span><\/td>\n<td style=\"text-align: center;\"><a href=\"https:\/\/www.nsa.smsm.lt\/old\/old\/wp-content\/uploads\/2022\/02\/190243857.pdf\" target=\"blank\" rel=\"noopener\">Kokyb\u0117s vertinimas<\/a><\/td>\n<\/tr>\n<tr>\n<td class=\"c_NS_31 lc\"><span class=\"textItem\" tabindex=\"-1\">Visagino k\u016brybos namai<\/span><\/td>\n<td style=\"text-align: center;\"><a href=\"https:\/\/www.nsa.smsm.lt\/old\/old\/wp-content\/uploads\/2022\/02\/191746719.pdf\" target=\"blank\" rel=\"noopener\">Kokyb\u0117s vertinimas<\/a><\/td>\n<\/tr>\n<tr>\n<td class=\"c_NS_31 lc\"><span class=\"textItem\" tabindex=\"-1\">Visagino sporto centras<\/span><\/td>\n<td style=\"text-align: center;\"><a href=\"https:\/\/www.nsa.smsm.lt\/old\/old\/wp-content\/uploads\/2022\/02\/302452911.pdf\" target=\"blank\" rel=\"noopener\">Kokyb\u0117s vertinimas<\/a><\/td>\n<\/tr>\n<\/tbody>\n<\/table>\n<p>        <\/p><\/div>    <\/div><\/div><\/div>\n","protected":false},"excerpt":{"rendered":"","protected":false},"author":1,"featured_media":0,"parent":16846,"menu_order":0,"comment_status":"closed","ping_status":"closed","template":"page-neformalus.php","meta":{"_acf_changed":false,"footnotes":""},"class_list":["post-28301","page","type-page","status-publish","hentry"],"acf":[],"_links":{"self":[{"href":"https:\/\/www.nsa.smsm.lt\/old\/wp-json\/wp\/v2\/pages\/28301","targetHints":{"allow":["GET"]}}],"collection":[{"href":"https:\/\/www.nsa.smsm.lt\/old\/wp-json\/wp\/v2\/pages"}],"about":[{"href":"https:\/\/www.nsa.smsm.lt\/old\/wp-json\/wp\/v2\/types\/page"}],"author":[{"embeddable":true,"href":"https:\/\/www.nsa.smsm.lt\/old\/wp-json\/wp\/v2\/users\/1"}],"replies":[{"embeddable":true,"href":"https:\/\/www.nsa.smsm.lt\/old\/wp-json\/wp\/v2\/comments?post=28301"}],"version-history":[{"count":0,"href":"https:\/\/www.nsa.smsm.lt\/old\/wp-json\/wp\/v2\/pages\/28301\/revisions"}],"up":[{"embeddable":true,"href":"https:\/\/www.nsa.smsm.lt\/old\/wp-json\/wp\/v2\/pages\/16846"}],"wp:attachment":[{"href":"https:\/\/www.nsa.smsm.lt\/old\/wp-json\/wp\/v2\/media?parent=28301"}],"curies":[{"name":"wp","href":"https:\/\/api.w.org\/{rel}","templated":true}]}}