{"id":28286,"date":"2022-10-08T13:51:30","date_gmt":"2022-10-08T11:51:30","guid":{"rendered":"https:\/\/www.nsa.smsm.lt\/old\/?page_id=28286"},"modified":"2023-01-11T20:04:58","modified_gmt":"2023-01-11T18:04:58","slug":"vertinamu-istaigu-sarasai","status":"publish","type":"page","link":"https:\/\/www.nsa.smsm.lt\/old\/istaigu-vertinimas\/profesinio-mokymo-istaigu-ir-kitu-profesinio-mokymo-teikeju-isorinis-vertinimas\/vertinamu-istaigu-sarasai\/","title":{"rendered":"Vertinam\u0173 \u012fstaig\u0173 s\u0105ra\u0161ai"},"content":{"rendered":"<p>2022 m. vertinam\u0173 \u012fstaig\u0173 s\u0105ra\u0161as <a href=\"https:\/\/www.nsa.smsm.lt\/old\/old\/wp-content\/uploads\/2022\/03\/PMI_2022.pdf\"><i class=\"fas fa-chevron-circle-right \" ><\/i><\/a><\/p>\n","protected":false},"excerpt":{"rendered":"<p>2022 m. vertinam\u0173 \u012fstaig\u0173 s\u0105ra\u0161as<\/p>\n","protected":false},"author":1,"featured_media":0,"parent":28276,"menu_order":1,"comment_status":"closed","ping_status":"closed","template":"page-profesinisvertinimas.php","meta":{"_acf_changed":false,"footnotes":""},"class_list":["post-28286","page","type-page","status-publish","hentry"],"acf":[],"_links":{"self":[{"href":"https:\/\/www.nsa.smsm.lt\/old\/wp-json\/wp\/v2\/pages\/28286","targetHints":{"allow":["GET"]}}],"collection":[{"href":"https:\/\/www.nsa.smsm.lt\/old\/wp-json\/wp\/v2\/pages"}],"about":[{"href":"https:\/\/www.nsa.smsm.lt\/old\/wp-json\/wp\/v2\/types\/page"}],"author":[{"embeddable":true,"href":"https:\/\/www.nsa.smsm.lt\/old\/wp-json\/wp\/v2\/users\/1"}],"replies":[{"embeddable":true,"href":"https:\/\/www.nsa.smsm.lt\/old\/wp-json\/wp\/v2\/comments?post=28286"}],"version-history":[{"count":0,"href":"https:\/\/www.nsa.smsm.lt\/old\/wp-json\/wp\/v2\/pages\/28286\/revisions"}],"up":[{"embeddable":true,"href":"https:\/\/www.nsa.smsm.lt\/old\/wp-json\/wp\/v2\/pages\/28276"}],"wp:attachment":[{"href":"https:\/\/www.nsa.smsm.lt\/old\/wp-json\/wp\/v2\/media?parent=28286"}],"curies":[{"name":"wp","href":"https:\/\/api.w.org\/{rel}","templated":true}]}}